{"id":122,"date":"2016-05-05T20:58:38","date_gmt":"2016-05-05T23:58:38","guid":{"rendered":"https:\/\/www.facet.unt.edu.ar\/lch\/?page_id=122"},"modified":"2016-05-12T15:19:26","modified_gmt":"2016-05-12T18:19:26","slug":"generalidades","status":"publish","type":"page","link":"https:\/\/www.facet.unt.edu.ar\/lch\/investigacion\/generalidades\/","title":{"rendered":"Generalidades"},"content":{"rendered":"<h3>INVESTIGACI\u00d3N GENERALIDADES<\/h3>\n<p>&nbsp;<\/p>\n<h4><strong>Historia de las Pr\u00e1cticas Cient\u00edficas y Educativas<\/strong><\/h4>\n<p>A lo largo de la historia del Laboratorio, se desarrollaron investigaciones sobre modelos f\u00edsicos de los siguientes proyectos:<\/p>\n<ul>\n<li>Aliviadero de superficie y obra de desv\u00edo del r\u00edo Juramento, a la altura de la Presa de Embalse General Belgrano (m\u00e1s conocido como dique Cabra Corral) en la provincia de A\u00f1o 1968.<\/li>\n<li>Aliviadero de Superficie del dique de Embalse de Itiyuro, Carapary en la provincia de A\u00f1o 1970.<\/li>\n<li>Dique derivador El Tipal sobre el Rio Perico en la provincia de A\u00f1o 1973.<\/li>\n<li>Aliviadero de superficie de la presa Potrero del Clavillo en la provincia de Tucum\u00e1n. A\u00f1o 1978.<\/li>\n<li>Dique derivador del R\u00edo Grande en la provincia de A\u00f1o 1986.<\/li>\n<li>Nuevo aliviadero de Superficie del dique de Embalse de Itiyuro, Carapary en la provincia de A\u00f1o 1992.<\/li>\n<li>Estudios de desatarquinamiento del embalse del dique Itiyuro, Carapary en la provincia de Salta. A\u00f1o 1994.<\/li>\n<\/ul>\n<p>Estos estudios fueron llevados a cabo bajo la direcci\u00f3n del Dr. Ing. Ren\u00e9 A. Locascio y del Ing. H\u00e9ctor G. Postiglione.<\/p>\n<p>&nbsp;<\/p>\n<h3>Actualidad<\/h3>\n<p>El Laboratorio est\u00e1 actualmente preparado para\u00a0 desarrollar estudios de:<\/p>\n<ul>\n<li>Escurrimiento sobre aliviaderos: coeficientes de gastos; influencias de formas, presiones y depresiones; interferencias; influencias de pilas.<\/li>\n<li>L\u00edneas de flujo y campos de velocidades en vasos de embalse.<\/li>\n<li>Estudios sobre ondas estacionarias en r\u00e9gimen supercr\u00edtico: en canales, transiciones y convergencias.<\/li>\n<li>Estudios de dispersi\u00f3n de energ\u00eda cin\u00e9tica: en azudes, encachados y cuencos de evoluci\u00f3n natural.<\/li>\n<li>Estudios de transporte s\u00f3lido.<\/li>\n<li>Estudios sobre representaci\u00f3n de rugosidad. Estudios sobre infiltraci\u00f3n en medios permeables<\/li>\n<\/ul>\n","protected":false},"excerpt":{"rendered":"<p>INVESTIGACI\u00d3N GENERALIDADES &nbsp; Historia de las Pr\u00e1cticas Cient\u00edficas y Educativas A lo largo de la historia del Laboratorio, se desarrollaron investigaciones sobre modelos f\u00edsicos de los siguientes proyectos: Aliviadero de superficie y obra de desv\u00edo del r\u00edo Juramento, a la altura de la Presa de Embalse General Belgrano (m\u00e1s conocido como dique Cabra Corral) en [&hellip;]<\/p>\n","protected":false},"author":20,"featured_media":0,"parent":112,"menu_order":0,"comment_status":"closed","ping_status":"closed","template":"templates\/template-full-notitle.php","meta":[],"_links":{"self":[{"href":"https:\/\/www.facet.unt.edu.ar\/lch\/wp-json\/wp\/v2\/pages\/122"}],"collection":[{"href":"https:\/\/www.facet.unt.edu.ar\/lch\/wp-json\/wp\/v2\/pages"}],"about":[{"href":"https:\/\/www.facet.unt.edu.ar\/lch\/wp-json\/wp\/v2\/types\/page"}],"author":[{"embeddable":true,"href":"https:\/\/www.facet.unt.edu.ar\/lch\/wp-json\/wp\/v2\/users\/20"}],"replies":[{"embeddable":true,"href":"https:\/\/www.facet.unt.edu.ar\/lch\/wp-json\/wp\/v2\/comments?post=122"}],"version-history":[{"count":8,"href":"https:\/\/www.facet.unt.edu.ar\/lch\/wp-json\/wp\/v2\/pages\/122\/revisions"}],"predecessor-version":[{"id":195,"href":"https:\/\/www.facet.unt.edu.ar\/lch\/wp-json\/wp\/v2\/pages\/122\/revisions\/195"}],"up":[{"embeddable":true,"href":"https:\/\/www.facet.unt.edu.ar\/lch\/wp-json\/wp\/v2\/pages\/112"}],"wp:attachment":[{"href":"https:\/\/www.facet.unt.edu.ar\/lch\/wp-json\/wp\/v2\/media?parent=122"}],"curies":[{"name":"wp","href":"https:\/\/api.w.org\/{rel}","templated":true}]}}