{"id":124,"date":"2016-05-05T20:59:12","date_gmt":"2016-05-05T23:59:12","guid":{"rendered":"https:\/\/www.facet.unt.edu.ar\/lch\/?page_id=124"},"modified":"2016-05-17T19:03:35","modified_gmt":"2016-05-17T22:03:35","slug":"proyectos","status":"publish","type":"page","link":"https:\/\/www.facet.unt.edu.ar\/lch\/investigacion\/proyectos\/","title":{"rendered":"Proyectos"},"content":{"rendered":"<h3>Proyectos de Investigaci\u00f3n<\/h3>\n<ul>\n<li><a href=\"https:\/\/www.facet.unt.edu.ar\/lch\/309-2\/\">Distribuci\u00f3n espacial de valores puntuales de precipitaci\u00f3n m\u00e1xima diaria en la provincia de Tucum\u00e1n (CIUNT).<\/a><br \/>\n<em>Spatial distribution of maximum daily rainfall in the province of tucuman.<\/em><br \/>\nDirector: PAZ, Hugo Roge<\/li>\n<\/ul>\n","protected":false},"excerpt":{"rendered":"<p>Proyectos de Investigaci\u00f3n Distribuci\u00f3n espacial de valores puntuales de precipitaci\u00f3n m\u00e1xima diaria en la provincia de Tucum\u00e1n (CIUNT). Spatial distribution of maximum daily rainfall in the province of tucuman. Director: PAZ, Hugo Roge<\/p>\n","protected":false},"author":20,"featured_media":0,"parent":112,"menu_order":1,"comment_status":"closed","ping_status":"closed","template":"templates\/template-full-notitle.php","meta":[],"_links":{"self":[{"href":"https:\/\/www.facet.unt.edu.ar\/lch\/wp-json\/wp\/v2\/pages\/124"}],"collection":[{"href":"https:\/\/www.facet.unt.edu.ar\/lch\/wp-json\/wp\/v2\/pages"}],"about":[{"href":"https:\/\/www.facet.unt.edu.ar\/lch\/wp-json\/wp\/v2\/types\/page"}],"author":[{"embeddable":true,"href":"https:\/\/www.facet.unt.edu.ar\/lch\/wp-json\/wp\/v2\/users\/20"}],"replies":[{"embeddable":true,"href":"https:\/\/www.facet.unt.edu.ar\/lch\/wp-json\/wp\/v2\/comments?post=124"}],"version-history":[{"count":5,"href":"https:\/\/www.facet.unt.edu.ar\/lch\/wp-json\/wp\/v2\/pages\/124\/revisions"}],"predecessor-version":[{"id":317,"href":"https:\/\/www.facet.unt.edu.ar\/lch\/wp-json\/wp\/v2\/pages\/124\/revisions\/317"}],"up":[{"embeddable":true,"href":"https:\/\/www.facet.unt.edu.ar\/lch\/wp-json\/wp\/v2\/pages\/112"}],"wp:attachment":[{"href":"https:\/\/www.facet.unt.edu.ar\/lch\/wp-json\/wp\/v2\/media?parent=124"}],"curies":[{"name":"wp","href":"https:\/\/api.w.org\/{rel}","templated":true}]}}