{"id":159,"date":"2016-05-09T09:17:45","date_gmt":"2016-05-09T12:17:45","guid":{"rendered":"https:\/\/www.facet.unt.edu.ar\/lch\/?page_id=159"},"modified":"2016-05-31T22:01:49","modified_gmt":"2016-06-01T01:01:49","slug":"lab-numerico","status":"publish","type":"page","link":"https:\/\/www.facet.unt.edu.ar\/lch\/laboratorios\/lab-numerico\/","title":{"rendered":"Laboratorio Num\u00e9rico"},"content":{"rendered":"<h1 class=\"entry-title\" style=\"text-align: left\">Laboratorio Num\u00e9rico<\/h1>\n<hr \/>\n<h1 class=\"entry-title\" style=\"text-align: center\">Curso \u201cIntroducci\u00f3n de la Modelaci\u00f3n Hidr\u00e1ulica en 1D (HEC-RAS)\u201d<\/h1>\n<p>&nbsp;<\/p>\n<div id=\"metaslider-id-328\" style=\"width: 100%; margin: 0 auto;\" class=\"ml-slider-3-27-5 metaslider metaslider-flex metaslider-328 ml-slider nav-hidden\">\n    <div id=\"metaslider_container_328\">\n        <div id=\"metaslider_328\">\n            <ul aria-live=\"polite\" class=\"slides\">\n                <li style=\"display: none; width: 100%;\" class=\"slide-327 ms-image\"><img src=\"https:\/\/www.facet.unt.edu.ar\/lch\/wp-content\/uploads\/sites\/39\/2016\/05\/Curso_HEC-RAS_09-300x300.jpg\" height=\"300\" width=\"300\" alt=\"\" class=\"slider-328 slide-327\" \/><\/li>\n                <li style=\"display: none; width: 100%;\" class=\"slide-326 ms-image\"><img src=\"https:\/\/www.facet.unt.edu.ar\/lch\/wp-content\/uploads\/sites\/39\/2016\/05\/Curso_HEC-RAS_08-300x300.jpg\" height=\"300\" width=\"300\" alt=\"\" class=\"slider-328 slide-326\" \/><\/li>\n                <li style=\"display: none; width: 100%;\" class=\"slide-325 ms-image\"><img src=\"https:\/\/www.facet.unt.edu.ar\/lch\/wp-content\/uploads\/sites\/39\/2016\/05\/Curso_HEC-RAS_07-300x300.jpg\" height=\"300\" width=\"300\" alt=\"\" class=\"slider-328 slide-325\" \/><\/li>\n                <li style=\"display: none; width: 100%;\" class=\"slide-324 ms-image\"><img src=\"https:\/\/www.facet.unt.edu.ar\/lch\/wp-content\/uploads\/sites\/39\/2016\/05\/Curso_HEC-RAS_06-300x300.jpg\" height=\"300\" width=\"300\" alt=\"\" class=\"slider-328 slide-324\" \/><\/li>\n                <li style=\"display: none; width: 100%;\" class=\"slide-323 ms-image\"><img src=\"https:\/\/www.facet.unt.edu.ar\/lch\/wp-content\/uploads\/sites\/39\/2016\/05\/Curso_HEC-RAS_05-300x300.jpg\" height=\"300\" width=\"300\" alt=\"\" class=\"slider-328 slide-323\" \/><\/li>\n                <li style=\"display: none; width: 100%;\" class=\"slide-322 ms-image\"><img src=\"https:\/\/www.facet.unt.edu.ar\/lch\/wp-content\/uploads\/sites\/39\/2016\/05\/Curso_HEC-RAS_04-300x300.jpg\" height=\"300\" width=\"300\" alt=\"\" class=\"slider-328 slide-322\" \/><\/li>\n                <li style=\"display: none; width: 100%;\" class=\"slide-321 ms-image\"><img src=\"https:\/\/www.facet.unt.edu.ar\/lch\/wp-content\/uploads\/sites\/39\/2016\/05\/Curso_HEC-RAS_03-300x300.jpg\" height=\"300\" width=\"300\" alt=\"\" class=\"slider-328 slide-321\" \/><\/li>\n                <li style=\"display: none; width: 100%;\" class=\"slide-320 ms-image\"><img src=\"https:\/\/www.facet.unt.edu.ar\/lch\/wp-content\/uploads\/sites\/39\/2016\/05\/Curso_HEC-RAS_02-300x300.jpg\" height=\"300\" width=\"300\" alt=\"\" class=\"slider-328 slide-320\" \/><\/li>\n                <li style=\"display: none; width: 100%;\" class=\"slide-319 ms-image\"><img src=\"https:\/\/www.facet.unt.edu.ar\/lch\/wp-content\/uploads\/sites\/39\/2016\/05\/Curso_HEC-RAS_01-300x300.jpg\" height=\"300\" width=\"300\" alt=\"\" class=\"slider-328 slide-319\" \/><\/li>\n            <\/ul>\n        <\/div>\n        \n    <\/div>\n<\/div>\n<p>&nbsp;<\/p>\n<div class=\"entry-content\">\n<p style=\"text-align: justify\">El curso de actualizaci\u00f3n profesional \u201cIntroducci\u00f3n de la Modelaci\u00f3n Hidr\u00e1ulica en 1D (HEC-RAS)\u201d se llevar\u00e1 a cabo los d\u00edas Martes 17, 24, 31 de Mayo y 07, 14 de Junio de 15 a 19 hs, en el Laboratorio de Construcciones Hidr\u00e1ulicas de la FACET. El mismo estar\u00e1 a cargo de los ingenieros <a href=\"https:\/\/www.facet.unt.edu.ar\/dcyoc\/docentes\/aguirre-hector-david\/\" target=\"_blank\">H\u00e9ctor David Aguirre<\/a> y <a href=\"https:\/\/www.facet.unt.edu.ar\/dcyoc\/docentes\/633-2\/\" target=\"_blank\">Mar\u00eda Florencia Nanni<\/a>.<\/p>\n<p><u>Carga ho\u00adra\u00adria<\/u>: 40 horas.<\/p>\n<p><u>In\u00adver\u00adsi\u00f3n<\/u>:<br \/>\n$600 Pro\u00adfe\u00adsio\u00adna\u00adles<br \/>\n$400 Do\u00adcen\u00adtes FACET<br \/>\n$300 Es\u00adtu\u00addian\u00adtes<\/p>\n<p><u>Ins\u00adcrip\u00adcio\u00adnes e in\u00adfor\u00admes<\/u>: <a href=\"mailto:hdaguirre@herrera.unt.edu.ar\">hda\u00adgui\u00adrre@herrera.unt.edu.ar<\/a> \/ <a href=\"mailto:mfnanni@herrera.unt.edu.ar\">mf\u00adnan\u00adni@herrera.unt.edu.ar<\/a><\/p>\n<p><img decoding=\"async\" loading=\"lazy\" class=\"alignnone size-large wp-image-270 aligncenter\" src=\"https:\/\/www.facet.unt.edu.ar\/lch\/wp-content\/uploads\/sites\/39\/2016\/05\/CURSO-DE-ACTUALIZACI\u00d3N-PROFESIONAL-736x1024.png\" alt=\"CURSO-DE-ACTUALIZACI\u00d3N-PROFESIONAL\" width=\"720\" height=\"1002\" srcset=\"https:\/\/www.facet.unt.edu.ar\/lch\/wp-content\/uploads\/sites\/39\/2016\/05\/CURSO-DE-ACTUALIZACI\u00d3N-PROFESIONAL-736x1024.png 736w, https:\/\/www.facet.unt.edu.ar\/lch\/wp-content\/uploads\/sites\/39\/2016\/05\/CURSO-DE-ACTUALIZACI\u00d3N-PROFESIONAL-216x300.png 216w, https:\/\/www.facet.unt.edu.ar\/lch\/wp-content\/uploads\/sites\/39\/2016\/05\/CURSO-DE-ACTUALIZACI\u00d3N-PROFESIONAL-768x1068.png 768w\" sizes=\"(max-width: 720px) 100vw, 720px\" \/><\/p>\n<\/div>\n","protected":false},"excerpt":{"rendered":"<p>Laboratorio Num\u00e9rico Curso \u201cIntroducci\u00f3n de la Modelaci\u00f3n Hidr\u00e1ulica en 1D (HEC-RAS)\u201d &nbsp; &nbsp; El curso de actualizaci\u00f3n profesional \u201cIntroducci\u00f3n de la Modelaci\u00f3n Hidr\u00e1ulica en 1D (HEC-RAS)\u201d se llevar\u00e1 a cabo los d\u00edas Martes 17, 24, 31 de Mayo y 07, 14 de Junio de 15 a 19 hs, en el Laboratorio de Construcciones Hidr\u00e1ulicas de [&hellip;]<\/p>\n","protected":false},"author":20,"featured_media":0,"parent":153,"menu_order":2,"comment_status":"closed","ping_status":"closed","template":"templates\/template-full-notitle.php","meta":[],"_links":{"self":[{"href":"https:\/\/www.facet.unt.edu.ar\/lch\/wp-json\/wp\/v2\/pages\/159"}],"collection":[{"href":"https:\/\/www.facet.unt.edu.ar\/lch\/wp-json\/wp\/v2\/pages"}],"about":[{"href":"https:\/\/www.facet.unt.edu.ar\/lch\/wp-json\/wp\/v2\/types\/page"}],"author":[{"embeddable":true,"href":"https:\/\/www.facet.unt.edu.ar\/lch\/wp-json\/wp\/v2\/users\/20"}],"replies":[{"embeddable":true,"href":"https:\/\/www.facet.unt.edu.ar\/lch\/wp-json\/wp\/v2\/comments?post=159"}],"version-history":[{"count":8,"href":"https:\/\/www.facet.unt.edu.ar\/lch\/wp-json\/wp\/v2\/pages\/159\/revisions"}],"predecessor-version":[{"id":329,"href":"https:\/\/www.facet.unt.edu.ar\/lch\/wp-json\/wp\/v2\/pages\/159\/revisions\/329"}],"up":[{"embeddable":true,"href":"https:\/\/www.facet.unt.edu.ar\/lch\/wp-json\/wp\/v2\/pages\/153"}],"wp:attachment":[{"href":"https:\/\/www.facet.unt.edu.ar\/lch\/wp-json\/wp\/v2\/media?parent=159"}],"curies":[{"name":"wp","href":"https:\/\/api.w.org\/{rel}","templated":true}]}}