{"id":309,"date":"2016-05-17T18:21:14","date_gmt":"2016-05-17T21:21:14","guid":{"rendered":"https:\/\/www.facet.unt.edu.ar\/lch\/?page_id=309"},"modified":"2016-05-17T18:55:45","modified_gmt":"2016-05-17T21:55:45","slug":"309-2","status":"publish","type":"page","link":"https:\/\/www.facet.unt.edu.ar\/lch\/investigacion\/proyectos\/309-2\/","title":{"rendered":"Distribuci\u00f3n espacial de valores puntuales de precipitaci\u00f3n m\u00e1xima diaria en la provincia de tucum\u00e1n (ciunt)"},"content":{"rendered":"<h3>DISTRIBUCI\u00d3N ESPACIAL DE VALORES PUNTUALES DE PRECIPITACI\u00d3N M\u00c1XIMA DIARIA EN LA PROVINCIA DE TUCUM\u00c1N\u00a0(CIUNT)<\/h3>\n<p><em>SPATIAL DISTRIBUTION OF MAXIMUM DAILY RAINFALL IN THE PROVINCE OF TUCUMAN<\/em><\/p>\n<p>Director: PAZ, Hugo Roge<\/p>\n<p>Co-Director: LAZARTE SFER, Roberto Ricardo<\/p>\n<p style=\"text-align: justify\"><strong>Periodo de Ejecuci\u00f3n:<\/strong> Inicio &#8211;\/&#8211;\/&#8212;- &#8211; Finalizaci\u00f3n &#8211;\/&#8211;\/&#8212;-<\/p>\n<p><a href=\"#GRUPO%20DE INVESTIGACI\u00d3N\">Ver Grupo de investigaci\u00f3n<\/a><\/p>\n<h4>Resumen<\/h4>\n<p style=\"text-align: justify\">La escasez de datos pluviom\u00e9tricos registrados con discretizaciones temporales inferiores al d\u00eda, que permiten la obtenci\u00f3n de relaciones Intensidad \u2013 Duraci\u00f3n \u2013 Recurrencia, lleva a la necesidad de utilizar en amplias regiones una \u00fanica o las pocas relaciones I-D-R disponibles, utilizando para ello t\u00e9cnicas de transposici\u00f3n. Para ello es necesario en primera instancia definir zonas homog\u00e9neas para las precipitaciones m\u00e1ximas. Definidas \u00e9stas, mediante t\u00e9cnicas de regionalizaci\u00f3n, es posible conocer las distribuciones espaciales de los m\u00e1ximos puntuales dentro de estas zonas.<br \/>\nExceptuando las zonas de monta\u00f1a y algunos valles intermontanos los datos pluviom\u00e9tricos de precipitaci\u00f3n diaria se encuentran en buena cantidad y cubriendo una parte importante de la provincia de Tucum\u00e1n y provincias vecinas, en virtud de lo cual es posible trabajar sobre los mismos definiendo zonas homog\u00e9neas y aplicando m\u00e9todos de regionalizaci\u00f3n de esta variable.<br \/>\nAtendiendo a lo expuesto se define como objeto del proyecto propuesto la obtenci\u00f3n de la distribuci\u00f3n espacial en la provincia de Tucum\u00e1n de los valores puntuales de precipitaciones m\u00e1ximas diarias, en cada una de las zonas homog\u00e9neas definidas para dicha variable en el \u00e1mbito de la Provincia.<br \/>\nFormar\u00e1 parte de las tareas la evaluaci\u00f3n de alternativas de m\u00e9todos de regionalizaci\u00f3n y la adopci\u00f3n de una para su aplicaci\u00f3n.<br \/>\nSe desarrollar\u00e1n herramientas inform\u00e1ticas que permitan obtener los valores puntuales de m\u00e1ximos diarios y se obtendr\u00e1 los soportes inform\u00e1ticos de las l\u00e1minas con mapas de isol\u00edneas de valores puntuales de m\u00e1ximos diarios.<\/p>\n<p><strong>Abstract<\/strong><\/p>\n<p style=\"text-align: justify\">The lack of rainfall data recorded whit discretizations inferior temporal day, allowing the development of Intensity &#8211; Duration &#8211; Recurrence relations, leads to use the few available IDR relations for large regions, using techniques of transposition. This requires in first instance defining homogeneous zones for precipitation. Defined them, by techniques of regionalization is possible to know the spatial distributions of the maximum in these areas.<br \/>\nExcept for mountain areas and some intermontane valleys, data of daily rainfall are found in good quantity and covering a large part of the province of Tucuman and provinces neighbors, under which we can work on them to definie homogeneous zones, applying methods of regionalization to this variable.<br \/>\nFor this, is defined as the object of the proposed project: obtaining the spatial distribution in the province of Tucum\u00e1n of point values of maximum daily rainfall in each of the homogeneous zones defined for that variable in the field of Province. Tasks will be part of the evaluation of alternative methods regionalization and the adoption of its implementation.<br \/>\nTools will be developed which could achieve the point values of daily maximum and get the media computer sheets with contour maps of point values of daily maximum.<\/p>\n<p style=\"text-align: justify\"><a id=\"GRUPO DE INVESTIGACI\u00d3N\"><\/a><span style=\"color: #ffffff\">facu<\/span><\/p>\n<table>\n<tbody>\n<tr>\n<td style=\"width: 270px;height: 40px;background-color: #343538;text-align: left;vertical-align: middle\" colspan=\"4\">\n<h3 style=\"padding-left: 30px\"><span style=\"color: #ffffff\">GRUPO DE INVESTIGACI\u00d3N<\/span><\/h3>\n<\/td>\n<\/tr>\n<tr>\n<td style=\"width: 1080px;height: 20px;border-color: #ffffff;text-align: center;vertical-align: middle\" colspan=\"4\"><\/td>\n<\/tr>\n<tr>\n<td style=\"width: 270px;height: 40px;background-color: #343538;text-align: center;vertical-align: middle\"><span style=\"color: #ffffff\">Apellido y Nombre<\/span><\/td>\n<td style=\"width: 270px;height: 40px;background-color: #343538;text-align: center;vertical-align: middle\"><span style=\"color: #ffffff\">Rol<\/span><\/td>\n<td style=\"width: 270px;height: 40px;background-color: #343538;text-align: center;vertical-align: middle\"><span style=\"color: #ffffff\">Horas<\/span><\/td>\n<td style=\"width: 270px;height: 40px;background-color: #343538;text-align: center;vertical-align: middle\"><span style=\"color: #ffffff\">Lugar de trabajo<\/span><\/td>\n<\/tr>\n<tr>\n<td style=\"width: 270px;height: 40px;text-align: left;vertical-align: middle\">BAZZANO, Flavia Marcela<\/td>\n<td style=\"width: 270px;height: 40px;vertical-align: middle;text-align: center\">Estudiante de Grado<\/td>\n<td style=\"width: 270px;height: 40px;vertical-align: middle;text-align: center\">10<\/td>\n<td style=\"width: 270px;height: 40px;vertical-align: middle;text-align: center\">UNT-FACET-LCH<\/td>\n<\/tr>\n<tr>\n<td style=\"width: 270px;height: 40px;text-align: left;vertical-align: middle\">GALINDO, Gonzalo Jose<\/td>\n<td style=\"width: 270px;height: 40px;vertical-align: middle;text-align: center\">Estudiante de Grado<\/td>\n<td style=\"width: 270px;height: 40px;vertical-align: middle;text-align: center\">\u00a010<\/td>\n<td style=\"width: 270px;height: 40px;vertical-align: middle;text-align: center\">UNT-FACET-LCH<\/td>\n<\/tr>\n<tr>\n<td style=\"width: 270px;height: 40px;text-align: left;vertical-align: middle\">\u00a0GO\u00d1I, Mart\u00edn<\/td>\n<td style=\"width: 270px;height: 40px;vertical-align: middle;text-align: center\">\u00a0Integrante<\/td>\n<td style=\"width: 270px;height: 40px;vertical-align: middle;text-align: center\">10<\/td>\n<td style=\"width: 270px;height: 40px;vertical-align: middle;text-align: center\">UNT-FACET-LCH<\/td>\n<\/tr>\n<tr>\n<td style=\"width: 270px;height: 40px;text-align: left;vertical-align: middle\">\u00a0LAZARTE SFER, Roberto Ricardo<\/td>\n<td style=\"width: 270px;height: 40px;vertical-align: middle;text-align: center\">Co-Director<\/td>\n<td style=\"width: 270px;height: 40px;vertical-align: middle;text-align: center\">\u00a025<\/td>\n<td style=\"width: 270px;height: 40px;vertical-align: middle;text-align: center\">UNT-FACET-LCH<\/td>\n<\/tr>\n<tr>\n<td style=\"width: 270px;height: 40px;text-align: left;vertical-align: middle\">\u00a0PAZ, Hugo Roge<\/td>\n<td style=\"width: 270px;height: 40px;vertical-align: middle;text-align: center\">Director<\/td>\n<td style=\"width: 270px;height: 40px;vertical-align: middle;text-align: center\">\u00a025<\/td>\n<td style=\"width: 270px;height: 40px;vertical-align: middle;text-align: center\">\u00a0UNT-FACET-LCH<\/td>\n<\/tr>\n<tr>\n<td style=\"width: 270px;height: 40px;text-align: left;vertical-align: middle\">\u00a0TEPLITZKY, Santiago Ezequiel<\/td>\n<td style=\"width: 270px;height: 40px;vertical-align: middle;text-align: center\">Estudiante de Grado<\/td>\n<td style=\"width: 270px;height: 40px;vertical-align: middle;text-align: center\">\u00a010<\/td>\n<td style=\"width: 270px;height: 40px;vertical-align: middle;text-align: center\">\u00a0UNT-FACET-LCH<\/td>\n<\/tr>\n<\/tbody>\n<\/table>\n<p>&nbsp;<\/p>\n","protected":false},"excerpt":{"rendered":"<p>DISTRIBUCI\u00d3N ESPACIAL DE VALORES PUNTUALES DE PRECIPITACI\u00d3N M\u00c1XIMA DIARIA EN LA PROVINCIA DE TUCUM\u00c1N\u00a0(CIUNT) SPATIAL DISTRIBUTION OF MAXIMUM DAILY RAINFALL IN THE PROVINCE OF TUCUMAN Director: PAZ, Hugo Roge Co-Director: LAZARTE SFER, Roberto Ricardo Periodo de Ejecuci\u00f3n: Inicio &#8211;\/&#8211;\/&#8212;- &#8211; Finalizaci\u00f3n &#8211;\/&#8211;\/&#8212;- Ver Grupo de investigaci\u00f3n Resumen La escasez de datos pluviom\u00e9tricos registrados con discretizaciones [&hellip;]<\/p>\n","protected":false},"author":20,"featured_media":0,"parent":124,"menu_order":0,"comment_status":"closed","ping_status":"closed","template":"templates\/template-full-notitle.php","meta":[],"_links":{"self":[{"href":"https:\/\/www.facet.unt.edu.ar\/lch\/wp-json\/wp\/v2\/pages\/309"}],"collection":[{"href":"https:\/\/www.facet.unt.edu.ar\/lch\/wp-json\/wp\/v2\/pages"}],"about":[{"href":"https:\/\/www.facet.unt.edu.ar\/lch\/wp-json\/wp\/v2\/types\/page"}],"author":[{"embeddable":true,"href":"https:\/\/www.facet.unt.edu.ar\/lch\/wp-json\/wp\/v2\/users\/20"}],"replies":[{"embeddable":true,"href":"https:\/\/www.facet.unt.edu.ar\/lch\/wp-json\/wp\/v2\/comments?post=309"}],"version-history":[{"count":4,"href":"https:\/\/www.facet.unt.edu.ar\/lch\/wp-json\/wp\/v2\/pages\/309\/revisions"}],"predecessor-version":[{"id":313,"href":"https:\/\/www.facet.unt.edu.ar\/lch\/wp-json\/wp\/v2\/pages\/309\/revisions\/313"}],"up":[{"embeddable":true,"href":"https:\/\/www.facet.unt.edu.ar\/lch\/wp-json\/wp\/v2\/pages\/124"}],"wp:attachment":[{"href":"https:\/\/www.facet.unt.edu.ar\/lch\/wp-json\/wp\/v2\/media?parent=309"}],"curies":[{"name":"wp","href":"https:\/\/api.w.org\/{rel}","templated":true}]}}