{"id":65,"date":"2014-08-04T09:14:33","date_gmt":"2014-08-04T12:14:33","guid":{"rendered":"https:\/\/www.facet.unt.edu.ar\/lch\/home\/"},"modified":"2022-10-04T22:14:12","modified_gmt":"2022-10-05T01:14:12","slug":"home","status":"publish","type":"page","link":"https:\/\/www.facet.unt.edu.ar\/lch\/","title":{"rendered":"Inicio"},"content":{"rendered":"<div>\n<hr \/>\n<h3><a href=\"https:\/\/www.facet.unt.edu.ar\/cic\/exactas\/\">EXACTAS PARA TODOS 2022<\/a><\/h3>\n<p>La muestra se realizar\u00e1 los d\u00edas 12, 13 y 14 de\u00a0 Octubre,\u00a0 en instalaciones de la FACET, Centro Herrera, Av. Independencia 1800.<\/p>\n<p>El prop\u00f3sito central de este evento es dar a conocer a los futuros ingresantes la oferta acad\u00e9mica de la FACET y propiciar la vinculaci\u00f3n entre \u00e9sta y el sector empresarial.<\/p>\n<p>Los horarios en que se desarrollar\u00e1 la muestra son:<\/p>\n<ul>\n<li><strong>Mi\u00e9rcoles 12 de octubre: de 9 a 13 y de 14 a 18 hs<\/strong><\/li>\n<li><strong>Jueves 13 de octubre: de 9 a 13 y de 14 a 18 hs<\/strong><\/li>\n<li><strong>Viernes 14 de octubre: de 9 a 13 hs\u00a0<\/strong><\/li>\n<\/ul>\n<p>&nbsp;<\/p>\n<p>Tambi\u00e9n se har\u00e1n visitas a los diversos laboratorios vinculados a Ing. Civil.<\/p>\n<ul>\n<li><a href=\"https:\/\/www.facet.unt.edu.ar\/lem\/\" target=\"_blank\" rel=\"noopener noreferrer\">Laboratorio de Ensayo de Materiales<\/a><\/li>\n<li><a href=\"https:\/\/www.facet.unt.edu.ar\/lms\/\" target=\"_blank\" rel=\"noopener noreferrer\">Laboratorio de Mec\u00e1nica de los Suelos<\/a><\/li>\n<li><a href=\"https:\/\/www.facet.unt.edu.ar\/lvc\/\" target=\"_blank\" rel=\"noopener noreferrer\">Laboratorio de V\u00edas de Comunicaciones<\/a><\/li>\n<li><a href=\"https:\/\/www.facet.unt.edu.ar\/lch\/\">Laboratorio de Construcciones Hidr\u00e1ulicas<\/a><\/li>\n<li><a href=\"https:\/\/www.facet.unt.edu.ar\/iest\/\" target=\"_blank\" rel=\"noopener noreferrer\">Instituto de Estructuras<\/a><\/li>\n<\/ul>\n<hr \/>\n<\/div>\n<p>&nbsp;<\/p>\n<h2 style=\"text-align: center;\"><a href=\"https:\/\/www.facet.unt.edu.ar\/lch\/extension\/taller_01\/\"><strong>\u201cTaller para la formulaci\u00f3n de Bases de pol\u00edticas provinciales de gesti\u00f3n integrada de sequias\u201d<\/strong><\/a><\/h2>\n<p style=\"text-align: justify;\">Las sequ\u00edas son uno de los riesgos naturales m\u00e1s complejos y menos comprendidos, afectando a m\u00e1s personas que cualquier otro. Hay evidencia que el cambio clim\u00e1tico representa un factor clave en la distribuci\u00f3n espacial y temporal de las causas hidrometeorol\u00f3gicas de las sequ\u00edas.<\/p>\n<p style=\"text-align: justify;\"><a href=\"https:\/\/www.facet.unt.edu.ar\/lch\/extension\/taller_01\/\">[ver m\u00e1s&#8230;]<\/a><\/p>\n<hr \/>\n<h2 style=\"text-align: center;\"><a href=\"https:\/\/www.facet.unt.edu.ar\/lch\/laboratorios\/lab-numerico\/\">Curso \u201cIntroducci\u00f3n de la Modelaci\u00f3n Hidr\u00e1ulica en 1D (HEC-RAS)\u201d<\/a><\/h2>\n<p style=\"text-align: justify;\">El curso de actualizaci\u00f3n profesional \u201cIntroducci\u00f3n de la Modelaci\u00f3n Hidr\u00e1ulica en 1D (HEC-RAS)\u201d se llevar\u00e1 a cabo los d\u00edas Martes 17, 24, 31 de Mayo y 07, 14 de Junio de 15 a 19 hs, en el Laboratorio de Construcciones Hidr\u00e1ulicas de la FACET. El mismo estar\u00e1 a cargo de los ingenieros H\u00e9ctor David Aguirre y Mar\u00eda Florencia Nanni.<\/p>\n<p><a href=\"https:\/\/www.facet.unt.edu.ar\/lch\/laboratorios\/lab-numerico\/\">[ver m\u00e1s&#8230;]<\/a><\/p>\n","protected":false},"excerpt":{"rendered":"<p>EXACTAS PARA TODOS 2022 La muestra se realizar\u00e1 los d\u00edas 12, 13 y 14 de\u00a0 Octubre,\u00a0 en instalaciones de la FACET, Centro Herrera, Av. Independencia 1800. El prop\u00f3sito central de este evento es dar a conocer a los futuros ingresantes la oferta acad\u00e9mica de la FACET y propiciar la vinculaci\u00f3n entre \u00e9sta y el sector [&hellip;]<\/p>\n","protected":false},"author":1,"featured_media":0,"parent":0,"menu_order":0,"comment_status":"closed","ping_status":"closed","template":"home-panels.php","meta":[],"_links":{"self":[{"href":"https:\/\/www.facet.unt.edu.ar\/lch\/wp-json\/wp\/v2\/pages\/65"}],"collection":[{"href":"https:\/\/www.facet.unt.edu.ar\/lch\/wp-json\/wp\/v2\/pages"}],"about":[{"href":"https:\/\/www.facet.unt.edu.ar\/lch\/wp-json\/wp\/v2\/types\/page"}],"author":[{"embeddable":true,"href":"https:\/\/www.facet.unt.edu.ar\/lch\/wp-json\/wp\/v2\/users\/1"}],"replies":[{"embeddable":true,"href":"https:\/\/www.facet.unt.edu.ar\/lch\/wp-json\/wp\/v2\/comments?post=65"}],"version-history":[{"count":11,"href":"https:\/\/www.facet.unt.edu.ar\/lch\/wp-json\/wp\/v2\/pages\/65\/revisions"}],"predecessor-version":[{"id":370,"href":"https:\/\/www.facet.unt.edu.ar\/lch\/wp-json\/wp\/v2\/pages\/65\/revisions\/370"}],"wp:attachment":[{"href":"https:\/\/www.facet.unt.edu.ar\/lch\/wp-json\/wp\/v2\/media?parent=65"}],"curies":[{"name":"wp","href":"https:\/\/api.w.org\/{rel}","templated":true}]}}