{"id":87,"date":"2016-05-05T20:13:43","date_gmt":"2016-05-05T23:13:43","guid":{"rendered":"https:\/\/www.facet.unt.edu.ar\/lch\/?page_id=87"},"modified":"2016-05-12T15:11:22","modified_gmt":"2016-05-12T18:11:22","slug":"institucional","status":"publish","type":"page","link":"https:\/\/www.facet.unt.edu.ar\/lch\/institucional\/","title":{"rendered":"Institucional"},"content":{"rendered":"<h3 style=\"text-align: justify\">HISTORIA ACAD\u00c9MICA INSTITUCIONAL<\/h3>\n<p style=\"text-align: justify\">El Laboratorio de Construcciones Hidr\u00e1ulicas de la Universidad Nacional de Tucum\u00e1n fue creado en Mayo de 1949 por el eminente Dr. Ing, Armin Karl Schoklitsch, colaborador adjunto del afamado hidr\u00e1ulico Philip Forcheimer.<\/p>\n<p style=\"text-align: justify\">Fue construido a continuaci\u00f3n del primer Laboratorio de Hidr\u00e1ulica del pa\u00eds, denominado \u201cGuillermo C. C\u00e9spedes\u201d, que fuera creado en el a\u00f1o 1939 en la Facultad de Ingenier\u00eda de la Universidad Nacional de La Plata.<\/p>\n<p style=\"text-align: justify\">Fueron sus objetivos principales aportar al conocimiento te\u00f3rico del funcionamiento de las estructuras hidr\u00e1ulicas, mediante la experimentaci\u00f3n en modelos a escala y en prototipos ya construidos, la realizaci\u00f3n de investigaciones puras o de car\u00e1cter general que surgen como consecuencia de los problemas de investigaci\u00f3n aplicada con el objeto de propender al conocimiento cient\u00edfico e integral de los recursos h\u00eddricos y su evaluaci\u00f3n, desarrollar tecnolog\u00eda apropiada para dar soluci\u00f3n a los problemas de la Regi\u00f3n NOA y lograr optimizar el uso de los recursos econ\u00f3micos a partir del estudio de las mejores soluciones t\u00e9cnicas, desarrollar tecnolog\u00eda y promover la ense\u00f1anza universitaria especializada y la formaci\u00f3n de investigadores.<\/p>\n<p style=\"text-align: justify\">Reci\u00e9n instalado, fue su primer trabajo la construcci\u00f3n de un modelo f\u00edsico del Dique Los Reales (hoy construido y funcionando).<\/p>\n<p style=\"text-align: justify\">Hacia el a\u00f1o 1950 se proyect\u00f3 un nuevo Laboratorio en una superficie de 800m<sup>2<\/sup>, en un predio especialmente afectado por la UNT en el Parque Centenario 9 de Julio, que no pudo concretarse.<\/p>\n<p style=\"text-align: justify\">Hacia el a\u00f1o 1961, la necesidad de la Empresa Estatal Agua y Energ\u00eda El\u00e9ctrica de efectuar verificaciones de algunos proyectos de aprovechamiento de la Regi\u00f3n NOA, reimpulso la actividad del Laboratorio.<\/p>\n<p style=\"text-align: justify\">Es en el a\u00f1o 1966 que cobra nuevo impulso el flamante Laboratorio de Construcciones Hidr\u00e1ulicas en Horco Molle, donde se han llevado a cabo una parte importante de los estudios antecedentes.<\/p>\n<p style=\"text-align: justify\">En el a\u00f1o 1968, la UNT dispuso de un predio de extensi\u00f3n adecuada para la construcci\u00f3n de un nuevo Laboratorio en terrenos de la ex \u2013 Quinta Agron\u00f3mica de la UNT, donde funciona en la actualidad.<\/p>\n<p style=\"text-align: justify\">Dispone de dos naves de ensayo, un cuerpo de edificio en planta baja y dos pisos superiores, un cuerpo de edifico de una sola planta y dos salas de bombas. Tiene en total una superficie cubierta de 4.038m<sup>2<\/sup>.<\/p>\n<p>Adem\u00e1s de temas asociados espec\u00edficamente a la investigaci\u00f3n hidr\u00e1ulica mediante modelos f\u00edsicos, el Laboratorio tambi\u00e9n desarrolla actividades ligados a la Gesti\u00f3n Integral del Recurso H\u00eddrico y en especial aquellas de trascendencia social. Ha realizado proyectos de infraestructura para abastecimiento de agua para peque\u00f1as localidades y comunidades originarias, mediante convenios con instituciones p\u00fablicas. En estos particip\u00f3 coordinando acciones con otras unidades acad\u00e9micas e incluyendo a alumnos en las tareas para complementar y completar su formaci\u00f3n. Con estas actividades se financia la actualizaci\u00f3n del equipamiento del laboratorio, con instrumental moderno.<\/p>\n<p>Cuenta con un \u00e1rea espec\u00edfica para la docencia con equipamiento espec\u00edficamente dise\u00f1ado para esa actividad, en la cual los alumnos de grado aplican los conocimientos aprendidos y realizan las primeras investigaciones sobre modelos f\u00edsicos de problemas te\u00f3ricos.<\/p>\n<p>En el \u00e1mbito del Laboratorio funciona el Centro de Estudios de Ingenier\u00eda Hidr\u00e1ulica y Medio Ambiente, creado en Noviembre del a\u00f1o 1991 y reconocido por el Honorable Consejo Directivo de la Facultad de Ciencias Exactas y Tecnolog\u00eda de la UNT, que ha realizado trabajos espec\u00edficos de la disciplina, destac\u00e1ndose el Plan Director de Desag\u00fces Pluviales de la vertiente oriental de la Sierra de San Javier, en el a\u00f1o 2003, en convenio con la Secretaria de Obras Publicas de la Provincia.<\/p>\n<p>&nbsp;<\/p>\n<h3 style=\"text-align: justify\">OBJETIVOS<\/h3>\n<p style=\"text-align: justify\">Realizar investigaciones tendientes a obtener nuevas soluciones cient\u00edficas y t\u00e9cnico-cient\u00edficas en problemas vinculados al aprovechamiento, explotaci\u00f3n, control y conservaci\u00f3n y\/o recuperaci\u00f3n de los recursos hidr\u00e1ulicos.<br \/>\nRealizar investigaciones puras o de car\u00e1cter general que surgen como consecuencia de los problemas de investigaci\u00f3n aplicada.<br \/>\nDesarrollar tecnolog\u00eda apropiada a la soluci\u00f3n de problemas de la regi\u00f3n y lograr la optimizaci\u00f3n del uso de los recursos econ\u00f3micos a partir del estudio de las mejores soluciones t\u00e9cnicas.<br \/>\nPropender al conocimiento cient\u00edfico e integral de los recursos h\u00eddricos y su evaluaci\u00f3n.<br \/>\nAportar al conocimiento te\u00f3rico del funcionamiento de las estructuras hidr\u00e1ulicas, mediante la experimentaci\u00f3n en modelos a escala y en prototipos ya construidos.<br \/>\nEvaluar sistemas de uso conjunto de los recursos hidr\u00e1ulicos para su \u00f3ptima operaci\u00f3n.<\/p>\n<p>&nbsp;<\/p>\n<h3 style=\"text-align: justify\">CONVENIOS ESTRAT\u00c9GICOS<\/h3>\n<ul>\n<li style=\"text-align: justify\">? SUBSECRETARIA DE RECURSOS H\u00cdDRICOS DE LA NACI\u00d3N.<\/li>\n<li style=\"text-align: justify\">? SUBSECRETARIA DE RECURSOS H\u00cdDRICOS, ENERG\u00c9TICOS, MINERIA, Y POL\u00cdTICA AMBIENTAL DE LA PROVINCIA DE TUCUMAN.<\/li>\n<\/ul>\n<p>&nbsp;<\/p>\n<h3 style=\"text-align: justify\">INSTALACIONES<\/h3>\n<ul>\n<li style=\"text-align: justify\">Local de 3.700 m2 de superficie cubierta\u00a0total, 2.000 m2 corresponden a un hall\u00a0central de ensayos, 700 m2 a salas menores\u00a0de ensayo, 380 m2 a talleres de carpinter\u00eda,\u00a0herrer\u00eda y modelado y el resto a salas de\u00a0bombeo, oficinas y dependencias.<\/li>\n<li style=\"text-align: justify\">Sistema de alimentaci\u00f3n a circuito cerrado,\u00a0formado por dos cisternas de 1.000 m3 de\u00a0capacidad total, dos torres tanques de carga\u00a0y equilibrio de 15 y 11 m de altura con un\u00a0volumen total aproximado de 220 m3.<\/li>\n<li style=\"text-align: justify\">Sistema de bombeo para alimentaci\u00f3n\u00a0consistente en un equipo de bombas que\u00a0aseguran diferentes escalones de caudal,\u00a0que var\u00edan de 5 l\/seg a 2.000 l\/seg. El total\u00a0de bombas disponibles es de 9 bombas\u00a0centr\u00edfugas con alturas de elevaci\u00f3n de 20 m\u00a0y potencias variables entre 1 kw. a 37 kw,\u00a0totalizando 72 kw.<\/li>\n<li style=\"text-align: justify\">Circuito de tuber\u00edas consiste en 6 l\u00edneas de\u00a0conducci\u00f3n de di\u00e1metros 300 mm y 250 mm.<\/li>\n<li style=\"text-align: justify\">Puente gr\u00faa de 24.00 m de luz, 48.00 m de\u00a0carrera, con aparejo el\u00e9ctrico m\u00f3vil de 2.00 tn\u00a0de capacidad.<\/li>\n<li style=\"text-align: justify\">Gr\u00faa semip\u00f3rtico de 12.00 m de luz, 24.00\u00a0m de carrera con aparejo el\u00e9ctrico m\u00f3vil de\u00a02.00 tn de capacidad.<\/li>\n<\/ul>\n","protected":false},"excerpt":{"rendered":"<p>HISTORIA ACAD\u00c9MICA INSTITUCIONAL El Laboratorio de Construcciones Hidr\u00e1ulicas de la Universidad Nacional de Tucum\u00e1n fue creado en Mayo de 1949 por el eminente Dr. Ing, Armin Karl Schoklitsch, colaborador adjunto del afamado hidr\u00e1ulico Philip Forcheimer. Fue construido a continuaci\u00f3n del primer Laboratorio de Hidr\u00e1ulica del pa\u00eds, denominado \u201cGuillermo C. C\u00e9spedes\u201d, que fuera creado en el [&hellip;]<\/p>\n","protected":false},"author":20,"featured_media":0,"parent":0,"menu_order":1,"comment_status":"closed","ping_status":"closed","template":"templates\/template-full-notitle.php","meta":[],"_links":{"self":[{"href":"https:\/\/www.facet.unt.edu.ar\/lch\/wp-json\/wp\/v2\/pages\/87"}],"collection":[{"href":"https:\/\/www.facet.unt.edu.ar\/lch\/wp-json\/wp\/v2\/pages"}],"about":[{"href":"https:\/\/www.facet.unt.edu.ar\/lch\/wp-json\/wp\/v2\/types\/page"}],"author":[{"embeddable":true,"href":"https:\/\/www.facet.unt.edu.ar\/lch\/wp-json\/wp\/v2\/users\/20"}],"replies":[{"embeddable":true,"href":"https:\/\/www.facet.unt.edu.ar\/lch\/wp-json\/wp\/v2\/comments?post=87"}],"version-history":[{"count":11,"href":"https:\/\/www.facet.unt.edu.ar\/lch\/wp-json\/wp\/v2\/pages\/87\/revisions"}],"predecessor-version":[{"id":190,"href":"https:\/\/www.facet.unt.edu.ar\/lch\/wp-json\/wp\/v2\/pages\/87\/revisions\/190"}],"wp:attachment":[{"href":"https:\/\/www.facet.unt.edu.ar\/lch\/wp-json\/wp\/v2\/media?parent=87"}],"curies":[{"name":"wp","href":"https:\/\/api.w.org\/{rel}","templated":true}]}}