{"id":89,"date":"2016-05-05T20:18:15","date_gmt":"2016-05-05T23:18:15","guid":{"rendered":"https:\/\/www.facet.unt.edu.ar\/lch\/?page_id=89"},"modified":"2016-05-16T15:35:17","modified_gmt":"2016-05-16T18:35:17","slug":"integrantes","status":"publish","type":"page","link":"https:\/\/www.facet.unt.edu.ar\/lch\/integrantes\/","title":{"rendered":"Integrantes"},"content":{"rendered":"<h3>INTEGRANTES DEL LABORATORIO<\/h3>\n<p>Los Docentes-Investigadores del L.C.H., comprometidos con la calidad acad\u00e9mica de la instituci\u00f3n desarrollan diversas actividades de gesti\u00f3n:<\/p>\n<ul>\n<li>La coordinaci\u00f3n de los proyectos finales de los alumnos de la Carrera de Ingenier\u00eda Civil.<\/li>\n<li>Las actualizaciones del plan de estudio de la Carrera.<\/li>\n<li>La organizaci\u00f3n y coordinaci\u00f3n de cursos de grado y postgrado.<\/li>\n<li>La direcci\u00f3n acad\u00e9mica de la Carrera y sus comisiones.<\/li>\n<\/ul>\n<hr \/>\n<p><strong>Director<\/strong><\/p>\n<p><a title=\"D\u00cdAZ Leandro\" href=\"https:\/\/www.facet.unt.edu.ar\/dcyoc\/docentes\/diaz-leandro\/\" target=\"_blank\">D\u00cdAZ, Leandro Ra\u00fal\u00a0(Ing.)<\/a><\/p>\n<p>&nbsp;<\/p>\n<p><strong>Docentes \/ Investigadores<\/strong><\/p>\n<p><a title=\"AGUIRRE H\u00e9ctor David\" href=\"https:\/\/www.facet.unt.edu.ar\/dcyoc\/docentes\/aguirre-hector-david\/\" target=\"_blank\">AGUIRRE, H\u00e9ctor David\u00a0(Ing.)<\/a><\/p>\n<p><a title=\"BARBER Hebe\" href=\"https:\/\/www.facet.unt.edu.ar\/dcyoc\/docentes\/barber-hebe\/\" target=\"_blank\">BARBER, Hebe Marta\u00a0(Ing.)<\/a><\/p>\n<p><a title=\"BAZZANO Flavia\" href=\"https:\/\/www.facet.unt.edu.ar\/dcyoc\/docentes\/bazzano-flavia\/\" target=\"_blank\">BAZZANO, Flavia Marcela\u00a0(Ing.)<\/a>, Becaria Doctoral de <a href=\"http:\/\/www.conicet.gov.ar\/\" target=\"_blank\">CONICET<\/a><\/p>\n<p><a title=\"COMBA An\u00edbal\" href=\"https:\/\/www.facet.unt.edu.ar\/dcyoc\/docentes\/comba-anibal\/\" target=\"_blank\">COMBA, An\u00edbal\u00a0(Ing.)<\/a><\/p>\n<p><a title=\"ESPINOSA ROJAS Hebe\" href=\"https:\/\/www.facet.unt.edu.ar\/dcyoc\/docentes\/espinosa-rojas-hebe\/\" target=\"_blank\">ESPINOSA ROJAS, Hebe Amparo\u00a0(Ing.)<\/a><\/p>\n<p><a title=\"GARC\u00cdA COTE Viviana\" href=\"https:\/\/www.facet.unt.edu.ar\/dcyoc\/docentes\/garcia-cote-viviana\/\" target=\"_blank\">GARC\u00cdA COTE, Viviana Beatriz\u00a0(Ing.)<\/a><\/p>\n<p><a title=\"GARC\u00cdA Viviana F\u00e1tima\" href=\"https:\/\/www.facet.unt.edu.ar\/dcyoc\/docentes\/garcia-viviana-fatima\/\" target=\"_blank\">GARC\u00cdA, Viviana F\u00e1tima\u00a0(Ing.)<\/a><\/p>\n<p><a title=\"GERBASONI Gustavo Javier\" href=\"https:\/\/www.facet.unt.edu.ar\/dcyoc\/docentes\/gerbasoni-gustavo-javier\/\" target=\"_blank\">GERBASONI, Gustavo Javier\u00a0(Ing.)<\/a><\/p>\n<p><a title=\"LAZARTE SFER Roberto\" href=\"https:\/\/www.facet.unt.edu.ar\/dcyoc\/docentes\/lazarte-sfer-roberto\/\" target=\"_blank\">LAZARTE SFER, Roberto Ricardo\u00a0(Ing.)<\/a><\/p>\n<p><a title=\"MALINAR Lu\u00eds Maximiliano\" href=\"https:\/\/www.facet.unt.edu.ar\/dcyoc\/docentes\/malinar-luis-maximiliano\/\" target=\"_blank\">MALINAR, Lu\u00eds Maximiliano\u00a0(Mg. Ing.)<\/a><\/p>\n<p><a title=\"NANNI Florencia\" href=\"https:\/\/www.facet.unt.edu.ar\/dcyoc\/docentes\/633-2\/\" target=\"_blank\">NANNI, Florencia\u00a0(Ing.)<\/a><\/p>\n<p><a title=\"PALACIO Dolores\" href=\"https:\/\/www.facet.unt.edu.ar\/dcyoc\/docentes\/palacio-dolores\/\" target=\"_blank\">PALACIO, Dolores\u00a0(Ing.)<\/a><\/p>\n<p><a title=\"PALACIOS Adriana\" href=\"https:\/\/www.facet.unt.edu.ar\/dcyoc\/docentes\/palacios-adriana\/\" target=\"_blank\">PALACIOS, Silvia Adriana\u00a0(Ing.)<\/a><\/p>\n<p><a title=\"PAZ Hugo Roger\" href=\"https:\/\/www.facet.unt.edu.ar\/dcyoc\/docentes\/paz-hugo-roger\/\">PAZ, Hugo Roge (Mg. Ing.)<\/a><\/p>\n<p><a title=\"SLY Elizabeth\" href=\"https:\/\/www.facet.unt.edu.ar\/dcyoc\/docentes\/sly-elizabeth\/\" target=\"_blank\">SLY, Amanda Elizabeth\u00a0(Ing.)<\/a><\/p>\n<p>&nbsp;<\/p>\n<p><strong>Secretaria<\/strong><\/p>\n<p>&nbsp;<\/p>\n<p><strong>Personal de Apoyo T\u00e9cnico<\/strong><\/p>\n","protected":false},"excerpt":{"rendered":"<p>INTEGRANTES DEL LABORATORIO Los Docentes-Investigadores del L.C.H., comprometidos con la calidad acad\u00e9mica de la instituci\u00f3n desarrollan diversas actividades de gesti\u00f3n: La coordinaci\u00f3n de los proyectos finales de los alumnos de la Carrera de Ingenier\u00eda Civil. Las actualizaciones del plan de estudio de la Carrera. La organizaci\u00f3n y coordinaci\u00f3n de cursos de grado y postgrado. La [&hellip;]<\/p>\n","protected":false},"author":20,"featured_media":0,"parent":0,"menu_order":2,"comment_status":"closed","ping_status":"closed","template":"templates\/template-full-notitle.php","meta":[],"_links":{"self":[{"href":"https:\/\/www.facet.unt.edu.ar\/lch\/wp-json\/wp\/v2\/pages\/89"}],"collection":[{"href":"https:\/\/www.facet.unt.edu.ar\/lch\/wp-json\/wp\/v2\/pages"}],"about":[{"href":"https:\/\/www.facet.unt.edu.ar\/lch\/wp-json\/wp\/v2\/types\/page"}],"author":[{"embeddable":true,"href":"https:\/\/www.facet.unt.edu.ar\/lch\/wp-json\/wp\/v2\/users\/20"}],"replies":[{"embeddable":true,"href":"https:\/\/www.facet.unt.edu.ar\/lch\/wp-json\/wp\/v2\/comments?post=89"}],"version-history":[{"count":11,"href":"https:\/\/www.facet.unt.edu.ar\/lch\/wp-json\/wp\/v2\/pages\/89\/revisions"}],"predecessor-version":[{"id":267,"href":"https:\/\/www.facet.unt.edu.ar\/lch\/wp-json\/wp\/v2\/pages\/89\/revisions\/267"}],"wp:attachment":[{"href":"https:\/\/www.facet.unt.edu.ar\/lch\/wp-json\/wp\/v2\/media?parent=89"}],"curies":[{"name":"wp","href":"https:\/\/api.w.org\/{rel}","templated":true}]}}