{"id":215,"date":"2015-03-18T00:21:49","date_gmt":"2015-03-18T03:21:49","guid":{"rendered":"https:\/\/www.facet.unt.edu.ar\/lem\/?page_id=215"},"modified":"2015-04-20T16:03:40","modified_gmt":"2015-04-20T19:03:40","slug":"generalidades","status":"publish","type":"page","link":"https:\/\/www.facet.unt.edu.ar\/lem\/investigacion\/generalidades\/","title":{"rendered":"Generalidades"},"content":{"rendered":"<p style=\"text-align: justify\">Entre las actividades del Laboratorio de Ensayos de Materiales se destacan la investigaci\u00f3n y el desarrollo tecnol\u00f3gico de los diversos materiales de construcci\u00f3n de las obras civiles, y su transferencia al medio.<\/p>\n<p style=\"text-align: justify\"><span style=\"color: #ffffff\"><a id=\"Proyectos\" style=\"color: #ffffff\"><\/a>facu<\/span><\/p>\n<h3 style=\"text-align: justify\">PROYECTOS DE INVESTIGACI\u00d3N<\/h3>\n<p style=\"text-align: justify\">El Laboratorio de Ensayos de Materiales de la UNT ha desarrollado los siguientes proyectos de investigaci\u00f3n acreditados por el Consejo de Investigaciones de la Universidad Nacional de Tucum\u00e1n (CIUNT).<\/p>\n<ul>\n<li style=\"text-align: justify\"><a title=\"Valoraci\u00f3n de residuos industriales producidos en Tucum\u00e1n como componentes de materiales de construcci\u00f3n (CIUNT 26 E528)\" href=\"https:\/\/www.facet.unt.edu.ar\/lem\/investigacion\/proyectos\/valoracion-de-residuos-industriales-producidos-en-tucuman-como-componentes-de-materiales-de-construccion-ciunt-26-e528\/\">\u201cValoraci\u00f3n de residuos industriales producidos en Tucum\u00e1n como componentes de materiales de construcci\u00f3n\u201d (CIUNT 26\/E528 2014 \u2013 2017).<\/a><\/li>\n<li style=\"text-align: justify\"><a title=\"Hormigones autocompactantes con recursos naturales del NOA\" href=\"https:\/\/www.facet.unt.edu.ar\/lem\/investigacion\/proyectos\/hormigones-autocompactantes-con-recursos-naturales-del-noa\/\">\u201cHormigones autocompactantes con recursos naturales del NOA\u201d (2004 \u2013 2007).<\/a><\/li>\n<li style=\"text-align: justify\">&#8220;Estudio de la reacci\u00f3n \u00e1lcalis-agregado en la Provincia de Tucum\u00e1n. Su incidencia en la vida \u00fatil de las estructuras\u201d (1998\u20132000).<\/li>\n<li style=\"text-align: justify\">&#8220;Tecnolog\u00edas apropiadas en madera para el NOA&#8221; (1998 \u2013 2000).<\/li>\n<li style=\"text-align: justify\">&#8220;Materiales de construcci\u00f3n del NOA&#8221; (1995 \u2013 1997).<\/li>\n<li style=\"text-align: justify\">&#8220;Materiales de construcci\u00f3n del NOA&#8221; (1992 \u2013 1994).<\/li>\n<\/ul>\n<h4 style=\"padding-left: 30px\">Participaci\u00f3n en otros Proyectos<\/h4>\n<ul>\n<li>Proyecto DURACOM \u201cInfluencia de la acci\u00f3n del medio ambiente en la durabilidad del concreto\u201d. Del Programa Iberoamericano de Ciencia y Tecnolog\u00eda para el Desarrollo (CYTED) (2004-2008).<\/li>\n<li>Proyecto PICTO 870 \u201cTecnolog\u00eda para el h\u00e1bitat, aprovechamiento energ\u00e9tico y el desarrollo productivo en \u00e1reas rurales de Tucum\u00e1n\u201d.<\/li>\n<li>Evaluado y aprobado por la agencia de investigaciones cient\u00edficas de la Secretar\u00eda de Ciencia y Tecnolog\u00eda de la Naci\u00f3n (2004-2008).<\/li>\n<li>Proyecto integrado PNFOR1 \u201cMejoramiento gen\u00e9tico de con\u00edferas y latifoliadas de r\u00e1pido crecimiento para la obtenci\u00f3n de madera de calidad para usos s\u00f3lidos\u201d.<\/li>\n<li>Evaluado y aprobado por el INTA (2007-2009).<\/li>\n<\/ul>\n<p><span style=\"color: #ffffff\"><a id=\"Programas\" style=\"color: #ffffff\"><\/a>facu<\/span><\/p>\n<h3 style=\"text-align: justify\">PROGRAMAS DE INVESTIGACI\u00d3N<\/h3>\n<p style=\"text-align: justify\">El Laboratorio de Ensayos de Materiales de la UNT ha desarrollado entre 2001 y 2005 el programa \u201cOptimizaci\u00f3n, control y durabilidad de estructuras prefabricadas industrializadas con recursos naturales del NOA&#8221;, acreditado por el Consejo de Investigaciones de la Universidad Nacional de Tucum\u00e1n (CIUNT). Consta de los siguientes proyectos:<\/p>\n<ul>\n<li style=\"text-align: justify\">\u201cMezclas \u00f3ptimas de hormig\u00f3n para inhibir la reacci\u00f3n \u00e1lcali-s\u00edlice con adiciones minerales locales y cementos especiales\u201d.<\/li>\n<li style=\"text-align: justify\">\u201cOptimizaci\u00f3n de un sistema constructivo de viviendas de madera\u201d.<\/li>\n<li style=\"text-align: justify\">\u201cOptimizaci\u00f3n y control de calidad con t\u00e9cnicas no constructivas de elementos de hormig\u00f3n para prefabricaci\u00f3n industrial\u201d.<\/li>\n<\/ul>\n<p><span style=\"color: #ffffff\"><a id=\"Transferencias\" style=\"color: #ffffff\"><\/a>facu<\/span><\/p>\n<h3 style=\"text-align: justify\">DESARROLLOS E INNOVACIONES TECNOL\u00d3GICAS<\/h3>\n<ul>\n<li style=\"text-align: justify\">\u201cPrototipo de vivienda en madera\u201d. El desarrollo del prototipo comprendi\u00f3 el dise\u00f1o integral del sistema constructivo y la realizaci\u00f3n de ensayos de los paneles de cerramiento horizontal y de diversos tipos de paneles de cerramiento vertical. El prototipo fue completado sobre la base de los trabajos de dos proyectos de investigaci\u00f3n, \u201cTecnolog\u00edas apropiadas en madera para el NOA&#8221; (1998 \u2013 2000) y \u201cOptimizaci\u00f3n de un sistema constructivo de viviendas de madera\u201d (2001 \u2013 2003), \u00edntegramente desarrollados desde el CT&amp;CM.<\/li>\n<li style=\"text-align: justify\">&#8220;Dise\u00f1o de hormigones especiales para pilotes y platea de encabezado con empleo de aditivos: incorporador de aire, retardador y s\u00faper-fluidificante\u201d. Manual para la elaboraci\u00f3n, transporte, y colocaci\u00f3n. Tiempo caluroso y distancia de transporte de 150 km. Desde la planta elaboradora ubicada en la ciudad de Santiago del Estero a Fr\u00edas. Primera experiencia en el pa\u00eds.<\/li>\n<li style=\"text-align: justify\">&#8220;Dise\u00f1o de hormigones especiales (para relleno, estructurales y estructurales de alta resistencia y perfomance HAR\/ HAP) con el empleo de puzolanas de Taf\u00ed del Valle. Primera experiencia en el NOA&#8221;.<\/li>\n<li style=\"text-align: justify\">&#8220;Estudio del empleo de aditivos de ultima generaci\u00f3n en hormigones para la prefabricaci\u00f3n industrial de elementos estructurales que permitan reemplazar el curado a vapor y el consumo de energ\u00edas no renovables&#8221;.<\/li>\n<li style=\"text-align: justify\">&#8220;Estudio de la optimizaci\u00f3n de hormigones curados a vapor para la prefabricaci\u00f3n industrial de elementos estructurales de consistencias ultra secas y pl\u00e1sticas\u201d. Manual del dise\u00f1o del ciclo de curado adecuado a cada mezcla mediante el M\u00e9todo de la Madurez.<\/li>\n<li style=\"text-align: justify\">&#8220;Estudio de hormig\u00f3n H-50 resistente al impacto y erosi\u00f3n din\u00e1mica, resistente al RAS, para la reparaci\u00f3n del revestimiento del descargador de fondo del Dique Frontal de R\u00edo Hondo, Santiago del Estero&#8221;.<\/li>\n<li style=\"text-align: justify\">&#8220;Estudio de la optimizaci\u00f3n de hormigones curados a vapor para la prefabricaci\u00f3n industrial de elementos estructurales\u201d. Manual del dise\u00f1o del ciclo de curado adecuado a cada mezcla mediante el m\u00e9todo de la madurez.<\/li>\n<li style=\"text-align: justify\">&#8220;Recomendaciones complementarias al CIRSOC 201 &#8211; 2002 para el empleo de agregados reactivos a la RAS de la provincia de Tucum\u00e1n&#8221;. Manual con las medidas que deben adoptar ciertas estructuras de ingenier\u00eda civil que pueden estar expuestas a la reacci\u00f3n \u00e1lcali-s\u00edlice, toda vez que se usen agregados de la Cuenca Sal\u00ed-Dulce siendo esta la principal provisi\u00f3n de \u00e1ridos para la elaboraci\u00f3n de hormigones en la provincia de Tucum\u00e1n.<\/li>\n<\/ul>\n","protected":false},"excerpt":{"rendered":"<p>Entre las actividades del Laboratorio de Ensayos de Materiales se destacan la investigaci\u00f3n y el desarrollo tecnol\u00f3gico de los diversos materiales de construcci\u00f3n de las obras civiles, y su transferencia al medio. facu PROYECTOS DE INVESTIGACI\u00d3N El Laboratorio de Ensayos de Materiales de la UNT ha desarrollado los siguientes proyectos de investigaci\u00f3n acreditados por el [&hellip;]<\/p>\n","protected":false},"author":20,"featured_media":0,"parent":103,"menu_order":0,"comment_status":"closed","ping_status":"closed","template":"templates\/template-full.php","meta":[],"_links":{"self":[{"href":"https:\/\/www.facet.unt.edu.ar\/lem\/wp-json\/wp\/v2\/pages\/215"}],"collection":[{"href":"https:\/\/www.facet.unt.edu.ar\/lem\/wp-json\/wp\/v2\/pages"}],"about":[{"href":"https:\/\/www.facet.unt.edu.ar\/lem\/wp-json\/wp\/v2\/types\/page"}],"author":[{"embeddable":true,"href":"https:\/\/www.facet.unt.edu.ar\/lem\/wp-json\/wp\/v2\/users\/20"}],"replies":[{"embeddable":true,"href":"https:\/\/www.facet.unt.edu.ar\/lem\/wp-json\/wp\/v2\/comments?post=215"}],"version-history":[{"count":7,"href":"https:\/\/www.facet.unt.edu.ar\/lem\/wp-json\/wp\/v2\/pages\/215\/revisions"}],"predecessor-version":[{"id":300,"href":"https:\/\/www.facet.unt.edu.ar\/lem\/wp-json\/wp\/v2\/pages\/215\/revisions\/300"}],"up":[{"embeddable":true,"href":"https:\/\/www.facet.unt.edu.ar\/lem\/wp-json\/wp\/v2\/pages\/103"}],"wp:attachment":[{"href":"https:\/\/www.facet.unt.edu.ar\/lem\/wp-json\/wp\/v2\/media?parent=215"}],"curies":[{"name":"wp","href":"https:\/\/api.w.org\/{rel}","templated":true}]}}