{"id":231,"date":"2015-03-18T01:29:35","date_gmt":"2015-03-18T04:29:35","guid":{"rendered":"https:\/\/www.facet.unt.edu.ar\/lem\/?page_id=231"},"modified":"2015-03-18T02:56:35","modified_gmt":"2015-03-18T05:56:35","slug":"anaya-hugo-daniel","status":"publish","type":"page","link":"https:\/\/www.facet.unt.edu.ar\/lem\/integrantes\/anaya-hugo-daniel\/","title":{"rendered":"ANAYA Hugo Daniel"},"content":{"rendered":"<h2>Mg. Ing. ANAYA Hugo Daniel<\/h2>\n<div>\n<table style=\"width: 750px;border-color: #ffffff\">\n<tbody>\n<tr>\n<td style=\"width: 350px;height: 300px;text-align: center;vertical-align: middle;background-color: #ffffff\"><img decoding=\"async\" loading=\"lazy\" class=\"alignnone size-medium wp-image-149\" src=\"https:\/\/www.facet.unt.edu.ar\/lem\/wp-content\/uploads\/sites\/26\/2015\/03\/foto_cv_1-300x300.jpg\" alt=\"foto_cv_1\" width=\"300\" height=\"300\" srcset=\"https:\/\/www.facet.unt.edu.ar\/lem\/wp-content\/uploads\/sites\/26\/2015\/03\/foto_cv_1-300x300.jpg 300w, https:\/\/www.facet.unt.edu.ar\/lem\/wp-content\/uploads\/sites\/26\/2015\/03\/foto_cv_1-150x150.jpg 150w, https:\/\/www.facet.unt.edu.ar\/lem\/wp-content\/uploads\/sites\/26\/2015\/03\/foto_cv_1.jpg 400w\" sizes=\"(max-width: 300px) 100vw, 300px\" \/><\/td>\n<td style=\"width: 400px;height: 300px;border-color: #ffffff;vertical-align: top\">\n<p style=\"padding-left: 30px\"><span style=\"font-family: 'times new roman', times;font-size: 12pt\">Laboratorio de Ensayos de Materiales<\/span><\/p>\n<p style=\"padding-left: 30px\"><a href=\"https:\/\/www.facet.unt.edu.ar\/dcyoc\/\" target=\"_blank\"><span style=\"font-size: 12pt;font-family: 'times new roman', times\">Dpto. de Construcciones y Obras Civiles<\/span><\/a><\/p>\n<p style=\"padding-left: 30px\"><span style=\"font-family: 'times new roman', times;font-size: 12pt\"><a href=\"https:\/\/www.facet.unt.edu.ar\/\" target=\"_blank\">Facultad de Ciencias Exactas y Tecnolog\u00eda<\/a><\/span><\/p>\n<p style=\"padding-left: 30px\"><span style=\"font-family: 'times new roman', times;font-size: 12pt\"><a href=\"http:\/\/www.unt.edu.ar\/\" target=\"_blank\">Universidad Nacional de Tucum\u00e1n<\/a><\/span><\/p>\n<p style=\"padding-left: 30px\"><span style=\"font-family: 'times new roman', times;font-size: 12pt\">Av. Independencia 1800 \u2013 CP 4000<\/span><\/p>\n<p style=\"padding-left: 30px\"><span style=\"font-family: 'times new roman', times;font-size: 12pt\">San Miguel de Tucum\u00e1n, Tucum\u00e1n, Argentina<\/span><\/p>\n<p style=\"padding-left: 30px\"><span style=\"font-family: 'times new roman', times;font-size: 12pt\">Tel. Lab.: +54 (0) 381 4364093 Int. 7782 \/ 7783<\/span><\/p>\n<p style=\"padding-left: 30px\"><span style=\"font-family: 'times new roman', times;font-size: 12pt\">e-mail: danaya@herrera.unt.edu.ar<br \/>\n<\/span><\/p>\n<\/td>\n<\/tr>\n<\/tbody>\n<\/table>\n<\/div>\n<p>&nbsp;<\/p>\n<h4>T\u00edtulos<\/h4>\n<ul>\n<li>Ingeniero Civil (UNT), Orientaci\u00f3n Estructura.<\/li>\n<li>Mag\u00edster\u00a0en Ingenieria Estructural<\/li>\n<\/ul>\n<h4>Especialidad<\/h4>\n<ul>\n<li>Ciencia de los Materiales.<\/li>\n<\/ul>\n<h4>Docencia<\/h4>\n<ul>\n<li>Profesor Adjunto con dedicaci\u00f3n Exclusiva en Estudio de Materiales II (Ingenier\u00eda Civil) &#8211; Ensayo de Materiales (Ingenier\u00eda Mec\u00e1nica).<\/li>\n<\/ul>\n<h4>Investigaci\u00f3n<\/h4>\n<ul>\n<li>Integrante de Proyecto de Investigaci\u00f3n del CIUNT, CYTED, INTA.<\/li>\n<\/ul>\n<h4>Transferencia y Servicios a Terceros<\/h4>\n<ul>\n<li>Actividades desarrolladas en el Laboratorio de Ensayo de Materiales de la FACET-UNT.<\/li>\n<\/ul>\n","protected":false},"excerpt":{"rendered":"<p>Mg. Ing. ANAYA Hugo Daniel Laboratorio de Ensayos de Materiales Dpto. de Construcciones y Obras Civiles Facultad de Ciencias Exactas y Tecnolog\u00eda Universidad Nacional de Tucum\u00e1n Av. Independencia 1800 \u2013 CP 4000 San Miguel de Tucum\u00e1n, Tucum\u00e1n, Argentina Tel. Lab.: +54 (0) 381 4364093 Int. 7782 \/ 7783 e-mail: danaya@herrera.unt.edu.ar &nbsp; T\u00edtulos Ingeniero Civil (UNT), [&hellip;]<\/p>\n","protected":false},"author":20,"featured_media":0,"parent":87,"menu_order":1,"comment_status":"closed","ping_status":"closed","template":"templates\/template-full-notitle.php","meta":[],"_links":{"self":[{"href":"https:\/\/www.facet.unt.edu.ar\/lem\/wp-json\/wp\/v2\/pages\/231"}],"collection":[{"href":"https:\/\/www.facet.unt.edu.ar\/lem\/wp-json\/wp\/v2\/pages"}],"about":[{"href":"https:\/\/www.facet.unt.edu.ar\/lem\/wp-json\/wp\/v2\/types\/page"}],"author":[{"embeddable":true,"href":"https:\/\/www.facet.unt.edu.ar\/lem\/wp-json\/wp\/v2\/users\/20"}],"replies":[{"embeddable":true,"href":"https:\/\/www.facet.unt.edu.ar\/lem\/wp-json\/wp\/v2\/comments?post=231"}],"version-history":[{"count":5,"href":"https:\/\/www.facet.unt.edu.ar\/lem\/wp-json\/wp\/v2\/pages\/231\/revisions"}],"predecessor-version":[{"id":262,"href":"https:\/\/www.facet.unt.edu.ar\/lem\/wp-json\/wp\/v2\/pages\/231\/revisions\/262"}],"up":[{"embeddable":true,"href":"https:\/\/www.facet.unt.edu.ar\/lem\/wp-json\/wp\/v2\/pages\/87"}],"wp:attachment":[{"href":"https:\/\/www.facet.unt.edu.ar\/lem\/wp-json\/wp\/v2\/media?parent=231"}],"curies":[{"name":"wp","href":"https:\/\/api.w.org\/{rel}","templated":true}]}}