{"id":241,"date":"2015-03-18T01:32:39","date_gmt":"2015-03-18T04:32:39","guid":{"rendered":"https:\/\/www.facet.unt.edu.ar\/lem\/?page_id=241"},"modified":"2015-03-18T02:56:18","modified_gmt":"2015-03-18T05:56:18","slug":"palazzi-silvia","status":"publish","type":"page","link":"https:\/\/www.facet.unt.edu.ar\/lem\/integrantes\/palazzi-silvia\/","title":{"rendered":"PALAZZI Silvia"},"content":{"rendered":"<h2>Mg. Ing. PALAZZI Silvia Beatriz<\/h2>\n<div>\n<table style=\"width: 750px;border-color: #ffffff\">\n<tbody>\n<tr>\n<td style=\"width: 350px;height: 300px;text-align: center;vertical-align: middle;background-color: #ffffff\"><img decoding=\"async\" loading=\"lazy\" class=\"alignnone size-medium wp-image-150\" src=\"https:\/\/www.facet.unt.edu.ar\/lem\/wp-content\/uploads\/sites\/26\/2015\/03\/foto_cv_2-300x300.jpg\" alt=\"foto_cv_2\" width=\"300\" height=\"300\" srcset=\"https:\/\/www.facet.unt.edu.ar\/lem\/wp-content\/uploads\/sites\/26\/2015\/03\/foto_cv_2-300x300.jpg 300w, https:\/\/www.facet.unt.edu.ar\/lem\/wp-content\/uploads\/sites\/26\/2015\/03\/foto_cv_2-150x150.jpg 150w, https:\/\/www.facet.unt.edu.ar\/lem\/wp-content\/uploads\/sites\/26\/2015\/03\/foto_cv_2.jpg 400w\" sizes=\"(max-width: 300px) 100vw, 300px\" \/><\/td>\n<td style=\"width: 400px;height: 300px;border-color: #ffffff;vertical-align: top\">\n<p style=\"padding-left: 30px\"><span style=\"font-family: 'times new roman', times;font-size: 12pt\">Laboratorio de Ensayos de Materiales<\/span><\/p>\n<p style=\"padding-left: 30px\"><a href=\"https:\/\/www.facet.unt.edu.ar\/dcyoc\/\" target=\"_blank\"><span style=\"font-size: 12pt;font-family: 'times new roman', times\">Dpto. de Construcciones y Obras Civiles<\/span><\/a><\/p>\n<p style=\"padding-left: 30px\"><span style=\"font-size: 12pt;font-family: 'times new roman', times\"><a href=\"https:\/\/www.facet.unt.edu.ar\/\" target=\"_blank\">Facultad de Ciencias Exactas y Tecnolog\u00eda<\/a><\/span><\/p>\n<p style=\"padding-left: 30px\"><span style=\"font-size: 12pt;font-family: 'times new roman', times\"><a href=\"http:\/\/www.unt.edu.ar\/\" target=\"_blank\">Universidad Nacional de Tucum\u00e1n<\/a><\/span><\/p>\n<p style=\"padding-left: 30px\"><span style=\"font-size: 12pt;font-family: 'times new roman', times\">Av. Independencia 1800 \u2013 CP 4000<\/span><\/p>\n<p style=\"padding-left: 30px\"><span style=\"font-size: 12pt;font-family: 'times new roman', times\">San Miguel de Tucum\u00e1n, Tucum\u00e1n, Argentina<\/span><\/p>\n<p style=\"padding-left: 30px\"><span style=\"font-size: 12pt;font-family: 'times new roman', times\">Tel\/Fax Lab.: +54 (0) 381 4364093 Int. 7782 \/ 7783<\/span><\/p>\n<p style=\"padding-left: 30px\"><span style=\"font-size: 12pt;font-family: 'times new roman', times\">e-mail: spalazzi@herrera.unt.edu.ar<\/span><\/p>\n<\/td>\n<\/tr>\n<\/tbody>\n<\/table>\n<\/div>\n<p>&nbsp;<\/p>\n<h4>T\u00edtulos<\/h4>\n<ul>\n<li>Ingeniero Civil (UNT).<\/li>\n<li>Mag\u00edster en Ingenier\u00eda Estructural (UNT).<\/li>\n<li>Diplomado superior en Ciencias Sociales con menci\u00f3n en Educaci\u00f3n y Nuevas Tecnolog\u00edas (FLACSO)<\/li>\n<\/ul>\n<h4>Especialidad<\/h4>\n<ul>\n<li>\u00c1rea Ciencia y Tecnolog\u00eda de los Materiales en particular Tecnolog\u00eda del Hormig\u00f3n y de la Madera.<\/li>\n<\/ul>\n<h4>Docencia<\/h4>\n<ul>\n<li>Profesor Titular con dedicaci\u00f3n Exclusiva en Estudio de Materiales II (Carrera de Ing. Civil) &#8211;\u00a0Ensayo de Materiales (Carrera de Ing. Mec\u00e1nica)<\/li>\n<\/ul>\n<h4>Investigaci\u00f3n<\/h4>\n<ul>\n<li>Investigador Categor\u00eda II en el programa de incentivos.<\/li>\n<li>Dirige el Programa CIUNT E 436: GESTI\u00d3N Y TRATAMIENTO DE RESIDUOS INDUSTRIALES EN TUCUM\u00c1N.(2007-2012) Abarca dos Proyectos:<\/li>\n<\/ul>\n<p style=\"padding-left: 60px\">E 436-1: BASES PARA LA ELABORACI\u00d3N DE UN PLAN T\u00c9CNICO INTEGRAL DEL MANEJO, USO Y VERTIDO DE LOS RESIDUOS DE CONSTRUCCI\u00d3N Y DEMOLICI\u00d3N EN SAN MIGUEL DE TUCUM\u00c1N.<\/p>\n<p style=\"padding-left: 60px\">E 436-2: APROVECHAMIENTO DE LOS DESECHOS INDUSTRIALES DE MADERA, PARA COMPONENTES CONSTRUCTIVOS EN TUCUM\u00c1N.<\/p>\n<ul>\n<li>Participa como investigador responsable de los siguientes Proyectos de investigaci\u00f3n:<\/li>\n<\/ul>\n<p style=\"padding-left: 60px\">PROYECTO PICTO CIN 2010: INTEGRACI\u00d3N DE UNIVERSIDADES NACIONALES DEL NOA PARA IDENTIFICAR Y PROPONER INSTRUMENTOS DE GESTI\u00d3N Y TECNOLOG\u00cdAS DE TRATAMIENTO DE LOS RESIDUOS S\u00d3LIDOS (2011-2012).<\/p>\n<p style=\"padding-left: 60px\">PROYECTO PIA: CARACTERIZACI\u00d3N INTEGRAL DE LA MADERA DE ESPECIES DE CEDRELA PROVENIENTES DE CULTIVO, A DIFERENTES EDADES Y EN DIFERENTES SITIOS DEL NOA. (2011 \u2013 2013)<\/p>\n<h4>Gesti\u00f3n<\/h4>\n<ul>\n<li>Directora del Laboratorio de Ensayos de Materiales<\/li>\n<li>Directora del Centro de Tecnolog\u00eda y Construcci\u00f3n con Madera.<\/li>\n<\/ul>\n<h4>Extensi\u00f3n<\/h4>\n<ul>\n<li>Presta servicios de extensi\u00f3n y transferencia a trav\u00e9s del Laboratorio de Ensayo de Materiales.<\/li>\n<\/ul>\n","protected":false},"excerpt":{"rendered":"<p>Mg. Ing. PALAZZI Silvia Beatriz Laboratorio de Ensayos de Materiales Dpto. de Construcciones y Obras Civiles Facultad de Ciencias Exactas y Tecnolog\u00eda Universidad Nacional de Tucum\u00e1n Av. Independencia 1800 \u2013 CP 4000 San Miguel de Tucum\u00e1n, Tucum\u00e1n, Argentina Tel\/Fax Lab.: +54 (0) 381 4364093 Int. 7782 \/ 7783 e-mail: spalazzi@herrera.unt.edu.ar &nbsp; T\u00edtulos Ingeniero Civil (UNT). [&hellip;]<\/p>\n","protected":false},"author":20,"featured_media":0,"parent":87,"menu_order":6,"comment_status":"closed","ping_status":"closed","template":"templates\/template-full-notitle.php","meta":[],"_links":{"self":[{"href":"https:\/\/www.facet.unt.edu.ar\/lem\/wp-json\/wp\/v2\/pages\/241"}],"collection":[{"href":"https:\/\/www.facet.unt.edu.ar\/lem\/wp-json\/wp\/v2\/pages"}],"about":[{"href":"https:\/\/www.facet.unt.edu.ar\/lem\/wp-json\/wp\/v2\/types\/page"}],"author":[{"embeddable":true,"href":"https:\/\/www.facet.unt.edu.ar\/lem\/wp-json\/wp\/v2\/users\/20"}],"replies":[{"embeddable":true,"href":"https:\/\/www.facet.unt.edu.ar\/lem\/wp-json\/wp\/v2\/comments?post=241"}],"version-history":[{"count":7,"href":"https:\/\/www.facet.unt.edu.ar\/lem\/wp-json\/wp\/v2\/pages\/241\/revisions"}],"predecessor-version":[{"id":261,"href":"https:\/\/www.facet.unt.edu.ar\/lem\/wp-json\/wp\/v2\/pages\/241\/revisions\/261"}],"up":[{"embeddable":true,"href":"https:\/\/www.facet.unt.edu.ar\/lem\/wp-json\/wp\/v2\/pages\/87"}],"wp:attachment":[{"href":"https:\/\/www.facet.unt.edu.ar\/lem\/wp-json\/wp\/v2\/media?parent=241"}],"curies":[{"name":"wp","href":"https:\/\/api.w.org\/{rel}","templated":true}]}}