{"id":91,"date":"2015-03-17T14:26:07","date_gmt":"2015-03-17T17:26:07","guid":{"rendered":"https:\/\/www.facet.unt.edu.ar\/lem\/?page_id=91"},"modified":"2015-03-17T14:26:07","modified_gmt":"2015-03-17T17:26:07","slug":"docencia","status":"publish","type":"page","link":"https:\/\/www.facet.unt.edu.ar\/lem\/docencia\/","title":{"rendered":"Docencia"},"content":{"rendered":"<div align=\"justify\">\n<p class=\"Estilo1\" style=\"text-align: justify\">Entre las funciones principales que cumple el Laboratorio de Ensayos de Materiales debe destacarse la docencia universitaria.<br \/>\nEl plantel de docentes-investigadores del Laboratorio dicta asignaturas de grado para las carreras de Ingenier\u00eda Civil e Ingenier\u00eda Mec\u00e1nica, ambas pertenecientes a la Facultad de Ciencias Exactas y Tecnolog\u00eda de la UNT.<\/p>\n<p class=\"Estilo1\" style=\"text-align: justify\">Para Ingenier\u00eda Civil se dicta la asignatura <strong>Estudio de Materiales II<\/strong>, que se cursa en el tercer a\u00f1o de la carrera. En el actual Plan de Estudios de la Carrera (2005), esta materia est\u00e1 incluida en el M\u00f3dulo VI.<br \/>\nPara Ingenier\u00eda Mec\u00e1nica se dicta <strong>Ensayo de Materiales<\/strong>, que se desarrolla en el tercer a\u00f1o de cursado de la carrera. Esta asignatura est\u00e1 incluida en el M\u00f3dulo V del actual Plan de Estudios de la Carrera (2004).<\/p>\n<\/div>\n","protected":false},"excerpt":{"rendered":"<p>Entre las funciones principales que cumple el Laboratorio de Ensayos de Materiales debe destacarse la docencia universitaria. El plantel de docentes-investigadores del Laboratorio dicta asignaturas de grado para las carreras de Ingenier\u00eda Civil e Ingenier\u00eda Mec\u00e1nica, ambas pertenecientes a la Facultad de Ciencias Exactas y Tecnolog\u00eda de la UNT. Para Ingenier\u00eda Civil se dicta la [&hellip;]<\/p>\n","protected":false},"author":20,"featured_media":0,"parent":0,"menu_order":3,"comment_status":"closed","ping_status":"closed","template":"templates\/template-full.php","meta":[],"_links":{"self":[{"href":"https:\/\/www.facet.unt.edu.ar\/lem\/wp-json\/wp\/v2\/pages\/91"}],"collection":[{"href":"https:\/\/www.facet.unt.edu.ar\/lem\/wp-json\/wp\/v2\/pages"}],"about":[{"href":"https:\/\/www.facet.unt.edu.ar\/lem\/wp-json\/wp\/v2\/types\/page"}],"author":[{"embeddable":true,"href":"https:\/\/www.facet.unt.edu.ar\/lem\/wp-json\/wp\/v2\/users\/20"}],"replies":[{"embeddable":true,"href":"https:\/\/www.facet.unt.edu.ar\/lem\/wp-json\/wp\/v2\/comments?post=91"}],"version-history":[{"count":1,"href":"https:\/\/www.facet.unt.edu.ar\/lem\/wp-json\/wp\/v2\/pages\/91\/revisions"}],"predecessor-version":[{"id":92,"href":"https:\/\/www.facet.unt.edu.ar\/lem\/wp-json\/wp\/v2\/pages\/91\/revisions\/92"}],"wp:attachment":[{"href":"https:\/\/www.facet.unt.edu.ar\/lem\/wp-json\/wp\/v2\/media?parent=91"}],"curies":[{"name":"wp","href":"https:\/\/api.w.org\/{rel}","templated":true}]}}