{"id":95,"date":"2015-03-17T14:33:41","date_gmt":"2015-03-17T17:33:41","guid":{"rendered":"https:\/\/www.facet.unt.edu.ar\/lem\/?page_id=95"},"modified":"2015-03-18T03:04:37","modified_gmt":"2015-03-18T06:04:37","slug":"centro-de-maderas","status":"publish","type":"page","link":"https:\/\/www.facet.unt.edu.ar\/lem\/centro-de-maderas\/","title":{"rendered":"Centro de Maderas"},"content":{"rendered":"<p style=\"text-align: justify\">El 11 de diciembre de 2001, mediante resoluci\u00f3n del HCD de la Facultad de Ciencias Exactas y Tecnolog\u00eda de la Universidad Nacional de Tucum\u00e1n, se oficializ\u00f3 el <strong>Centro de Tecnolog\u00eda y Construcci\u00f3n con Madera (CT&amp;CM)<\/strong> con sede en el Laboratorio de Ensayos de Materiales de la mencionada Facultad. En su fundaci\u00f3n la direcci\u00f3n estuvo a cargo de la Ing. N\u00e9lida del Valle Castr\u00eda.<br \/>\nSus <strong>objetivos<\/strong> est\u00e1n dirigidos hacia la actualizaci\u00f3n y profundizaci\u00f3n del conocimiento de las tecnolog\u00edas constructivas con madera, su transferencia hacia el \u00e1mbito universitario, organismos, profesionales y t\u00e9cnicos del medio, y su difusi\u00f3n general en la regi\u00f3n. Actualmente, el equipo de trabajo del CT&amp;CM est\u00e1 integrado por docentes-investigadores de las Facultades de Arquitectura y Urbanismo (FAU) y de Ciencias Exactas y Tecnolog\u00eda (FACEyT) de la UNT, bajo la direcci\u00f3n de la Ing. Silvia Palazzi. El listado de sus integrantes y direcciones electr\u00f3nicas est\u00e1n incluidas en la pesta\u00f1a referida a \u201cInformaci\u00f3n\u201d.<br \/>\nSobre la base de los objetivos se\u00f1alados se desarrollan diversas actividades relacionadas con las tecnolog\u00edas y usos de la madera en la regi\u00f3n. Merecen se\u00f1alarse las tareas de <strong>investigaci\u00f3n<\/strong> que el Centro ha encarado. Tales proyectos abordan aspectos tecnol\u00f3gicos de las especies maderables, el dise\u00f1o, y los principios constructivos y estructurales de la construcci\u00f3n con madera. Para esos fines el Centro cuenta con el equipamiento de laboratorio y la infraestructura necesarias para desarrollar sus actividades. Desde su creaci\u00f3n, el CT&amp;CM ha llevado adelante los siguientes proyectos de investigaci\u00f3n: &#8220;Tecnolog\u00edas apropiadas en madera para el NOA&#8221; (1998 \u2013 2000), y \u201cOptimizaci\u00f3n de un sistema constructivo de viviendas de madera\u201d (2001 &#8211; 2003).<br \/>\nEl Centro ha generado <strong>publicaciones<\/strong> desde su creaci\u00f3n, destac\u00e1ndose las siguientes:<\/p>\n<ul style=\"text-align: justify\">\n<li>\u201cViviendas sociales de madera\u201d.<\/li>\n<li>\u201cManifestaciones patol\u00f3gicas en puentes de madera\u201d.<\/li>\n<li>\u201cRecursos forestales\u201d.<\/li>\n<li>\u201cUniones de madera\u201d.<\/li>\n<li>\u201cMadera laminada\u201d.<\/li>\n<li>&#8220;Sistemas constructivos en madera: Plataforma\u201d.<\/li>\n<li>&#8220;Manifestaciones patol\u00f3gicas en construcciones de madera\u201d.<\/li>\n<li>\u201cPinus Elliottii: selecci\u00f3n, obtenci\u00f3n y acondicionamiento de muestras\u201d.<\/li>\n<li>\u201cConstrucci\u00f3n de un prototipo de madera\u201d.<\/li>\n<li>\u201cVivienda de madera\u201d.<\/li>\n<\/ul>\n<p style=\"text-align: justify\">Desde el a\u00f1o 2000 el Centro se ha encargado de editar la <strong>revista<\/strong> con referato \u201cTecnolog\u00eda y construcci\u00f3n con madera\u201d, que se distribuye en nuestro pa\u00eds y el extranjero difundiendo temas de inter\u00e9s tanto para la docencia como para la investigaci\u00f3n en el \u00e1mbito universitario.<br \/>\nDeben destacarse las <strong>jornadas, seminarios y cursos<\/strong> organizadas por el CT&amp;CM, d\u00f3nde se difunden las diversas tem\u00e1ticas relacionadas con la tecnolog\u00eda y construcci\u00f3n con madera. Tales eventos promueven un contacto e intercambio tecnol\u00f3gico continuo de organizadores y participantes con importantes centros tecnol\u00f3gicos argentinos y del exterior. El CT&amp;CM ha organizado los siguientes <strong>eventos<\/strong> relacionados con las tecnolog\u00edas y usos de la madera: \u201cI Jornadas de Madera en el NOA\u201d ( 5 al 7 de Octubre de 2005), \u201cII Jornadas de Madera en el NOA\u201d (10 y 11 de Agosto de 2006), \u201cWorkshop Cubiertas con Estructuras de Madera\u201d (16 y 17 de Mayo de 2006), \u201cIII Jornadas de Madera en el NOA\u201d ( 9 y 10 de Agosto de 2007).<br \/>\nEl Centro realiza adem\u00e1s <strong>servicios a terceros<\/strong>, brindando servicios de consultor\u00eda a particulares e instituciones relacionados con el proyecto, c\u00e1lculo, construcci\u00f3n y mantenimiento de las obras de madera, y realizando ensayos tecnol\u00f3gicos de las propiedades f\u00edsicas y mec\u00e1nicas de las maderas de construcci\u00f3n.<\/p>\n","protected":false},"excerpt":{"rendered":"<p>El 11 de diciembre de 2001, mediante resoluci\u00f3n del HCD de la Facultad de Ciencias Exactas y Tecnolog\u00eda de la Universidad Nacional de Tucum\u00e1n, se oficializ\u00f3 el Centro de Tecnolog\u00eda y Construcci\u00f3n con Madera (CT&amp;CM) con sede en el Laboratorio de Ensayos de Materiales de la mencionada Facultad. En su fundaci\u00f3n la direcci\u00f3n estuvo a [&hellip;]<\/p>\n","protected":false},"author":20,"featured_media":0,"parent":0,"menu_order":6,"comment_status":"closed","ping_status":"closed","template":"templates\/template-full.php","meta":[],"_links":{"self":[{"href":"https:\/\/www.facet.unt.edu.ar\/lem\/wp-json\/wp\/v2\/pages\/95"}],"collection":[{"href":"https:\/\/www.facet.unt.edu.ar\/lem\/wp-json\/wp\/v2\/pages"}],"about":[{"href":"https:\/\/www.facet.unt.edu.ar\/lem\/wp-json\/wp\/v2\/types\/page"}],"author":[{"embeddable":true,"href":"https:\/\/www.facet.unt.edu.ar\/lem\/wp-json\/wp\/v2\/users\/20"}],"replies":[{"embeddable":true,"href":"https:\/\/www.facet.unt.edu.ar\/lem\/wp-json\/wp\/v2\/comments?post=95"}],"version-history":[{"count":2,"href":"https:\/\/www.facet.unt.edu.ar\/lem\/wp-json\/wp\/v2\/pages\/95\/revisions"}],"predecessor-version":[{"id":267,"href":"https:\/\/www.facet.unt.edu.ar\/lem\/wp-json\/wp\/v2\/pages\/95\/revisions\/267"}],"wp:attachment":[{"href":"https:\/\/www.facet.unt.edu.ar\/lem\/wp-json\/wp\/v2\/media?parent=95"}],"curies":[{"name":"wp","href":"https:\/\/api.w.org\/{rel}","templated":true}]}}