{"id":109,"date":"2022-10-22T17:41:04","date_gmt":"2022-10-22T20:41:04","guid":{"rendered":"https:\/\/www.facet.unt.edu.ar\/licenciaturamatematica\/?page_id=109"},"modified":"2024-06-05T22:32:40","modified_gmt":"2024-06-06T01:32:40","slug":"programas-de-las-asignaturas","status":"publish","type":"page","link":"https:\/\/www.facet.unt.edu.ar\/licenciaturamatematica\/programas-de-las-asignaturas\/","title":{"rendered":"Programas de las asignaturas"},"content":{"rendered":"<h2><\/h2>\n<p><strong>1er a\u00f1o<\/strong><\/p>\n<ul>\n<li><strong>An\u00e1lisis Matem\u00e1tico I &#8211;<\/strong>Profesora responsable: Mg Mar\u00eda Eugenia Roig &#8211; <a href=\"https:\/\/drive.google.com\/file\/d\/1uHBWoIOU4AxF0wIn16Wk1B2Y5fzLTaKo\/view?usp=sharing\" target=\"_blank\" rel=\"noopener\">Programa<\/a><\/li>\n<li><strong>Elementos de \u00c1lgebra Lineal y Geometr\u00eda Anal\u00edtica &#8211; <\/strong>Profesoras responsables: Mg. Ana Cecilia Larr\u00e1n &#8211; Mg. Estela F\u00e1tima Fern\u00e1ndez\u00a0 \u00a0<a href=\"https:\/\/drive.google.com\/file\/d\/1B1emmQqQFYVtT4Aj5KWyqSjN-6nGa0wb\/view?usp=sharing\" target=\"_blank\" rel=\"noopener\">Programa<\/a><\/li>\n<li><strong>F\u00edsica Experimental I &#8211;\u00a0<\/strong>Profesores responsables: Dra. Marta Zossi &#8211; Dr. Gustavo Mansilla<\/li>\n<\/ul>\n<p><strong>2do a\u00f1o<\/strong><\/p>\n<ul>\n<li><strong>\u00c1lgebra\u00a0<\/strong><strong> &#8211;\u00a0<\/strong>Profesora responsable: Lic. Maria Fernanda Galante &#8211;\u00a0 <a href=\"https:\/\/drive.google.com\/file\/d\/1O0zFex-KMBvYYTfBvs5d7fmD4GI4CO3b\/view?usp=sharing\" target=\"_blank\" rel=\"noopener\">Programa<\/a><\/li>\n<li><strong>\u00c1lgebra Lineal &#8211;\u00a0<\/strong>Profesora responsable: Dra. Amelia del Valle Barrionuevo &#8211; <a href=\"https:\/\/drive.google.com\/file\/d\/1MA6Ee2rRCULYI2bBHF8s5fjDbRXSXguR\/view?usp=sharing\" target=\"_blank\" rel=\"noopener\">Programa<\/a><\/li>\n<li><strong>An\u00e1lisis Matem\u00e1tico II &#8211;\u00a0<\/strong>Profesora responsable: Mg. Silvina Ruth G\u00f3mez\u00a0 \u00a0 \u00a0 \u00a0 &#8211; <a href=\"https:\/\/drive.google.com\/file\/d\/1QxoKbiqzweTgQUkH-Tx7fhjRR7TfVMuo\/view?usp=sharing\" target=\"_blank\" rel=\"noopener\">Programa<\/a><\/li>\n<li><strong>F\u00edsica Experimental II &#8211;\u00a0<\/strong>Profesor responsable: Lic. Francisco Rub\u00e9n Soria -Programa<\/li>\n<li><strong>Laboratorio &#8211;\u00a0<\/strong>Profesor responsable: Dr. C\u00e9sar Francisco Medina &#8211; Programa<\/li>\n<\/ul>\n<p><strong>3er a\u00f1o<\/strong><\/p>\n<ul>\n<li><strong>An\u00e1lisis Matem\u00e1tico III<\/strong> &#8211; Profesora responsable: Lic. Margarita Estela L\u00f3pez\u00a0 &#8211; <a href=\"https:\/\/drive.google.com\/file\/d\/1I-kVe_iyB57Xo6pTUcEo93EgybdYhLBJ\/view?usp=sharing\" target=\"_blank\" rel=\"noopener\">Programa<\/a><\/li>\n<li><strong>Computaci\u00f3n &#8211;\u00a0 <\/strong>Profesor responsable:\u00a0 \u00a0&#8211; Programa<\/li>\n<li><strong>Probabilidades y Estad\u00edstica &#8211; <\/strong>Profesora responsable: Dra. Ana Mar\u00eda Sfer\u00a0 &#8211; <a href=\"https:\/\/drive.google.com\/file\/d\/19rgKWU3qqrGnM5tT_PnaqvjybiIF7Wu8\/view?usp=sharing\" target=\"_blank\" rel=\"noopener\">Programa<\/a><\/li>\n<li><strong>Idioma I &#8211; <\/strong>Profesora responsable:\u00a0 \u00a0&#8211; Programa<\/li>\n<li><strong>An\u00e1lisis Matem\u00e1tico IV &#8211; <\/strong>Profesora responsable: Mg. Estela F\u00e1tima Fern\u00e1ndez &#8211; <a href=\"https:\/\/drive.google.com\/file\/d\/1HaGondwM_uvhjZ7kVnUDFskRLwXqz85M\/view?usp=sharing\" target=\"_blank\" rel=\"noopener\">Programa<\/a><\/li>\n<li><strong>Geometr\u00eda &#8211;\u00a0<\/strong>Profesora responsable: Dra. Amelia del Valle Barrionuevo &#8211; <a href=\"https:\/\/drive.google.com\/file\/d\/1DoXFn88TLKreTbEJLBm3qhkb1jPPtTHf\/view?usp=sharing\" target=\"_blank\" rel=\"noopener\">Programa<\/a><\/li>\n<li><strong>Idioma II &#8211;<\/strong> Profesora responsable:\u00a0 \u00a0&#8211; Programa<\/li>\n<\/ul>\n<p><strong>4to a\u00f1o<\/strong><\/p>\n<ul>\n<li><strong>Funciones Reales I &#8211;\u00a0<\/strong>Profesor responsable: Dr. Victor Fabio Lazarte\u00a0 &#8211;\u00a0 <a href=\"https:\/\/drive.google.com\/file\/d\/1nSHxJ6-xAMFf_84v2wA5DH4FjIUZfjWq\/view?usp=sharing\" target=\"_blank\" rel=\"noopener\">Programa<\/a><\/li>\n<li><strong>Ecuaciones Diferenciales I\u00a0 &#8211; <\/strong>Profesora responsable:\u00a0 &#8211; Programa<\/li>\n<li><strong>Topolog\u00eda &#8211;\u00a0<\/strong>Profesor responsable: Dr. Victor Fabio Lazarte. \u00a0\u00a0 <a href=\"https:\/\/drive.google.com\/file\/d\/1364YJ8EmRb8ZMiwYy_UFyiSESAeFci8C\/view?usp=sharing\" target=\"_blank\" rel=\"noopener\">Programa<\/a><\/li>\n<li><strong>Ecuaciones Diferenciales II &#8211; <\/strong><strong>\u00a0<\/strong>Profesora responsable:\u00a0 &#8211; Programa<\/li>\n<\/ul>\n<p><strong>5to a\u00f1o<\/strong><\/p>\n<ul>\n<li><strong>Funciones Reales II &#8211; <\/strong>Profesora responsable: Lic. Margarita Estela L\u00f3pez &#8211;\u00a0 <a href=\"https:\/\/drive.google.com\/file\/d\/1j6dOFYx6uY2W4evcq0EEIHeOHVL90E1D\/view?usp=sharing\" target=\"_blank\" rel=\"noopener\">Programa<\/a><\/li>\n<li><strong>Fundamentos de la Matem\u00e1tica &#8211; <\/strong>Profesor\u00a0 responsable : Lic. Francisco Luis M.\u00a0 Barros &#8211; <a href=\"https:\/\/drive.google.com\/file\/d\/1xlCV4lMi0vsIArMo89Xj_BX08Xuau2Eq\/view?usp=sharing\">Programa<\/a><\/li>\n<\/ul>\n<p>&nbsp;<\/p>\n","protected":false},"excerpt":{"rendered":"<p>1er a\u00f1o An\u00e1lisis Matem\u00e1tico I &#8211;Profesora responsable: Mg Mar\u00eda Eugenia Roig &#8211; Programa Elementos de \u00c1lgebra Lineal y Geometr\u00eda Anal\u00edtica &#8211; Profesoras responsables: Mg. Ana Cecilia Larr\u00e1n &#8211; Mg. Estela F\u00e1tima Fern\u00e1ndez\u00a0 \u00a0Programa F\u00edsica Experimental I &#8211;\u00a0Profesores responsables: Dra. Marta Zossi &#8211; Dr. Gustavo Mansilla 2do a\u00f1o \u00c1lgebra\u00a0 &#8211;\u00a0Profesora responsable: Lic. Maria Fernanda Galante &#8211;\u00a0 [&hellip;]<\/p>\n","protected":false},"author":123496,"featured_media":0,"parent":0,"menu_order":0,"comment_status":"closed","ping_status":"closed","template":"","meta":[],"_links":{"self":[{"href":"https:\/\/www.facet.unt.edu.ar\/licenciaturamatematica\/wp-json\/wp\/v2\/pages\/109"}],"collection":[{"href":"https:\/\/www.facet.unt.edu.ar\/licenciaturamatematica\/wp-json\/wp\/v2\/pages"}],"about":[{"href":"https:\/\/www.facet.unt.edu.ar\/licenciaturamatematica\/wp-json\/wp\/v2\/types\/page"}],"author":[{"embeddable":true,"href":"https:\/\/www.facet.unt.edu.ar\/licenciaturamatematica\/wp-json\/wp\/v2\/users\/123496"}],"replies":[{"embeddable":true,"href":"https:\/\/www.facet.unt.edu.ar\/licenciaturamatematica\/wp-json\/wp\/v2\/comments?post=109"}],"version-history":[{"count":33,"href":"https:\/\/www.facet.unt.edu.ar\/licenciaturamatematica\/wp-json\/wp\/v2\/pages\/109\/revisions"}],"predecessor-version":[{"id":342,"href":"https:\/\/www.facet.unt.edu.ar\/licenciaturamatematica\/wp-json\/wp\/v2\/pages\/109\/revisions\/342"}],"wp:attachment":[{"href":"https:\/\/www.facet.unt.edu.ar\/licenciaturamatematica\/wp-json\/wp\/v2\/media?parent=109"}],"curies":[{"name":"wp","href":"https:\/\/api.w.org\/{rel}","templated":true}]}}