{"id":285,"date":"2023-05-05T23:38:11","date_gmt":"2023-05-06T02:38:11","guid":{"rendered":"https:\/\/www.facet.unt.edu.ar\/licenciaturamatematica\/?page_id=285"},"modified":"2026-03-26T13:09:47","modified_gmt":"2026-03-26T16:09:47","slug":"plan-de-estudios","status":"publish","type":"page","link":"https:\/\/www.facet.unt.edu.ar\/licenciaturamatematica\/plan-de-estudios\/","title":{"rendered":"Plan de estudios"},"content":{"rendered":"<div id=\"pl-285\"  class=\"panel-layout\" ><div id=\"pg-285-0\"  class=\"panel-grid panel-no-style\" ><div id=\"pgc-285-0-0\"  class=\"panel-grid-cell\" ><div id=\"panel-285-0-0-0\" class=\"so-panel widget widget_sow-editor panel-first-child\" data-index=\"0\" ><div\n\t\t\t\n\t\t\tclass=\"so-widget-sow-editor so-widget-sow-editor-base\"\n\t\t\t\n\t\t>\n<div class=\"siteorigin-widget-tinymce textwidget\">\n\t<h2 style=\"text-align: center;\">CARRERA DE GRADO: \u201cLicenciatura en Matem\u00e1tica\u201d<br \/>\nFacultad de Ciencias Exactas y Tecnolog\u00eda<br \/>\nUniversidad Nacional de Tucum\u00e1n<\/h2>\n<p><strong>RESOLUCI\u00d3N MINISTERIAL:<\/strong> 4211- 2017 - APN-ME<br \/>\n<strong>NOMBRE DE LA CARRERA:<\/strong> Licenciatura en Matem\u00e1tica (Plan 1982)<br \/>\n<strong>MODALIDAD:<\/strong> Presencial<br \/>\n<strong>A\u00d1OS DE DURACI\u00d3N:<\/strong> 5 a\u00f1os (3552 horas reloj).<br \/>\n<strong>T\u00cdTULO A OTORGAR:<\/strong> Licenciado en Matem\u00e1tica.<\/p>\n<p style=\"text-align: justify;\"><strong>ALCANCES DEL <\/strong><strong>T\u00cdTULO:<\/strong><br \/>\n\u2022 Dise\u00f1ar modelos matem\u00e1ticos en distintas \u00e1reas cient\u00edficas.<br \/>\n\u2022 Realizar docencia e investigaci\u00f3n, en instituciones oficiales y privadas en el \u00e1mbito universitario.<br \/>\n\u2022 Integrar equipos interdisciplinarios que trabajan en el desarrollo tecnol\u00f3gico y en la prestaci\u00f3n de servicios.<br \/>\n\u2022 Capacitar a docentes de todos los niveles.<br \/>\n\u2022 Ejecutar tareas de asesoramiento y gesti\u00f3n en Instituciones Educativas y en otras instituciones oficiales o privadas.<br \/>\n\u2022 Realizar c\u00e1lculos, c\u00f3mputos y tasaciones matem\u00e1ticas.<br \/>\n\u2022 Intervenir como peritos matem\u00e1ticos de entidades bancarias u otras instituciones oficiales o privadas.<\/p>\n<\/div>\n<\/div><\/div><div id=\"panel-285-0-0-1\" class=\"so-panel widget widget_sow-editor panel-last-child\" data-index=\"1\" ><div\n\t\t\t\n\t\t\tclass=\"so-widget-sow-editor so-widget-sow-editor-base\"\n\t\t\t\n\t\t>\n<div class=\"siteorigin-widget-tinymce textwidget\">\n\t<h4><a href=\"https:\/\/drive.google.com\/file\/d\/1pRzuZQnV5tFZeXA-JNizprxY6Ye5mdno\/view?usp=drive_link\" target=\"_blank\" rel=\"noopener\">Plan de estudios<\/a><\/h4>\n<h4><a href=\"https:\/\/drive.google.com\/file\/d\/1sxvx4Vdum9RNu8gvnal-FzrgduDyFAnc\/view?usp=drive_link\" target=\"_blank\" rel=\"noopener\">Plan de estudios- correlativas<\/a><\/h4>\n<\/div>\n<\/div><\/div><\/div><\/div><\/div>","protected":false},"excerpt":{"rendered":"<p>CARRERA DE GRADO: \u201cLicenciatura en Matem\u00e1tica\u201d Facultad de Ciencias Exactas y Tecnolog\u00eda Universidad Nacional de Tucum\u00e1n RESOLUCI\u00d3N MINISTERIAL: 4211- 2017 &#8211; APN-ME NOMBRE DE LA CARRERA: Licenciatura en Matem\u00e1tica (Plan 1982) MODALIDAD: Presencial A\u00d1OS DE DURACI\u00d3N: 5 a\u00f1os (3552 horas reloj). T\u00cdTULO A OTORGAR: Licenciado en Matem\u00e1tica. ALCANCES DEL T\u00cdTULO: \u2022 Dise\u00f1ar modelos matem\u00e1ticos en [&hellip;]<\/p>\n","protected":false},"author":123474,"featured_media":0,"parent":0,"menu_order":0,"comment_status":"closed","ping_status":"closed","template":"","meta":[],"_links":{"self":[{"href":"https:\/\/www.facet.unt.edu.ar\/licenciaturamatematica\/wp-json\/wp\/v2\/pages\/285"}],"collection":[{"href":"https:\/\/www.facet.unt.edu.ar\/licenciaturamatematica\/wp-json\/wp\/v2\/pages"}],"about":[{"href":"https:\/\/www.facet.unt.edu.ar\/licenciaturamatematica\/wp-json\/wp\/v2\/types\/page"}],"author":[{"embeddable":true,"href":"https:\/\/www.facet.unt.edu.ar\/licenciaturamatematica\/wp-json\/wp\/v2\/users\/123474"}],"replies":[{"embeddable":true,"href":"https:\/\/www.facet.unt.edu.ar\/licenciaturamatematica\/wp-json\/wp\/v2\/comments?post=285"}],"version-history":[{"count":13,"href":"https:\/\/www.facet.unt.edu.ar\/licenciaturamatematica\/wp-json\/wp\/v2\/pages\/285\/revisions"}],"predecessor-version":[{"id":577,"href":"https:\/\/www.facet.unt.edu.ar\/licenciaturamatematica\/wp-json\/wp\/v2\/pages\/285\/revisions\/577"}],"wp:attachment":[{"href":"https:\/\/www.facet.unt.edu.ar\/licenciaturamatematica\/wp-json\/wp\/v2\/media?parent=285"}],"curies":[{"name":"wp","href":"https:\/\/api.w.org\/{rel}","templated":true}]}}