{"id":427,"date":"2025-04-15T13:35:17","date_gmt":"2025-04-15T16:35:17","guid":{"rendered":"https:\/\/www.facet.unt.edu.ar\/licenciaturamatematica\/?page_id=427"},"modified":"2025-05-13T13:28:20","modified_gmt":"2025-05-13T16:28:20","slug":"ciclos-de-seminarios-anteriores","status":"publish","type":"page","link":"https:\/\/www.facet.unt.edu.ar\/licenciaturamatematica\/ciclos-de-seminarios-anteriores\/","title":{"rendered":"Ciclos de seminarios anteriores"},"content":{"rendered":"<div id=\"pl-427\"  class=\"panel-layout\" ><div id=\"pg-427-0\"  class=\"panel-grid panel-no-style\" ><div id=\"pgc-427-0-0\"  class=\"panel-grid-cell\" ><div id=\"panel-427-0-0-0\" class=\"so-panel widget widget_sow-post-carousel panel-first-child\" data-index=\"0\" ><div\n\t\t\t\n\t\t\tclass=\"so-widget-sow-post-carousel so-widget-sow-post-carousel-base-89fe84cd0ed2-427\"\n\t\t\t\n\t\t>\t<div\n\t\tclass=\"sow-post-carousel-wrapper sow-post-carousel-theme-base\"\n\t\tstyle=\"overflow: hidden; max-width: 100%; min-height: 182px\"\n\t>\n\t\t<div class=\"sow-carousel-title\">\n\t\t\t<div class=\"sow-carousel-navigation \">\n\t\t\t\t\t\t<a href=\"#\" class=\"sow-carousel-next\" title=\"Siguiente\" aria-label=\"Entradas siguientes\" role=\"button\"><\/a>\n\t\t\t\t\t\t<a href=\"#\" class=\"sow-carousel-previous\" title=\"Anterior\" aria-label=\"Entradas anteriores\" role=\"button\"><\/a>\n\t\t\t\t\t<\/div>\n\t<\/div>\n\n<div class=\"sow-carousel-container \">\n\t\t<div class=\"sow-carousel-wrapper\"\n\t\tdata-dir=\"ltr\"\n\t\tstyle=\"opacity: 0;\"\n\t\tdata-widget=\"post\" data-fetching=\"false\" data-page=\"1\" data-ajax-url=\"https:\/\/www.facet.unt.edu.ar\/licenciaturamatematica\/wp-admin\/admin-ajax.php?_widgets_nonce=65df2638d4\" data-item_count=\"2\" data-carousel_settings=\"{&quot;loop&quot;:true,&quot;animation&quot;:&quot;ease&quot;,&quot;animation_speed&quot;:800,&quot;autoplay&quot;:false,&quot;pauseOnHover&quot;:false,&quot;autoplaySpeed&quot;:8000,&quot;item_overflow&quot;:true,&quot;autoplay_continuous_scroll&quot;:false}\" data-responsive=\"{&quot;desktop_slides_to_scroll&quot;:1,&quot;tablet_landscape_breakpoint&quot;:1366,&quot;tablet_landscape_slides_to_scroll&quot;:2,&quot;tablet_portrait_breakpoint&quot;:1025,&quot;tablet_portrait_slides_to_scroll&quot;:2,&quot;mobile_breakpoint&quot;:480,&quot;mobile_slides_to_scroll&quot;:1}\" data-variable_width=\"true\" \t>\n\t\t<div\n\t\t\tclass=\"sow-carousel-items\"\n\t\t\t\t\t>\n\t\t\t\t<div class=\"sow-carousel-item\" tabindex=\"-1\" style=\"float: left;\">\n\t\t<div class=\"sow-carousel-thumbnail\">\n\t\t\t\t\t\t\t<a\n\t\t\t\t\thref=\"https:\/\/www.facet.unt.edu.ar\/licenciaturamatematica\/2025\/05\/13\/fractales-que-son-y-donde-encontrarlos\/\"\n\t\t\t\t\tclass=\"sow-carousel-default-thumbnail\"\n\t\t\t\t\t\t\t\t\t\tstyle=\"background-image: url(https:\/\/www.facet.unt.edu.ar\/licenciaturamatematica\/wp-content\/uploads\/sites\/88\/2025\/05\/2017-1.png)\"\t\t\t\t\taria-labelledby=\"sow-carousel-id-493\"\n\t\t\t\t\ttabindex=\"-1\"\n\t\t\t\t>\n\t\t\t\t\t<span class=\"overlay\"><\/span>\n\t\t\t\t<\/a>\n\t\t\t\t\t<\/div>\n\t\t<h3 class=\"sow-carousel-item-title\">\n\t\t\t<a\n\t\t\t\thref=\"https:\/\/www.facet.unt.edu.ar\/licenciaturamatematica\/2025\/05\/13\/fractales-que-son-y-donde-encontrarlos\/\"\n\t\t\t\tid=\"sow-carousel-id-493\"\n\t\t\t\t\t\t\t\ttabindex=\"-1\"\n\t\t\t>\n\n\t\t\t\tFractales. Qu\u00e9 son y donde encontrarlos\t\t\t<\/a>\n\t\t<\/h3>\n\t<\/div>\n\t<div class=\"sow-carousel-item\" tabindex=\"-1\" style=\"float: left;\">\n\t\t<div class=\"sow-carousel-thumbnail\">\n\t\t\t\t\t\t\t<a\n\t\t\t\t\thref=\"https:\/\/www.facet.unt.edu.ar\/licenciaturamatematica\/2025\/05\/13\/elementos-finitos-virtuales-y-su-aplicacion-a-dominios-irregulares-y-multiescala\/\"\n\t\t\t\t\tclass=\"sow-carousel-default-thumbnail\"\n\t\t\t\t\t\t\t\t\t\tstyle=\"background-image: url(https:\/\/www.facet.unt.edu.ar\/licenciaturamatematica\/wp-content\/uploads\/sites\/88\/2025\/05\/2017-1.png)\"\t\t\t\t\taria-labelledby=\"sow-carousel-id-491\"\n\t\t\t\t\ttabindex=\"-1\"\n\t\t\t\t>\n\t\t\t\t\t<span class=\"overlay\"><\/span>\n\t\t\t\t<\/a>\n\t\t\t\t\t<\/div>\n\t\t<h3 class=\"sow-carousel-item-title\">\n\t\t\t<a\n\t\t\t\thref=\"https:\/\/www.facet.unt.edu.ar\/licenciaturamatematica\/2025\/05\/13\/elementos-finitos-virtuales-y-su-aplicacion-a-dominios-irregulares-y-multiescala\/\"\n\t\t\t\tid=\"sow-carousel-id-491\"\n\t\t\t\t\t\t\t\ttabindex=\"-1\"\n\t\t\t>\n\n\t\t\t\tElementos finitos virtuales y su aplicaci\u00f3n a dominios irregulares y multiescala\t\t\t<\/a>\n\t\t<\/h3>\n\t<\/div>\n\t\t<\/div>\n\t\t\t<\/div>\n\n\t<\/div>\n\t\t<input type=\"hidden\" name=\"instance_hash\" value=\"83b471a7\"\/>\n\t<\/div>\n<\/div><\/div><div id=\"panel-427-0-0-1\" class=\"so-panel widget widget_sow-post-carousel\" data-index=\"1\" ><div\n\t\t\t\n\t\t\tclass=\"so-widget-sow-post-carousel so-widget-sow-post-carousel-base-fd1a7933b2ae-491\"\n\t\t\t\n\t\t>\t<div\n\t\tclass=\"sow-post-carousel-wrapper sow-post-carousel-theme-base\"\n\t\tstyle=\"overflow: hidden; max-width: 100%; min-height: 182px\"\n\t>\n\t\t<div class=\"sow-carousel-title\">\n\t\t\t<div class=\"sow-carousel-navigation \">\n\t\t\t\t\t\t<a href=\"#\" class=\"sow-carousel-next\" title=\"Siguiente\" aria-label=\"Entradas siguientes\" role=\"button\"><\/a>\n\t\t\t\t\t\t<a href=\"#\" class=\"sow-carousel-previous\" title=\"Anterior\" aria-label=\"Entradas anteriores\" role=\"button\"><\/a>\n\t\t\t\t\t<\/div>\n\t<\/div>\n\n<div class=\"sow-carousel-container \">\n\t\t<div class=\"sow-carousel-wrapper\"\n\t\tdata-dir=\"ltr\"\n\t\tstyle=\"opacity: 0;\"\n\t\tdata-widget=\"post\" data-fetching=\"false\" data-page=\"1\" data-ajax-url=\"https:\/\/www.facet.unt.edu.ar\/licenciaturamatematica\/wp-admin\/admin-ajax.php?_widgets_nonce=65df2638d4\" data-item_count=\"7\" data-carousel_settings=\"{&quot;loop&quot;:true,&quot;animation&quot;:&quot;ease&quot;,&quot;animation_speed&quot;:800,&quot;autoplay&quot;:false,&quot;pauseOnHover&quot;:false,&quot;autoplaySpeed&quot;:8000,&quot;item_overflow&quot;:true,&quot;autoplay_continuous_scroll&quot;:false}\" data-responsive=\"{&quot;desktop_slides_to_scroll&quot;:1,&quot;tablet_landscape_breakpoint&quot;:1366,&quot;tablet_landscape_slides_to_scroll&quot;:2,&quot;tablet_portrait_breakpoint&quot;:1025,&quot;tablet_portrait_slides_to_scroll&quot;:2,&quot;mobile_breakpoint&quot;:480,&quot;mobile_slides_to_scroll&quot;:1}\" data-variable_width=\"true\" \t>\n\t\t<div\n\t\t\tclass=\"sow-carousel-items\"\n\t\t\t\t\t>\n\t\t\t\t<div class=\"sow-carousel-item\" tabindex=\"-1\" style=\"float: left;\">\n\t\t<div class=\"sow-carousel-thumbnail\">\n\t\t\t\t\t\t\t<a\n\t\t\t\t\thref=\"https:\/\/www.facet.unt.edu.ar\/licenciaturamatematica\/2025\/04\/16\/477\/\"\n\t\t\t\t\tclass=\"sow-carousel-default-thumbnail\"\n\t\t\t\t\t\t\t\t\t\tstyle=\"background-image: url(https:\/\/www.facet.unt.edu.ar\/licenciaturamatematica\/wp-content\/uploads\/sites\/88\/2025\/05\/2017.png)\"\t\t\t\t\taria-labelledby=\"sow-carousel-id-477\"\n\t\t\t\t\ttabindex=\"-1\"\n\t\t\t\t>\n\t\t\t\t\t<span class=\"overlay\"><\/span>\n\t\t\t\t<\/a>\n\t\t\t\t\t<\/div>\n\t\t<h4 class=\"sow-carousel-item-title\">\n\t\t\t<a\n\t\t\t\thref=\"https:\/\/www.facet.unt.edu.ar\/licenciaturamatematica\/2025\/04\/16\/477\/\"\n\t\t\t\tid=\"sow-carousel-id-477\"\n\t\t\t\t\t\t\t\ttabindex=\"-1\"\n\t\t\t>\n\n\t\t\t\tGeometr\u00eda en la Naturaleza\t\t\t<\/a>\n\t\t<\/h4>\n\t<\/div>\n\t<div class=\"sow-carousel-item\" tabindex=\"-1\" style=\"float: left;\">\n\t\t<div class=\"sow-carousel-thumbnail\">\n\t\t\t\t\t\t\t<a\n\t\t\t\t\thref=\"https:\/\/www.facet.unt.edu.ar\/licenciaturamatematica\/2025\/04\/16\/aproximacion-de-datos-y-de-funciones-utilizando-splines-metodos-isogeometricos-para-resolver-ecuaciones-en-derivadas-parciales\/\"\n\t\t\t\t\tclass=\"sow-carousel-default-thumbnail\"\n\t\t\t\t\t\t\t\t\t\tstyle=\"background-image: url(https:\/\/www.facet.unt.edu.ar\/licenciaturamatematica\/wp-content\/uploads\/sites\/88\/2025\/05\/2017.png)\"\t\t\t\t\taria-labelledby=\"sow-carousel-id-475\"\n\t\t\t\t\ttabindex=\"-1\"\n\t\t\t\t>\n\t\t\t\t\t<span class=\"overlay\"><\/span>\n\t\t\t\t<\/a>\n\t\t\t\t\t<\/div>\n\t\t<h4 class=\"sow-carousel-item-title\">\n\t\t\t<a\n\t\t\t\thref=\"https:\/\/www.facet.unt.edu.ar\/licenciaturamatematica\/2025\/04\/16\/aproximacion-de-datos-y-de-funciones-utilizando-splines-metodos-isogeometricos-para-resolver-ecuaciones-en-derivadas-parciales\/\"\n\t\t\t\tid=\"sow-carousel-id-475\"\n\t\t\t\t\t\t\t\ttabindex=\"-1\"\n\t\t\t>\n\n\t\t\t\tAproximaci\u00f3n de datos y de funciones utilizando splines &#038; M\u00e9todos isogeom\u00e9tricos para resolver ecuaciones en derivadas parciales\t\t\t<\/a>\n\t\t<\/h4>\n\t<\/div>\n\t<div class=\"sow-carousel-item\" tabindex=\"-1\" style=\"float: left;\">\n\t\t<div class=\"sow-carousel-thumbnail\">\n\t\t\t\t\t\t\t<a\n\t\t\t\t\thref=\"https:\/\/www.facet.unt.edu.ar\/licenciaturamatematica\/2025\/04\/16\/analisis-de-componentes-principales\/\"\n\t\t\t\t\tclass=\"sow-carousel-default-thumbnail\"\n\t\t\t\t\t\t\t\t\t\tstyle=\"background-image: url(https:\/\/www.facet.unt.edu.ar\/licenciaturamatematica\/wp-content\/uploads\/sites\/88\/2025\/05\/2017.png)\"\t\t\t\t\taria-labelledby=\"sow-carousel-id-472\"\n\t\t\t\t\ttabindex=\"-1\"\n\t\t\t\t>\n\t\t\t\t\t<span class=\"overlay\"><\/span>\n\t\t\t\t<\/a>\n\t\t\t\t\t<\/div>\n\t\t<h4 class=\"sow-carousel-item-title\">\n\t\t\t<a\n\t\t\t\thref=\"https:\/\/www.facet.unt.edu.ar\/licenciaturamatematica\/2025\/04\/16\/analisis-de-componentes-principales\/\"\n\t\t\t\tid=\"sow-carousel-id-472\"\n\t\t\t\t\t\t\t\ttabindex=\"-1\"\n\t\t\t>\n\n\t\t\t\tAn\u00e1lisis de Componentes Principales\t\t\t<\/a>\n\t\t<\/h4>\n\t<\/div>\n\t<div class=\"sow-carousel-item\" tabindex=\"-1\" style=\"float: left;\">\n\t\t<div class=\"sow-carousel-thumbnail\">\n\t\t\t\t\t\t\t<a\n\t\t\t\t\thref=\"https:\/\/www.facet.unt.edu.ar\/licenciaturamatematica\/2025\/04\/16\/oferta-de-posgrado-de-la-facet\/\"\n\t\t\t\t\tclass=\"sow-carousel-default-thumbnail\"\n\t\t\t\t\t\t\t\t\t\tstyle=\"background-image: url(https:\/\/www.facet.unt.edu.ar\/licenciaturamatematica\/wp-content\/uploads\/sites\/88\/2025\/05\/2017.png)\"\t\t\t\t\taria-labelledby=\"sow-carousel-id-470\"\n\t\t\t\t\ttabindex=\"-1\"\n\t\t\t\t>\n\t\t\t\t\t<span class=\"overlay\"><\/span>\n\t\t\t\t<\/a>\n\t\t\t\t\t<\/div>\n\t\t<h4 class=\"sow-carousel-item-title\">\n\t\t\t<a\n\t\t\t\thref=\"https:\/\/www.facet.unt.edu.ar\/licenciaturamatematica\/2025\/04\/16\/oferta-de-posgrado-de-la-facet\/\"\n\t\t\t\tid=\"sow-carousel-id-470\"\n\t\t\t\t\t\t\t\ttabindex=\"-1\"\n\t\t\t>\n\n\t\t\t\tOferta de posgrado de la FACET\t\t\t<\/a>\n\t\t<\/h4>\n\t<\/div>\n\t<div class=\"sow-carousel-item\" tabindex=\"-1\" style=\"float: left;\">\n\t\t<div class=\"sow-carousel-thumbnail\">\n\t\t\t\t\t\t\t<a\n\t\t\t\t\thref=\"https:\/\/www.facet.unt.edu.ar\/licenciaturamatematica\/2025\/04\/16\/campo-de-aplicacion-de-la-estadistica-en-las-empresas\/\"\n\t\t\t\t\tclass=\"sow-carousel-default-thumbnail\"\n\t\t\t\t\t\t\t\t\t\tstyle=\"background-image: url(https:\/\/www.facet.unt.edu.ar\/licenciaturamatematica\/wp-content\/uploads\/sites\/88\/2025\/05\/2017.png)\"\t\t\t\t\taria-labelledby=\"sow-carousel-id-468\"\n\t\t\t\t\ttabindex=\"-1\"\n\t\t\t\t>\n\t\t\t\t\t<span class=\"overlay\"><\/span>\n\t\t\t\t<\/a>\n\t\t\t\t\t<\/div>\n\t\t<h4 class=\"sow-carousel-item-title\">\n\t\t\t<a\n\t\t\t\thref=\"https:\/\/www.facet.unt.edu.ar\/licenciaturamatematica\/2025\/04\/16\/campo-de-aplicacion-de-la-estadistica-en-las-empresas\/\"\n\t\t\t\tid=\"sow-carousel-id-468\"\n\t\t\t\t\t\t\t\ttabindex=\"-1\"\n\t\t\t>\n\n\t\t\t\tCampo de aplicaci\u00f3n de la Estad\u00edstica en las empresas\t\t\t<\/a>\n\t\t<\/h4>\n\t<\/div>\n\t<div class=\"sow-carousel-item\" tabindex=\"-1\" style=\"float: left;\">\n\t\t<div class=\"sow-carousel-thumbnail\">\n\t\t\t\t\t\t\t<a\n\t\t\t\t\thref=\"https:\/\/www.facet.unt.edu.ar\/licenciaturamatematica\/2025\/04\/16\/propuesta-de-trabajo-final-suma-y-resta-de-vectores\/\"\n\t\t\t\t\tclass=\"sow-carousel-default-thumbnail\"\n\t\t\t\t\t\t\t\t\t\tstyle=\"background-image: url(https:\/\/www.facet.unt.edu.ar\/licenciaturamatematica\/wp-content\/uploads\/sites\/88\/2025\/05\/2017.png)\"\t\t\t\t\taria-labelledby=\"sow-carousel-id-466\"\n\t\t\t\t\ttabindex=\"-1\"\n\t\t\t\t>\n\t\t\t\t\t<span class=\"overlay\"><\/span>\n\t\t\t\t<\/a>\n\t\t\t\t\t<\/div>\n\t\t<h4 class=\"sow-carousel-item-title\">\n\t\t\t<a\n\t\t\t\thref=\"https:\/\/www.facet.unt.edu.ar\/licenciaturamatematica\/2025\/04\/16\/propuesta-de-trabajo-final-suma-y-resta-de-vectores\/\"\n\t\t\t\tid=\"sow-carousel-id-466\"\n\t\t\t\t\t\t\t\ttabindex=\"-1\"\n\t\t\t>\n\n\t\t\t\tPropuesta de trabajo final: suma y resta de vectores\t\t\t<\/a>\n\t\t<\/h4>\n\t<\/div>\n\t<div class=\"sow-carousel-item\" tabindex=\"-1\" style=\"float: left;\">\n\t\t<div class=\"sow-carousel-thumbnail\">\n\t\t\t\t\t\t\t<a\n\t\t\t\t\thref=\"https:\/\/www.facet.unt.edu.ar\/licenciaturamatematica\/2025\/04\/16\/sumando-infinitamente\/\"\n\t\t\t\t\tclass=\"sow-carousel-default-thumbnail\"\n\t\t\t\t\t\t\t\t\t\tstyle=\"background-image: url(https:\/\/www.facet.unt.edu.ar\/licenciaturamatematica\/wp-content\/uploads\/sites\/88\/2025\/05\/2017.png)\"\t\t\t\t\taria-labelledby=\"sow-carousel-id-464\"\n\t\t\t\t\ttabindex=\"-1\"\n\t\t\t\t>\n\t\t\t\t\t<span class=\"overlay\"><\/span>\n\t\t\t\t<\/a>\n\t\t\t\t\t<\/div>\n\t\t<h4 class=\"sow-carousel-item-title\">\n\t\t\t<a\n\t\t\t\thref=\"https:\/\/www.facet.unt.edu.ar\/licenciaturamatematica\/2025\/04\/16\/sumando-infinitamente\/\"\n\t\t\t\tid=\"sow-carousel-id-464\"\n\t\t\t\t\t\t\t\ttabindex=\"-1\"\n\t\t\t>\n\n\t\t\t\tSumando Infinitamente\t\t\t<\/a>\n\t\t<\/h4>\n\t<\/div>\n\t\t<\/div>\n\t\t\t<\/div>\n\n\t<\/div>\n\t\t<input type=\"hidden\" name=\"instance_hash\" value=\"c7a529e0\"\/>\n\t<\/div>\n<\/div><\/div><div id=\"panel-427-0-0-2\" class=\"so-panel widget widget_sow-post-carousel panel-last-child\" data-index=\"2\" ><div\n\t\t\t\n\t\t\tclass=\"so-widget-sow-post-carousel so-widget-sow-post-carousel-base-89fe84cd0ed2-464\"\n\t\t\t\n\t\t>\t<div\n\t\tclass=\"sow-post-carousel-wrapper sow-post-carousel-theme-base\"\n\t\tstyle=\"overflow: hidden; max-width: 100%; min-height: 182px\"\n\t>\n\t\t<div class=\"sow-carousel-title\">\n\t\t\t<div class=\"sow-carousel-navigation \">\n\t\t\t\t\t\t<a href=\"#\" class=\"sow-carousel-next\" title=\"Siguiente\" aria-label=\"Entradas siguientes\" role=\"button\"><\/a>\n\t\t\t\t\t\t<a href=\"#\" class=\"sow-carousel-previous\" title=\"Anterior\" aria-label=\"Entradas anteriores\" role=\"button\"><\/a>\n\t\t\t\t\t<\/div>\n\t<\/div>\n\n<div class=\"sow-carousel-container \">\n\t\t<div class=\"sow-carousel-wrapper\"\n\t\tdata-dir=\"ltr\"\n\t\tstyle=\"opacity: 0;\"\n\t\tdata-widget=\"post\" data-fetching=\"false\" data-page=\"1\" data-ajax-url=\"https:\/\/www.facet.unt.edu.ar\/licenciaturamatematica\/wp-admin\/admin-ajax.php?_widgets_nonce=65df2638d4\" data-item_count=\"8\" data-carousel_settings=\"{&quot;loop&quot;:true,&quot;animation&quot;:&quot;ease&quot;,&quot;animation_speed&quot;:800,&quot;autoplay&quot;:false,&quot;pauseOnHover&quot;:false,&quot;autoplaySpeed&quot;:8000,&quot;item_overflow&quot;:true,&quot;autoplay_continuous_scroll&quot;:false}\" data-responsive=\"{&quot;desktop_slides_to_scroll&quot;:1,&quot;tablet_landscape_breakpoint&quot;:1366,&quot;tablet_landscape_slides_to_scroll&quot;:2,&quot;tablet_portrait_breakpoint&quot;:1025,&quot;tablet_portrait_slides_to_scroll&quot;:2,&quot;mobile_breakpoint&quot;:480,&quot;mobile_slides_to_scroll&quot;:1}\" data-variable_width=\"true\" \t>\n\t\t<div\n\t\t\tclass=\"sow-carousel-items\"\n\t\t\t\t\t>\n\t\t\t\t<div class=\"sow-carousel-item\" tabindex=\"-1\" style=\"float: left;\">\n\t\t<div class=\"sow-carousel-thumbnail\">\n\t\t\t\t\t\t\t<a\n\t\t\t\t\thref=\"https:\/\/www.facet.unt.edu.ar\/licenciaturamatematica\/2025\/04\/15\/geometria-con-geogebra-herramientas-basicas\/\"\n\t\t\t\t\tclass=\"sow-carousel-default-thumbnail\"\n\t\t\t\t\t\t\t\t\t\tstyle=\"background-image: url(https:\/\/www.facet.unt.edu.ar\/licenciaturamatematica\/wp-content\/uploads\/sites\/88\/2025\/04\/2017.png)\"\t\t\t\t\taria-labelledby=\"sow-carousel-id-449\"\n\t\t\t\t\ttabindex=\"-1\"\n\t\t\t\t>\n\t\t\t\t\t<span class=\"overlay\"><\/span>\n\t\t\t\t<\/a>\n\t\t\t\t\t<\/div>\n\t\t<h3 class=\"sow-carousel-item-title\">\n\t\t\t<a\n\t\t\t\thref=\"https:\/\/www.facet.unt.edu.ar\/licenciaturamatematica\/2025\/04\/15\/geometria-con-geogebra-herramientas-basicas\/\"\n\t\t\t\tid=\"sow-carousel-id-449\"\n\t\t\t\t\t\t\t\ttabindex=\"-1\"\n\t\t\t>\n\n\t\t\t\tGeometr\u00eda con GeoGebra: herramientas b\u00e1sicas\t\t\t<\/a>\n\t\t<\/h3>\n\t<\/div>\n\t<div class=\"sow-carousel-item\" tabindex=\"-1\" style=\"float: left;\">\n\t\t<div class=\"sow-carousel-thumbnail\">\n\t\t\t\t\t\t\t<a\n\t\t\t\t\thref=\"https:\/\/www.facet.unt.edu.ar\/licenciaturamatematica\/2025\/04\/15\/como-influyen-las-decisiones-de-los-demas-en-las-propias\/\"\n\t\t\t\t\tclass=\"sow-carousel-default-thumbnail\"\n\t\t\t\t\t\t\t\t\t\tstyle=\"background-image: url(https:\/\/www.facet.unt.edu.ar\/licenciaturamatematica\/wp-content\/uploads\/sites\/88\/2025\/04\/2017.png)\"\t\t\t\t\taria-labelledby=\"sow-carousel-id-447\"\n\t\t\t\t\ttabindex=\"-1\"\n\t\t\t\t>\n\t\t\t\t\t<span class=\"overlay\"><\/span>\n\t\t\t\t<\/a>\n\t\t\t\t\t<\/div>\n\t\t<h3 class=\"sow-carousel-item-title\">\n\t\t\t<a\n\t\t\t\thref=\"https:\/\/www.facet.unt.edu.ar\/licenciaturamatematica\/2025\/04\/15\/como-influyen-las-decisiones-de-los-demas-en-las-propias\/\"\n\t\t\t\tid=\"sow-carousel-id-447\"\n\t\t\t\t\t\t\t\ttabindex=\"-1\"\n\t\t\t>\n\n\t\t\t\t\u00bfComo influyen las decisiones de los dem\u00e1s en las propias?\t\t\t<\/a>\n\t\t<\/h3>\n\t<\/div>\n\t<div class=\"sow-carousel-item\" tabindex=\"-1\" style=\"float: left;\">\n\t\t<div class=\"sow-carousel-thumbnail\">\n\t\t\t\t\t\t\t<a\n\t\t\t\t\thref=\"https:\/\/www.facet.unt.edu.ar\/licenciaturamatematica\/2025\/04\/15\/orden-de-magnitud-en-serie-de-numeros-primos\/\"\n\t\t\t\t\tclass=\"sow-carousel-default-thumbnail\"\n\t\t\t\t\t\t\t\t\t\tstyle=\"background-image: url(https:\/\/www.facet.unt.edu.ar\/licenciaturamatematica\/wp-content\/uploads\/sites\/88\/2025\/04\/2017.png)\"\t\t\t\t\taria-labelledby=\"sow-carousel-id-445\"\n\t\t\t\t\ttabindex=\"-1\"\n\t\t\t\t>\n\t\t\t\t\t<span class=\"overlay\"><\/span>\n\t\t\t\t<\/a>\n\t\t\t\t\t<\/div>\n\t\t<h3 class=\"sow-carousel-item-title\">\n\t\t\t<a\n\t\t\t\thref=\"https:\/\/www.facet.unt.edu.ar\/licenciaturamatematica\/2025\/04\/15\/orden-de-magnitud-en-serie-de-numeros-primos\/\"\n\t\t\t\tid=\"sow-carousel-id-445\"\n\t\t\t\t\t\t\t\ttabindex=\"-1\"\n\t\t\t>\n\n\t\t\t\tOrden de Magnitud en serie de n\u00fameros primos\t\t\t<\/a>\n\t\t<\/h3>\n\t<\/div>\n\t<div class=\"sow-carousel-item\" tabindex=\"-1\" style=\"float: left;\">\n\t\t<div class=\"sow-carousel-thumbnail\">\n\t\t\t\t\t\t\t<a\n\t\t\t\t\thref=\"https:\/\/www.facet.unt.edu.ar\/licenciaturamatematica\/2025\/04\/15\/uma-creacion-labor-proyecciones\/\"\n\t\t\t\t\tclass=\"sow-carousel-default-thumbnail\"\n\t\t\t\t\t\t\t\t\t\tstyle=\"background-image: url(https:\/\/www.facet.unt.edu.ar\/licenciaturamatematica\/wp-content\/uploads\/sites\/88\/2025\/04\/2017.png)\"\t\t\t\t\taria-labelledby=\"sow-carousel-id-443\"\n\t\t\t\t\ttabindex=\"-1\"\n\t\t\t\t>\n\t\t\t\t\t<span class=\"overlay\"><\/span>\n\t\t\t\t<\/a>\n\t\t\t\t\t<\/div>\n\t\t<h3 class=\"sow-carousel-item-title\">\n\t\t\t<a\n\t\t\t\thref=\"https:\/\/www.facet.unt.edu.ar\/licenciaturamatematica\/2025\/04\/15\/uma-creacion-labor-proyecciones\/\"\n\t\t\t\tid=\"sow-carousel-id-443\"\n\t\t\t\t\t\t\t\ttabindex=\"-1\"\n\t\t\t>\n\n\t\t\t\tUMA. Creaci\u00f3n, labor, proyecciones\t\t\t<\/a>\n\t\t<\/h3>\n\t<\/div>\n\t<div class=\"sow-carousel-item\" tabindex=\"-1\" style=\"float: left;\">\n\t\t<div class=\"sow-carousel-thumbnail\">\n\t\t\t\t\t\t\t<a\n\t\t\t\t\thref=\"https:\/\/www.facet.unt.edu.ar\/licenciaturamatematica\/2025\/04\/15\/que-salidas-profesionales-tiene-un-matematico\/\"\n\t\t\t\t\tclass=\"sow-carousel-default-thumbnail\"\n\t\t\t\t\t\t\t\t\t\tstyle=\"background-image: url(https:\/\/www.facet.unt.edu.ar\/licenciaturamatematica\/wp-content\/uploads\/sites\/88\/2025\/04\/2017.png)\"\t\t\t\t\taria-labelledby=\"sow-carousel-id-441\"\n\t\t\t\t\ttabindex=\"-1\"\n\t\t\t\t>\n\t\t\t\t\t<span class=\"overlay\"><\/span>\n\t\t\t\t<\/a>\n\t\t\t\t\t<\/div>\n\t\t<h3 class=\"sow-carousel-item-title\">\n\t\t\t<a\n\t\t\t\thref=\"https:\/\/www.facet.unt.edu.ar\/licenciaturamatematica\/2025\/04\/15\/que-salidas-profesionales-tiene-un-matematico\/\"\n\t\t\t\tid=\"sow-carousel-id-441\"\n\t\t\t\t\t\t\t\ttabindex=\"-1\"\n\t\t\t>\n\n\t\t\t\t\u00bfQu\u00e9 salidas profesionales tiene un matem\u00e1tico?\t\t\t<\/a>\n\t\t<\/h3>\n\t<\/div>\n\t<div class=\"sow-carousel-item\" tabindex=\"-1\" style=\"float: left;\">\n\t\t<div class=\"sow-carousel-thumbnail\">\n\t\t\t\t\t\t\t<a\n\t\t\t\t\thref=\"https:\/\/www.facet.unt.edu.ar\/licenciaturamatematica\/2025\/04\/15\/dos-metodos-de-resolucion-para-sucesiones-en-ir\/\"\n\t\t\t\t\tclass=\"sow-carousel-default-thumbnail\"\n\t\t\t\t\t\t\t\t\t\tstyle=\"background-image: url(https:\/\/www.facet.unt.edu.ar\/licenciaturamatematica\/wp-content\/uploads\/sites\/88\/2025\/04\/2017.png)\"\t\t\t\t\taria-labelledby=\"sow-carousel-id-439\"\n\t\t\t\t\ttabindex=\"-1\"\n\t\t\t\t>\n\t\t\t\t\t<span class=\"overlay\"><\/span>\n\t\t\t\t<\/a>\n\t\t\t\t\t<\/div>\n\t\t<h3 class=\"sow-carousel-item-title\">\n\t\t\t<a\n\t\t\t\thref=\"https:\/\/www.facet.unt.edu.ar\/licenciaturamatematica\/2025\/04\/15\/dos-metodos-de-resolucion-para-sucesiones-en-ir\/\"\n\t\t\t\tid=\"sow-carousel-id-439\"\n\t\t\t\t\t\t\t\ttabindex=\"-1\"\n\t\t\t>\n\n\t\t\t\tDos m\u00e9todos de resoluci\u00f3n para sucesiones en IR\t\t\t<\/a>\n\t\t<\/h3>\n\t<\/div>\n\t<div class=\"sow-carousel-item\" tabindex=\"-1\" style=\"float: left;\">\n\t\t<div class=\"sow-carousel-thumbnail\">\n\t\t\t\t\t\t\t<a\n\t\t\t\t\thref=\"https:\/\/www.facet.unt.edu.ar\/licenciaturamatematica\/2025\/04\/15\/problemas-fisicos-soluciones-matematicas-curvas-notables-catenaria-y-cicloide\/\"\n\t\t\t\t\tclass=\"sow-carousel-default-thumbnail\"\n\t\t\t\t\t\t\t\t\t\tstyle=\"background-image: url(https:\/\/www.facet.unt.edu.ar\/licenciaturamatematica\/wp-content\/uploads\/sites\/88\/2025\/04\/2017.png)\"\t\t\t\t\taria-labelledby=\"sow-carousel-id-432\"\n\t\t\t\t\ttabindex=\"-1\"\n\t\t\t\t>\n\t\t\t\t\t<span class=\"overlay\"><\/span>\n\t\t\t\t<\/a>\n\t\t\t\t\t<\/div>\n\t\t<h3 class=\"sow-carousel-item-title\">\n\t\t\t<a\n\t\t\t\thref=\"https:\/\/www.facet.unt.edu.ar\/licenciaturamatematica\/2025\/04\/15\/problemas-fisicos-soluciones-matematicas-curvas-notables-catenaria-y-cicloide\/\"\n\t\t\t\tid=\"sow-carousel-id-432\"\n\t\t\t\t\t\t\t\ttabindex=\"-1\"\n\t\t\t>\n\n\t\t\t\tProblemas f\u00edsicos, soluciones matem\u00e1ticas.Curvas notables: catenaria y cicloide\t\t\t<\/a>\n\t\t<\/h3>\n\t<\/div>\n\t<div class=\"sow-carousel-item\" tabindex=\"-1\" style=\"float: left;\">\n\t\t<div class=\"sow-carousel-thumbnail\">\n\t\t\t\t\t\t\t<a\n\t\t\t\t\thref=\"https:\/\/www.facet.unt.edu.ar\/licenciaturamatematica\/2025\/04\/15\/la-teoria-de-colas-como-herramienta-en-la-toma-de-decisiones\/\"\n\t\t\t\t\tclass=\"sow-carousel-default-thumbnail\"\n\t\t\t\t\t\t\t\t\t\tstyle=\"background-image: url(https:\/\/www.facet.unt.edu.ar\/licenciaturamatematica\/wp-content\/uploads\/sites\/88\/2025\/04\/2017.png)\"\t\t\t\t\taria-labelledby=\"sow-carousel-id-430\"\n\t\t\t\t\ttabindex=\"-1\"\n\t\t\t\t>\n\t\t\t\t\t<span class=\"overlay\"><\/span>\n\t\t\t\t<\/a>\n\t\t\t\t\t<\/div>\n\t\t<h3 class=\"sow-carousel-item-title\">\n\t\t\t<a\n\t\t\t\thref=\"https:\/\/www.facet.unt.edu.ar\/licenciaturamatematica\/2025\/04\/15\/la-teoria-de-colas-como-herramienta-en-la-toma-de-decisiones\/\"\n\t\t\t\tid=\"sow-carousel-id-430\"\n\t\t\t\t\t\t\t\ttabindex=\"-1\"\n\t\t\t>\n\n\t\t\t\tLa Teor\u00eda de Colas como herramienta en la toma de decisiones\t\t\t<\/a>\n\t\t<\/h3>\n\t<\/div>\n\t\t<\/div>\n\t\t\t<\/div>\n\n\t<\/div>\n\t\t<input type=\"hidden\" name=\"instance_hash\" value=\"2bbd3b65\"\/>\n\t<\/div>\n<\/div><\/div><\/div><\/div><\/div>","protected":false},"excerpt":{"rendered":"","protected":false},"author":123524,"featured_media":0,"parent":0,"menu_order":0,"comment_status":"closed","ping_status":"closed","template":"","meta":[],"_links":{"self":[{"href":"https:\/\/www.facet.unt.edu.ar\/licenciaturamatematica\/wp-json\/wp\/v2\/pages\/427"}],"collection":[{"href":"https:\/\/www.facet.unt.edu.ar\/licenciaturamatematica\/wp-json\/wp\/v2\/pages"}],"about":[{"href":"https:\/\/www.facet.unt.edu.ar\/licenciaturamatematica\/wp-json\/wp\/v2\/types\/page"}],"author":[{"embeddable":true,"href":"https:\/\/www.facet.unt.edu.ar\/licenciaturamatematica\/wp-json\/wp\/v2\/users\/123524"}],"replies":[{"embeddable":true,"href":"https:\/\/www.facet.unt.edu.ar\/licenciaturamatematica\/wp-json\/wp\/v2\/comments?post=427"}],"version-history":[{"count":11,"href":"https:\/\/www.facet.unt.edu.ar\/licenciaturamatematica\/wp-json\/wp\/v2\/pages\/427\/revisions"}],"predecessor-version":[{"id":497,"href":"https:\/\/www.facet.unt.edu.ar\/licenciaturamatematica\/wp-json\/wp\/v2\/pages\/427\/revisions\/497"}],"wp:attachment":[{"href":"https:\/\/www.facet.unt.edu.ar\/licenciaturamatematica\/wp-json\/wp\/v2\/media?parent=427"}],"curies":[{"name":"wp","href":"https:\/\/api.w.org\/{rel}","templated":true}]}}