{"id":65,"date":"2014-08-04T09:14:33","date_gmt":"2014-08-04T12:14:33","guid":{"rendered":"https:\/\/www.facet.unt.edu.ar\/licenciaturamatematica\/home\/"},"modified":"2024-06-11T23:14:54","modified_gmt":"2024-06-12T02:14:54","slug":"home","status":"publish","type":"page","link":"https:\/\/www.facet.unt.edu.ar\/licenciaturamatematica\/","title":{"rendered":"Inicio"},"content":{"rendered":"<div id=\"pl-65\"  class=\"panel-layout\" ><div id=\"pg-65-0\"  class=\"panel-grid panel-has-style\" ><div class=\"wide-grey panel-row-style panel-row-style-for-65-0\" ><div id=\"pgc-65-0-0\"  class=\"panel-grid-cell\" ><div id=\"panel-65-0-0-0\" class=\"so-panel widget widget_black-studio-tinymce widget_black_studio_tinymce panel-first-child panel-last-child\" data-index=\"0\" ><div class=\"textwidget\"><p style=\"text-align: center;\">\n<h1 style=\"text-align: center;\">SITIO OFICIAL DE LA CARRERA<\/h1>\n<h1 style=\"text-align: center;\">LICENCIATURA EN MATEM\u00c1TICA<\/h1>\n<h1 style=\"text-align: center;\">UNT<\/h1>\n<p>&nbsp;<\/p>\n<h3><strong>\u00bfQu\u00e9 hace un Licenciado en Matem\u00e1tica?<\/strong><\/h3>\n<\/div><\/div><\/div><\/div><\/div><div id=\"pg-65-1\"  class=\"panel-grid panel-no-style\" ><div id=\"pgc-65-1-0\"  class=\"panel-grid-cell\" ><div id=\"panel-65-1-0-0\" class=\"so-panel widget widget_black-studio-tinymce widget_black_studio_tinymce panel-first-child panel-last-child\" data-index=\"1\" ><div class=\"textwidget\"><p style=\"text-align: justify;\">Un Licenciado en Matem\u00e1tica est\u00e1 capacitado para desempe\u00f1arse en empresas y organismos que necesiten plantear y resolver problemas l\u00f3gico matem\u00e1ticos, estad\u00edsticos, financieros, etc.. Hace\u00a0 investigaci\u00f3n en matem\u00e1tica pura y\/o aplicada. Participa en equipos interdisciplinarios aportando soluciones exactas y\/o aproximadas con el\u00a0 sustento te\u00f3rico de los procedimientos utilizados. Adem\u00e1s de ejercer la docencia a nivel superior, es formador de formadores, ya que puede realizar tareas de capacitaci\u00f3n a docentes de todos los niveles.<\/p>\n<\/div><\/div><\/div><div id=\"pgc-65-1-1\"  class=\"panel-grid-cell\" ><div id=\"panel-65-1-1-0\" class=\"so-panel widget widget_black-studio-tinymce widget_black_studio_tinymce panel-first-child panel-last-child\" data-index=\"2\" ><div class=\"textwidget\"><p style=\"text-align: center;\"><iframe title=\"YouTube video player\" src=\"https:\/\/www.youtube.com\/embed\/t84a9_GzwSM\" width=\"560\" height=\"315\" frameborder=\"0\" allowfullscreen=\"allowfullscreen\"><\/iframe><\/p>\n<\/div><\/div><\/div><\/div><div id=\"pg-65-2\"  class=\"panel-grid panel-no-style\" ><div id=\"pgc-65-2-0\"  class=\"panel-grid-cell\" ><div id=\"panel-65-2-0-0\" class=\"so-panel widget widget_sow-button panel-first-child panel-last-child\" data-index=\"3\" ><div\n\t\t\t\n\t\t\tclass=\"so-widget-sow-button so-widget-sow-button-flat-eaa51a902caf-65\"\n\t\t\t\n\t\t><div class=\"ow-button-base ow-button-align-center\">\n\t<a href=\"https:\/\/www.facet.unt.edu.ar\/ingreso-facet\/\" class=\"ow-icon-placement-left ow-button-hover\" target=\"_blank\" rel=\"noopener noreferrer\" \t\t>\n\t\t<span>\n\t\t\t\n\t\t\tINGRESO FACET\t\t<\/span>\n\t<\/a>\n<\/div>\n<\/div><\/div><\/div><div id=\"pgc-65-2-1\"  class=\"panel-grid-cell\" ><div id=\"panel-65-2-1-0\" class=\"so-panel widget widget_sow-button panel-first-child panel-last-child\" data-index=\"4\" ><div\n\t\t\t\n\t\t\tclass=\"so-widget-sow-button so-widget-sow-button-flat-eaa51a902caf-65\"\n\t\t\t\n\t\t><div class=\"ow-button-base ow-button-align-center\">\n\t<a href=\"https:\/\/www.facet.unt.edu.ar\/calendario-academico-facet\/\" class=\"ow-icon-placement-left ow-button-hover\" target=\"_blank\" rel=\"noopener noreferrer\" \t\t>\n\t\t<span>\n\t\t\t\n\t\t\tCALENDARIO FACET\t\t<\/span>\n\t<\/a>\n<\/div>\n<\/div><\/div><\/div><div id=\"pgc-65-2-2\"  class=\"panel-grid-cell\" ><div id=\"panel-65-2-2-0\" class=\"so-panel widget widget_sow-button panel-first-child panel-last-child\" data-index=\"5\" ><div\n\t\t\t\n\t\t\tclass=\"so-widget-sow-button so-widget-sow-button-flat-eaa51a902caf-65\"\n\t\t\t\n\t\t><div class=\"ow-button-base ow-button-align-center\">\n\t<a href=\"https:\/\/guarani.unt.edu.ar\/autogestion\/\" class=\"ow-icon-placement-left ow-button-hover\" target=\"_blank\" rel=\"noopener noreferrer\" \t\t>\n\t\t<span>\n\t\t\t\n\t\t\tSIU GUARANI\t\t<\/span>\n\t<\/a>\n<\/div>\n<\/div><\/div><\/div><\/div><\/div>","protected":false},"excerpt":{"rendered":"<p>SITIO OFICIAL DE LA CARRERA LICENCIATURA EN MATEM\u00c1TICA UNT &nbsp; \u00bfQu\u00e9 hace un Licenciado en Matem\u00e1tica? Un Licenciado en Matem\u00e1tica est\u00e1 capacitado para desempe\u00f1arse en empresas y organismos que necesiten plantear y resolver problemas l\u00f3gico matem\u00e1ticos, estad\u00edsticos, financieros, etc.. Hace\u00a0 investigaci\u00f3n en matem\u00e1tica pura y\/o aplicada. Participa en equipos interdisciplinarios aportando soluciones exactas y\/o aproximadas [&hellip;]<\/p>\n","protected":false},"author":1,"featured_media":0,"parent":0,"menu_order":0,"comment_status":"closed","ping_status":"closed","template":"home-panels.php","meta":[],"_links":{"self":[{"href":"https:\/\/www.facet.unt.edu.ar\/licenciaturamatematica\/wp-json\/wp\/v2\/pages\/65"}],"collection":[{"href":"https:\/\/www.facet.unt.edu.ar\/licenciaturamatematica\/wp-json\/wp\/v2\/pages"}],"about":[{"href":"https:\/\/www.facet.unt.edu.ar\/licenciaturamatematica\/wp-json\/wp\/v2\/types\/page"}],"author":[{"embeddable":true,"href":"https:\/\/www.facet.unt.edu.ar\/licenciaturamatematica\/wp-json\/wp\/v2\/users\/1"}],"replies":[{"embeddable":true,"href":"https:\/\/www.facet.unt.edu.ar\/licenciaturamatematica\/wp-json\/wp\/v2\/comments?post=65"}],"version-history":[{"count":16,"href":"https:\/\/www.facet.unt.edu.ar\/licenciaturamatematica\/wp-json\/wp\/v2\/pages\/65\/revisions"}],"predecessor-version":[{"id":359,"href":"https:\/\/www.facet.unt.edu.ar\/licenciaturamatematica\/wp-json\/wp\/v2\/pages\/65\/revisions\/359"}],"wp:attachment":[{"href":"https:\/\/www.facet.unt.edu.ar\/licenciaturamatematica\/wp-json\/wp\/v2\/media?parent=65"}],"curies":[{"name":"wp","href":"https:\/\/api.w.org\/{rel}","templated":true}]}}