{"id":99,"date":"2022-10-22T13:41:29","date_gmt":"2022-10-22T16:41:29","guid":{"rendered":"https:\/\/www.facet.unt.edu.ar\/licenciaturamatematica\/?page_id=99"},"modified":"2026-03-26T13:14:42","modified_gmt":"2026-03-26T16:14:42","slug":"autoridades","status":"publish","type":"page","link":"https:\/\/www.facet.unt.edu.ar\/licenciaturamatematica\/autoridades\/","title":{"rendered":"Autoridades"},"content":{"rendered":"<div id=\"pl-99\"  class=\"panel-layout\" ><div id=\"pg-99-0\"  class=\"panel-grid panel-no-style\" ><div id=\"pgc-99-0-0\"  class=\"panel-grid-cell panel-grid-cell-empty\" ><\/div><div id=\"pgc-99-0-1\"  class=\"panel-grid-cell panel-grid-cell-mobile-last\" ><div id=\"panel-99-0-1-0\" class=\"so-panel widget widget_team panel-first-child panel-last-child\" data-index=\"0\" ><div\n\t\t\t\n\t\t\tclass=\"so-widget-team so-widget-team-team-style-2ac592960b57-99\"\n\t\t\t\n\t\t>\r\n\r\n\r\n    <h3 class=\"widget-title\">\r\n        <span>Directora de carrera<\/span>\r\n    <\/h3>\r\n\r\n\r\n<div class=\"team\">\r\n\r\n<div class=\"member_image\">\r\n<img src=\" https:\/\/www.facet.unt.edu.ar\/licenciaturamatematica\/wp-content\/uploads\/sites\/88\/2026\/03\/eugenia-r.jpeg\" alt=\"\" \/>\r\n<\/div>\r\n\r\n<h2 class=\"member_title\">Mg. Mar\u00eda Eugenia Roig<\/h2>\r\n\r\n\r\n<div class=\"content\">\r\nContacto: mroig@herrera.unt.edu.ar<\/div>\r\n\r\n<ul class=\"team_social\">\r\n<\/ul>\r\n\r\n<\/div>\r\n\r\n\r\n\r\n\r\n\r\n<\/div><\/div><\/div><div id=\"pgc-99-0-2\"  class=\"panel-grid-cell panel-grid-cell-empty\" ><\/div><\/div><div id=\"pg-99-1\"  class=\"panel-grid panel-no-style\" ><div id=\"pgc-99-1-0\"  class=\"panel-grid-cell\" ><div id=\"panel-99-1-0-0\" class=\"so-panel widget widget_sow-editor panel-first-child\" data-index=\"1\" ><div\n\t\t\t\n\t\t\tclass=\"so-widget-sow-editor so-widget-sow-editor-base\"\n\t\t\t\n\t\t>\n<div class=\"siteorigin-widget-tinymce textwidget\">\n\t<h2 style=\"text-align: left;\"><span style=\"color: #3366ff;\"><strong><u>COMISI\u00d3N ACAD\u00c9MICA 2024-2026<\/u><\/strong><\/span><\/h2>\n<p>La comisi\u00f3n acad\u00e9mica de la carrera es un \u00f3rgano acad\u00e9mico integrado por docentes pertenecientes al claustro de la carrera y con representaci\u00f3n de los estudiantes de la carrera. Se encarga de cuestiones referidas al dise\u00f1o curricular, control permanente de actualizaci\u00f3n de la carrera, coordinar con los departamentos que dictan asignaturas en la carrera, entre otras cosas.<\/p>\n<p>El director de carrera integra y preside la comisi\u00f3n.<\/p>\n<p><a href=\"https:\/\/www.facet.unt.edu.ar\/deptomatematica\/wp-content\/uploads\/sites\/31\/2024\/12\/Comision-academica-2024.jpg\"><img decoding=\"async\" loading=\"lazy\" class=\"aligncenter wp-image-1455\" src=\"https:\/\/www.facet.unt.edu.ar\/deptomatematica\/wp-content\/uploads\/sites\/31\/2024\/12\/Comision-academica-2024.jpg\" alt=\"\" width=\"500\" height=\"500\"\/><\/a><\/p>\n<p>La comisi\u00f3n para el periodo 2024-2026 se encuentra designada por resoluci\u00f3n <a href=\"https:\/\/www.facet.unt.edu.ar\/deptomatematica\/wp-content\/uploads\/sites\/31\/2024\/12\/2024_Res_FACET_DGAD_11005-Com_Acad.pdf\">RES FACET DGAD 11005 \/ 2024<\/a><\/p>\n<\/div>\n<\/div><\/div><div id=\"panel-99-1-0-1\" class=\"so-panel widget widget_sow-accordion panel-last-child\" data-index=\"2\" ><div\n\t\t\t\n\t\t\tclass=\"so-widget-sow-accordion so-widget-sow-accordion-default-35f5ca9e12b4-99\"\n\t\t\t\n\t\t><div>\n\t<div class=\"sow-accordion\">\n\t\t\t<div class=\"sow-accordion-panel\"\n\t\t\t data-anchor=\"integrantes-comisi%c3%b3n-acad%c3%a9mica\">\n\t\t\t\t<div class=\"sow-accordion-panel-header-container\" role=\"heading\" aria-level=\"2\">\n\t\t\t\t\t<div class=\"sow-accordion-panel-header\" tabindex=\"0\" role=\"button\" id=\"accordion-label-integrantes-comisi%c3%b3n-acad%c3%a9mica\" aria-controls=\"accordion-content-integrantes-comisi%c3%b3n-acad%c3%a9mica\" aria-expanded=\"false\">\n\t\t\t\t\t\t<div class=\"sow-accordion-title sow-accordion-title-icon-left\">\n\t\t\t\t\t\t\t\t\t\t\t\t\t\tIntegrantes comisi\u00f3n acad\u00e9mica\t\t\t\t\t\t\t\t\t\t\t\t\t<\/div>\n\t\t\t\t\t\t<div class=\"sow-accordion-open-close-button\">\n\t\t\t\t\t\t\t<div class=\"sow-accordion-open-button\">\n\t\t\t\t\t\t\t\t<span class=\"sow-icon-ionicons\" data-sow-icon=\"&#xf218;\"\n\t\t \n\t\taria-hidden=\"true\"><\/span>\t\t\t\t\t\t\t<\/div>\n\t\t\t\t\t\t\t<div class=\"sow-accordion-close-button\">\n\t\t\t\t\t\t\t\t<span class=\"sow-icon-ionicons\" data-sow-icon=\"&#xf209;\"\n\t\t \n\t\taria-hidden=\"true\"><\/span>\t\t\t\t\t\t\t<\/div>\n\t\t\t\t\t\t<\/div>\n\t\t\t\t\t<\/div>\n\t\t\t\t<\/div>\n\n\t\t\t<div\n\t\t\t\tclass=\"sow-accordion-panel-content\"\n\t\t\t\trole=\"region\"\n\t\t\t\taria-labelledby=\"accordion-label-integrantes-comisi%c3%b3n-acad%c3%a9mica\"\n\t\t\t\tid=\"accordion-content-integrantes-comisi%c3%b3n-acad%c3%a9mica\"\n\t\t\t\tstyle=\"display: none;\"\t\t\t>\n\t\t\t\t<div class=\"sow-accordion-panel-border\" tabindex=\"0\">\n\t\t\t\t\t<p><b>Profesores <\/b><b>Asociados:\u00a0<\/b><\/p>\n<ul>\n<li>Lic. Mar\u00eda Fernanda Galante. Contacto: <a href=\"mailto:fgalante@herrera.unt.edu.ar\">fgalante@herrera.unt.edu.ar<\/a><\/li>\n<li>Mg. Paula Lorena Naidicz. Contacto: <a href=\"mailto:lnaidicz@herrera.unt.edu.ar\">lnaidicz@herrera.unt.edu.ar<\/a><\/li>\n<\/ul>\n<p><strong>Profesores adjuntos:\u00a0<\/strong><\/p>\n<ul>\n<li>Lic. Francisco Luis Miguel Barros. Contacto: <a href=\"mailto:fbarros@herrera.unt.edu.ar\">fbarros@herrera.unt.edu.ar<\/a><\/li>\n<li>Lic. Mar\u00eda Victoria Trimarco. Contacto: <a href=\"mailto:vtrimarco@herrera.unt.edu.ar\" target=\"_blank\" rel=\"noopener\">vtrimarco@herrera.unt.edu.ar<\/a><\/li>\n<\/ul>\n<p><strong>Jefe de Trabajos pr\u00e1cticos:\u00a0<\/strong><\/p>\n<ul>\n<li>Prof. Florencia Anabel Dip. Contacto: <a href=\"mailto:fdip@herrera.unt.edu.ar\">fdip@herrera.unt.edu.ar<\/a><\/li>\n<\/ul>\n<p><strong>Auxiliar docente graduado:<\/strong><\/p>\n<ul>\n<li>Lic. Noelia Beatriz Arg\u00fcelles. Contacto: <a href=\"mailto:nbarguelles@herrera.unt.edu.ar\">nbarguelles@herrera.unt.edu.ar<\/a><\/li>\n<\/ul>\n<p><strong>Estudiante:<\/strong><\/p>\n<ul>\n<li>Sergio Nahuel Fernandez. Contacto: <a href=\"sergionahuelfernandez@gmail.com\">sergionahuelfernandez@gmail.com<\/a><\/li>\n<\/ul>\n\t\t\t\t<\/div>\n\t\t\t<\/div>\n\t\t<\/div>\n\t\t<\/div>\n<\/div>\n<\/div><\/div><\/div><\/div><\/div>","protected":false},"excerpt":{"rendered":"<p>COMISI\u00d3N ACAD\u00c9MICA 2024-2026 La comisi\u00f3n acad\u00e9mica de la carrera es un \u00f3rgano acad\u00e9mico integrado por docentes pertenecientes al claustro de la carrera y con representaci\u00f3n de los estudiantes de la carrera. Se encarga de cuestiones referidas al dise\u00f1o curricular, control permanente de actualizaci\u00f3n de la carrera, coordinar con los departamentos que dictan asignaturas en la [&hellip;]<\/p>\n","protected":false},"author":123496,"featured_media":0,"parent":0,"menu_order":0,"comment_status":"closed","ping_status":"closed","template":"","meta":[],"_links":{"self":[{"href":"https:\/\/www.facet.unt.edu.ar\/licenciaturamatematica\/wp-json\/wp\/v2\/pages\/99"}],"collection":[{"href":"https:\/\/www.facet.unt.edu.ar\/licenciaturamatematica\/wp-json\/wp\/v2\/pages"}],"about":[{"href":"https:\/\/www.facet.unt.edu.ar\/licenciaturamatematica\/wp-json\/wp\/v2\/types\/page"}],"author":[{"embeddable":true,"href":"https:\/\/www.facet.unt.edu.ar\/licenciaturamatematica\/wp-json\/wp\/v2\/users\/123496"}],"replies":[{"embeddable":true,"href":"https:\/\/www.facet.unt.edu.ar\/licenciaturamatematica\/wp-json\/wp\/v2\/comments?post=99"}],"version-history":[{"count":26,"href":"https:\/\/www.facet.unt.edu.ar\/licenciaturamatematica\/wp-json\/wp\/v2\/pages\/99\/revisions"}],"predecessor-version":[{"id":552,"href":"https:\/\/www.facet.unt.edu.ar\/licenciaturamatematica\/wp-json\/wp\/v2\/pages\/99\/revisions\/552"}],"wp:attachment":[{"href":"https:\/\/www.facet.unt.edu.ar\/licenciaturamatematica\/wp-json\/wp\/v2\/media?parent=99"}],"curies":[{"name":"wp","href":"https:\/\/api.w.org\/{rel}","templated":true}]}}