{"id":150,"date":"2018-03-13T00:53:12","date_gmt":"2018-03-13T03:53:12","guid":{"rendered":"https:\/\/www.facet.unt.edu.ar\/licfisica\/?page_id=150"},"modified":"2021-03-16T09:38:23","modified_gmt":"2021-03-16T12:38:23","slug":"otra-informacion-relevante","status":"publish","type":"page","link":"https:\/\/www.facet.unt.edu.ar\/licfisica\/otra-informacion-relevante\/","title":{"rendered":"Otra Informaci\u00f3n Relevante"},"content":{"rendered":"<ul>\n<li><strong><strong>Otros requisitos<\/strong><\/strong><\/li>\n<\/ul>\n<p style=\"padding-left: 40px;\">Para poder cursar las asignaturas del Ciclo de Formaci\u00f3n Superior, el estudiante deber\u00e1 aprobar un examen de Traducci\u00f3n T\u00e9cnica del Ingl\u00e9s.<\/p>\n<ul>\n<li><strong><strong>Articulaci\u00f3n con otros planes de estudio<\/strong><\/strong><\/li>\n<\/ul>\n<p style=\"padding-left: 40px;\">Las asignaturas:<br \/>\n&#8220;\u00c1lgebra y Geometr\u00eda Anal\u00edtica I&#8221;<br \/>\n&#8220;\u00c1lgebra y Geometr\u00eda Anal\u00edtica II&#8221;<br \/>\ncorresponden al Ciclo B\u00e1sico Unificado de la Facultad de Ciencias Exactas y Tecnolog\u00eda.El conjunto de las asignaturas<br \/>\n&#8220;C\u00e1lculo Nivel I&#8221;<br \/>\n&#8220;C\u00e1lculo Nivel II&#8221;<br \/>\nsupera los contenidos de la asignatura<br \/>\n&#8220;C\u00e1lculo I&#8221;<br \/>\ndel Ciclo B\u00e1sico Unificado de la Facultad de Ciencias Exactas y Tecnolog\u00eda.<\/p>\n<p style=\"padding-left: 40px;\">La asignatura<br \/>\n&#8220;C\u00e1lculo Nivel III&#8221;<br \/>\nsupera los contenidos de la asignatura<br \/>\n&#8220;C\u00e1lculo II&#8221;<br \/>\ndel Ciclo B\u00e1sico Unificado de la Facultad de Ciencias Exactas y Tecnolog\u00eda.<\/p>\n<p style=\"padding-left: 40px;\">El conjunto de las asignaturas:<br \/>\n&#8220;Mec\u00e1nica&#8221;<br \/>\n&#8220;Ondas y Termodin\u00e1mica&#8221;<br \/>\n&#8220;Laboratorio I&#8221;<br \/>\n&#8220;Electricidad y Magnetismo&#8221;<br \/>\n&#8220;Laboratorio II&#8221;<br \/>\n&#8220;Ondas Electromagn\u00e9ticas y \u00d3ptica&#8221;<br \/>\n&#8220;Laboratorio III&#8221;<br \/>\nsupera ampliamente los contenidos del conjunto de las asignaturas &#8220;F\u00edsica I&#8221;, &#8220;F\u00edsica II&#8221; y &#8220;F\u00edsica III&#8221; del Ciclo B\u00e1sico Unificado de la Facultad de Ciencias Exactas y Tecnolog\u00eda.<\/p>\n<ul>\n<li><strong><strong>R\u00e9gimen de equivalencias con planes anteriores o con planes de otras carreras que se dicten en la misma unidad acad\u00e9mica de la Universidad<\/strong><\/strong><u><\/u><br \/>\nLas equivalencias autom\u00e1ticas entre las asignaturas de los Planes de Estudios 1982 del Bachiller Universitario en F\u00edsica y Licenciado en F\u00edsica con las asignaturas del Plan de Estudios de Licenciado en F\u00edsica del presente proyecto, son:<\/li>\n<\/ul>\n<p style=\"padding-left: 40px;\">&#8220;An\u00e1lisis Matem\u00e1tico I&#8221; con &#8220;C\u00e1lculo Nivel I&#8221; y &#8220;C\u00e1lculo Nivel II&#8221;.<br \/>\n&#8220;Elementos de \u00c1lgebra Lineal y Geometr\u00eda Anal\u00edtica&#8221; con<br \/>\n&#8220;\u00c1lgebra y Geometr\u00eda Anal\u00edtica I&#8221; y &#8220;\u00c1lgebra y Geometr\u00eda Anal\u00edtica II&#8221;.<br \/>\n&#8220;F\u00edsica Experimental I&#8221; con &#8220;Mec\u00e1nica&#8221; y &#8220;Ondas y Termodin\u00e1mica&#8221;.<br \/>\n&#8220;Laboratorio I&#8221; con &#8220;Laboratorio I&#8221;.<br \/>\n&#8220;Qu\u00edmica General&#8221; con &#8220;Qu\u00edmica&#8221;.<br \/>\n&#8220;An\u00e1lisis Matem\u00e1tico II&#8221; con &#8220;C\u00e1lculo Nivel III&#8221;.<br \/>\n&#8220;F\u00edsica Experimental II&#8221; con &#8220;Electricidad y Magnetismo&#8221; y &#8220;Ondas Electromagn\u00e9ticas y Optica&#8221;.<br \/>\n&#8220;Laboratorio II&#8221; con &#8220;Laboratorio II&#8221; y &#8220;Laboratorio III&#8221;.<br \/>\n&#8220;F\u00edsica Moderna&#8221; con &#8220;F\u00edsica Moderna y Contempor\u00e1nea&#8221;.<br \/>\n&#8220;Matem\u00e1tica III&#8221; y &#8220;Matem\u00e1tica IV&#8221; con &#8220;Matem\u00e1tica para F\u00edsicos&#8221;.<br \/>\n&#8220;Mec\u00e1nica Anal\u00edtica&#8221; con &#8220;Mec\u00e1nica Anal\u00edtica&#8221;.<br \/>\n&#8220;F\u00edsica Experimental III&#8221; con &#8220;Laboratorio de F\u00edsica Moderna y Contempor\u00e1nea&#8221;.<strong><br \/>\n<\/strong>&#8220;Elementos de Epistemolog\u00eda e Historia de la F\u00edsica&#8221; con &#8220;Epistemolog\u00eda e Historia \u00a0\u00a0\u00a0\u00a0\u00a0 de la F\u00edsica&#8221;.<br \/>\n&#8220;Idioma I&#8221; e &#8220;Idioma II&#8221; con Aprobaci\u00f3n del Examen de Traducci\u00f3n T\u00e9cnica del Ingl\u00e9s.<br \/>\n&#8220;Electromagnetismo&#8221; y &#8220;Electrodin\u00e1mica de Medios Cont\u00ednuos&#8221; con &#8220;Electromagnetismo I&#8221;.<br \/>\n&#8220;Electrodin\u00e1mica de Medios Continuos&#8221; y &#8220;Relatividad&#8221; con &#8220;Electromagnetismo II&#8221;.<br \/>\n&#8220;F\u00edsica Estad\u00edstica I&#8221; con &#8220;F\u00edsica Estad\u00edstica I&#8221;.<br \/>\n&#8220;Mec\u00e1nica Cu\u00e1ntica&#8221; con &#8220;Mec\u00e1nica Cu\u00e1ntica I&#8221;.<br \/>\n&#8220;F\u00edsica Estad\u00edstica II&#8221; con &#8220;F\u00edsica Estad\u00edstica II&#8221;.<br \/>\n&#8220;Estados de la Materia&#8221; con &#8220;Estados de la Materia&#8221;.<br \/>\n&#8220;Mec\u00e1nica Cu\u00e1ntica II&#8221; con &#8220;Mec\u00e1nica Cu\u00e1ntica II&#8221;.<br \/>\n&#8220;Fluidos y Elasticidad&#8221; con &#8220;Mec\u00e1nica de Fluidos&#8221;.<br \/>\n&#8220;Electr\u00f3nica&#8221; y &#8220;Electr\u00f3nica II&#8221; con &#8220;Laboratorio de Electr\u00f3nica y Transductores&#8221;.<br \/>\n&#8220;F\u00edsica Experimental IV&#8221; con &#8220;Laboratorio de T\u00e9cnicas de Vac\u00edo&#8221;.<br \/>\n&#8220;Matem\u00e1tica IV&#8221; y &#8220;Matem\u00e1tica V&#8221; con &#8220;Ecuaciones de la F\u00edsica Matem\u00e1tica&#8221;.<br \/>\n&#8220;\u00d3ptica&#8221; con &#8220;\u00d3ptica&#8221;.<br \/>\n&#8220;Termodin\u00e1mica&#8221; con &#8220;Termodin\u00e1mica F\u00edsica Cl\u00e1sica&#8221;.<br \/>\n&#8220;Resistencia de Materiales&#8221; con &#8220;Resistencia de Materiales&#8221;.<br \/>\n&#8220;Instrumentos de Medici\u00f3n&#8221; con &#8220;Instrumentos de Medici\u00f3n&#8221;.<br \/>\n&#8220;F\u00edsica Nuclear&#8221; con &#8220;F\u00edsica Nuclear&#8221;.<br \/>\n&#8220;Electrodin\u00e1mica de Medios Continuos&#8221; con &#8220;Electrodin\u00e1mica de Medios Continuos&#8221;.<br \/>\n&#8220;Optativa&#8221; con &#8220;Optativa Espec\u00edfica&#8221;<br \/>\n&#8220;Seminario&#8221; y &#8220;Trabajo Final&#8221; con &#8220;Tesis de Licenciatura&#8221;.<\/p>\n<ul>\n<li><strong><strong>Requisitos para la titulaci\u00f3n<\/strong><\/strong><\/li>\n<\/ul>\n<p style=\"padding-left: 40px;\">Aprobar un examen de Traducci\u00f3n T\u00e9cnica de Ingl\u00e9s, todas las asignaturas del Plan de Estudios y elaborar y defender la Tesis de Licenciatura.<\/p>\n<p>&nbsp;<\/p>\n","protected":false},"excerpt":{"rendered":"<p>Otros requisitos Para poder cursar las asignaturas del Ciclo de Formaci\u00f3n Superior, el estudiante deber\u00e1 aprobar un examen de Traducci\u00f3n T\u00e9cnica del Ingl\u00e9s. Articulaci\u00f3n con otros planes de estudio Las asignaturas: &#8220;\u00c1lgebra y Geometr\u00eda Anal\u00edtica I&#8221; &#8220;\u00c1lgebra y Geometr\u00eda Anal\u00edtica II&#8221; corresponden al Ciclo B\u00e1sico Unificado de la Facultad de Ciencias Exactas y Tecnolog\u00eda.El conjunto [&hellip;]<\/p>\n","protected":false},"author":101036,"featured_media":0,"parent":0,"menu_order":3,"comment_status":"closed","ping_status":"closed","template":"","meta":[],"_links":{"self":[{"href":"https:\/\/www.facet.unt.edu.ar\/licfisica\/wp-json\/wp\/v2\/pages\/150"}],"collection":[{"href":"https:\/\/www.facet.unt.edu.ar\/licfisica\/wp-json\/wp\/v2\/pages"}],"about":[{"href":"https:\/\/www.facet.unt.edu.ar\/licfisica\/wp-json\/wp\/v2\/types\/page"}],"author":[{"embeddable":true,"href":"https:\/\/www.facet.unt.edu.ar\/licfisica\/wp-json\/wp\/v2\/users\/101036"}],"replies":[{"embeddable":true,"href":"https:\/\/www.facet.unt.edu.ar\/licfisica\/wp-json\/wp\/v2\/comments?post=150"}],"version-history":[{"count":6,"href":"https:\/\/www.facet.unt.edu.ar\/licfisica\/wp-json\/wp\/v2\/pages\/150\/revisions"}],"predecessor-version":[{"id":497,"href":"https:\/\/www.facet.unt.edu.ar\/licfisica\/wp-json\/wp\/v2\/pages\/150\/revisions\/497"}],"wp:attachment":[{"href":"https:\/\/www.facet.unt.edu.ar\/licfisica\/wp-json\/wp\/v2\/media?parent=150"}],"curies":[{"name":"wp","href":"https:\/\/api.w.org\/{rel}","templated":true}]}}