{"id":152,"date":"2018-03-13T01:06:02","date_gmt":"2018-03-13T04:06:02","guid":{"rendered":"https:\/\/www.facet.unt.edu.ar\/licfisica\/?page_id=152"},"modified":"2025-08-11T09:35:11","modified_gmt":"2025-08-11T12:35:11","slug":"programas-materias","status":"publish","type":"page","link":"https:\/\/www.facet.unt.edu.ar\/licfisica\/programas-materias\/","title":{"rendered":"Programas Materias"},"content":{"rendered":"<p>Primer A\u00f1o:<\/p>\n<ul>\n<li><a href=\"https:\/\/www.facet.unt.edu.ar\/licfisica\/wp-content\/uploads\/sites\/57\/2025\/04\/2025-1-Mecanica.pdf\" target=\"_blank\" rel=\"noopener noreferrer\">Mec\u00e1nica<\/a><\/li>\n<li><a href=\"https:\/\/www.facet.unt.edu.ar\/licfisica\/wp-content\/uploads\/sites\/57\/2025\/04\/2025-1-Laboratorio-I.pdf\" target=\"_blank\" rel=\"noopener noreferrer\">Laboratorio I<\/a><\/li>\n<li><a href=\"https:\/\/www.facet.unt.edu.ar\/licfisica\/wp-content\/uploads\/sites\/57\/2018\/11\/C\u00e1lculo-I.pdf\" target=\"_blank\" rel=\"noopener noreferrer\">C\u00e1lculo Nivel I<\/a><\/li>\n<li><a href=\"https:\/\/www.facet.unt.edu.ar\/licfisica\/wp-content\/uploads\/sites\/57\/2018\/11\/Algebra-y-Geometria-Analitica-I.pdf\" target=\"_blank\" rel=\"noopener noreferrer\">Algebra y Geometria Analitica I<\/a><\/li>\n<li><a href=\"https:\/\/www.facet.unt.edu.ar\/licfisica\/wp-content\/uploads\/sites\/57\/2025\/04\/2025-1-Ondas-y-Termodinamica.pdf\" target=\"_blank\" rel=\"noopener noreferrer\">Ondas y Termodin\u00e1mica<\/a><\/li>\n<li><a href=\"https:\/\/www.facet.unt.edu.ar\/licfisica\/wp-content\/uploads\/sites\/57\/2025\/04\/2025-1-Laboratorio-II.pdf\" target=\"_blank\" rel=\"noopener noreferrer\">Laboratorio II<\/a><\/li>\n<li><a href=\"https:\/\/www.facet.unt.edu.ar\/licfisica\/wp-content\/uploads\/sites\/57\/2018\/03\/2015Programa-C\u00e1lculo-II-.pdf\" target=\"_blank\" rel=\"noopener noreferrer\">C\u00e1lculo Nivel II<\/a><\/li>\n<li><a href=\"https:\/\/www.facet.unt.edu.ar\/licfisica\/wp-content\/uploads\/sites\/57\/2018\/11\/Algebra-y-Geometria-Analitica-II.pdf\" target=\"_blank\" rel=\"noopener noreferrer\">\u00c1lgebra y Geometr\u00eda Anal\u00edtica II<\/a><\/li>\n<\/ul>\n<p>Segundo A\u00f1o:<\/p>\n<ul>\n<li><a href=\"https:\/\/www.facet.unt.edu.ar\/licfisica\/wp-content\/uploads\/sites\/57\/2025\/04\/2025-2-Electricidad-y-Magnetismo.pdf\" target=\"_blank\" rel=\"noopener noreferrer\">Electricidad y Magnetismo<\/a><\/li>\n<li><a href=\"https:\/\/www.facet.unt.edu.ar\/licfisica\/wp-content\/uploads\/sites\/57\/2025\/04\/2025-2-Laboratorio-III.pdf\" target=\"_blank\" rel=\"noopener noreferrer\">Laboratorio III<\/a><\/li>\n<li><a href=\"https:\/\/www.facet.unt.edu.ar\/licfisica\/wp-content\/uploads\/sites\/57\/2025\/04\/2025-2-Calculo-Nivel-III.pdf\" target=\"_blank\" rel=\"noopener noreferrer\">C\u00e1lculo Nivel III<\/a><\/li>\n<li><a href=\"https:\/\/www.facet.unt.edu.ar\/licfisica\/wp-content\/uploads\/sites\/57\/2025\/04\/2025-2-Ondas-Electromagneticas-y-Optica.pdf\" target=\"_blank\" rel=\"noopener noreferrer\">Ondas Electromagn\u00e9ticas y \u00d3ptica<\/a><\/li>\n<li><a href=\"https:\/\/www.facet.unt.edu.ar\/licfisica\/wp-content\/uploads\/sites\/57\/2025\/04\/2025-2-Laboratorio-IV.pdf\" target=\"_blank\" rel=\"noopener noreferrer\">Laboratorio IV<\/a><\/li>\n<li><a href=\"https:\/\/www.facet.unt.edu.ar\/licfisica\/wp-content\/uploads\/sites\/57\/2025\/04\/2025-2-Calculo-Nivel-IV.pdf\" target=\"_blank\" rel=\"noopener noreferrer\">C\u00e1lculo Nivel IV<\/a><\/li>\n<\/ul>\n<p>Tercer A\u00f1o:<\/p>\n<ul>\n<li><a href=\"https:\/\/www.facet.unt.edu.ar\/licfisica\/wp-content\/uploads\/sites\/57\/2025\/04\/2025-3-Fisica-Moderna-y-Contemporanea.pdf\" target=\"_blank\" rel=\"noopener noreferrer\">F\u00edsica Moderna y Contempor\u00e1nea<\/a><\/li>\n<li><a href=\"https:\/\/www.facet.unt.edu.ar\/licfisica\/wp-content\/uploads\/sites\/57\/2025\/04\/2025-3-Quimica.pdf\" target=\"_blank\" rel=\"noopener noreferrer\">Qu\u00edmica<\/a><\/li>\n<li><a href=\"https:\/\/www.facet.unt.edu.ar\/licfisica\/wp-content\/uploads\/sites\/57\/2025\/04\/2025-3-Electromagnetismo-I.pdf\" target=\"_blank\" rel=\"noopener noreferrer\">Electromagnetismo I<\/a><\/li>\n<li><a href=\"https:\/\/www.facet.unt.edu.ar\/licfisica\/wp-content\/uploads\/sites\/57\/2025\/04\/2025-3-Matematica-para-Fisicos.pdf\" target=\"_blank\" rel=\"noopener noreferrer\">Matem\u00e1tica para F\u00edsicos<\/a><\/li>\n<li><a href=\"https:\/\/www.facet.unt.edu.ar\/licfisica\/wp-content\/uploads\/sites\/57\/2018\/03\/Programa-Lab-Fis-Mod-y-Cont-2017-1.pdf\" target=\"_blank\" rel=\"noopener noreferrer\">Laboratorio de F\u00edsica Moderna y Contempor\u00e1nea<\/a><\/li>\n<li><a href=\"https:\/\/www.facet.unt.edu.ar\/licfisica\/wp-content\/uploads\/sites\/57\/2018\/11\/EPISTEMOLOG\u00cdA-E-HISTORIA-DE-LA-F\u00cdSICA.pdf\" target=\"_blank\" rel=\"noopener noreferrer\">Epistemolog\u00eda e Historia de la F\u00edsica<\/a><\/li>\n<li><a href=\"https:\/\/www.facet.unt.edu.ar\/licfisica\/wp-content\/uploads\/sites\/57\/2025\/04\/2025-3-Electromagnetismo-II.pdf\" target=\"_blank\" rel=\"noopener noreferrer\">Electromagnetismo II<\/a><\/li>\n<li><a href=\"https:\/\/www.facet.unt.edu.ar\/licfisica\/wp-content\/uploads\/sites\/57\/2025\/04\/2025-3-Mecanica-Analitica.pdf\" target=\"_blank\" rel=\"noopener noreferrer\">Mec\u00e1nica Anal\u00edtica<\/a><\/li>\n<\/ul>\n<p>Cuarto A\u00f1o:<\/p>\n<ul>\n<li><a href=\"https:\/\/www.facet.unt.edu.ar\/licfisica\/wp-content\/uploads\/sites\/57\/2025\/04\/2025-4-Fisica-Estadistica-I.pdf\" target=\"_blank\" rel=\"noopener noreferrer\">F\u00edsica Estad\u00edstica I<\/a><\/li>\n<li><a href=\"https:\/\/www.facet.unt.edu.ar\/licfisica\/wp-content\/uploads\/sites\/57\/2025\/04\/2025-4-Mecanica-Cuantica-I.pdf\" target=\"_blank\" rel=\"noopener noreferrer\">Mec\u00e1nica Cu\u00e1ntica I<\/a><\/li>\n<li><a href=\"https:\/\/www.facet.unt.edu.ar\/licfisica\/wp-content\/uploads\/sites\/57\/2025\/04\/2025-4-Mecanica-de-Fluidos.pdf\" target=\"_blank\" rel=\"noopener noreferrer\">Mec\u00e1nica de Fluidos<\/a><\/li>\n<li><a href=\"https:\/\/www.facet.unt.edu.ar\/licfisica\/materias-optativas\/\" target=\"_blank\" rel=\"noopener noreferrer\">Laboratorio V<\/a><\/li>\n<li><a href=\"https:\/\/www.facet.unt.edu.ar\/licfisica\/wp-content\/uploads\/sites\/57\/2025\/04\/2025-4-Fisica-Estadistica-II.pdf\" target=\"_blank\" rel=\"noopener noreferrer\">F\u00edsica Estad\u00edstica II<\/a><\/li>\n<li><a href=\"https:\/\/www.facet.unt.edu.ar\/licfisica\/wp-content\/uploads\/sites\/57\/2025\/04\/2025-4-Mecanica-Cuantica-II.pdf\" target=\"_blank\" rel=\"noopener noreferrer\">Mec\u00e1nica Cu\u00e1ntica II<\/a><\/li>\n<li><a href=\"https:\/\/www.facet.unt.edu.ar\/licfisica\/wp-content\/uploads\/sites\/57\/2025\/04\/2025-4-Estados-de-la-Materia.pdf\" target=\"_blank\" rel=\"noopener noreferrer\">Estados de la Materia<\/a><\/li>\n<li><a href=\"https:\/\/www.facet.unt.edu.ar\/licfisica\/materias-optativas\/\" target=\"_blank\" rel=\"noopener noreferrer\">Laboratorio VI<\/a><\/li>\n<\/ul>\n<p>Quinto A\u00f1o:<\/p>\n<ul>\n<li><a href=\"https:\/\/www.facet.unt.edu.ar\/licfisica\/materias-optativas\/\" target=\"_blank\" rel=\"noopener noreferrer\">Optativa General I<\/a><\/li>\n<li><a href=\"https:\/\/www.facet.unt.edu.ar\/licfisica\/materias-optativas\/\" target=\"_blank\" rel=\"noopener noreferrer\">Optativa General II<\/a><\/li>\n<li><a href=\"https:\/\/www.facet.unt.edu.ar\/licfisica\/wp-content\/uploads\/sites\/57\/2020\/08\/Reglamento-Tesis-de-Licenciatura.pdf\" target=\"_blank\" rel=\"noopener noreferrer\">Optativa Espec\u00edfica I<\/a><\/li>\n<li><a href=\"https:\/\/www.facet.unt.edu.ar\/licfisica\/wp-content\/uploads\/sites\/57\/2020\/08\/Reglamento-Tesis-de-Licenciatura.pdf\" target=\"_blank\" rel=\"noopener noreferrer\">Optativa Espec\u00edfica II<\/a><\/li>\n<li><a href=\"https:\/\/www.facet.unt.edu.ar\/licfisica\/wp-content\/uploads\/sites\/57\/2021\/03\/Reglamento-Tesis-de-Licenciatura-aprobado-en-clasutro.pdf\" target=\"_blank\" rel=\"noopener noreferrer\">Tesis de Licenciatura<\/a><\/li>\n<\/ul>\n<p>Materias y Laboratorios Optativas:<\/p>\n<p>Lista de profesores a cargo de las <a href=\"https:\/\/www.facet.unt.edu.ar\/licfisica\/wp-content\/uploads\/sites\/57\/2021\/03\/optativas-2021.pdf\" target=\"_blank\" rel=\"noopener noreferrer\">Materias y Laboratorios Optativos 2021<\/a>.<\/p>\n<ul>\n<li><a href=\"https:\/\/www.facet.unt.edu.ar\/licfisica\/wp-content\/uploads\/sites\/57\/2021\/03\/Programa-CalculoV-2018-1.pdf\" target=\"_blank\" rel=\"noopener noreferrer\">C\u00e1lculo V<\/a><\/li>\n<li><a href=\"https:\/\/www.facet.unt.edu.ar\/licfisica\/wp-content\/uploads\/sites\/57\/2025\/08\/2025-4-Mecanica-Cuantica-Avanzada.pdf\" target=\"_blank\" rel=\"noopener noreferrer\">Cu\u00e1ntica Avanzada<\/a><\/li>\n<li><a href=\"https:\/\/www.facet.unt.edu.ar\/licfisica\/wp-content\/uploads\/sites\/57\/2019\/03\/OG-Electrodin\u00e1mica-y-Relatividad.pdf\" target=\"_blank\" rel=\"noopener noreferrer\">Electrodin\u00e1mica y Relatividad<\/a><\/li>\n<li><a href=\"https:\/\/www.facet.unt.edu.ar\/licfisica\/wp-content\/uploads\/sites\/57\/2021\/03\/Estadistica-y-Probabilidad.pdf\" target=\"_blank\" rel=\"noopener noreferrer\">Estad\u00edstica y Probabilidad<\/a><\/li>\n<li><a href=\"https:\/\/www.facet.unt.edu.ar\/licfisica\/wp-content\/uploads\/sites\/57\/2018\/03\/Programa-Fisica-Nuclear-2017.pdf\" target=\"_blank\" rel=\"noopener noreferrer\">F\u00edsica Nuclear<\/a><\/li>\n<li><a href=\"https:\/\/www.facet.unt.edu.ar\/licfisica\/wp-content\/uploads\/sites\/57\/2021\/03\/Fundamentos-del-Sensado-Remoto-2020-LF.pdf\" target=\"_blank\" rel=\"noopener noreferrer\">Fundamentos del Sensado Remoto<\/a><\/li>\n<li><a href=\"https:\/\/www.facet.unt.edu.ar\/licfisica\/wp-content\/uploads\/sites\/57\/2021\/03\/Geometria-Diferencial.pdf\" target=\"_blank\" rel=\"noopener noreferrer\">Geometr\u00eda Diferencia<\/a><\/li>\n<li><a href=\"https:\/\/www.facet.unt.edu.ar\/licfisica\/wp-content\/uploads\/sites\/57\/2021\/03\/Introduccion-a-la-Fisica-de-la-Atm.pdf\" target=\"_blank\" rel=\"noopener noreferrer\">Introducci\u00f3n a la F\u00edsica de la Atm\u00f3sfera<\/a><\/li>\n<li><a href=\"https:\/\/www.facet.unt.edu.ar\/licfisica\/wp-content\/uploads\/sites\/57\/2019\/03\/Optativa-General-Introducci\u00f3n-a-la-Investigaci\u00f3n-Cient\u00edfica-Programa-2019-2.pdf\" target=\"_blank\" rel=\"noopener noreferrer\">Introducci\u00f3n a la Investigaci\u00f3n Cient\u00edfica<\/a><\/li>\n<li><a href=\"https:\/\/www.facet.unt.edu.ar\/licfisica\/wp-content\/uploads\/sites\/57\/2021\/03\/Introduccion-al-CalculoNumerico-y-Programacion.pdf\" target=\"_blank\" rel=\"noopener noreferrer\">Introducci\u00f3n al C\u00e1lculo Num\u00e9rico y Programaci\u00f3n<\/a><\/li>\n<li><a href=\"https:\/\/www.facet.unt.edu.ar\/licfisica\/wp-content\/uploads\/sites\/57\/2019\/03\/OG-Instr.-Medici\u00f3n.pdf\" target=\"_blank\" rel=\"noopener noreferrer\">Instrumentos de Medici\u00f3n<\/a><\/li>\n<li><a href=\"https:\/\/www.facet.unt.edu.ar\/licfisica\/wp-content\/uploads\/sites\/57\/2018\/03\/Programa-Lab-Electronica-y-Transductores-2017.pdf\" target=\"_blank\" rel=\"noopener noreferrer\">Laboratorio de Electr\u00f3nica y Transductores<\/a><\/li>\n<li><a href=\"https:\/\/www.facet.unt.edu.ar\/licfisica\/wp-content\/uploads\/sites\/57\/2018\/12\/Computaci\u00f3n2018.pdf\">Laboratorio de Computaci\u00f3n<\/a><\/li>\n<li><a href=\"https:\/\/www.facet.unt.edu.ar\/licfisica\/wp-content\/uploads\/sites\/57\/2019\/03\/L-OG-Lab-Fisicoqu\u00edmica-1.pdf\" target=\"_blank\" rel=\"noopener noreferrer\">Laboratorio de Fisicoqu\u00edmica<\/a><\/li>\n<li><a href=\"https:\/\/www.facet.unt.edu.ar\/licfisica\/wp-content\/uploads\/sites\/57\/2019\/03\/L-OG-Laboratorio-de-Materiales.pdf\" target=\"_blank\" rel=\"noopener noreferrer\">Laboratorio de Materiales<\/a><\/li>\n<li><a href=\"https:\/\/www.facet.unt.edu.ar\/licfisica\/wp-content\/uploads\/sites\/57\/2020\/02\/Laboratorio-de-Fluidos.pdf\" target=\"_blank\" rel=\"noopener noreferrer\">Laboratorio de Mec\u00e1nica de Fluidos<\/a><\/li>\n<li><a href=\"https:\/\/www.facet.unt.edu.ar\/licfisica\/wp-content\/uploads\/sites\/57\/2018\/03\/vacio.pdf\" target=\"_blank\" rel=\"noopener noreferrer\">Laboratorio de T\u00e9cnicas de Vac\u00edo<\/a><\/li>\n<li><a href=\"https:\/\/www.facet.unt.edu.ar\/licfisica\/wp-content\/uploads\/sites\/57\/2018\/12\/LABORATORIO-DE-REOLOG\u00cdA.pdf\" target=\"_blank\" rel=\"noopener noreferrer\">Laboratorio de Reolog\u00eda<\/a><\/li>\n<li><a href=\"https:\/\/www.facet.unt.edu.ar\/licfisica\/wp-content\/uploads\/sites\/57\/2018\/03\/programas-Optativa-Optica-2016.pdf\" target=\"_blank\" rel=\"noopener noreferrer\">\u00d3ptica<\/a><\/li>\n<li><a href=\"https:\/\/www.facet.unt.edu.ar\/licfisica\/wp-content\/uploads\/sites\/57\/2019\/03\/L-OG-Proyectos-de-Investigaci\u00f3n.pdf\" target=\"_blank\" rel=\"noopener noreferrer\">Proyectos de Investigaci\u00f3n<\/a><\/li>\n<li><a href=\"https:\/\/www.facet.unt.edu.ar\/licfisica\/wp-content\/uploads\/sites\/57\/2019\/03\/OG-Resist-Materiales.pdf\" target=\"_blank\" rel=\"noopener noreferrer\">Resistencia de Materiales<\/a><\/li>\n<li><a href=\"https:\/\/www.facet.unt.edu.ar\/licfisica\/wp-content\/uploads\/sites\/57\/2021\/03\/Sistemas-dinamicos-no-lineales.pdf\" target=\"_blank\" rel=\"noopener noreferrer\">Sistemas no Lineales<\/a><\/li>\n<li><a href=\"https:\/\/www.facet.unt.edu.ar\/licfisica\/wp-content\/uploads\/sites\/57\/2018\/03\/Termodinamica-y-Fisica-Clasica.pdf\" target=\"_blank\" rel=\"noopener noreferrer\">Termodin\u00e1mica F\u00edsica Cl\u00e1sica<\/a><\/li>\n<\/ul>\n","protected":false},"excerpt":{"rendered":"<p>Primer A\u00f1o: Mec\u00e1nica Laboratorio I C\u00e1lculo Nivel I Algebra y Geometria Analitica I Ondas y Termodin\u00e1mica Laboratorio II C\u00e1lculo Nivel II \u00c1lgebra y Geometr\u00eda Anal\u00edtica II Segundo A\u00f1o: Electricidad y Magnetismo Laboratorio III C\u00e1lculo Nivel III Ondas Electromagn\u00e9ticas y \u00d3ptica Laboratorio IV C\u00e1lculo Nivel IV Tercer A\u00f1o: F\u00edsica Moderna y Contempor\u00e1nea Qu\u00edmica Electromagnetismo I Matem\u00e1tica [&hellip;]<\/p>\n","protected":false},"author":101036,"featured_media":0,"parent":0,"menu_order":4,"comment_status":"closed","ping_status":"closed","template":"","meta":[],"_links":{"self":[{"href":"https:\/\/www.facet.unt.edu.ar\/licfisica\/wp-json\/wp\/v2\/pages\/152"}],"collection":[{"href":"https:\/\/www.facet.unt.edu.ar\/licfisica\/wp-json\/wp\/v2\/pages"}],"about":[{"href":"https:\/\/www.facet.unt.edu.ar\/licfisica\/wp-json\/wp\/v2\/types\/page"}],"author":[{"embeddable":true,"href":"https:\/\/www.facet.unt.edu.ar\/licfisica\/wp-json\/wp\/v2\/users\/101036"}],"replies":[{"embeddable":true,"href":"https:\/\/www.facet.unt.edu.ar\/licfisica\/wp-json\/wp\/v2\/comments?post=152"}],"version-history":[{"count":41,"href":"https:\/\/www.facet.unt.edu.ar\/licfisica\/wp-json\/wp\/v2\/pages\/152\/revisions"}],"predecessor-version":[{"id":582,"href":"https:\/\/www.facet.unt.edu.ar\/licfisica\/wp-json\/wp\/v2\/pages\/152\/revisions\/582"}],"wp:attachment":[{"href":"https:\/\/www.facet.unt.edu.ar\/licfisica\/wp-json\/wp\/v2\/media?parent=152"}],"curies":[{"name":"wp","href":"https:\/\/api.w.org\/{rel}","templated":true}]}}