{"id":181,"date":"2018-03-13T01:14:17","date_gmt":"2018-03-13T04:14:17","guid":{"rendered":"https:\/\/www.facet.unt.edu.ar\/licfisica\/?page_id=181"},"modified":"2025-10-20T08:27:20","modified_gmt":"2025-10-20T11:27:20","slug":"enlaces-de-interes","status":"publish","type":"page","link":"https:\/\/www.facet.unt.edu.ar\/licfisica\/enlaces-de-interes\/","title":{"rendered":"Enlaces de Inter\u00e9s"},"content":{"rendered":"<p><a href=\"https:\/\/www.facet.unt.edu.ar\/dpto-fisica\/\" target=\"_blank\" rel=\"noopener\">P\u00e1gina del Departamento de F\u00edsica &#8211; FACET &#8211; UNT<\/a><\/p>\n<p><a href=\"https:\/\/www.facet.unt.edu.ar\/tecfisica\/\" target=\"_blank\" rel=\"noopener\">P\u00e1gina de la Tecnicatura Universitaria en F\u00edsica<\/a><\/p>\n<p><a href=\"https:\/\/www.facet.unt.edu.ar\/tecfisicaambiental\/\" target=\"_blank\" rel=\"noopener\">P\u00e1gina de la Tecnicatura Universitaria en F\u00edsica Ambiental<\/a><\/p>\n<p><a href=\"https:\/\/www.facet.unt.edu.ar\/lafiso\/\" target=\"_blank\" rel=\"noopener\">P\u00e1gina del Laboratorio de F\u00edsica del S\u00f3lido (LAFISO &#8211; FACET &#8211; UNT)<\/a><\/p>\n<p><a href=\"https:\/\/www.facet.unt.edu.ar\/nanoproject\/\" target=\"_blank\" rel=\"noopener\">P\u00e1gina del Grupo Nanoproject (FACET &#8211; UNT)<\/a><\/p>\n","protected":false},"excerpt":{"rendered":"<p>P\u00e1gina del Departamento de F\u00edsica &#8211; FACET &#8211; UNT P\u00e1gina de la Tecnicatura Universitaria en F\u00edsica P\u00e1gina de la Tecnicatura Universitaria en F\u00edsica Ambiental P\u00e1gina del Laboratorio de F\u00edsica del S\u00f3lido (LAFISO &#8211; FACET &#8211; UNT) P\u00e1gina del Grupo Nanoproject (FACET &#8211; UNT)<\/p>\n","protected":false},"author":101036,"featured_media":0,"parent":0,"menu_order":6,"comment_status":"closed","ping_status":"closed","template":"","meta":[],"_links":{"self":[{"href":"https:\/\/www.facet.unt.edu.ar\/licfisica\/wp-json\/wp\/v2\/pages\/181"}],"collection":[{"href":"https:\/\/www.facet.unt.edu.ar\/licfisica\/wp-json\/wp\/v2\/pages"}],"about":[{"href":"https:\/\/www.facet.unt.edu.ar\/licfisica\/wp-json\/wp\/v2\/types\/page"}],"author":[{"embeddable":true,"href":"https:\/\/www.facet.unt.edu.ar\/licfisica\/wp-json\/wp\/v2\/users\/101036"}],"replies":[{"embeddable":true,"href":"https:\/\/www.facet.unt.edu.ar\/licfisica\/wp-json\/wp\/v2\/comments?post=181"}],"version-history":[{"count":3,"href":"https:\/\/www.facet.unt.edu.ar\/licfisica\/wp-json\/wp\/v2\/pages\/181\/revisions"}],"predecessor-version":[{"id":584,"href":"https:\/\/www.facet.unt.edu.ar\/licfisica\/wp-json\/wp\/v2\/pages\/181\/revisions\/584"}],"wp:attachment":[{"href":"https:\/\/www.facet.unt.edu.ar\/licfisica\/wp-json\/wp\/v2\/media?parent=181"}],"curies":[{"name":"wp","href":"https:\/\/api.w.org\/{rel}","templated":true}]}}