{"id":185,"date":"2018-04-16T16:46:58","date_gmt":"2018-04-16T19:46:58","guid":{"rendered":"https:\/\/www.facet.unt.edu.ar\/licfisica\/?page_id=185"},"modified":"2018-04-16T22:01:09","modified_gmt":"2018-04-17T01:01:09","slug":"contacto","status":"publish","type":"page","link":"https:\/\/www.facet.unt.edu.ar\/licfisica\/contacto\/","title":{"rendered":"Contacto"},"content":{"rendered":"<p><strong>Domicilio del Departamento de F\u00edsica<\/strong><\/p>\n<div><a href=\"https:\/\/maps.google.com\/?q=Av.+Independencia+1800&amp;entry=gmail&amp;source=g\">Av. Independencia 1800<\/a>\u00a0Block 2 Planta Baja<\/div>\n<div>CP: 4000 &#8211; San Miguel de Tucum\u00e1n, Tucum\u00e1n<\/div>\n<div><a href=\"https:\/\/www.facet.unt.edu.ar\/licfisica\/wp-content\/uploads\/sites\/57\/2018\/04\/Mapita.png\"><img decoding=\"async\" loading=\"lazy\" class=\"alignnone size-full wp-image-189\" src=\"https:\/\/www.facet.unt.edu.ar\/licfisica\/wp-content\/uploads\/sites\/57\/2018\/04\/Mapita.png\" alt=\"\" width=\"655\" height=\"598\" srcset=\"https:\/\/www.facet.unt.edu.ar\/licfisica\/wp-content\/uploads\/sites\/57\/2018\/04\/Mapita.png 655w, https:\/\/www.facet.unt.edu.ar\/licfisica\/wp-content\/uploads\/sites\/57\/2018\/04\/Mapita-300x274.png 300w\" sizes=\"(max-width: 655px) 100vw, 655px\" \/><\/a><\/div>\n<p><a href=\"https:\/\/docs.google.com\/forms\/d\/e\/1FAIpQLSdrFHDyVxo1xKjHuXKBndqy7oFQsUW7MM3JmL-FpMFNu13cdw\/viewform\" target=\"_blank\" rel=\"noopener\"><img decoding=\"async\" loading=\"lazy\" class=\"wp-image-206 alignright\" src=\"https:\/\/www.facet.unt.edu.ar\/licfisica\/wp-content\/uploads\/sites\/57\/2018\/04\/form-lic.jpg\" alt=\"\" width=\"193\" height=\"123\" srcset=\"https:\/\/www.facet.unt.edu.ar\/licfisica\/wp-content\/uploads\/sites\/57\/2018\/04\/form-lic.jpg 718w, https:\/\/www.facet.unt.edu.ar\/licfisica\/wp-content\/uploads\/sites\/57\/2018\/04\/form-lic-300x191.jpg 300w\" sizes=\"(max-width: 193px) 100vw, 193px\" \/><\/a><\/p>\n<div><strong>Tel\u00e9fono Secretar\u00eda F\u00edsica <\/strong><\/div>\n<div>(54) (0381) 4364093 Int. 7575<\/div>\n<div style=\"text-align: right;\">\u00a0<strong>Cualquier consulta, no dudes en contactarte por <a href=\"https:\/\/docs.google.com\/forms\/d\/e\/1FAIpQLSdrFHDyVxo1xKjHuXKBndqy7oFQsUW7MM3JmL-FpMFNu13cdw\/viewform\" target=\"_blank\" rel=\"noopener\">aqu\u00ed:<\/a><\/strong><\/div>\n<div><\/div>\n","protected":false},"excerpt":{"rendered":"<p>Domicilio del Departamento de F\u00edsica Av. Independencia 1800\u00a0Block 2 Planta Baja CP: 4000 &#8211; San Miguel de Tucum\u00e1n, Tucum\u00e1n Tel\u00e9fono Secretar\u00eda F\u00edsica (54) (0381) 4364093 Int. 7575 \u00a0Cualquier consulta, no dudes en contactarte por aqu\u00ed:<\/p>\n","protected":false},"author":101036,"featured_media":0,"parent":0,"menu_order":7,"comment_status":"closed","ping_status":"closed","template":"","meta":[],"_links":{"self":[{"href":"https:\/\/www.facet.unt.edu.ar\/licfisica\/wp-json\/wp\/v2\/pages\/185"}],"collection":[{"href":"https:\/\/www.facet.unt.edu.ar\/licfisica\/wp-json\/wp\/v2\/pages"}],"about":[{"href":"https:\/\/www.facet.unt.edu.ar\/licfisica\/wp-json\/wp\/v2\/types\/page"}],"author":[{"embeddable":true,"href":"https:\/\/www.facet.unt.edu.ar\/licfisica\/wp-json\/wp\/v2\/users\/101036"}],"replies":[{"embeddable":true,"href":"https:\/\/www.facet.unt.edu.ar\/licfisica\/wp-json\/wp\/v2\/comments?post=185"}],"version-history":[{"count":8,"href":"https:\/\/www.facet.unt.edu.ar\/licfisica\/wp-json\/wp\/v2\/pages\/185\/revisions"}],"predecessor-version":[{"id":212,"href":"https:\/\/www.facet.unt.edu.ar\/licfisica\/wp-json\/wp\/v2\/pages\/185\/revisions\/212"}],"wp:attachment":[{"href":"https:\/\/www.facet.unt.edu.ar\/licfisica\/wp-json\/wp\/v2\/media?parent=185"}],"curies":[{"name":"wp","href":"https:\/\/api.w.org\/{rel}","templated":true}]}}