{"id":292,"date":"2019-03-12T09:43:53","date_gmt":"2019-03-12T12:43:53","guid":{"rendered":"https:\/\/www.facet.unt.edu.ar\/licfisica\/?page_id=292"},"modified":"2022-08-16T10:14:36","modified_gmt":"2022-08-16T13:14:36","slug":"tesis-de-licenciatura-rendidas-plan-2001","status":"publish","type":"page","link":"https:\/\/www.facet.unt.edu.ar\/licfisica\/tesis-de-licenciatura-rendidas-plan-2001\/","title":{"rendered":"Tesis Rendidas"},"content":{"rendered":"<p>Las Tesis de Licenciatura rendidas en los\u00a0\u00faltimos a\u00f1os:<\/p>\n<p>El reglamento de Tesis de Licenciatura y las Optativas Espec\u00edficas I y II vigente desde agosto 2020 est\u00e1 disponible <a href=\"https:\/\/www.facet.unt.edu.ar\/licfisica\/wp-content\/uploads\/sites\/57\/2021\/03\/Reglamento-Tesis-de-Licenciatura-aprobado-en-clasutro.pdf\" target=\"_blank\" rel=\"noopener noreferrer\">aqu\u00ed<\/a>.<\/p>\n<ul>\n<li><a href=\"https:\/\/www.facet.unt.edu.ar\/licfisica\/wp-content\/uploads\/sites\/57\/2022\/08\/Tesis-Gustavo-Vischi.pdf\" target=\"_blank\" rel=\"noopener\">Teorema de Noether aplicado al problema de St\u00f6rmer<\/a>.<br \/>\n<strong>Gustavo Daniel Vischi<\/strong>. 2022<\/p>\n<hr \/>\n<\/li>\n<li><a href=\"https:\/\/www.facet.unt.edu.ar\/licfisica\/wp-content\/uploads\/sites\/57\/2022\/03\/TESIS-DE-LICENCIATURA-E.-Comedi.pdf\">Efecto de las variaciones seculares del campo geomagn\u00e9tico en el ingreso de part\u00edculas cargadas a la atm\u00f3sfera<\/a>.<br \/>\n<strong>Emanuel Shai Comedi<\/strong>. 2021<\/p>\n<hr \/>\n<\/li>\n<\/ul>\n<ul>\n<li><a href=\"https:\/\/www.facet.unt.edu.ar\/licfisica\/wp-content\/uploads\/sites\/57\/2022\/02\/Tesis_Gramajo.ML_NanoZnO-Hidrotermal.pdf\" target=\"_blank\" rel=\"noopener noreferrer\">Par\u00e1metros que afectan el crecimiento de nanoestructuras de ZnO por s\u00edntesis hidrotermal<\/a>.<br \/>\n<strong>Mar\u00eda Lourdes Gramajo. <\/strong>2021<\/p>\n<hr \/>\n<\/li>\n<li><a href=\"https:\/\/www.facet.unt.edu.ar\/licfisica\/wp-content\/uploads\/sites\/57\/2021\/04\/Tesis-FloresIvaldi-2020-Final.pdf\">Asociaci\u00f3n entre las tormentas geomagn\u00e9ticas y la Oscilaci\u00f3n del Atl\u00e1ntico Norte<\/a>.<br \/>\n<strong>Gerardo Luciano Flores Ivaldi<\/strong>. 2020.<\/p>\n<hr \/>\n<\/li>\n<li><a href=\"https:\/\/www.facet.unt.edu.ar\/licfisica\/wp-content\/uploads\/sites\/57\/2019\/06\/Tom\u00e1s-Eugenio-Garc\u00eda-Fern\u00e1ndez.pdf\" target=\"_blank\" rel=\"noopener noreferrer\">Obtenci\u00f3n de Grafeno por M\u00e9todos Fisicoqu\u00edmicos<\/a>.<br \/>\n<strong>Tom\u00e1s Eugenio Garc\u00eda Fern\u00e1ndez<\/strong>. 2019.<\/p>\n<hr \/>\n<\/li>\n<li><a href=\"https:\/\/www.facet.unt.edu.ar\/licfisica\/wp-content\/uploads\/sites\/57\/2019\/04\/2019-Calderari-Luis.pdf\" target=\"_blank\" rel=\"noopener noreferrer\">Difusi\u00f3n de la Radiaci\u00f3n Optica. Propuesta de una Metodolog\u00eda \u00d3ptica Alternativa para Caracterizar la Poluci\u00f3n Ambiental en \u00c9poca de Zafra, en Tucum\u00e1n<\/a>.<br \/>\n<strong>Luis Fernando Calderari<\/strong>. 2019.<\/p>\n<hr \/>\n<\/li>\n<li><a href=\"https:\/\/www.facet.unt.edu.ar\/licfisica\/wp-content\/uploads\/sites\/57\/2019\/04\/2019-Medina-Franco.pdf\" target=\"_blank\" rel=\"noopener noreferrer\">La Actividad Geomagn\u00e9tica y el Efecto Invernadero como Posibles Forzantes de la Variaci\u00f3n a Largo Plazo de la Precipitaci\u00f3n Extrema en Tucum\u00e1n<\/a>.<br \/>\n<strong>Franco D. Medina<\/strong>. 2019<\/p>\n<hr \/>\n<\/li>\n<li><a href=\"https:\/\/www.facet.unt.edu.ar\/licfisica\/wp-content\/uploads\/sites\/57\/2018\/12\/Tesis-FacundoVillavicencio-sept2018.pdf\" target=\"_blank\" rel=\"noopener noreferrer\">Estudio de un Modelo Te\u00f3rico para el Doblamiento de Bandas en un Semiconductor<\/a>.<br \/>\n<strong>Facundo Lautaro Villavicencio<\/strong>. 2018.<\/p>\n<hr \/>\n<\/li>\n<li><a href=\"https:\/\/www.facet.unt.edu.ar\/licfisica\/wp-content\/uploads\/sites\/57\/2018\/12\/Ezequiel-Corbacho-agosto2018.pdf\" target=\"_blank\" rel=\"noopener noreferrer\">Estudio de las Perturbaciones Ionosf\u00e9ricas Viajeras Sub \u2013 Ecuatoriales<\/a>.<br \/>\n<strong>Ricardo Ezequiel Corbacho<\/strong>. 2018.<\/p>\n<hr \/>\n<\/li>\n<li><a href=\"https:\/\/www.facet.unt.edu.ar\/licfisica\/wp-content\/uploads\/sites\/57\/2019\/04\/2018-V%C3%A1zquez-Juan-P.pdf\" target=\"_blank\" rel=\"noopener noreferrer\">Estudio del campo de radiaci\u00f3n ionizante producido por fuentes radiactivas en condiciones aplicables a una planta de irradiaci\u00f3n semi industrial.<\/a><br \/>\n<strong>Juan Pablo Vazquez<\/strong>. 2018.<\/p>\n<hr \/>\n<\/li>\n<li><a href=\"https:\/\/www.facet.unt.edu.ar\/licfisica\/wp-content\/uploads\/sites\/57\/2018\/12\/Lucio-Lanoel-Propiedades-de-transporte-de-superconductores-de-FeSe%E2%80%9D-Lab-de-F%C3%ADsica-del-S%C3%B3lido-mar2017.pdf\" target=\"_blank\" rel=\"noopener noreferrer\">Propiedades de Transporte de Superconductores de FeSe<\/a>.<br \/>\n<strong>Lucio Lano\u00ebl<\/strong>. 2017.<\/p>\n<hr \/>\n<\/li>\n<li><a href=\"https:\/\/www.facet.unt.edu.ar\/licfisica\/wp-content\/uploads\/sites\/57\/2019\/04\/2017-Bachi-Nicol%C3%A1s.pdf\" target=\"_blank\" rel=\"noopener noreferrer\">Propiedades fotoconductoras de monocristales y l\u00b4aminas delgadas de SrTiO3<\/a>.<br \/>\n<strong>Nicol\u00e1s Bachi.<\/strong> 2017.<\/p>\n<hr \/>\n<\/li>\n<li><a href=\"https:\/\/www.facet.unt.edu.ar\/licfisica\/wp-content\/uploads\/sites\/57\/2019\/04\/2017-Cabal%C3%ADn-Anal%C3%ADa.pdf\" target=\"_blank\" rel=\"noopener noreferrer\">Caracterizaci\u00f3n Diel\u00e9ctrica y Reol\u00f3gica de Ceras de Ca\u00f1a de Az\u00facar<\/a>.<br \/>\n<strong>Anal\u00eda Cabal\u00edn<\/strong>. 2017.<\/p>\n<hr \/>\n<\/li>\n<li><a href=\"https:\/\/www.facet.unt.edu.ar\/licfisica\/wp-content\/uploads\/sites\/57\/2018\/12\/Patricio-Alastuey-\u00d3XIDOS-TRANSPARENTES-CONDUCTORES-CON-APLICACIONES-EN-LA-INDUSTRIA-OPTOELECTR\u00d3NICA-NANOTECNOLOGIA-jun2016.pdf\" target=\"_blank\" rel=\"noopener noreferrer\">\u00d3xidos Transparentes Conductores con Aplicaciones en la Industria Optoelectr\u00f3nica: S\u00edntesis y Caracterizaci\u00f3n.<\/a><br \/>\n<strong>Patricio Alastuey.<\/strong>\u00a02016.<\/p>\n<hr \/>\n<\/li>\n<li><a href=\"https:\/\/www.facet.unt.edu.ar\/licfisica\/wp-content\/uploads\/sites\/57\/2018\/12\/Bruno-Zossi-Consecuencias-de-las-variaciones-seculares-del-campo-magn%C3%A9tico-de-la-Tierra-feb2016.pdf\" target=\"_blank\" rel=\"noopener noreferrer\">Consecuencias de las variaciones seculares del campo magn\u00e9tico de la Tierra. Extrapolaci\u00f3n a una configuraci\u00f3n cuadrupolar durante una inversi\u00f3n de polaridad<\/a>.<br \/>\n<strong>Bruno S. Zossi<\/strong>. 2016.<\/p>\n<hr \/>\n<\/li>\n<li><a href=\"https:\/\/www.facet.unt.edu.ar\/licfisica\/wp-content\/uploads\/sites\/57\/2018\/12\/Dario-Javier-Zamora-Efectos-de-Tratamientos-Termicos-Lab-de-Fisica-del-S%C3%B3lido-feb2016.pdf\" target=\"_blank\" rel=\"noopener noreferrer\">Efectos de Tratamientos T\u00e9rmicos en la Fotoconductividad de Microhilos de ZnO<\/a>.<br \/>\n<strong>Dar\u00edo Javier Zamora<\/strong>. 2016.<\/p>\n<hr \/>\n<\/li>\n<li><a href=\"https:\/\/www.facet.unt.edu.ar\/licfisica\/wp-content\/uploads\/sites\/57\/2019\/04\/Ana-C-Moreno-M-Estudio-macrosc%C3%B3pico-y-Espectrosc%C3%B3pico-de-nafta-s%C3%BAper-jul2016.pdf\" target=\"_blank\" rel=\"noopener noreferrer\">Estudio macrosc\u00f3pico y Espectrosc\u00f3pico de nafta s\u00faper comercial YPF en el rango de temperaturas de 283-323 K<\/a>.<br \/>\n<strong>Ana Carolina Moreno Maldonado<\/strong>. 2016.<\/p>\n<hr \/>\n<\/li>\n<li><a href=\"https:\/\/www.facet.unt.edu.ar\/licfisica\/wp-content\/uploads\/sites\/57\/2018\/12\/Tesis-Nu%C3%B1ez-dic2016.pdf\" target=\"_blank\" rel=\"noopener noreferrer\">Estudio Termodin\u00e1mico y Espectrosc\u00f3pico del Sistema nafta Infinia comercial YPF + etanol a 303 K<\/a>.<br \/>\n<strong>Jorge Mart\u00edn Nu\u00f1ez<\/strong>. 2016.<\/p>\n<hr \/>\n<\/li>\n<li><a href=\"https:\/\/www.facet.unt.edu.ar\/licfisica\/wp-content\/uploads\/sites\/57\/2018\/12\/Tesis-Valentin-LAFIAT-marzo2016.pdf\" target=\"_blank\" rel=\"noopener noreferrer\">Efectos de variaciones en el campo magn\u00e9tico de la Tierra sobre la regi\u00f3n F2 de la ionosfera<\/a>.<br \/>\n<strong>Jos\u00e9 Valent\u00edn Venchiarutti<\/strong>. 2016.<\/p>\n<hr \/>\n<\/li>\n<li><a href=\"https:\/\/www.facet.unt.edu.ar\/licfisica\/wp-content\/uploads\/sites\/57\/2019\/04\/2015-Jim%C3%A9nez-Mar%C3%ADa-Julia.pdf\" target=\"_blank\" rel=\"noopener noreferrer\">Diagramas de Fases del Sistema Metal\u00fargico Circonio-Esta\u00f1o-Hierro<\/a>.<br \/>\n<strong>Mar\u00eda Julia Jim\u00e9nez<\/strong>. 2015.<\/p>\n<hr \/>\n<\/li>\n<li><a href=\"https:\/\/www.facet.unt.edu.ar\/licfisica\/wp-content\/uploads\/sites\/57\/2019\/04\/Leal-Sebastian-2015.pdf\" target=\"_blank\" rel=\"noopener noreferrer\">Determinaci\u00f3n de perfiles de densidad electr\u00f3nica mediante radio-ocultaci\u00f3n<\/a>.<br \/>\n<strong>Sebastian Leal<\/strong>. 2015.<\/p>\n<hr \/>\n<\/li>\n<li><a href=\"https:\/\/www.facet.unt.edu.ar\/licfisica\/wp-content\/uploads\/sites\/57\/2019\/04\/2012-Straube-Benjam%C3%ADn.pdf\" target=\"_blank\" rel=\"noopener noreferrer\">Estudio de una celda tipo Kerr como fuente de Entrelazamiento Cu\u00e1ntico<\/a>.<br \/>\n<strong>Benjamin Straube<\/strong>. 2014.<\/p>\n<hr \/>\n<\/li>\n<li><a href=\"https:\/\/www.facet.unt.edu.ar\/licfisica\/wp-content\/uploads\/sites\/57\/2019\/04\/2012-Vega-Nadia.pdf\" target=\"_blank\" rel=\"noopener noreferrer\">Fabricaci\u00f3n y Propiedades Optoel\u00e9ctricas de Nanoestructuras de ZnO<\/a>.<br \/>\n<strong>Nadia Celeste Vega<\/strong>. 2012.<\/p>\n<hr \/>\n<\/li>\n<li><a href=\"https:\/\/www.facet.unt.edu.ar\/licfisica\/wp-content\/uploads\/sites\/57\/2019\/04\/2012-Veliz-Jonatan-H.pdf\" target=\"_blank\" rel=\"noopener noreferrer\">Equilibrio Liquido \u2013 Liquido del Sistema Metanol + Hidrocarburos. Naftas Reformuladas<\/a>.<br \/>\n<strong>Jonat\u00e1n Hern\u00e1n Veliz<\/strong>. 2012.<\/p>\n<hr \/>\n<\/li>\n<li><a href=\"https:\/\/www.facet.unt.edu.ar\/licfisica\/wp-content\/uploads\/sites\/57\/2019\/04\/2012-G%C3%B3mez-Adri%C3%A1n.pdf\" target=\"_blank\" rel=\"noopener noreferrer\">Determinaci\u00f3n del factor de intensificaci\u00f3n de tensiones KIH en direcci\u00f3n radial en tubos de presi\u00f3n Zr-2,5% Nb de fabricaci\u00f3n nacional<\/a>.<br \/>\n<strong>Adri\u00e1n G\u00f3mez<\/strong>. 2012.<\/p>\n<hr \/>\n<\/li>\n<li><a href=\"https:\/\/www.facet.unt.edu.ar\/licfisica\/wp-content\/uploads\/sites\/57\/2019\/04\/2008-Molina-M.-Laura.pdf\" target=\"_blank\" rel=\"noopener noreferrer\">Modelo para estimar Radiaci\u00f3n Solar Global en una Atm\u00f3sfera sin nubes<\/a>.<br \/>\n<strong>Mar\u00eda Laura Molina. <\/strong>2008.<\/p>\n<hr \/>\n<\/li>\n<li><a href=\"https:\/\/www.facet.unt.edu.ar\/licfisica\/wp-content\/uploads\/sites\/57\/2019\/04\/Corregidor-Diego-2006.pdf\" target=\"_blank\" rel=\"noopener noreferrer\">Estudio de bordes de granos en Zirconio hcp<\/a>.<br \/>\n<strong>Diego Corregidor<\/strong>. 2006.<\/p>\n<hr \/>\n<\/li>\n<li><a href=\"https:\/\/www.facet.unt.edu.ar\/licfisica\/wp-content\/uploads\/sites\/57\/2019\/04\/2003-Bridoux-Germ%C3%A1n.pdf\" target=\"_blank\" rel=\"noopener noreferrer\">Transici\u00f3n inducida por campo el\u00e9ctrico en l\u00e1minas delgadas de La05Ca0.5MnO3<\/a>.<br \/>\n<strong>Germ\u00e1n Bridoux<\/strong>. 2003<\/p>\n<hr \/>\n<\/li>\n<\/ul>\n","protected":false},"excerpt":{"rendered":"<p>Las Tesis de Licenciatura rendidas en los\u00a0\u00faltimos a\u00f1os: El reglamento de Tesis de Licenciatura y las Optativas Espec\u00edficas I y II vigente desde agosto 2020 est\u00e1 disponible aqu\u00ed. Teorema de Noether aplicado al problema de St\u00f6rmer. Gustavo Daniel Vischi. 2022 Efecto de las variaciones seculares del campo geomagn\u00e9tico en el ingreso de part\u00edculas cargadas a [&hellip;]<\/p>\n","protected":false},"author":101036,"featured_media":0,"parent":0,"menu_order":5,"comment_status":"closed","ping_status":"closed","template":"","meta":[],"_links":{"self":[{"href":"https:\/\/www.facet.unt.edu.ar\/licfisica\/wp-json\/wp\/v2\/pages\/292"}],"collection":[{"href":"https:\/\/www.facet.unt.edu.ar\/licfisica\/wp-json\/wp\/v2\/pages"}],"about":[{"href":"https:\/\/www.facet.unt.edu.ar\/licfisica\/wp-json\/wp\/v2\/types\/page"}],"author":[{"embeddable":true,"href":"https:\/\/www.facet.unt.edu.ar\/licfisica\/wp-json\/wp\/v2\/users\/101036"}],"replies":[{"embeddable":true,"href":"https:\/\/www.facet.unt.edu.ar\/licfisica\/wp-json\/wp\/v2\/comments?post=292"}],"version-history":[{"count":22,"href":"https:\/\/www.facet.unt.edu.ar\/licfisica\/wp-json\/wp\/v2\/pages\/292\/revisions"}],"predecessor-version":[{"id":375,"href":"https:\/\/www.facet.unt.edu.ar\/licfisica\/wp-json\/wp\/v2\/pages\/292\/revisions\/375"}],"wp:attachment":[{"href":"https:\/\/www.facet.unt.edu.ar\/licfisica\/wp-json\/wp\/v2\/media?parent=292"}],"curies":[{"name":"wp","href":"https:\/\/api.w.org\/{rel}","templated":true}]}}