{"id":449,"date":"2020-09-21T15:39:52","date_gmt":"2020-09-21T18:39:52","guid":{"rendered":"https:\/\/www.facet.unt.edu.ar\/licfisica\/?page_id=449"},"modified":"2022-03-08T08:48:01","modified_gmt":"2022-03-08T11:48:01","slug":"materias-optativas","status":"publish","type":"page","link":"https:\/\/www.facet.unt.edu.ar\/licfisica\/materias-optativas\/","title":{"rendered":"Materias Optativas"},"content":{"rendered":"<p>Listado de profesores a cargo de las <a href=\"https:\/\/www.facet.unt.edu.ar\/licfisica\/wp-content\/uploads\/sites\/57\/2022\/03\/optativas-2022.pdf\" target=\"_blank\" rel=\"noopener noreferrer\">Materias y Laboratorios Optativos 2022<\/a>.<\/p>\n<h3>Laboratorios V y VI<\/h3>\n<ul>\n<li><a href=\"https:\/\/www.facet.unt.edu.ar\/licfisica\/wp-content\/uploads\/sites\/57\/2018\/03\/Programa-Fisica-Nuclear-2017.pdf\" target=\"_blank\" rel=\"noopener noreferrer\">F\u00edsica Nuclear<\/a><\/li>\n<li><a href=\"https:\/\/www.facet.unt.edu.ar\/licfisica\/wp-content\/uploads\/sites\/57\/2018\/03\/Programa-Lab-Electronica-y-Transductores-2017.pdf\" target=\"_blank\" rel=\"noopener noreferrer\">Laboratorio de Electr\u00f3nica y Transductores<\/a><\/li>\n<li><a href=\"https:\/\/www.facet.unt.edu.ar\/licfisica\/wp-content\/uploads\/sites\/57\/2018\/12\/Computaci\u00f3n2018.pdf\">Laboratorio de Computaci\u00f3n<\/a><\/li>\n<li><a href=\"https:\/\/www.facet.unt.edu.ar\/licfisica\/wp-content\/uploads\/sites\/57\/2019\/03\/L-OG-Lab-Fisicoqu\u00edmica-1.pdf\" target=\"_blank\" rel=\"noopener noreferrer\">Laboratorio de Fisicoqu\u00edmica<\/a><\/li>\n<li><a href=\"https:\/\/www.facet.unt.edu.ar\/licfisica\/wp-content\/uploads\/sites\/57\/2019\/03\/L-OG-Laboratorio-de-Materiales.pdf\" target=\"_blank\" rel=\"noopener noreferrer\">Laboratorio de Materiales<\/a><\/li>\n<li><a href=\"https:\/\/www.facet.unt.edu.ar\/licfisica\/wp-content\/uploads\/sites\/57\/2020\/02\/Laboratorio-de-Fluidos.pdf\" target=\"_blank\" rel=\"noopener noreferrer\">Laboratorio de Mec\u00e1nica de Fluidos<\/a><\/li>\n<li><a href=\"https:\/\/www.facet.unt.edu.ar\/licfisica\/wp-content\/uploads\/sites\/57\/2018\/03\/vacio.pdf\" target=\"_blank\" rel=\"noopener noreferrer\">Laboratorio de T\u00e9cnicas de Vac\u00edo<\/a><\/li>\n<li><a href=\"https:\/\/www.facet.unt.edu.ar\/licfisica\/wp-content\/uploads\/sites\/57\/2018\/12\/LABORATORIO-DE-REOLOG\u00cdA.pdf\" target=\"_blank\" rel=\"noopener noreferrer\">Laboratorio de Reolog\u00eda<\/a><\/li>\n<\/ul>\n<h3>Optativas Generales<\/h3>\n<ul>\n<li><a href=\"https:\/\/www.facet.unt.edu.ar\/licfisica\/wp-content\/uploads\/sites\/57\/2021\/03\/Programa-CalculoV-2018-1.pdf\" target=\"_blank\" rel=\"noopener noreferrer\">C\u00e1lculo V<\/a><\/li>\n<li><a href=\"https:\/\/www.facet.unt.edu.ar\/licfisica\/wp-content\/uploads\/sites\/57\/2019\/03\/OG-Cu\u00e1ntica-Avanzada.pdf\" target=\"_blank\" rel=\"noopener noreferrer\">Cu\u00e1ntica Avanzada<\/a><\/li>\n<li><a href=\"https:\/\/www.facet.unt.edu.ar\/licfisica\/wp-content\/uploads\/sites\/57\/2019\/03\/OG-Electrodin\u00e1mica-y-Relatividad.pdf\" target=\"_blank\" rel=\"noopener noreferrer\">Electrodin\u00e1mica y Relatividad<\/a><\/li>\n<li><a href=\"https:\/\/www.facet.unt.edu.ar\/licfisica\/wp-content\/uploads\/sites\/57\/2021\/03\/Estadistica-y-Probabilidad.pdf\" target=\"_blank\" rel=\"noopener noreferrer\">Estad\u00edstica y Probabilidad<\/a><\/li>\n<li><a href=\"https:\/\/www.facet.unt.edu.ar\/licfisica\/wp-content\/uploads\/sites\/57\/2018\/03\/Programa-Fisica-Nuclear-2017.pdf\" target=\"_blank\" rel=\"noopener noreferrer\">F\u00edsica Nuclear<\/a><\/li>\n<li><a href=\"https:\/\/www.facet.unt.edu.ar\/licfisica\/wp-content\/uploads\/sites\/57\/2021\/03\/Fundamentos-del-Sensado-Remoto-2020-LF.pdf\" target=\"_blank\" rel=\"noopener noreferrer\">Fundamentos del Sensado Remoto<\/a><\/li>\n<li><a href=\"https:\/\/www.facet.unt.edu.ar\/licfisica\/wp-content\/uploads\/sites\/57\/2021\/03\/Geometria-Diferencial.pdf\" target=\"_blank\" rel=\"noopener noreferrer\">Geometr\u00eda Diferencia<\/a><\/li>\n<li><a href=\"https:\/\/www.facet.unt.edu.ar\/licfisica\/wp-content\/uploads\/sites\/57\/2021\/03\/Introduccion-a-la-Fisica-de-la-Atm.pdf\" target=\"_blank\" rel=\"noopener noreferrer\">Introducci\u00f3n a la F\u00edsica de la Atm\u00f3sfera<\/a><\/li>\n<li><a href=\"https:\/\/www.facet.unt.edu.ar\/licfisica\/wp-content\/uploads\/sites\/57\/2019\/03\/Optativa-General-Introducci\u00f3n-a-la-Investigaci\u00f3n-Cient\u00edfica-Programa-2019-2.pdf\" target=\"_blank\" rel=\"noopener noreferrer\">Introducci\u00f3n a la Investigaci\u00f3n Cient\u00edfica<\/a><\/li>\n<li><a href=\"https:\/\/www.facet.unt.edu.ar\/licfisica\/wp-content\/uploads\/sites\/57\/2021\/03\/Introduccion-al-CalculoNumerico-y-Programacion.pdf\" target=\"_blank\" rel=\"noopener noreferrer\">Introducci\u00f3n al C\u00e1lculo Num\u00e9rico y Programaci\u00f3n<\/a><\/li>\n<li><a href=\"https:\/\/www.facet.unt.edu.ar\/licfisica\/wp-content\/uploads\/sites\/57\/2019\/03\/OG-Instr.-Medici\u00f3n.pdf\" target=\"_blank\" rel=\"noopener noreferrer\">Instrumentos de Medici\u00f3n<\/a><\/li>\n<li><a href=\"https:\/\/www.facet.unt.edu.ar\/licfisica\/wp-content\/uploads\/sites\/57\/2018\/03\/Programa-Lab-Electronica-y-Transductores-2017.pdf\" target=\"_blank\" rel=\"noopener noreferrer\">Laboratorio de Electr\u00f3nica y Transductores<\/a><\/li>\n<li><a href=\"https:\/\/www.facet.unt.edu.ar\/licfisica\/wp-content\/uploads\/sites\/57\/2018\/12\/Computaci\u00f3n2018.pdf\">Laboratorio de Computaci\u00f3n<\/a><\/li>\n<li><a href=\"https:\/\/www.facet.unt.edu.ar\/licfisica\/wp-content\/uploads\/sites\/57\/2019\/03\/L-OG-Lab-Fisicoqu\u00edmica-1.pdf\" target=\"_blank\" rel=\"noopener noreferrer\">Laboratorio de Fisicoqu\u00edmica<\/a><\/li>\n<li><a href=\"https:\/\/www.facet.unt.edu.ar\/licfisica\/wp-content\/uploads\/sites\/57\/2019\/03\/L-OG-Laboratorio-de-Materiales.pdf\" target=\"_blank\" rel=\"noopener noreferrer\">Laboratorio de Materiales<\/a><\/li>\n<li><a href=\"https:\/\/www.facet.unt.edu.ar\/licfisica\/wp-content\/uploads\/sites\/57\/2020\/02\/Laboratorio-de-Fluidos.pdf\" target=\"_blank\" rel=\"noopener noreferrer\">Laboratorio de Mec\u00e1nica de Fluidos<\/a><\/li>\n<li><a href=\"https:\/\/www.facet.unt.edu.ar\/licfisica\/wp-content\/uploads\/sites\/57\/2018\/03\/vacio.pdf\" target=\"_blank\" rel=\"noopener noreferrer\">Laboratorio de T\u00e9cnicas de Vac\u00edo<\/a><\/li>\n<li><a href=\"https:\/\/www.facet.unt.edu.ar\/licfisica\/wp-content\/uploads\/sites\/57\/2018\/12\/LABORATORIO-DE-REOLOG\u00cdA.pdf\" target=\"_blank\" rel=\"noopener noreferrer\">Laboratorio de Reolog\u00eda<\/a><\/li>\n<li><a href=\"https:\/\/www.facet.unt.edu.ar\/licfisica\/wp-content\/uploads\/sites\/57\/2018\/03\/programas-Optativa-Optica-2016.pdf\" target=\"_blank\" rel=\"noopener noreferrer\">\u00d3ptica<\/a><\/li>\n<li><a href=\"https:\/\/www.facet.unt.edu.ar\/licfisica\/wp-content\/uploads\/sites\/57\/2019\/03\/L-OG-Proyectos-de-Investigaci\u00f3n.pdf\" target=\"_blank\" rel=\"noopener noreferrer\">Proyectos de Investigaci\u00f3n<\/a><\/li>\n<li><a href=\"https:\/\/www.facet.unt.edu.ar\/licfisica\/wp-content\/uploads\/sites\/57\/2019\/03\/OG-Resist-Materiales.pdf\" target=\"_blank\" rel=\"noopener noreferrer\">Resistencia de Materiales<\/a><\/li>\n<li><a href=\"https:\/\/www.facet.unt.edu.ar\/licfisica\/wp-content\/uploads\/sites\/57\/2021\/03\/Sistemas-dinamicos-no-lineales.pdf\" target=\"_blank\" rel=\"noopener noreferrer\">Sistemas no Lineales<\/a><\/li>\n<li><a href=\"https:\/\/www.facet.unt.edu.ar\/licfisica\/wp-content\/uploads\/sites\/57\/2018\/03\/Termodinamica-y-Fisica-Clasica.pdf\" target=\"_blank\" rel=\"noopener noreferrer\">Termodin\u00e1mica F\u00edsica Cl\u00e1sica<\/a><\/li>\n<\/ul>\n<p>Cada optativa tiene sus respectivas materias correlativas, <a href=\"https:\/\/www.facet.unt.edu.ar\/licfisica\/wp-content\/uploads\/sites\/57\/2022\/03\/Correlativas-optativas-generales-2022.pdf\" target=\"_blank\" rel=\"noopener noreferrer\">aqu\u00ed<\/a> el listado completo<\/p>\n","protected":false},"excerpt":{"rendered":"<p>Listado de profesores a cargo de las Materias y Laboratorios Optativos 2022. Laboratorios V y VI F\u00edsica Nuclear Laboratorio de Electr\u00f3nica y Transductores Laboratorio de Computaci\u00f3n Laboratorio de Fisicoqu\u00edmica Laboratorio de Materiales Laboratorio de Mec\u00e1nica de Fluidos Laboratorio de T\u00e9cnicas de Vac\u00edo Laboratorio de Reolog\u00eda Optativas Generales C\u00e1lculo V Cu\u00e1ntica Avanzada Electrodin\u00e1mica y Relatividad Estad\u00edstica [&hellip;]<\/p>\n","protected":false},"author":101036,"featured_media":0,"parent":0,"menu_order":5,"comment_status":"closed","ping_status":"closed","template":"","meta":[],"_links":{"self":[{"href":"https:\/\/www.facet.unt.edu.ar\/licfisica\/wp-json\/wp\/v2\/pages\/449"}],"collection":[{"href":"https:\/\/www.facet.unt.edu.ar\/licfisica\/wp-json\/wp\/v2\/pages"}],"about":[{"href":"https:\/\/www.facet.unt.edu.ar\/licfisica\/wp-json\/wp\/v2\/types\/page"}],"author":[{"embeddable":true,"href":"https:\/\/www.facet.unt.edu.ar\/licfisica\/wp-json\/wp\/v2\/users\/101036"}],"replies":[{"embeddable":true,"href":"https:\/\/www.facet.unt.edu.ar\/licfisica\/wp-json\/wp\/v2\/comments?post=449"}],"version-history":[{"count":10,"href":"https:\/\/www.facet.unt.edu.ar\/licfisica\/wp-json\/wp\/v2\/pages\/449\/revisions"}],"predecessor-version":[{"id":537,"href":"https:\/\/www.facet.unt.edu.ar\/licfisica\/wp-json\/wp\/v2\/pages\/449\/revisions\/537"}],"wp:attachment":[{"href":"https:\/\/www.facet.unt.edu.ar\/licfisica\/wp-json\/wp\/v2\/media?parent=449"}],"curies":[{"name":"wp","href":"https:\/\/api.w.org\/{rel}","templated":true}]}}