{"id":457,"date":"2020-10-07T12:04:18","date_gmt":"2020-10-07T15:04:18","guid":{"rendered":"https:\/\/www.facet.unt.edu.ar\/licfisica\/?page_id=457"},"modified":"2021-11-19T09:16:30","modified_gmt":"2021-11-19T12:16:30","slug":"seminarios","status":"publish","type":"page","link":"https:\/\/www.facet.unt.edu.ar\/licfisica\/seminarios\/","title":{"rendered":"Seminarios"},"content":{"rendered":"<p>Seminarios online de la carrera de f\u00edsica<\/p>\n<p><a href=\"https:\/\/youtu.be\/nmU4lm-xvas\">Clementina Medina<\/a>. 16 de Noviembre, 2021<\/p>\n<hr \/>\n<p><a href=\"https:\/\/youtu.be\/RM29KlB-zLw\">Nadia Vega<\/a>. 19 de Octubre, 2021<\/p>\n<hr \/>\n<p><a href=\"https:\/\/youtu.be\/7_HYGsT7fQQ\" target=\"_blank\" rel=\"noopener noreferrer\">Jorge Caram<\/a>. 27 de Septiembre, 2021<\/p>\n<hr \/>\n<p><a href=\"https:\/\/youtu.be\/coKOx4EmkSI\">Andr\u00e9s Arazi<\/a>. 7 de Septiembre, 2021<\/p>\n<hr \/>\n<p><a href=\"https:\/\/youtu.be\/PrKquoAVDME\">Mart\u00edn N\u00fa\u00f1ez<\/a>. 24 de Agosto, 2021<\/p>\n<hr \/>\n<p><a href=\"https:\/\/youtu.be\/f5OAfp6_4vY\">Javier Zamora<\/a>. 15 de Junio, 2021<\/p>\n<hr \/>\n<p class=\"title style-scope ytd-video-primary-info-renderer\"><a href=\"https:\/\/youtu.be\/CGK1DB6jGWM\">Victoria Ale Crivillero<\/a>. 1 de Junio, 2021<\/p>\n<hr \/>\n<p><a href=\"https:\/\/youtu.be\/qL5aGmwenDg\" target=\"_blank\" rel=\"noopener noreferrer\">Gustavo Grinblat<\/a>. 11 de Mayo, 2021<\/p>\n<hr \/>\n<p><a href=\"https:\/\/www.youtube.com\/watch?v=zKdcHF-rGac\">Ana Carolina Moreno Maldonado<\/a>. 27 de Abril, 2021<\/p>\n<hr \/>\n<p><a href=\"https:\/\/youtu.be\/8nMVgIip1bA\" target=\"_blank\" rel=\"noopener noreferrer\">Ezequiel Tosi<\/a>. 17 de Noviembre, 2020<\/p>\n<hr \/>\n<p><a href=\"https:\/\/youtu.be\/J5i69J52txY\" target=\"_blank\" rel=\"noopener noreferrer\">Mar\u00eda Julia Jim\u00e9nez<\/a>. 3 de Noviembre, 2020<\/p>\n<hr \/>\n<p class=\"title style-scope ytd-video-primary-info-renderer\"><a href=\"https:\/\/youtu.be\/kNFASO__OkY\" target=\"_blank\" rel=\"noopener noreferrer\">Adri\u00e1n G\u00f3mez<\/a>. 20 de Octubre, 2020<\/p>\n<hr \/>\n<p class=\"title style-scope ytd-video-primary-info-renderer\"><a href=\"https:\/\/youtu.be\/5DcXlUSbWsw\" target=\"_blank\" rel=\"noopener noreferrer\">Lucio Lano\u00ebl<\/a>. 6 de Octubre, 2020<\/p>\n<hr \/>\n<p class=\"title style-scope ytd-video-primary-info-renderer\">\n","protected":false},"excerpt":{"rendered":"<p>Seminarios online de la carrera de f\u00edsica Clementina Medina. 16 de Noviembre, 2021 Nadia Vega. 19 de Octubre, 2021 Jorge Caram. 27 de Septiembre, 2021 Andr\u00e9s Arazi. 7 de Septiembre, 2021 Mart\u00edn N\u00fa\u00f1ez. 24 de Agosto, 2021 Javier Zamora. 15 de Junio, 2021 Victoria Ale Crivillero. 1 de Junio, 2021 Gustavo Grinblat. 11 de Mayo, [&hellip;]<\/p>\n","protected":false},"author":101036,"featured_media":0,"parent":0,"menu_order":6,"comment_status":"closed","ping_status":"closed","template":"","meta":[],"_links":{"self":[{"href":"https:\/\/www.facet.unt.edu.ar\/licfisica\/wp-json\/wp\/v2\/pages\/457"}],"collection":[{"href":"https:\/\/www.facet.unt.edu.ar\/licfisica\/wp-json\/wp\/v2\/pages"}],"about":[{"href":"https:\/\/www.facet.unt.edu.ar\/licfisica\/wp-json\/wp\/v2\/types\/page"}],"author":[{"embeddable":true,"href":"https:\/\/www.facet.unt.edu.ar\/licfisica\/wp-json\/wp\/v2\/users\/101036"}],"replies":[{"embeddable":true,"href":"https:\/\/www.facet.unt.edu.ar\/licfisica\/wp-json\/wp\/v2\/comments?post=457"}],"version-history":[{"count":21,"href":"https:\/\/www.facet.unt.edu.ar\/licfisica\/wp-json\/wp\/v2\/pages\/457\/revisions"}],"predecessor-version":[{"id":527,"href":"https:\/\/www.facet.unt.edu.ar\/licfisica\/wp-json\/wp\/v2\/pages\/457\/revisions\/527"}],"wp:attachment":[{"href":"https:\/\/www.facet.unt.edu.ar\/licfisica\/wp-json\/wp\/v2\/media?parent=457"}],"curies":[{"name":"wp","href":"https:\/\/api.w.org\/{rel}","templated":true}]}}