{"id":65,"date":"2014-08-04T09:14:33","date_gmt":"2014-08-04T12:14:33","guid":{"rendered":"https:\/\/www.facet.unt.edu.ar\/licfisica\/home\/"},"modified":"2019-11-11T09:38:05","modified_gmt":"2019-11-11T12:38:05","slug":"home","status":"publish","type":"page","link":"https:\/\/www.facet.unt.edu.ar\/licfisica\/","title":{"rendered":"Home"},"content":{"rendered":"<div id=\"pl-65\"  class=\"panel-layout\" ><div id=\"pg-65-0\"  class=\"panel-grid panel-no-style\" ><div id=\"pgc-65-0-0\"  class=\"panel-grid-cell\" ><div id=\"panel-65-0-0-0\" class=\"so-panel widget widget_headline-widget panel-first-child\" data-index=\"0\" >\t\t<h1>Licenciatura en F\u00edsica<\/h1>\n\t\t<div class=\"decoration\"><div class=\"decoration-inside\"><\/div><\/div>\n\t\t<h3>S\u00f3lida formaci\u00f3n en Matem\u00e1ticas, F\u00edsica Cl\u00e1sica y Moderna, F\u00edsica Te\u00f3rica (Mec\u00e1nica Anal\u00edtica y de Flu\u00eddos, Electromagnetismo, F\u00edsica Estad\u00edstica, Mec\u00e1nica Cu\u00e1ntica), Estados de la Materia, t\u00e9cnicas de la F\u00edsica Experimental, dos cursos de Laboratorio avanzado (a optar entre varios ofrecidos), complementada con Qu\u00edmica y Epistemolog\u00eda. Se agrega a esta formaci\u00f3n general la especializaci\u00f3n en alguna de las \u00e1reas de la F\u00edsica (20% del tiempo total de los estudios) y la iniciaci\u00f3n a la investigaci\u00f3n cient\u00edfica. Se pretende que la formaci\u00f3n alcanzada por el Licenciado en F\u00edsica le permita desempe\u00f1arse en diversas especialidades o \u00e1reas de aplicaci\u00f3n (ingresando en la industria, por ejemplo), iniciar estudios de Posgrado y acceder a becas o cargos de investigaci\u00f3n cient\u00edfica que exijan carreras universitarias de 5 a\u00f1os y\/o formaci\u00f3n en investigaci\u00f3n cient\u00edfica. <\/h3>\n\t\t<\/div><div id=\"panel-65-0-0-1\" class=\"so-panel widget widget_text panel-last-child\" data-index=\"1\" >\t\t\t<div class=\"textwidget\"><p>Para obtener informaci\u00f3n sobre el ingreso a esta o cualquier carrera de la Facultad de Ciencias Exactas y Tecnolog\u00eda visitar el sitio:<\/p>\n<p><strong><a href=\"https:\/\/www.facet.unt.edu.ar\/ingreso-facet\/\" target=\"_blank\" rel=\"noopener\">Facet Ingreso<\/a><\/strong><\/p>\n<\/div>\n\t\t<\/div><\/div><\/div><\/div>","protected":false},"excerpt":{"rendered":"<p>Para obtener informaci\u00f3n sobre el ingreso a esta o cualquier carrera de la Facultad de Ciencias Exactas y Tecnolog\u00eda visitar el sitio: Facet Ingreso<\/p>\n","protected":false},"author":1,"featured_media":0,"parent":0,"menu_order":0,"comment_status":"closed","ping_status":"closed","template":"home-panels.php","meta":[],"_links":{"self":[{"href":"https:\/\/www.facet.unt.edu.ar\/licfisica\/wp-json\/wp\/v2\/pages\/65"}],"collection":[{"href":"https:\/\/www.facet.unt.edu.ar\/licfisica\/wp-json\/wp\/v2\/pages"}],"about":[{"href":"https:\/\/www.facet.unt.edu.ar\/licfisica\/wp-json\/wp\/v2\/types\/page"}],"author":[{"embeddable":true,"href":"https:\/\/www.facet.unt.edu.ar\/licfisica\/wp-json\/wp\/v2\/users\/1"}],"replies":[{"embeddable":true,"href":"https:\/\/www.facet.unt.edu.ar\/licfisica\/wp-json\/wp\/v2\/comments?post=65"}],"version-history":[{"count":6,"href":"https:\/\/www.facet.unt.edu.ar\/licfisica\/wp-json\/wp\/v2\/pages\/65\/revisions"}],"predecessor-version":[{"id":415,"href":"https:\/\/www.facet.unt.edu.ar\/licfisica\/wp-json\/wp\/v2\/pages\/65\/revisions\/415"}],"wp:attachment":[{"href":"https:\/\/www.facet.unt.edu.ar\/licfisica\/wp-json\/wp\/v2\/media?parent=65"}],"curies":[{"name":"wp","href":"https:\/\/api.w.org\/{rel}","templated":true}]}}