{"id":130,"date":"2014-06-12T17:14:36","date_gmt":"2014-06-12T20:14:36","guid":{"rendered":"https:\/\/www.facet.unt.edu.ar\/licinformatica\/?page_id=130"},"modified":"2014-06-12T17:14:36","modified_gmt":"2014-06-12T20:14:36","slug":"mision","status":"publish","type":"page","link":"https:\/\/www.facet.unt.edu.ar\/licinformatica\/mision\/","title":{"rendered":"Misi\u00f3n"},"content":{"rendered":"<p>La misi\u00f3n de la carrera de Licenciatura en Inform\u00e1tica se puede expresar brevemente de la siguiente manera:<\/p>\n<p>Formar profesionales, en Inform\u00e1tica, altamente calificados en el \u00e1mbito acad\u00e9mico, cient\u00edfico, tecnol\u00f3gico, humanista y cultural, con s\u00f3lidos valores \u00e9ticos y morales; capaces de investigar e innovar para dar soluciones a los problemas y necesidades presentes y futuras del pa\u00eds.<\/p>\n","protected":false},"excerpt":{"rendered":"<p>La misi\u00f3n de la carrera de Licenciatura en Inform\u00e1tica se puede expresar brevemente de la siguiente manera: Formar profesionales, en Inform\u00e1tica, altamente calificados en el \u00e1mbito acad\u00e9mico, cient\u00edfico, tecnol\u00f3gico, humanista y cultural, con s\u00f3lidos valores \u00e9ticos y morales; capaces de investigar e innovar para dar soluciones a los problemas y necesidades presentes y futuras del [&hellip;]<\/p>\n","protected":false},"author":14,"featured_media":0,"parent":0,"menu_order":0,"comment_status":"closed","ping_status":"closed","template":"","meta":[],"_links":{"self":[{"href":"https:\/\/www.facet.unt.edu.ar\/licinformatica\/wp-json\/wp\/v2\/pages\/130"}],"collection":[{"href":"https:\/\/www.facet.unt.edu.ar\/licinformatica\/wp-json\/wp\/v2\/pages"}],"about":[{"href":"https:\/\/www.facet.unt.edu.ar\/licinformatica\/wp-json\/wp\/v2\/types\/page"}],"author":[{"embeddable":true,"href":"https:\/\/www.facet.unt.edu.ar\/licinformatica\/wp-json\/wp\/v2\/users\/14"}],"replies":[{"embeddable":true,"href":"https:\/\/www.facet.unt.edu.ar\/licinformatica\/wp-json\/wp\/v2\/comments?post=130"}],"version-history":[{"count":2,"href":"https:\/\/www.facet.unt.edu.ar\/licinformatica\/wp-json\/wp\/v2\/pages\/130\/revisions"}],"predecessor-version":[{"id":132,"href":"https:\/\/www.facet.unt.edu.ar\/licinformatica\/wp-json\/wp\/v2\/pages\/130\/revisions\/132"}],"wp:attachment":[{"href":"https:\/\/www.facet.unt.edu.ar\/licinformatica\/wp-json\/wp\/v2\/media?parent=130"}],"curies":[{"name":"wp","href":"https:\/\/api.w.org\/{rel}","templated":true}]}}