{"id":134,"date":"2014-06-12T17:24:37","date_gmt":"2014-06-12T20:24:37","guid":{"rendered":"https:\/\/www.facet.unt.edu.ar\/licinformatica\/?page_id=134"},"modified":"2014-06-12T17:26:00","modified_gmt":"2014-06-12T20:26:00","slug":"actividades-profesionales-reservadas-a-los-titulos-licenciado-en-informatica","status":"publish","type":"page","link":"https:\/\/www.facet.unt.edu.ar\/licinformatica\/actividades-profesionales-reservadas-a-los-titulos-licenciado-en-informatica\/","title":{"rendered":"Actividades Profesionales Reservadas al Titulo Licenciado en Inform\u00e1tica"},"content":{"rendered":"<p>1- Planificar, dirigir, realizar y\/o evaluar proyectos de especificaci\u00f3n, dise\u00f1o, implementaci\u00f3n, verificaci\u00f3n, validaci\u00f3n, puesta a punto, mantenimiento y actualizaci\u00f3n para arquitecturas de sistemas de procesamiento de datos.<\/p>\n<p>2- Planificar, dirigir, realizar y\/o evaluar proyectos de especificaci\u00f3n, dise\u00f1o, verificaci\u00f3n, validaci\u00f3n, puesta a punto, mantenimiento y actualizaci\u00f3n para redes de comunicaciones que vinculen sistemas de procesamiento de datos. En particular desarrollar las soluciones de las capas superiores de los protocolos de red, a partir del hardware que se haya seleccionado.<\/p>\n<p>3- Planificar, dirigir, realizar y\/o evaluar proyectos de an\u00e1lisis de problemas que requieran el desarrollo de arquitecturas dedicadas (embebidas) con diferente nivel de integraci\u00f3n y soportadas funcionalmente por software. Realizar la especificaci\u00f3n del codise\u00f1o hardware-software y prueba funcional (real o simulada) de la arquitectura.<\/p>\n<p>4- Planificar, dirigir, realizar y\/o evaluar proyectos de relevamiento de problemas del mundo real, especificaci\u00f3n formal de los mismos, dise\u00f1o, implementaci\u00f3n, prueba, verificaci\u00f3n, validaci\u00f3n, mantenimiento y control de calidad de sistemas de software que se ejecuten sobre sistemas de procesamiento de datos.<\/p>\n<p>5- Planificar, dirigir, realizar y\/o evaluar proyectos de sistemas de software de base: Sistemas Operativos, Sistemas Operativos Distribuidos, Sistemas Operativos Dedicados. Especificaci\u00f3n, dise\u00f1o, implementaci\u00f3n, prueba, verificaci\u00f3n, validaci\u00f3n, mantenimiento y control de eficiencia de los sistemas de administraci\u00f3n de recursos que se implanten como software de base sobre sistemas de procesamiento de datos.<\/p>\n<p>6- Controlar las normas de calidad en el software o software integrado a otros componentes.<\/p>\n<p>7- Planificar, dirigir y realizar y\/o evaluar los sistemas de seguridad en el almacenamiento y procesamiento de la informaci\u00f3n. Especificaci\u00f3n, dise\u00f1o, desarrollo, implementaci\u00f3n y mantenimiento de los componentes de seguridad de informaci\u00f3n embebidos en los sistemas f\u00edsicos y en los sistemas de software de aplicaci\u00f3n. Establecimiento y control de metodolog\u00eda de procesamientos de datos que mejoren la seguridad incluyendo data-warehousing.<\/p>\n<p>8- Efectuar las tareas de Auditoria de los Sistemas Inform\u00e1ticos. Realizar arbitrajes, peritajes y tasaciones relacionados con los Sistemas Inform\u00e1ticos.<\/p>\n<p>9- Realizar tareas como docente universitario en Inform\u00e1tica en todos los niveles, de acuerdo a la jerarqu\u00eda de t\u00edtulo de grado m\u00e1ximo. Realizar tareas de ense\u00f1anza de la especialidad en todos los niveles educativos. Planificar y desarrollar cursos de actualizaci\u00f3n profesional y capacitaci\u00f3n en general en inform\u00e1tica.<\/p>\n<p>10- Realizar tareas de investigaci\u00f3n cient\u00edfica b\u00e1sica y aplicada en Inform\u00e1tica, participando como Becario, Docente-Investigador o Investigador Cient\u00edfico\/Tecnol\u00f3gico. Dirigir Proyectos, Laboratorios, Centros e Institutos de Investigaci\u00f3n y Desarrollo en Inform\u00e1tica.<\/p>\n","protected":false},"excerpt":{"rendered":"<p>1- Planificar, dirigir, realizar y\/o evaluar proyectos de especificaci\u00f3n, dise\u00f1o, implementaci\u00f3n, verificaci\u00f3n, validaci\u00f3n, puesta a punto, mantenimiento y actualizaci\u00f3n para arquitecturas de sistemas de procesamiento de datos. 2- Planificar, dirigir, realizar y\/o evaluar proyectos de especificaci\u00f3n, dise\u00f1o, verificaci\u00f3n, validaci\u00f3n, puesta a punto, mantenimiento y actualizaci\u00f3n para redes de comunicaciones que vinculen sistemas de procesamiento de [&hellip;]<\/p>\n","protected":false},"author":14,"featured_media":0,"parent":0,"menu_order":0,"comment_status":"closed","ping_status":"closed","template":"","meta":[],"_links":{"self":[{"href":"https:\/\/www.facet.unt.edu.ar\/licinformatica\/wp-json\/wp\/v2\/pages\/134"}],"collection":[{"href":"https:\/\/www.facet.unt.edu.ar\/licinformatica\/wp-json\/wp\/v2\/pages"}],"about":[{"href":"https:\/\/www.facet.unt.edu.ar\/licinformatica\/wp-json\/wp\/v2\/types\/page"}],"author":[{"embeddable":true,"href":"https:\/\/www.facet.unt.edu.ar\/licinformatica\/wp-json\/wp\/v2\/users\/14"}],"replies":[{"embeddable":true,"href":"https:\/\/www.facet.unt.edu.ar\/licinformatica\/wp-json\/wp\/v2\/comments?post=134"}],"version-history":[{"count":2,"href":"https:\/\/www.facet.unt.edu.ar\/licinformatica\/wp-json\/wp\/v2\/pages\/134\/revisions"}],"predecessor-version":[{"id":136,"href":"https:\/\/www.facet.unt.edu.ar\/licinformatica\/wp-json\/wp\/v2\/pages\/134\/revisions\/136"}],"wp:attachment":[{"href":"https:\/\/www.facet.unt.edu.ar\/licinformatica\/wp-json\/wp\/v2\/media?parent=134"}],"curies":[{"name":"wp","href":"https:\/\/api.w.org\/{rel}","templated":true}]}}