{"id":169,"date":"2014-08-13T21:59:35","date_gmt":"2014-08-14T00:59:35","guid":{"rendered":"https:\/\/www.facet.unt.edu.ar\/licinformatica\/home\/"},"modified":"2023-05-13T21:27:01","modified_gmt":"2023-05-14T00:27:01","slug":"home","status":"publish","type":"page","link":"https:\/\/www.facet.unt.edu.ar\/licinformatica\/","title":{"rendered":"Home"},"content":{"rendered":"<div id=\"pl-169\"  class=\"panel-layout\" ><div id=\"pg-169-0\"  class=\"panel-grid panel-no-style\" ><div id=\"pgc-169-0-0\"  class=\"panel-grid-cell\" ><div id=\"panel-169-0-0-0\" class=\"so-panel widget widget_circleicon-widget panel-first-child panel-last-child\" data-index=\"0\" ><div class=\"panel-widget-style panel-widget-style-for-169-0-0-0\" >\t\t<div class=\"circle-icon-box circle-icon-position-top circle-icon-hide-box circle-icon-size-large\">\n\t\t\t<div class=\"circle-icon-wrapper\">\n\t\t\t\t<a href=\"https:\/\/www.facet.unt.edu.ar\/ingreso-facet\/\" class=\"link-icon\" target=\"_blank\">\t\t\t\t<div class=\"circle-icon icon-style-set\" style=\"background-image: url(https:\/\/www.facet.unt.edu.ar\/ingreso-facet\/);background-color: #e538f4\">\n\t\t\t\t\t<div class=\"fa fa-university icon-color-set\" style=\"color: #ffffff\"><\/div>\t\t\t\t<\/div>\n\t\t\t\t<\/a>\t\t\t<\/div>\n\n\t\t\t<a href=\"https:\/\/www.facet.unt.edu.ar\/ingreso-facet\/\" class=\"link-title\" target=\"_blank\">\t\t\t<h4 >Ingreso FACET<\/h4>\t\t\t<\/a>\n\t\t\t\t\t\t\t\t\t\t<a href=\"https:\/\/www.facet.unt.edu.ar\/ingreso-facet\/\" class=\"more-button\" target=\"_blank\">M\u00e1s informaci\u00f3n <i><\/i><\/a>\n\t\t\t\t\t<\/div>\n\t\t<\/div><\/div><\/div><div id=\"pgc-169-0-1\"  class=\"panel-grid-cell\" ><div id=\"panel-169-0-1-0\" class=\"so-panel widget widget_circleicon-widget panel-first-child panel-last-child\" data-index=\"1\" ><div class=\"panel-widget-style panel-widget-style-for-169-0-1-0\" >\t\t<div class=\"circle-icon-box circle-icon-position-top circle-icon-hide-box circle-icon-size-large\">\n\t\t\t<div class=\"circle-icon-wrapper\">\n\t\t\t\t<a href=\"https:\/\/guarani.unt.edu.ar\/autogestion\/\" class=\"link-icon\" target=\"_blank\">\t\t\t\t<div class=\"circle-icon icon-style-set\" style=\"background-image: url(https:\/\/guarani.unt.edu.ar\/autogestion\/);background-color: #009eed\">\n\t\t\t\t\t<div class=\"fa fa-laptop icon-color-set\" style=\"color: #ffffff\"><\/div>\t\t\t\t<\/div>\n\t\t\t\t<\/a>\t\t\t<\/div>\n\n\t\t\t<a href=\"https:\/\/guarani.unt.edu.ar\/autogestion\/\" class=\"link-title\" target=\"_blank\">\t\t\t<h4 >Sistema SIU Guaran\u00ed<\/h4>\t\t\t<\/a>\n\t\t\t<p class=\"text\" >Aqu\u00ed podr\u00e1 realizar los tr\u00e1mites m\u00e1s comunes relacionados con su vida acad\u00e9mica.<\/p>\t\t\t\t\t\t\t<a href=\"https:\/\/guarani.unt.edu.ar\/autogestion\/\" class=\"more-button\" target=\"_blank\">M\u00e1s informaci\u00f3n <i><\/i><\/a>\n\t\t\t\t\t<\/div>\n\t\t<\/div><\/div><\/div><div id=\"pgc-169-0-2\"  class=\"panel-grid-cell\" ><div id=\"panel-169-0-2-0\" class=\"so-panel widget widget_circleicon-widget panel-first-child panel-last-child\" data-index=\"2\" ><div class=\"panel-widget-style panel-widget-style-for-169-0-2-0\" >\t\t<div class=\"circle-icon-box circle-icon-position-top circle-icon-hide-box circle-icon-size-large\">\n\t\t\t<div class=\"circle-icon-wrapper\">\n\t\t\t\t<a href=\"https:\/\/www.facet.unt.edu.ar\/direccionalumnos\/\" class=\"link-icon\" target=\"_blank\">\t\t\t\t<div class=\"circle-icon icon-style-set\" style=\"background-image: url(https:\/\/www.facet.unt.edu.ar\/direccionalumnos\/);background-color: #0166bf\">\n\t\t\t\t\t<div class=\"fa fa-home icon-color-set\" style=\"color: #ffffff\"><\/div>\t\t\t\t<\/div>\n\t\t\t\t<\/a>\t\t\t<\/div>\n\n\t\t\t<a href=\"https:\/\/www.facet.unt.edu.ar\/direccionalumnos\/\" class=\"link-title\" target=\"_blank\">\t\t\t<h4 >Direcci\u00f3n Alumnos<\/h4>\t\t\t<\/a>\n\t\t\t\t\t\t\t\t\t\t<a href=\"https:\/\/www.facet.unt.edu.ar\/direccionalumnos\/\" class=\"more-button\" target=\"_blank\">M\u00e1s informaci\u00f3n <i><\/i><\/a>\n\t\t\t\t\t<\/div>\n\t\t<\/div><\/div><\/div><\/div><div id=\"pg-169-1\"  class=\"panel-grid panel-no-style\" ><div id=\"pgc-169-1-0\"  class=\"panel-grid-cell\" ><div id=\"panel-169-1-0-0\" class=\"so-panel widget widget_text panel-first-child\" data-index=\"3\" ><h3 class=\"widget-title\">Bienvenidos<\/h3>\t\t\t<div class=\"textwidget\"><p style=\"text-align: justify;\">La carrera de Licenciatura en Inform\u00e1tica prepara a los estudiantes con una s\u00f3lida formaci\u00f3n en ciencias b\u00e1sicas y de computaci\u00f3n, complementada con aplicaciones, destinada a proveer soluciones inform\u00e1ticas y de comunicaci\u00f3n en instituciones de todo tipo. Las Pr\u00e1cticas se realizan en laboratorios climatizados, provistos de hardware y software en constante actualizaci\u00f3n. Durante toda la carrera el alumno tiene atenci\u00f3n personalizada y supervisada por tutores. As\u00ed tambi\u00e9n se dispone de Becas y Pasant\u00edas rentadas.<\/p>\n<p style=\"text-align: justify;\"><strong>T\u00edtulo de Grado: Licenciado en Inform\u00e1tica<\/strong><br \/>\n<strong>Duraci\u00f3n: 5 a\u00f1os<\/strong><br \/>\n<strong>Carrera acreditada por la Comisi\u00f3n Nacional de Evaluaci\u00f3n y Acreditaci\u00f3n Universitaria (CONEAU), RESOLUCI\u00d3N N\u00ba: 697\/11 del 5 de Octubre de 2011.<\/strong><\/p>\n<p><a href=\"https:\/\/www.facet.unt.edu.ar\/licinformatica\/wp-content\/uploads\/sites\/16\/2014\/06\/logo-LI.png\"><img decoding=\"async\" loading=\"lazy\" class=\" wp-image-161 aligncenter\" src=\"https:\/\/www.facet.unt.edu.ar\/licinformatica\/wp-content\/uploads\/sites\/16\/2014\/06\/logo-LI.png\" alt=\"\" width=\"283\" height=\"195\" srcset=\"https:\/\/www.facet.unt.edu.ar\/licinformatica\/wp-content\/uploads\/sites\/16\/2014\/06\/logo-LI.png 382w, https:\/\/www.facet.unt.edu.ar\/licinformatica\/wp-content\/uploads\/sites\/16\/2014\/06\/logo-LI-300x206.png 300w\" sizes=\"(max-width: 283px) 100vw, 283px\" \/><\/a><\/p>\n<\/div>\n\t\t<\/div><div id=\"panel-169-1-0-1\" class=\"so-panel widget widget_siteorigin-panels-postloop\" data-index=\"4\" ><h3 class=\"widget-title\">Novedades<\/h3>\n\t\t\n\t\t\n<article id=\"post-949\" class=\"post-949 post type-post status-publish format-standard hentry category-capacitacion\">\n\n\t\n\t<div class=\"entry-main\">\n\n\t\t\n\t\t<header class=\"entry-header\">\n\t\t\t\n\t\t\t<h1 class=\"entry-title\"><a href=\"https:\/\/www.facet.unt.edu.ar\/licinformatica\/2024\/07\/23\/webinar-introduccion-a-godot-el-motor-de-video-juegos-argentino\/\" title=\"Enlace permanente a Webinar \u201cIntroducci\u00f3n a Godot, el motor de video juegos\u00a0argentino\u201d\" rel=\"bookmark\">Webinar \u201cIntroducci\u00f3n a Godot, el motor de video juegos\u00a0argentino\u201d<\/a><\/h1>\n\n\t\t\t\t\t\t\t<div class=\"entry-meta\">\n\t\t\t\t\tPublicado el <a href=\"https:\/\/www.facet.unt.edu.ar\/licinformatica\/2024\/07\/23\/webinar-introduccion-a-godot-el-motor-de-video-juegos-argentino\/\" title=\"11:47\" rel=\"bookmark\"><time class=\"entry-date\" datetime=\"2024-07-23T11:47:34-03:00\">23 julio, 2024<\/time><\/a><time class=\"updated\" datetime=\"2024-07-23T11:47:34-03:00\">23 julio, 2024<\/time> <span class=\"byline\"> por <span class=\"author vcard\"><a class=\"url fn n\" href=\"https:\/\/www.facet.unt.edu.ar\/licinformatica\/author\/mruiz\/\" title=\"Ver todos los art\u00edculos de mruiz\" rel=\"author\">mruiz<\/a><\/span><\/span> \t\t\t\t<\/div><!-- .entry-meta -->\n\t\t\t\n\t\t<\/header><!-- .entry-header -->\n\n\t\t\t\t\t<div class=\"entry-content\">\n\t\t\t\t<div class=\"m8h3af8h l7ghb35v kjdc1dyq kmwttqpk gh25dzvf n3t5jt4f\">\n<div dir=\"auto\">Continuando con los vivos 2024 del Ciclo de Webinars \u201cConviviendo con el cambio\u201d del <strong>Departamento de Ciencias de la Computaci\u00f3n de la FACET<\/strong>. <span class=\"fxk3tzhb b2rh1bv3 gh55jysx m8h3af8h ewco64xe kjdc1dyq ms56khn7 bq6c9xl4 eohcrkr5 akh3l2rg\"><img decoding=\"async\" loading=\"lazy\" src=\"https:\/\/static.xx.fbcdn.net\/images\/emoji.php\/v9\/t8c\/1\/16\/1f389.png\" alt=\"\ud83c\udf89\" width=\"16\" height=\"16\" \/><\/span><\/div>\n<div dir=\"auto\"><\/div>\n<\/div>\n<div class=\"l7ghb35v kjdc1dyq kmwttqpk gh25dzvf jikcssrz n3t5jt4f\">\n<div dir=\"auto\"><span class=\"fxk3tzhb b2rh1bv3 gh55jysx m8h3af8h ewco64xe kjdc1dyq ms56khn7 bq6c9xl4 eohcrkr5 akh3l2rg\"><img decoding=\"async\" loading=\"lazy\" src=\"https:\/\/static.xx.fbcdn.net\/images\/emoji.php\/v9\/tff\/1\/16\/1f4c6.png\" alt=\"\ud83d\udcc6\" width=\"16\" height=\"16\" \/> El d\u00eda Jueves 25 de Julio de 2024 a las 19 hs<\/span>, se llevar\u00e1 a cabo el Webinar\u00a0<strong>\u201cIntroducci\u00f3n a Godot, el motor de video juegos argentino\u201d<\/strong><\/div>\n<div dir=\"auto\"><\/div>\n<div dir=\"auto\">\n<div dir=\"auto\"><span class=\"html-span xexx8yu x4uap5 x18d9i69 xkhd6sd x1hl2dhg x16tdsg8 x1vvkbs x3nfvp2 x1j61x8r x1fcty0u xdj266r xat24cr xgzva0m xhhsvwb xxymvpz xlup9mm x1kky2od\"><img decoding=\"async\" loading=\"lazy\" class=\"xz74otr\" src=\"https:\/\/static.xx.fbcdn.net\/images\/emoji.php\/v9\/tb5\/1\/16\/1f468_200d_1f3eb.png\" alt=\"\ud83d\udc68\u200d\ud83c\udfeb\" width=\"16\" height=\"16\" \/><\/span> <strong>Presentadores:<\/strong> Tom\u00e1s Heredia y Juan Mariano Girbau Alfaro<\/div>\n<div dir=\"auto\"><\/div>\n<div dir=\"auto\"><span class=\"html-span xexx8yu x4uap5 x18d9i69 xkhd6sd x1hl2dhg x16tdsg8 x1vvkbs x3nfvp2 x1j61x8r x1fcty0u xdj266r xat24cr xgzva0m xhhsvwb xxymvpz xlup9mm x1kky2od\"><img decoding=\"async\" loading=\"lazy\" class=\"xz74otr\" src=\"https:\/\/static.xx.fbcdn.net\/images\/emoji.php\/v9\/tc1\/1\/16\/1f50d.png\" alt=\"\ud83d\udd0d\" width=\"16\" height=\"16\" \/><\/span> <strong>Supervisi\u00f3n:<\/strong> Mg. Ticiano Torres Peralta<\/div>\n<\/div>\n<div dir=\"auto\">\n<p>\u270d\ufe0f <strong>Temas a tratar<\/strong>:<\/p>\n<p>\u00a1Acomp\u00e1\u00f1anos en esta presentaci\u00f3n de Godot Engine y descubre sus incre\u00edbles capacidades para el desarrollo de videojuegos! Este webinar est\u00e1 dirigido al p\u00fablico en general, as\u00ed que no importa si eres un principiante o un experto, \u00a1todos son bienvenidos!<\/p>\n<div class=\"x11i5rnm xat24cr x1mh8g0r x1vvkbs xtlvy1s x126k92a\">\n<div dir=\"auto\"><strong>Destinatarios:<\/strong><\/div>\n<div dir=\"auto\">\n<div dir=\"auto\"><span class=\"html-span xexx8yu x4uap5 x18d9i69 xkhd6sd x1hl2dhg x16tdsg8 x1vvkbs x3nfvp2 x1j61x8r x1fcty0u xdj266r xat24cr xgzva0m xhhsvwb xxymvpz xlup9mm x1kky2od\"><img decoding=\"async\" loading=\"lazy\" class=\"xz74otr\" src=\"https:\/\/static.xx.fbcdn.net\/images\/emoji.php\/v9\/t33\/1\/16\/2705.png\" alt=\"\u2705\" width=\"16\" height=\"16\" \/><\/span> P\u00fablico en general<\/div>\n<\/div>\n<\/div>\n<\/div>\n<\/div>\n<div dir=\"auto\"><\/div>\n<div dir=\"auto\"><span class=\"fxk3tzhb b2rh1bv3 gh55jysx m8h3af8h ewco64xe kjdc1dyq ms56khn7 bq6c9xl4 eohcrkr5 akh3l2rg\"><img decoding=\"async\" loading=\"lazy\" src=\"https:\/\/static.xx.fbcdn.net\/images\/emoji.php\/v9\/tac\/1\/16\/1f4cc.png\" alt=\"\ud83d\udccc\" width=\"16\" height=\"16\" \/> <\/span>El mismo se transmitir\u00e1 en el canal de Youtube de la FACET: <a href=\"https:\/\/www.youtube.com\/watch?v=q6bdJi-QkEM\">https:\/\/www.youtube.com\/watch?v=q6bdJi-QkEM<\/a><\/div>\n<p><a href=\"https:\/\/www.youtube.com\/watch?v=q6bdJi-QkEM\"><img decoding=\"async\" loading=\"lazy\" class=\"aligncenter size-full wp-image-3871\" src=\"https:\/\/www.facet.unt.edu.ar\/dpto-cs-comp\/wp-content\/uploads\/sites\/29\/2024\/07\/Webinar-julio-instagram.png\" alt=\"\" width=\"1080\" height=\"1080\" \/><\/a><\/p>\n<div tabindex=\"0\"><\/div>\n<div class=\"l7ghb35v kjdc1dyq kmwttqpk gh25dzvf jikcssrz n3t5jt4f\">\n<div dir=\"auto\">\n<div>\n<div class=\"mcafee_ok\" tabindex=\"0\">Cabe destacar que, los Webinars de este ciclo, se desarrollar\u00e1n de manera GRATUITA\u00a0<span class=\"fxk3tzhb b2rh1bv3 gh55jysx m8h3af8h ewco64xe kjdc1dyq ms56khn7 bq6c9xl4 eohcrkr5 akh3l2rg\"><img decoding=\"async\" loading=\"lazy\" src=\"https:\/\/static.xx.fbcdn.net\/images\/emoji.php\/v9\/tfe\/1\/16\/1f44f.png\" alt=\"\ud83d\udc4f\" width=\"16\" height=\"16\" \/><\/span><\/div>\n<\/div>\n<\/div>\n<\/div>\n\t\t\t\t\t\t\t\t\t\t\t\t\t\t\t<\/div><!-- .entry-content -->\n\t\t\n\t\t\n\t<\/div>\n\n<\/article><!-- #post-949 -->\n\n\t\n\t\t<nav role=\"navigation\" id=\"nav-below\" class=\"site-navigation paging-navigation\">\n\t\t<h1 class=\"assistive-text\">Navegador de art\u00edculos<\/h1>\n\n\t\n\t\t<div class='pagination'><span aria-current=\"page\" class=\"page-numbers current\">1<\/span>\n<a class=\"page-numbers\" href=\"https:\/\/www.facet.unt.edu.ar\/licinformatica\/wp-json\/wp\/v2\/pages\/169\/page\/2\/\">2<\/a>\n<a class=\"page-numbers\" href=\"https:\/\/www.facet.unt.edu.ar\/licinformatica\/wp-json\/wp\/v2\/pages\/169\/page\/3\/\">3<\/a>\n<a class=\"page-numbers\" href=\"https:\/\/www.facet.unt.edu.ar\/licinformatica\/wp-json\/wp\/v2\/pages\/169\/page\/4\/\">4<\/a>\n<a class=\"page-numbers\" href=\"https:\/\/www.facet.unt.edu.ar\/licinformatica\/wp-json\/wp\/v2\/pages\/169\/page\/5\/\">5<\/a>\n<a class=\"page-numbers\" href=\"https:\/\/www.facet.unt.edu.ar\/licinformatica\/wp-json\/wp\/v2\/pages\/169\/page\/6\/\">6<\/a>\n<span class=\"page-numbers dots\">&hellip;<\/span>\n<a class=\"page-numbers\" href=\"https:\/\/www.facet.unt.edu.ar\/licinformatica\/wp-json\/wp\/v2\/pages\/169\/page\/34\/\">34<\/a>\n<a class=\"next page-numbers\" href=\"https:\/\/www.facet.unt.edu.ar\/licinformatica\/wp-json\/wp\/v2\/pages\/169\/page\/2\/\">Siguiente &raquo;<\/a><\/div>\n\n\t\n\t<\/nav><!-- #nav-below -->\n\t\n<\/div><div id=\"panel-169-1-0-2\" class=\"so-panel widget widget_vantage-social-media panel-last-child\" data-index=\"5\" ><\/div><\/div><div id=\"pgc-169-1-1\"  class=\"panel-grid-cell\" ><div id=\"panel-169-1-1-0\" class=\"so-panel widget widget_sow-social-media-buttons panel-first-child\" data-index=\"6\" ><div\n\t\t\t\n\t\t\tclass=\"so-widget-sow-social-media-buttons so-widget-sow-social-media-buttons-atom-b5e6fd2b413f-949\"\n\t\t\t\n\t\t>\n<h3 class=\"widget-title\">Nuestras Redes<\/h3>\n<div class=\"social-media-button-container\">\n\t\n\t\t<a class=\"ow-button-hover sow-social-media-button-facebook-0 sow-social-media-button\" title=\"Carrera Licenciatura en Inform\u00e1tica en Facebook\" aria-label=\"Carrera Licenciatura en Inform\u00e1tica en Facebook\" target=\"_blank\" rel=\"noopener noreferrer\" href=\"https:\/\/www.facebook.com\/UNT.Informatica\" >\n\t\t\t<span>\n\t\t\t\t\t\t\t\t<span class=\"sow-icon-fontawesome sow-fab\" data-sow-icon=\"&#xf39e;\"\n\t\t \n\t\taria-hidden=\"true\"><\/span>\t\t\t\t\t\t\t<\/span>\n\t\t<\/a>\n\t\n\t\t<a class=\"ow-button-hover sow-social-media-button-instagram-0 sow-social-media-button\" title=\"Carrera Licenciatura en Inform\u00e1tica en Instagram\" aria-label=\"Carrera Licenciatura en Inform\u00e1tica en Instagram\" target=\"_blank\" rel=\"noopener noreferrer\" href=\"https:\/\/www.instagram.com\/UNT.Informatica\/\" >\n\t\t\t<span>\n\t\t\t\t\t\t\t\t<span class=\"sow-icon-fontawesome sow-fab\" data-sow-icon=\"&#xf16d;\"\n\t\t \n\t\taria-hidden=\"true\"><\/span>\t\t\t\t\t\t\t<\/span>\n\t\t<\/a>\n\t\n\t\t<a class=\"ow-button-hover sow-social-media-button-twitter-0 sow-social-media-button\" title=\"Carrera Licenciatura en Inform\u00e1tica en Twitter\" aria-label=\"Carrera Licenciatura en Inform\u00e1tica en Twitter\" target=\"_blank\" rel=\"noopener noreferrer\" href=\"https:\/\/twitter.com\/UntInformatica\" >\n\t\t\t<span>\n\t\t\t\t\t\t\t\t<span class=\"sow-icon-fontawesome sow-fab\" data-sow-icon=\"&#xf099;\"\n\t\t \n\t\taria-hidden=\"true\"><\/span>\t\t\t\t\t\t\t<\/span>\n\t\t<\/a>\n\t<\/div>\n<\/div><\/div><div id=\"panel-169-1-1-1\" class=\"so-panel widget widget_media_video\" data-index=\"7\" ><h3 class=\"widget-title\">Spot Publicitario<\/h3><div style=\"width:100%;\" class=\"wp-video\"><!--[if lt IE 9]><script>document.createElement('video');<\/script><![endif]-->\n<video class=\"wp-video-shortcode\" id=\"video-949-1\" preload=\"metadata\" controls=\"controls\"><source type=\"video\/youtube\" src=\"https:\/\/www.youtube.com\/watch?v=ZUNWsE9oIn8&#038;_=1\" \/><a href=\"https:\/\/www.youtube.com\/watch?v=ZUNWsE9oIn8\">https:\/\/www.youtube.com\/watch?v=ZUNWsE9oIn8<\/a><\/video><\/div><\/div><div id=\"panel-169-1-1-2\" class=\"so-panel widget widget_text panel-last-child\" data-index=\"8\" ><h3 class=\"widget-title\">Sitios de Inter\u00e9s<\/h3>\t\t\t<div class=\"textwidget\"><p><a href=\"http:\/\/www.facetvirtual.unt.edu.ar\/\" target=\"_blank\" rel=\"noopener\"><img class=\"aligncenter size-full wp-image-1251\" title=\"Entorno Virtual FACET\" src=\"https:\/\/www.facet.unt.edu.ar\/licinformatica\/wp-content\/uploads\/sites\/16\/2014\/06\/facet-virtual.png\" alt=\"\" width=\"300\" height=\"149\" \/><br \/>\n        <\/a><br \/>\n<a href=\"http:\/\/www1.herrera.unt.edu.ar\/biblcet\/\" target=\"_blank\" rel=\"noopener\"><img class=\"aligncenter size-full wp-image-1251\" title=\"Biblioteca Central FACET\" src=\"https:\/\/www.facet.unt.edu.ar\/licinformatica\/wp-content\/uploads\/sites\/16\/2014\/06\/biblioteca.png\" alt=\"\" width=\"300\" height=\"149\" \/><br \/>\n        <\/a><\/p>\n<\/div>\n\t\t<\/div><\/div><\/div><\/div>","protected":false},"excerpt":{"rendered":"<p>Bienvenidos La carrera de Licenciatura en Inform\u00e1tica prepara a los estudiantes con una s\u00f3lida formaci\u00f3n en ciencias b\u00e1sicas y de computaci\u00f3n, complementada con aplicaciones, destinada a proveer soluciones inform\u00e1ticas y de comunicaci\u00f3n en instituciones de todo tipo. Las Pr\u00e1cticas se realizan en laboratorios climatizados, provistos de hardware y software en constante actualizaci\u00f3n. Durante toda la [&hellip;]<\/p>\n","protected":false},"author":14,"featured_media":0,"parent":0,"menu_order":0,"comment_status":"closed","ping_status":"closed","template":"home-panels.php","meta":[],"_links":{"self":[{"href":"https:\/\/www.facet.unt.edu.ar\/licinformatica\/wp-json\/wp\/v2\/pages\/169"}],"collection":[{"href":"https:\/\/www.facet.unt.edu.ar\/licinformatica\/wp-json\/wp\/v2\/pages"}],"about":[{"href":"https:\/\/www.facet.unt.edu.ar\/licinformatica\/wp-json\/wp\/v2\/types\/page"}],"author":[{"embeddable":true,"href":"https:\/\/www.facet.unt.edu.ar\/licinformatica\/wp-json\/wp\/v2\/users\/14"}],"replies":[{"embeddable":true,"href":"https:\/\/www.facet.unt.edu.ar\/licinformatica\/wp-json\/wp\/v2\/comments?post=169"}],"version-history":[{"count":8,"href":"https:\/\/www.facet.unt.edu.ar\/licinformatica\/wp-json\/wp\/v2\/pages\/169\/revisions"}],"predecessor-version":[{"id":821,"href":"https:\/\/www.facet.unt.edu.ar\/licinformatica\/wp-json\/wp\/v2\/pages\/169\/revisions\/821"}],"wp:attachment":[{"href":"https:\/\/www.facet.unt.edu.ar\/licinformatica\/wp-json\/wp\/v2\/media?parent=169"}],"curies":[{"name":"wp","href":"https:\/\/api.w.org\/{rel}","templated":true}]}}