{"id":2,"date":"2013-11-27T14:05:50","date_gmt":"2013-11-27T17:05:50","guid":{"rendered":"https:\/\/www.facet.unt.edu.arlicinformatica\/?page_id=2"},"modified":"2024-12-13T11:13:42","modified_gmt":"2024-12-13T14:13:42","slug":"autoridades","status":"publish","type":"page","link":"https:\/\/www.facet.unt.edu.ar\/licinformatica\/autoridades\/","title":{"rendered":"Autoridades 2024 &#8211; 2026"},"content":{"rendered":"<div id=\"dc_vk_code\">\n<div id=\"dc_vk_code\">\n<h3 id=\"dc_vk_code\">Director de la Carrera<\/h3>\n<\/div>\n<ul>\n<li><strong>Mag. Ing. Hugo Orlando ORTEGA<\/strong><\/li>\n<\/ul>\n<h4>Directora Alterna<\/h4>\n<ul>\n<li><strong>Dra. Mar\u00eda Graciela MOLINA<\/strong><\/li>\n<\/ul>\n<h3>Comisi\u00f3n Acad\u00e9mica<\/h3>\n<p><span style=\"text-decoration: underline;\"><strong>PROFESORES TITULARES Y ASOCIADOS<\/strong><br \/>\n<\/span><\/p>\n<p><span style=\"text-decoration: underline;\">Titulares:<\/span><\/p>\n<ul>\n<li>Mg. Griselda Mar\u00eda LUCCIONI<\/li>\n<li>Dra. Mar\u00eda Graciela MOLINA<\/li>\n<\/ul>\n<p><span style=\"text-decoration: underline;\">Suplentes:<\/span><\/p>\n<ul>\n<li>&#8212;<\/li>\n<li>&#8212;<\/li>\n<\/ul>\n<p><strong><span style=\"text-decoration: underline;\">PROFESORES ADJUNTOS<\/span><\/strong>:<\/p>\n<p><span style=\"text-decoration: underline;\">Titulares<\/span>:<\/p>\n<ul>\n<li>Lic. Jorge Habib NAMOUR<\/li>\n<li>Lic. Mariela Anabel VELAZQUEZ<\/li>\n<\/ul>\n<p><span style=\"text-decoration: underline;\">Suplente<\/span>:<\/p>\n<ul>\n<li>Lic. Myriam Noem\u00ed del Valle<\/li>\n<li>Mg. Ahmad Eduardo GUENNAM<\/li>\n<\/ul>\n<p><strong><span style=\"text-decoration: underline;\">JEFE DE TRABAJOS PR\u00c1CTICOS Y AUXILIARES DOCENTES GRADUADOS<\/span><\/strong>:<\/p>\n<p><span style=\"text-decoration: underline;\">Titulares<\/span>:<\/p>\n<ul>\n<li>Ing. Marcelo Adri\u00e1n M\u00c1S VALDECANTOS<\/li>\n<li>Ing. Luis Alberto ORTIZ<\/li>\n<\/ul>\n<p><span style=\"text-decoration: underline;\">Suplente<\/span>:<\/p>\n<ul>\n<li>Lic. Daniel Fernando SINGH<\/li>\n<li>Lic. Daniel Horacio MELUCCI<\/li>\n<\/ul>\n<p><span style=\"text-decoration: underline;\">ESTAMENTO ESTUDIANTES<\/span>:<\/p>\n<p><span style=\"text-decoration: underline;\">Titular<\/span>:<\/p>\n<ul>\n<li>Sr. Javier Augusto NACCHIO<\/li>\n<li>Srta. Guadalupe ATIM<\/li>\n<\/ul>\n<\/div>\n","protected":false},"excerpt":{"rendered":"<p>Director de la Carrera Mag. Ing. Hugo Orlando ORTEGA Directora Alterna Dra. Mar\u00eda Graciela MOLINA Comisi\u00f3n Acad\u00e9mica PROFESORES TITULARES Y ASOCIADOS Titulares: Mg. Griselda Mar\u00eda LUCCIONI Dra. Mar\u00eda Graciela MOLINA Suplentes: &#8212; &#8212; PROFESORES ADJUNTOS: Titulares: Lic. Jorge Habib NAMOUR Lic. Mariela Anabel VELAZQUEZ Suplente: Lic. Myriam Noem\u00ed del Valle Mg. Ahmad Eduardo GUENNAM JEFE [&hellip;]<\/p>\n","protected":false},"author":1,"featured_media":0,"parent":0,"menu_order":0,"comment_status":"closed","ping_status":"closed","template":"","meta":[],"_links":{"self":[{"href":"https:\/\/www.facet.unt.edu.ar\/licinformatica\/wp-json\/wp\/v2\/pages\/2"}],"collection":[{"href":"https:\/\/www.facet.unt.edu.ar\/licinformatica\/wp-json\/wp\/v2\/pages"}],"about":[{"href":"https:\/\/www.facet.unt.edu.ar\/licinformatica\/wp-json\/wp\/v2\/types\/page"}],"author":[{"embeddable":true,"href":"https:\/\/www.facet.unt.edu.ar\/licinformatica\/wp-json\/wp\/v2\/users\/1"}],"replies":[{"embeddable":true,"href":"https:\/\/www.facet.unt.edu.ar\/licinformatica\/wp-json\/wp\/v2\/comments?post=2"}],"version-history":[{"count":25,"href":"https:\/\/www.facet.unt.edu.ar\/licinformatica\/wp-json\/wp\/v2\/pages\/2\/revisions"}],"predecessor-version":[{"id":953,"href":"https:\/\/www.facet.unt.edu.ar\/licinformatica\/wp-json\/wp\/v2\/pages\/2\/revisions\/953"}],"wp:attachment":[{"href":"https:\/\/www.facet.unt.edu.ar\/licinformatica\/wp-json\/wp\/v2\/media?parent=2"}],"curies":[{"name":"wp","href":"https:\/\/api.w.org\/{rel}","templated":true}]}}