{"id":357,"date":"2015-11-23T14:17:02","date_gmt":"2015-11-23T17:17:02","guid":{"rendered":"https:\/\/www.facet.unt.edu.ar\/licinformatica\/?page_id=357"},"modified":"2015-11-25T13:56:26","modified_gmt":"2015-11-25T16:56:26","slug":"357-2","status":"publish","type":"page","link":"https:\/\/www.facet.unt.edu.ar\/licinformatica\/357-2\/","title":{"rendered":"Seminario de Tesis 2015"},"content":{"rendered":"<p>La defensa de tesina o tesis de Licenciatura es un requisito para aspirar a la obtenci\u00f3n del titulo de grado de Licenciado en Inform\u00e1tica. El proceso de determinaci\u00f3n del tema, plan de trabajo, escritura y defensa de la tesis es un proceso complejo que necesita, adem\u00e1s de los conocimientos espec\u00edficos de la disciplina, de metodolog\u00edas cient\u00edficas.<\/p>\n<p>Este seminario tiene el objetivo de introducir, a los alumnos pr\u00f3ximos a recibirse y que est\u00e9n iniciando su trabajo de tesis, los conceptos b\u00e1sicos para comenzar en forma r\u00e1pida y efectiva el proceso de elaboraci\u00f3n de sus trabajos de licenciatura.<\/p>\n<div>\n<p>En el transcurso de este seminario se desarrollaran los siguientes temas:<br \/>\n1. An\u00e1lisis del reglamento de tesis de la carrera Licenciatura en Inform\u00e1tica.<br \/>\n2. \u00c1reas tem\u00e1ticas. Alcance del tema de tesis.<br \/>\n3. Pautas para la escritura del trabajo de tesis.<br \/>\n4. Presentaci\u00f3n de los temas de tesis que se encuentran actualmente en desarrollo (exposici\u00f3n de los tesistas).<\/p>\n<p><span style=\"text-decoration: underline\">Expositores<\/span>:<br \/>\nLic. Mar\u00eda Cristina Werenitzky<br \/>\nLic. Mar\u00eda Graciela Molina<br \/>\nAlumnos que est\u00e1n desarrollando actualmente sus trabajos de tesis.<\/p>\n<p><span style=\"text-decoration: underline\">Fecha y horario<\/span>: <strong>Viernes 11 de Diciembre de 2015 &#8211; 16:00 hs<\/strong><br \/>\n<span style=\"text-decoration: underline\">Lugar<\/span>: Laboratorio de Redes<\/p>\n<\/div>\n","protected":false},"excerpt":{"rendered":"<p>La defensa de tesina o tesis de Licenciatura es un requisito para aspirar a la obtenci\u00f3n del titulo de grado de Licenciado en Inform\u00e1tica. El proceso de determinaci\u00f3n del tema, plan de trabajo, escritura y defensa de la tesis es un proceso complejo que necesita, adem\u00e1s de los conocimientos espec\u00edficos de la disciplina, de metodolog\u00edas [&hellip;]<\/p>\n","protected":false},"author":14,"featured_media":0,"parent":0,"menu_order":0,"comment_status":"closed","ping_status":"closed","template":"","meta":[],"_links":{"self":[{"href":"https:\/\/www.facet.unt.edu.ar\/licinformatica\/wp-json\/wp\/v2\/pages\/357"}],"collection":[{"href":"https:\/\/www.facet.unt.edu.ar\/licinformatica\/wp-json\/wp\/v2\/pages"}],"about":[{"href":"https:\/\/www.facet.unt.edu.ar\/licinformatica\/wp-json\/wp\/v2\/types\/page"}],"author":[{"embeddable":true,"href":"https:\/\/www.facet.unt.edu.ar\/licinformatica\/wp-json\/wp\/v2\/users\/14"}],"replies":[{"embeddable":true,"href":"https:\/\/www.facet.unt.edu.ar\/licinformatica\/wp-json\/wp\/v2\/comments?post=357"}],"version-history":[{"count":4,"href":"https:\/\/www.facet.unt.edu.ar\/licinformatica\/wp-json\/wp\/v2\/pages\/357\/revisions"}],"predecessor-version":[{"id":362,"href":"https:\/\/www.facet.unt.edu.ar\/licinformatica\/wp-json\/wp\/v2\/pages\/357\/revisions\/362"}],"wp:attachment":[{"href":"https:\/\/www.facet.unt.edu.ar\/licinformatica\/wp-json\/wp\/v2\/media?parent=357"}],"curies":[{"name":"wp","href":"https:\/\/api.w.org\/{rel}","templated":true}]}}