{"id":674,"date":"2019-07-22T21:59:09","date_gmt":"2019-07-23T00:59:09","guid":{"rendered":"https:\/\/www.facet.unt.edu.ar\/licinformatica\/?page_id=674"},"modified":"2019-07-22T22:04:27","modified_gmt":"2019-07-23T01:04:27","slug":"novedades","status":"publish","type":"page","link":"https:\/\/www.facet.unt.edu.ar\/licinformatica\/novedades\/","title":{"rendered":"NOVEDADES"},"content":{"rendered":"<div id=\"pl-674\"  class=\"panel-layout\" ><div id=\"pg-674-0\"  class=\"panel-grid panel-no-style\" ><div id=\"pgc-674-0-0\"  class=\"panel-grid-cell\" ><div id=\"panel-674-0-0-0\" class=\"so-panel widget widget_siteorigin-panels-postloop panel-first-child panel-last-child\" data-index=\"0\" >\n\t\t\n\t\t\n<article id=\"post-929\" class=\"post-929 post type-post status-publish format-standard hentry category-novedades\">\n\n\t\n\t<div class=\"entry-main\">\n\n\t\t\n\t\t<header class=\"entry-header\">\n\t\t\t\n\t\t\t<h1 class=\"entry-title\"><a href=\"https:\/\/www.facet.unt.edu.ar\/licinformatica\/2024\/06\/04\/bono-2024-1er-cuatrimestre\/\" title=\"Enlace permanente a Bono 2024 &#8211; 1er cuatrimestre\" rel=\"bookmark\">Bono 2024 &#8211; 1er cuatrimestre<\/a><\/h1>\n\n\t\t\t\t\t\t\t<div class=\"entry-meta\">\n\t\t\t\t\tPublicado el <a href=\"https:\/\/www.facet.unt.edu.ar\/licinformatica\/2024\/06\/04\/bono-2024-1er-cuatrimestre\/\" title=\"16:14\" rel=\"bookmark\"><time class=\"entry-date\" datetime=\"2024-06-04T16:14:01-03:00\">4 junio, 2024<\/time><\/a><time class=\"updated\" datetime=\"2024-06-04T16:14:54-03:00\">4 junio, 2024<\/time> <span class=\"byline\"> por <span class=\"author vcard\"><a class=\"url fn n\" href=\"https:\/\/www.facet.unt.edu.ar\/licinformatica\/author\/jprpepe\/\" title=\"Ver todos los art\u00edculos de jprpepe\" rel=\"author\">jprpepe<\/a><\/span><\/span> \t\t\t\t<\/div><!-- .entry-meta -->\n\t\t\t\n\t\t<\/header><!-- .entry-header -->\n\n\t\t\t\t\t<div class=\"entry-content\">\n\t\t\t\t<h2>PAGO BONO SOLIDARIO E INSCRIPCI\u00d3N PRIMER CUATRIMESTRE 2024<\/h2>\n<div>\n<p>El costo del Bono Solidario\u00a0 para el primer cuatrimestre 2024\u00a0 es de\u00a0<strong>$ 5000<\/strong>\u00a0(cinco mil pesos) por alumno y por \u00fanica vez en el cuatrimestre. Lo debes abonar ingresando a \u201cPago Bono Solidario\u201d. Luego es MUY IMPORTANTE que llenes el formulario \u201cInscripci\u00f3n y\u00a0 Aviso de Pago\u201d d\u00f3nde te podr\u00e1s inscribir en comisiones de Pr\u00e1ctica y adjuntar\u00e1s el comprobante de pago.<\/p>\n<p>Por cuestiones administrativas, si no puedes abonar el arancel, solo debes redactar una nota dirigida al Jefe de Departamento para dejar constancia de la imposibilidad de pagarlo.<\/p>\n<p>El dinero del bono permitir\u00e1 continuar con el mantenimiento a las salas de m\u00e1quinas, como se viene haciendo hace varios a\u00f1os.<\/p>\n<div id=\"main\" class=\"site-main\">\n<div class=\"full-container\">\n<div id=\"primary\" class=\"content-area\">\n<div id=\"content\" class=\"site-content\" role=\"main\">\n<article id=\"post-3049\" class=\"post-3049 page type-page status-publish post\">\n<div class=\"entry-main\">\n<div class=\"entry-content\">\n<div>\n<p><strong>Pago Bono Solidario<\/strong>:\u00a0<a href=\"https:\/\/bitly.ws\/3feEo\">https:\/\/bitly.ws\/3feEo<\/a><\/p>\n<p>IMPORTANTE: d\u00f3nde dice \u201cPersona que pagar\u00e1 el pedido\u201d y \u201cDirecci\u00f3n de la persona que pagar\u00e1 el pedido\u201d se deben ingresar los\u00a0datos del alumno<\/p>\n<p><strong>Inscripci\u00f3n y Aviso de Pago<\/strong>:\u00a0<a href=\"https:\/\/bitly.ws\/3feGD\">https:\/\/bitly.ws\/3feGD<\/a><\/p>\n<\/div>\n<\/div>\n<\/div>\n<\/article>\n<\/div>\n<\/div>\n<\/div>\n<\/div>\n<\/div>\n\t\t\t\t\t\t\t\t\t\t\t\t\t\t\t<\/div><!-- .entry-content -->\n\t\t\n\t\t\n\t<\/div>\n\n<\/article><!-- #post-929 -->\n\n\t\n\t\t\n<article id=\"post-922\" class=\"post-922 post type-post status-publish format-standard hentry category-novedades\">\n\n\t\n\t<div class=\"entry-main\">\n\n\t\t\n\t\t<header class=\"entry-header\">\n\t\t\t\n\t\t\t<h1 class=\"entry-title\"><a href=\"https:\/\/www.facet.unt.edu.ar\/licinformatica\/2024\/06\/04\/horario-2024-1er-cuatrimestre\/\" title=\"Enlace permanente a Horario 2024 &#8211; 1er Cuatrimestre\" rel=\"bookmark\">Horario 2024 &#8211; 1er Cuatrimestre<\/a><\/h1>\n\n\t\t\t\t\t\t\t<div class=\"entry-meta\">\n\t\t\t\t\tPublicado el <a href=\"https:\/\/www.facet.unt.edu.ar\/licinformatica\/2024\/06\/04\/horario-2024-1er-cuatrimestre\/\" title=\"16:10\" rel=\"bookmark\"><time class=\"entry-date\" datetime=\"2024-06-04T16:10:50-03:00\">4 junio, 2024<\/time><\/a><time class=\"updated\" datetime=\"2024-06-04T16:10:50-03:00\">4 junio, 2024<\/time> <span class=\"byline\"> por <span class=\"author vcard\"><a class=\"url fn n\" href=\"https:\/\/www.facet.unt.edu.ar\/licinformatica\/author\/jprpepe\/\" title=\"Ver todos los art\u00edculos de jprpepe\" rel=\"author\">jprpepe<\/a><\/span><\/span> \t\t\t\t<\/div><!-- .entry-meta -->\n\t\t\t\n\t\t<\/header><!-- .entry-header -->\n\n\t\t\t\t\t<div class=\"entry-content\">\n\t\t\t\t<h2>1\u00b0 a\u00f1o<\/h2>\n<p><a href=\"https:\/\/www.facet.unt.edu.ar\/licinformatica\/wp-content\/uploads\/sites\/16\/2024\/06\/2024li1c1a.png\"><img decoding=\"async\" loading=\"lazy\" class=\"alignnone wp-image-923 size-full\" src=\"https:\/\/www.facet.unt.edu.ar\/licinformatica\/wp-content\/uploads\/sites\/16\/2024\/06\/2024li1c1a.png\" alt=\"\" width=\"1075\" height=\"448\" \/><\/a><\/p>\n<h2>2\u00b0 a\u00f1o<\/h2>\n<p><a href=\"https:\/\/www.facet.unt.edu.ar\/licinformatica\/wp-content\/uploads\/sites\/16\/2024\/06\/2024li1c2a.png\"><img decoding=\"async\" loading=\"lazy\" class=\"alignnone wp-image-924 size-full\" src=\"https:\/\/www.facet.unt.edu.ar\/licinformatica\/wp-content\/uploads\/sites\/16\/2024\/06\/2024li1c2a.png\" alt=\"\" width=\"950\" height=\"448\" \/><\/a><\/p>\n<h2>3\u00b0 a\u00f1o<\/h2>\n<h2><a href=\"https:\/\/www.facet.unt.edu.ar\/licinformatica\/wp-content\/uploads\/sites\/16\/2024\/06\/2024li1c3a.png\"><img decoding=\"async\" loading=\"lazy\" class=\"alignnone wp-image-925 size-full\" src=\"https:\/\/www.facet.unt.edu.ar\/licinformatica\/wp-content\/uploads\/sites\/16\/2024\/06\/2024li1c3a.png\" alt=\"\" width=\"956\" height=\"441\" \/><\/a><\/h2>\n<h2>4\u00b0 a\u00f1o<\/h2>\n<p><a href=\"https:\/\/www.facet.unt.edu.ar\/licinformatica\/wp-content\/uploads\/sites\/16\/2024\/06\/2024li1c4a.png\"><img decoding=\"async\" loading=\"lazy\" class=\"alignnone wp-image-926 size-full\" src=\"https:\/\/www.facet.unt.edu.ar\/licinformatica\/wp-content\/uploads\/sites\/16\/2024\/06\/2024li1c4a.png\" alt=\"\" width=\"951\" height=\"283\" \/><\/a><\/p>\n<h2>5\u00b0 a\u00f1o<\/h2>\n<p><a href=\"https:\/\/www.facet.unt.edu.ar\/licinformatica\/wp-content\/uploads\/sites\/16\/2024\/06\/2024li1c5a.png\"><img decoding=\"async\" loading=\"lazy\" class=\"alignnone wp-image-927 size-full\" src=\"https:\/\/www.facet.unt.edu.ar\/licinformatica\/wp-content\/uploads\/sites\/16\/2024\/06\/2024li1c5a.png\" alt=\"\" width=\"956\" height=\"346\" \/><\/a><\/p>\n<p>&nbsp;<\/p>\n\t\t\t\t\t\t\t\t\t\t\t\t\t\t\t<\/div><!-- .entry-content -->\n\t\t\n\t\t\n\t<\/div>\n\n<\/article><!-- #post-922 -->\n\n\t\n\t\t<nav role=\"navigation\" id=\"nav-below\" class=\"site-navigation paging-navigation\">\n\t\t<h1 class=\"assistive-text\">Navegador de art\u00edculos<\/h1>\n\n\t\n\t\t<div class='pagination'><span aria-current=\"page\" class=\"page-numbers current\">1<\/span>\n<a class=\"page-numbers\" href=\"https:\/\/www.facet.unt.edu.ar\/licinformatica\/wp-json\/wp\/v2\/pages\/674\/page\/2\/\">2<\/a>\n<a class=\"page-numbers\" href=\"https:\/\/www.facet.unt.edu.ar\/licinformatica\/wp-json\/wp\/v2\/pages\/674\/page\/3\/\">3<\/a>\n<a class=\"page-numbers\" href=\"https:\/\/www.facet.unt.edu.ar\/licinformatica\/wp-json\/wp\/v2\/pages\/674\/page\/4\/\">4<\/a>\n<a class=\"page-numbers\" href=\"https:\/\/www.facet.unt.edu.ar\/licinformatica\/wp-json\/wp\/v2\/pages\/674\/page\/5\/\">5<\/a>\n<a class=\"page-numbers\" href=\"https:\/\/www.facet.unt.edu.ar\/licinformatica\/wp-json\/wp\/v2\/pages\/674\/page\/6\/\">6<\/a>\n<span class=\"page-numbers dots\">&hellip;<\/span>\n<a class=\"page-numbers\" href=\"https:\/\/www.facet.unt.edu.ar\/licinformatica\/wp-json\/wp\/v2\/pages\/674\/page\/9\/\">9<\/a>\n<a class=\"next page-numbers\" href=\"https:\/\/www.facet.unt.edu.ar\/licinformatica\/wp-json\/wp\/v2\/pages\/674\/page\/2\/\">Siguiente &raquo;<\/a><\/div>\n\n\t\n\t<\/nav><!-- #nav-below -->\n\t\n<\/div><\/div><\/div><\/div>","protected":false},"excerpt":{"rendered":"","protected":false},"author":14,"featured_media":0,"parent":0,"menu_order":0,"comment_status":"closed","ping_status":"closed","template":"","meta":[],"_links":{"self":[{"href":"https:\/\/www.facet.unt.edu.ar\/licinformatica\/wp-json\/wp\/v2\/pages\/674"}],"collection":[{"href":"https:\/\/www.facet.unt.edu.ar\/licinformatica\/wp-json\/wp\/v2\/pages"}],"about":[{"href":"https:\/\/www.facet.unt.edu.ar\/licinformatica\/wp-json\/wp\/v2\/types\/page"}],"author":[{"embeddable":true,"href":"https:\/\/www.facet.unt.edu.ar\/licinformatica\/wp-json\/wp\/v2\/users\/14"}],"replies":[{"embeddable":true,"href":"https:\/\/www.facet.unt.edu.ar\/licinformatica\/wp-json\/wp\/v2\/comments?post=674"}],"version-history":[{"count":17,"href":"https:\/\/www.facet.unt.edu.ar\/licinformatica\/wp-json\/wp\/v2\/pages\/674\/revisions"}],"predecessor-version":[{"id":692,"href":"https:\/\/www.facet.unt.edu.ar\/licinformatica\/wp-json\/wp\/v2\/pages\/674\/revisions\/692"}],"wp:attachment":[{"href":"https:\/\/www.facet.unt.edu.ar\/licinformatica\/wp-json\/wp\/v2\/media?parent=674"}],"curies":[{"name":"wp","href":"https:\/\/api.w.org\/{rel}","templated":true}]}}