{"id":759,"date":"2021-07-30T23:21:52","date_gmt":"2021-07-31T02:21:52","guid":{"rendered":"https:\/\/www.facet.unt.edu.ar\/licinformatica\/?page_id=759"},"modified":"2021-07-30T23:21:52","modified_gmt":"2021-07-31T02:21:52","slug":"tutoria-estudiantil-facet","status":"publish","type":"page","link":"https:\/\/www.facet.unt.edu.ar\/licinformatica\/tutoria-estudiantil-facet\/","title":{"rendered":"Tutor\u00eda Estudiantil FACET"},"content":{"rendered":"<p style=\"text-align: justify;\">Si sos ingresante o alumno de los primeros a\u00f1os de alguna de las carreras de la FACET\u00a0y tienes dudas o consultas, \u00a1contactate con\u00a0<a href=\"https:\/\/www.facebook.com\/tutoria.estudiantil\" target=\"_blank\" rel=\"noopener noreferrer\">Tutor\u00eda Estudiantil FACET<\/a>!<\/p>\n<p style=\"text-align: justify;\">El equipo de tutores, te ofrecer\u00e1 orientaci\u00f3n sobre:<br \/>\n\u2022 Cuestiones acad\u00e9micas, administrativas y sobre los servicios de la FACET para alumnos.<br \/>\n\u2022 Condiciones necesarias para cursar, regularizar y rendir las materias de 1\u00b0 a\u00f1o.<br \/>\n\u2022 Organizaci\u00f3n de tiempos y h\u00e1bitos de estudio.<br \/>\n\u2022 Asesoramiento sobre el itinerario curricular adecuado a tus necesidades. \u00a1Y m\u00e1s!<\/p>\n<p style=\"text-align: justify;\">Pod\u00e9s contactarte v\u00eda mail a\u00a0<a href=\"mailto:tutoriaestudiantilfacet@herrera.unt.edu.ar\" target=\"_blank\" rel=\"noopener noreferrer\">tutoriaestudiantilfacet@herrera.unt.edu.ar<\/a> o ingresar a su red social: <a href=\"https:\/\/www.facebook.com\/tutoria.estudiantil\" target=\"_blank\" rel=\"noopener noreferrer\">https:\/\/www.facebook.com\/tutoria.estudiantil<\/a><\/p>\n","protected":false},"excerpt":{"rendered":"<p>Si sos ingresante o alumno de los primeros a\u00f1os de alguna de las carreras de la FACET\u00a0y tienes dudas o consultas, \u00a1contactate con\u00a0Tutor\u00eda Estudiantil FACET! El equipo de tutores, te ofrecer\u00e1 orientaci\u00f3n sobre: \u2022 Cuestiones acad\u00e9micas, administrativas y sobre los servicios de la FACET para alumnos. \u2022 Condiciones necesarias para cursar, regularizar y rendir las [&hellip;]<\/p>\n","protected":false},"author":14,"featured_media":0,"parent":0,"menu_order":0,"comment_status":"closed","ping_status":"closed","template":"","meta":[],"_links":{"self":[{"href":"https:\/\/www.facet.unt.edu.ar\/licinformatica\/wp-json\/wp\/v2\/pages\/759"}],"collection":[{"href":"https:\/\/www.facet.unt.edu.ar\/licinformatica\/wp-json\/wp\/v2\/pages"}],"about":[{"href":"https:\/\/www.facet.unt.edu.ar\/licinformatica\/wp-json\/wp\/v2\/types\/page"}],"author":[{"embeddable":true,"href":"https:\/\/www.facet.unt.edu.ar\/licinformatica\/wp-json\/wp\/v2\/users\/14"}],"replies":[{"embeddable":true,"href":"https:\/\/www.facet.unt.edu.ar\/licinformatica\/wp-json\/wp\/v2\/comments?post=759"}],"version-history":[{"count":1,"href":"https:\/\/www.facet.unt.edu.ar\/licinformatica\/wp-json\/wp\/v2\/pages\/759\/revisions"}],"predecessor-version":[{"id":760,"href":"https:\/\/www.facet.unt.edu.ar\/licinformatica\/wp-json\/wp\/v2\/pages\/759\/revisions\/760"}],"wp:attachment":[{"href":"https:\/\/www.facet.unt.edu.ar\/licinformatica\/wp-json\/wp\/v2\/media?parent=759"}],"curies":[{"name":"wp","href":"https:\/\/api.w.org\/{rel}","templated":true}]}}