{"id":80,"date":"2014-06-10T12:37:56","date_gmt":"2014-06-10T15:37:56","guid":{"rendered":"https:\/\/www.facet.unt.edu.ar\/licinformatica\/?page_id=80"},"modified":"2014-06-12T18:21:36","modified_gmt":"2014-06-12T21:21:36","slug":"perfil-del-egresado","status":"publish","type":"page","link":"https:\/\/www.facet.unt.edu.ar\/licinformatica\/perfil-del-egresado\/","title":{"rendered":"Perfil del Egresado"},"content":{"rendered":"<p>El Licenciado en Inform\u00e1tica es un profesional preparado y capacitado para:<\/p>\n<ol>\n<li>Resolver problemas inform\u00e1ticos de gran magnitud en empresas e instituciones, as\u00ed como el desarrollo de software de base y aplicaciones importantes.<\/li>\n<li>Liderar el desarrollo de proyectos de software y gestionarlos.<\/li>\n<li>Integrar y\/o dirigir proyectos de investigaci\u00f3n.<\/li>\n<li>Continuar con estudios superiores de postgrado en el pa\u00eds o en el exterior.<\/li>\n<li>Intervenir en equipos multidisciplinarios que desarrollen pericias o auditor\u00edas.<\/li>\n<li>Realizar tareas de consultor\u00edas.<\/li>\n<li>Promover las aplicaciones de la Inform\u00e1tica a nuevas \u00e1reas.<\/li>\n<li>Ejercer libremente su profesi\u00f3n.<\/li>\n<\/ol>\n<p>Por ser una carrera acreditada las <strong>incumbencias del t\u00edtulo<\/strong> en cuanto a las actividades profesionales las fija el ANEXO V-1 de la Resoluci\u00f3n Ministerial 786\/2009:<\/p>\n<p><a href=\"https:\/\/www.facet.unt.edu.ar\/licinformatica\/?p=134\" target=\"_blank\"><strong>ACTIVIDADES PROFESIONALES RESERVADAS AL TITULO LICENCIADO EN INFORMATICA<\/strong><\/a><\/p>\n<p><a href=\"https:\/\/www.facet.unt.edu.ar\/licinformatica\/wp-content\/uploads\/sites\/16\/2014\/06\/egresados.png\"><img decoding=\"async\" loading=\"lazy\" class=\"wp-image-149 aligncenter\" src=\"https:\/\/www.facet.unt.edu.ar\/licinformatica\/wp-content\/uploads\/sites\/16\/2014\/06\/egresados.png\" alt=\"egresados\" width=\"453\" height=\"302\" srcset=\"https:\/\/www.facet.unt.edu.ar\/licinformatica\/wp-content\/uploads\/sites\/16\/2014\/06\/egresados.png 1000w, https:\/\/www.facet.unt.edu.ar\/licinformatica\/wp-content\/uploads\/sites\/16\/2014\/06\/egresados-300x200.png 300w, https:\/\/www.facet.unt.edu.ar\/licinformatica\/wp-content\/uploads\/sites\/16\/2014\/06\/egresados-272x182.png 272w\" sizes=\"(max-width: 453px) 100vw, 453px\" \/><\/a><\/p>\n","protected":false},"excerpt":{"rendered":"<p>El Licenciado en Inform\u00e1tica es un profesional preparado y capacitado para: Resolver problemas inform\u00e1ticos de gran magnitud en empresas e instituciones, as\u00ed como el desarrollo de software de base y aplicaciones importantes. Liderar el desarrollo de proyectos de software y gestionarlos. Integrar y\/o dirigir proyectos de investigaci\u00f3n. Continuar con estudios superiores de postgrado en el [&hellip;]<\/p>\n","protected":false},"author":14,"featured_media":0,"parent":0,"menu_order":0,"comment_status":"closed","ping_status":"closed","template":"","meta":[],"_links":{"self":[{"href":"https:\/\/www.facet.unt.edu.ar\/licinformatica\/wp-json\/wp\/v2\/pages\/80"}],"collection":[{"href":"https:\/\/www.facet.unt.edu.ar\/licinformatica\/wp-json\/wp\/v2\/pages"}],"about":[{"href":"https:\/\/www.facet.unt.edu.ar\/licinformatica\/wp-json\/wp\/v2\/types\/page"}],"author":[{"embeddable":true,"href":"https:\/\/www.facet.unt.edu.ar\/licinformatica\/wp-json\/wp\/v2\/users\/14"}],"replies":[{"embeddable":true,"href":"https:\/\/www.facet.unt.edu.ar\/licinformatica\/wp-json\/wp\/v2\/comments?post=80"}],"version-history":[{"count":6,"href":"https:\/\/www.facet.unt.edu.ar\/licinformatica\/wp-json\/wp\/v2\/pages\/80\/revisions"}],"predecessor-version":[{"id":87,"href":"https:\/\/www.facet.unt.edu.ar\/licinformatica\/wp-json\/wp\/v2\/pages\/80\/revisions\/87"}],"wp:attachment":[{"href":"https:\/\/www.facet.unt.edu.ar\/licinformatica\/wp-json\/wp\/v2\/media?parent=80"}],"curies":[{"name":"wp","href":"https:\/\/api.w.org\/{rel}","templated":true}]}}