{"id":83,"date":"2014-06-10T12:40:14","date_gmt":"2014-06-10T15:40:14","guid":{"rendered":"https:\/\/www.facet.unt.edu.ar\/licinformatica\/?page_id=83"},"modified":"2020-02-28T00:21:02","modified_gmt":"2020-02-28T03:21:02","slug":"plan-de-estudio","status":"publish","type":"page","link":"https:\/\/www.facet.unt.edu.ar\/licinformatica\/plan-de-estudio\/","title":{"rendered":"Plan de Estudio"},"content":{"rendered":"<p style=\"text-align: center;\"><strong>Plan de Estudio &#8211; Modificaci\u00f3n 2009<\/strong><\/p>\n<p style=\"text-align: center;\"><strong>ASIGNATURAS OBLIGATORIAS<\/strong><\/p>\n<p style=\"text-align: center;\">37 Asignaturas cuatrimestrales + Proyecto de Software + Tesis<\/p>\n<table width=\"726\">\n<tbody>\n<tr>\n<td style=\"background-color: #343eaf;\" width=\"54\"><span style=\"color: #ffffff;\"> <strong>C\u00f3digo<\/strong><\/span><\/td>\n<td style=\"background-color: #343eaf;\" width=\"271\"><span style=\"color: #ffffff;\"> <strong>M\u00f3dulo I<\/strong><\/span><\/td>\n<td style=\"background-color: #343eaf;\" width=\"44\">\u00a0<span style=\"color: #ffffff;\"> <strong>Hs.<\/strong><\/span><\/td>\n<td rowspan=\"25\" width=\"26\"><strong>\u00a0<\/strong><\/td>\n<td style=\"background-color: #343eaf;\" width=\"56\"><span style=\"color: #ffffff;\"> <strong>C\u00f3digo<\/strong><\/span><\/td>\n<td style=\"background-color: #343eaf;\" width=\"227\"><span style=\"color: #ffffff;\"> <strong>M\u00f3dulo II<\/strong><\/span><\/td>\n<td style=\"background-color: #343eaf;\" width=\"48\"><span style=\"color: #ffffff;\"> \u00a0<strong>Hs.<\/strong><\/span><\/td>\n<\/tr>\n<tr>\n<td width=\"54\">TT1<\/td>\n<td width=\"271\"><a href=\"https:\/\/www.facet.unt.edu.ar\/licinformatica\/wp-content\/uploads\/sites\/16\/2014\/08\/C\u00c1LCULO-I.pdf\" target=\"_blank\" rel=\"noopener noreferrer\">C\u00e1lculo I<\/a><\/td>\n<td width=\"44\">6<\/td>\n<td width=\"56\">TT3<\/td>\n<td width=\"227\"><a href=\"https:\/\/www.facet.unt.edu.ar\/licinformatica\/wp-content\/uploads\/sites\/16\/2014\/08\/C\u00c1LCULO-II.pdf\" target=\"_blank\" rel=\"noopener noreferrer\">C\u00e1lculo II<\/a><\/td>\n<td width=\"48\">5<\/td>\n<\/tr>\n<tr>\n<td width=\"54\">TT2<\/td>\n<td width=\"271\"><a href=\"https:\/\/www.facet.unt.edu.ar\/licinformatica\/wp-content\/uploads\/sites\/16\/2014\/08\/\u00c1LGEBRA-Y-GEOMETR\u00cdA-ANAL\u00cdTICA.pdf\" target=\"_blank\" rel=\"noopener noreferrer\">\u00c1lgebra y Geometr\u00eda Anal\u00edtica<\/a><\/td>\n<td width=\"44\">6<\/td>\n<td width=\"56\">TT4<\/td>\n<td width=\"227\"><a href=\"https:\/\/www.facet.unt.edu.ar\/licinformatica\/wp-content\/uploads\/sites\/16\/2014\/08\/ELEMENTOS-DE-\u00c1LGEBRA-LINEAL.pdf\" target=\"_blank\" rel=\"noopener noreferrer\">Elementos de \u00c1lgebra Lineal<\/a><\/td>\n<td width=\"48\">5<\/td>\n<\/tr>\n<tr>\n<td width=\"54\">PU1<\/td>\n<td width=\"271\"><a href=\"https:\/\/www.facet.unt.edu.ar\/licinformatica\/wp-content\/uploads\/sites\/16\/2014\/08\/ELEMENTOS-DE-COMPUTACI\u00d3N-Y-L\u00d3GICA.pdf\" target=\"_blank\" rel=\"noopener noreferrer\">Elementos de Computaci\u00f3n y L\u00f3gica<\/a><\/td>\n<td width=\"44\">5<\/td>\n<td width=\"56\">PU2<\/td>\n<td width=\"227\"><a href=\"https:\/\/www.facet.unt.edu.ar\/licinformatica\/wp-content\/uploads\/sites\/16\/2014\/08\/PROGRAMACI\u00d3N.pdf\" target=\"_blank\" rel=\"noopener noreferrer\">Programaci\u00f3n<\/a><\/td>\n<td width=\"48\">7<\/td>\n<\/tr>\n<tr>\n<td width=\"54\">P03<\/td>\n<td width=\"271\"><a href=\"https:\/\/www.facet.unt.edu.ar\/licinformatica\/wp-content\/uploads\/sites\/16\/2014\/08\/Laboratorio-I.pdf\" target=\"_blank\" rel=\"noopener noreferrer\">Laboratorio I<\/a>\u00a0&#8211; <a href=\"http:\/\/catedras.facet.unt.edu.ar\/laboratoriop03\/\" target=\"_blank\" rel=\"noopener noreferrer\">P\u00e1gina web de la c\u00e1tedra<\/a><\/td>\n<td width=\"44\">5<\/td>\n<td width=\"56\">P07<\/td>\n<td width=\"227\"><a href=\"https:\/\/www.facet.unt.edu.ar\/licinformatica\/wp-content\/uploads\/sites\/16\/2014\/08\/LABORATORIO-II.pdf\" target=\"_blank\" rel=\"noopener noreferrer\">Laboratorio II<\/a><\/td>\n<td width=\"48\">5<\/td>\n<\/tr>\n<tr>\n<td style=\"background-color: #343eaf;\" width=\"54\"><span style=\"color: #ffffff;\"> <strong>C\u00f3digo<\/strong><\/span><\/td>\n<td style=\"background-color: #343eaf;\" width=\"271\"><span style=\"color: #ffffff;\"><strong>M\u00f3dulo III<\/strong><\/span><\/td>\n<td style=\"background-color: #343eaf;\" width=\"44\"><span style=\"color: #ffffff;\">\u00a0<strong>Hs.<\/strong><\/span><\/td>\n<td style=\"background-color: #343eaf;\" width=\"56\"><span style=\"color: #ffffff;\"><strong>C\u00f3digo<\/strong><\/span><\/td>\n<td style=\"background-color: #343eaf;\" width=\"227\"><span style=\"color: #ffffff;\"><strong>M\u00f3dulo IV<\/strong><\/span><\/td>\n<td style=\"background-color: #343eaf;\" width=\"48\"><span style=\"color: #ffffff;\">\u00a0<strong>Hs.<\/strong><\/span><\/td>\n<\/tr>\n<tr>\n<td width=\"54\">LIA<\/td>\n<td width=\"271\"><a href=\"https:\/\/www.facet.unt.edu.ar\/licinformatica\/wp-content\/uploads\/sites\/16\/2014\/08\/ALGORITMOS-Y-ESTRUCTURAS-DE-DATOS-I.pdf\" target=\"_blank\" rel=\"noopener noreferrer\">Algoritmos y Estructuras de Datos I<\/a><\/td>\n<td width=\"44\">6<\/td>\n<td width=\"56\">P14<\/td>\n<td width=\"227\"><a href=\"https:\/\/www.facet.unt.edu.ar\/licinformatica\/wp-content\/uploads\/sites\/16\/2014\/08\/PARADIGMAS-DE-PROGRAMACI\u00d3N.pdf\" target=\"_blank\" rel=\"noopener noreferrer\">Paradigmas de Programaci\u00f3n<\/a><\/td>\n<td width=\"48\">6<\/td>\n<\/tr>\n<tr>\n<td width=\"54\">TT5<\/td>\n<td width=\"271\"><a href=\"https:\/\/www.facet.unt.edu.ar\/licinformatica\/wp-content\/uploads\/sites\/16\/2014\/08\/C\u00c1LCULO-III.pdf\" target=\"_blank\" rel=\"noopener noreferrer\">C\u00e1lculo III<\/a><\/td>\n<td width=\"44\">6<\/td>\n<td width=\"56\">TT7<\/td>\n<td width=\"227\"><a href=\"https:\/\/www.facet.unt.edu.ar\/licinformatica\/wp-content\/uploads\/sites\/16\/2014\/08\/PROBABILIDAD-Y-ESTAD\u00cdSTICA.pdf\" target=\"_blank\" rel=\"noopener noreferrer\">Probabilidad y Estad\u00edstica<\/a><\/td>\n<td width=\"48\">5<\/td>\n<\/tr>\n<tr>\n<td width=\"54\">LIB<\/td>\n<td width=\"271\"><a href=\"https:\/\/www.facet.unt.edu.ar\/licinformatica\/wp-content\/uploads\/sites\/16\/2014\/08\/TALLER-DE-LENGUAJES-I.pdf\" target=\"_blank\" rel=\"noopener noreferrer\">Taller de Lenguajes I<\/a><\/td>\n<td width=\"44\">5<\/td>\n<td width=\"56\">P09<\/td>\n<td width=\"227\"><a href=\"https:\/\/www.facet.unt.edu.ar\/licinformatica\/wp-content\/uploads\/sites\/16\/2014\/08\/CONCEPTOS-DE-BASES-DE-DATOS-I.pdf\" target=\"_blank\" rel=\"noopener noreferrer\">Conceptos de Bases Datos I<\/a><\/td>\n<td width=\"48\">6<\/td>\n<\/tr>\n<tr>\n<td width=\"54\">FL8<\/td>\n<td width=\"271\">Ingl\u00e9s I (Exigencia adicional)<\/td>\n<td width=\"44\">4<\/td>\n<td width=\"56\">FL9<\/td>\n<td width=\"227\">Ingl\u00e9s II (Exigencia adicional)<\/td>\n<td width=\"48\">4<\/td>\n<\/tr>\n<tr>\n<td style=\"background-color: #343eaf;\" width=\"54\"><span style=\"color: #ffffff;\"><strong>C\u00f3digo<\/strong><\/span><\/td>\n<td style=\"background-color: #343eaf;\" width=\"271\"><span style=\"color: #ffffff;\"><strong>M\u00f3dulo V<\/strong><\/span><\/td>\n<td style=\"background-color: #343eaf;\" width=\"44\">\u00a0<span style=\"color: #ffffff;\"><strong>Hs.<\/strong><\/span><\/td>\n<td style=\"background-color: #343eaf;\" width=\"56\"><span style=\"color: #ffffff;\"><strong>C\u00f3digo<\/strong><\/span><\/td>\n<td style=\"background-color: #343eaf;\" width=\"227\"><span style=\"color: #ffffff;\"><strong>M\u00f3dulo VI<\/strong><\/span><\/td>\n<td style=\"background-color: #343eaf;\" width=\"48\"><span style=\"color: #ffffff;\">\u00a0<strong>Hs.<\/strong><\/span><\/td>\n<\/tr>\n<tr>\n<td width=\"54\">LIC<\/td>\n<td width=\"271\"><a href=\"https:\/\/www.facet.unt.edu.ar\/licinformatica\/wp-content\/uploads\/sites\/16\/2014\/08\/ARQUITECTURA-Y-ORGANIZACI\u00d3N-DE-COMPUTADORAS-I.pdf\" target=\"_blank\" rel=\"noopener noreferrer\">Arquitectura y Organizaci\u00f3n de Computadoras I<\/a><\/td>\n<td width=\"44\">6<\/td>\n<td width=\"56\">LID<\/td>\n<td width=\"227\"><a href=\"https:\/\/www.facet.unt.edu.ar\/licinformatica\/wp-content\/uploads\/sites\/16\/2014\/08\/ARQUITECTURA-Y-ORGANIZACI\u00d3N-DE-COMPUTADORAS-II.pdf\" target=\"_blank\" rel=\"noopener noreferrer\">Arquitectura y Organizaci\u00f3n de Computadoras II<\/a><\/td>\n<td width=\"48\">5<\/td>\n<\/tr>\n<tr>\n<td width=\"54\">P10<\/td>\n<td width=\"271\"><a href=\"https:\/\/www.facet.unt.edu.ar\/licinformatica\/wp-content\/uploads\/sites\/16\/2014\/08\/M\u00c9TODOS-NUM\u00c9RICOS-I.pdf\" target=\"_blank\" rel=\"noopener noreferrer\">M\u00e9todos Num\u00e9ricos I<\/a><\/td>\n<td width=\"44\">5<\/td>\n<td width=\"56\">LIE<\/td>\n<td width=\"227\"><a href=\"https:\/\/www.facet.unt.edu.ar\/licinformatica\/wp-content\/uploads\/sites\/16\/2014\/08\/TALLER-DE-LENGUAJES-II.pdf\" target=\"_blank\" rel=\"noopener noreferrer\">Taller de Lenguajes II<\/a><\/td>\n<td width=\"48\">5<\/td>\n<\/tr>\n<tr>\n<td width=\"54\">P15<\/td>\n<td width=\"271\"><a href=\"https:\/\/www.facet.unt.edu.ar\/licinformatica\/wp-content\/uploads\/sites\/16\/2014\/08\/CONCEPTOS-DE-BASES-DE-DATOS-II.pdf\" target=\"_blank\" rel=\"noopener noreferrer\">Conceptos de Bases Datos II<\/a><\/td>\n<td width=\"44\">6<\/td>\n<td width=\"56\">PU8<\/td>\n<td width=\"227\"><a href=\"https:\/\/www.facet.unt.edu.ar\/licinformatica\/wp-content\/uploads\/sites\/16\/2014\/08\/M\u00c9TODOS-NUM\u00c9RICOS-II.pdf\" target=\"_blank\" rel=\"noopener noreferrer\">M\u00e9todos Num\u00e9ricos II<\/a><\/td>\n<td width=\"48\">4<\/td>\n<\/tr>\n<tr>\n<td width=\"54\"><\/td>\n<td width=\"271\"><\/td>\n<td width=\"44\"><\/td>\n<td width=\"56\">TT9<\/td>\n<td width=\"227\"><a href=\"https:\/\/www.facet.unt.edu.ar\/licinformatica\/wp-content\/uploads\/sites\/16\/2014\/08\/MATEM\u00c1TICA-DISCRETA.pdf\" target=\"_blank\" rel=\"noopener noreferrer\">Matem\u00e1tica Discreta<\/a><\/td>\n<td width=\"48\">4<\/td>\n<\/tr>\n<tr>\n<td style=\"background-color: #343eaf;\" width=\"54\"><span style=\"color: #ffffff;\"><strong>C\u00f3digo<\/strong><\/span><\/td>\n<td style=\"background-color: #343eaf;\" width=\"271\"><span style=\"color: #ffffff;\"><strong>M\u00f3dulo VII<\/strong><\/span><\/td>\n<td style=\"background-color: #343eaf;\" width=\"44\">\u00a0<span style=\"color: #ffffff;\"><strong>Hs.<\/strong><\/span><\/td>\n<td style=\"background-color: #343eaf;\" width=\"56\"><span style=\"color: #ffffff;\"><strong>C\u00f3digo<\/strong><\/span><\/td>\n<td style=\"background-color: #343eaf;\" width=\"227\"><span style=\"color: #ffffff;\"><strong>M\u00f3dulo VIII<\/strong><\/span><\/td>\n<td style=\"background-color: #343eaf;\" width=\"48\">\u00a0<span style=\"color: #ffffff;\"><strong>Hs.<\/strong><\/span><\/td>\n<\/tr>\n<tr>\n<td width=\"54\">LIF<\/td>\n<td width=\"271\"><a href=\"https:\/\/www.facet.unt.edu.ar\/licinformatica\/wp-content\/uploads\/sites\/16\/2014\/08\/INGENIER\u00cdA-DE-SOFTWARE-I.pdf\" target=\"_blank\" rel=\"noopener noreferrer\">Ingenier\u00eda de Software I<\/a><\/td>\n<td width=\"44\">5<\/td>\n<td width=\"56\">LIH<\/td>\n<td width=\"227\"><a href=\"https:\/\/www.facet.unt.edu.ar\/licinformatica\/wp-content\/uploads\/sites\/16\/2014\/08\/INGENIER\u00cdA-DE-SOFTWARE-II.pdf\" target=\"_blank\" rel=\"noopener noreferrer\">Ingenier\u00eda de Software II<\/a><\/td>\n<td width=\"48\">3<\/td>\n<\/tr>\n<tr>\n<td width=\"54\">LIG<\/td>\n<td width=\"271\"><a href=\"https:\/\/www.facet.unt.edu.ar\/licinformatica\/wp-content\/uploads\/sites\/16\/2014\/08\/SISTEMAS-OPERATIVOS-I.pdf\" target=\"_blank\" rel=\"noopener noreferrer\">Sistemas Operativos I<\/a><\/td>\n<td width=\"44\">6<\/td>\n<td width=\"56\">LII<\/td>\n<td width=\"227\"><a href=\"https:\/\/www.facet.unt.edu.ar\/licinformatica\/wp-content\/uploads\/sites\/16\/2014\/08\/SISTEMAS-OPERATIVOS-II.pdf\" target=\"_blank\" rel=\"noopener noreferrer\">Sistemas Operativos II<\/a><\/td>\n<td width=\"48\">5<\/td>\n<\/tr>\n<tr>\n<td width=\"54\">P18<\/td>\n<td width=\"271\"><a href=\"https:\/\/www.facet.unt.edu.ar\/licinformatica\/wp-content\/uploads\/sites\/16\/2014\/08\/COMUNICACIONES-I.pdf\" target=\"_blank\" rel=\"noopener noreferrer\">Comunicaciones I<\/a><\/td>\n<td width=\"44\">6<\/td>\n<td width=\"56\">P21<\/td>\n<td width=\"227\"><a href=\"https:\/\/www.facet.unt.edu.ar\/licinformatica\/wp-content\/uploads\/sites\/16\/2014\/08\/COMUNICACIONES-II.pdf\" target=\"_blank\" rel=\"noopener noreferrer\">Comunicaciones II<\/a><\/td>\n<td width=\"48\">6<\/td>\n<\/tr>\n<tr>\n<td width=\"54\">LIJ<\/td>\n<td width=\"271\"><a href=\"https:\/\/www.facet.unt.edu.ar\/licinformatica\/wp-content\/uploads\/sites\/16\/2014\/08\/PROYECTO-DE-SOFTWARE.pdf\" target=\"_blank\" rel=\"noopener noreferrer\">Proyecto de Software<\/a> (anual)<\/td>\n<td width=\"44\">2<\/td>\n<td width=\"56\">P25<\/td>\n<td width=\"227\"><a href=\"https:\/\/www.facet.unt.edu.ar\/licinformatica\/wp-content\/uploads\/sites\/16\/2014\/08\/SISTEMAS-ABIERTOS.pdf\" target=\"_blank\" rel=\"noopener noreferrer\">Sistemas Abiertos<\/a><\/td>\n<td width=\"48\">6<\/td>\n<\/tr>\n<tr>\n<td style=\"background-color: #343eaf;\" width=\"54\"><span style=\"color: #ffffff;\"><strong>C\u00f3digo<\/strong><\/span><\/td>\n<td style=\"background-color: #343eaf;\" width=\"271\"><span style=\"color: #ffffff;\"><strong>M\u00f3dulo IX<\/strong><\/span><\/td>\n<td style=\"background-color: #343eaf;\" width=\"44\"><span style=\"color: #ffffff;\">\u00a0<strong>Hs.<\/strong><\/span><\/td>\n<td style=\"background-color: #343eaf;\" width=\"56\"><span style=\"color: #ffffff;\"><strong>C\u00f3digo<\/strong><\/span><\/td>\n<td style=\"background-color: #343eaf;\" width=\"227\"><span style=\"color: #ffffff;\"><strong>M\u00f3dulo X<\/strong><\/span><\/td>\n<td style=\"background-color: #343eaf;\" width=\"48\"><span style=\"color: #ffffff;\">\u00a0<strong>Hs.<\/strong><\/span><\/td>\n<\/tr>\n<tr>\n<td width=\"54\">LIK<\/td>\n<td width=\"271\"><a href=\"https:\/\/www.facet.unt.edu.ar\/licinformatica\/wp-content\/uploads\/sites\/16\/2014\/08\/SISTEMAS-DE-INFORMACI\u00d3N.pdf\" target=\"_blank\" rel=\"noopener noreferrer\">Sistemas de Informaci\u00f3n<\/a><\/td>\n<td width=\"44\">4<\/td>\n<td width=\"56\">PU7<\/td>\n<td width=\"227\"><a href=\"https:\/\/www.facet.unt.edu.ar\/licinformatica\/wp-content\/uploads\/sites\/16\/2014\/08\/ADMINISTRACI\u00d3N-AVANZADA-DE-SISTEMAS-OPERATIVOS.pdf\" target=\"_blank\" rel=\"noopener noreferrer\">Administraci\u00f3n Avanzada de S.O.<\/a><\/td>\n<td width=\"48\">4<\/td>\n<\/tr>\n<tr>\n<td width=\"54\">PU5<\/td>\n<td width=\"271\"><a href=\"https:\/\/www.facet.unt.edu.ar\/licinformatica\/wp-content\/uploads\/sites\/16\/2014\/08\/CONCEPTOS-DE-LENGUAJES.pdf\" target=\"_blank\" rel=\"noopener noreferrer\">Conceptos de Lenguajes<\/a><\/td>\n<td width=\"44\">5<\/td>\n<td width=\"56\">LIL<\/td>\n<td width=\"227\"><a href=\"https:\/\/www.facet.unt.edu.ar\/licinformatica\/wp-content\/uploads\/sites\/16\/2014\/08\/ALGORITMOS-Y-ESTRUCTURAS-DE-DATOS-II.pdf\" target=\"_blank\" rel=\"noopener noreferrer\">Algoritmos y Estructuras de Datos II<\/a><\/td>\n<td width=\"48\">5<\/td>\n<\/tr>\n<tr>\n<td width=\"54\"><\/td>\n<td width=\"271\"><a href=\"https:\/\/www.facet.unt.edu.ar\/licinformatica\/wp-content\/uploads\/sites\/16\/2014\/08\/OPTATIVA-I.pdf\" target=\"_blank\" rel=\"noopener noreferrer\">Optativa I<\/a><\/td>\n<td width=\"44\">4<\/td>\n<td width=\"56\">P24<\/td>\n<td width=\"227\"><a href=\"https:\/\/www.facet.unt.edu.ar\/licinformatica\/wp-content\/uploads\/sites\/16\/2014\/08\/TALLER-DE-LEGISLACI\u00d3N-Y-ORGANIZACIONES.pdf\" target=\"_blank\" rel=\"noopener noreferrer\">Taller de Legislaci\u00f3n y Organizaciones<\/a><\/td>\n<td width=\"48\">4<\/td>\n<\/tr>\n<tr>\n<td width=\"54\">L98<\/td>\n<td width=\"271\">Tesis de Licenciatura (anual)<\/td>\n<td width=\"44\">4<\/td>\n<td width=\"56\"><\/td>\n<td width=\"227\"><a href=\"https:\/\/www.facet.unt.edu.ar\/licinformatica\/wp-content\/uploads\/sites\/16\/2014\/08\/OPTATIVA-II.pdf\" target=\"_blank\" rel=\"noopener noreferrer\">Optativa II<\/a><\/td>\n<td width=\"48\">4<\/td>\n<\/tr>\n<\/tbody>\n<\/table>\n<p style=\"text-align: center;\"><strong>ASIGNATURAS OPTATIVAS<\/strong>\u00a0(aprobadas por Res. CD N\u00b0 229\/11)<\/p>\n<table width=\"539\">\n<tbody>\n<tr>\n<td style=\"background-color: #343eaf;\" width=\"66\"><span style=\"color: #ffffff;\"><strong>C\u00d3DIGO<\/strong><\/span><\/td>\n<td style=\"background-color: #343eaf;\" width=\"190\"><span style=\"color: #ffffff;\"><strong>NOMBRE<\/strong><\/span><\/td>\n<td style=\"background-color: #343eaf;\" width=\"283\"><span style=\"color: #ffffff;\"><strong>PROFESOR RESPONSABLE<\/strong><\/span><\/td>\n<\/tr>\n<tr>\n<td width=\"66\">LTG<\/td>\n<td width=\"190\">Administraci\u00f3n de proyectos<\/td>\n<td width=\"283\">Ing. Walter Mario Weyerstall<\/td>\n<\/tr>\n<tr>\n<td width=\"66\">EZ1<\/td>\n<td width=\"190\">Algoritmos Gen\u00e9ticos y Optimizaci\u00f3n Heur\u00edstica<\/td>\n<td width=\"283\">Dr. Adri\u00e1n Will<\/td>\n<\/tr>\n<tr>\n<td width=\"66\">LTE<\/td>\n<td width=\"190\">Dise\u00f1o de Aplicaciones en la Web<\/td>\n<td width=\"283\">Ing. Ana Nieves Rodr\u00edguez<\/td>\n<\/tr>\n<tr>\n<td width=\"66\">LTI<\/td>\n<td width=\"190\">Patrones de Dise\u00f1o<\/td>\n<td width=\"283\">Prof. Mar\u00eda Eugenia Marquetti<\/td>\n<\/tr>\n<tr>\n<td width=\"66\">LP4<\/td>\n<td width=\"190\">Principios de Econom\u00eda<\/td>\n<td width=\"283\">Lic. Eugenio Nanni<\/td>\n<\/tr>\n<tr>\n<td width=\"66\">LTH<\/td>\n<td width=\"190\">Procesamiento Digital de Im\u00e1genes<\/td>\n<td width=\"283\">Ing. Juan Manuel Conti<\/td>\n<\/tr>\n<tr>\n<td width=\"66\">LTF<\/td>\n<td width=\"190\">Tecnolog\u00eda Inform\u00e1tica Aplicada en Educaci\u00f3n<\/td>\n<td width=\"283\">Ing. L\u00eda Torres Auad<\/td>\n<\/tr>\n<\/tbody>\n<\/table>\n<p><a href=\"https:\/\/www.facet.unt.edu.ar\/licinformatica\/wp-content\/uploads\/sites\/16\/2019\/05\/Correlativas-LI.pdf\" target=\"_blank\" rel=\"noopener noreferrer\">Tabla de Correlativas de la carrera\u00a0<\/a><\/p>\n","protected":false},"excerpt":{"rendered":"<p>Plan de Estudio &#8211; Modificaci\u00f3n 2009 ASIGNATURAS OBLIGATORIAS 37 Asignaturas cuatrimestrales + Proyecto de Software + Tesis C\u00f3digo M\u00f3dulo I \u00a0 Hs. \u00a0 C\u00f3digo M\u00f3dulo II \u00a0Hs. TT1 C\u00e1lculo I 6 TT3 C\u00e1lculo II 5 TT2 \u00c1lgebra y Geometr\u00eda Anal\u00edtica 6 TT4 Elementos de \u00c1lgebra Lineal 5 PU1 Elementos de Computaci\u00f3n y L\u00f3gica 5 PU2 [&hellip;]<\/p>\n","protected":false},"author":14,"featured_media":0,"parent":0,"menu_order":0,"comment_status":"closed","ping_status":"closed","template":"","meta":[],"_links":{"self":[{"href":"https:\/\/www.facet.unt.edu.ar\/licinformatica\/wp-json\/wp\/v2\/pages\/83"}],"collection":[{"href":"https:\/\/www.facet.unt.edu.ar\/licinformatica\/wp-json\/wp\/v2\/pages"}],"about":[{"href":"https:\/\/www.facet.unt.edu.ar\/licinformatica\/wp-json\/wp\/v2\/types\/page"}],"author":[{"embeddable":true,"href":"https:\/\/www.facet.unt.edu.ar\/licinformatica\/wp-json\/wp\/v2\/users\/14"}],"replies":[{"embeddable":true,"href":"https:\/\/www.facet.unt.edu.ar\/licinformatica\/wp-json\/wp\/v2\/comments?post=83"}],"version-history":[{"count":19,"href":"https:\/\/www.facet.unt.edu.ar\/licinformatica\/wp-json\/wp\/v2\/pages\/83\/revisions"}],"predecessor-version":[{"id":715,"href":"https:\/\/www.facet.unt.edu.ar\/licinformatica\/wp-json\/wp\/v2\/pages\/83\/revisions\/715"}],"wp:attachment":[{"href":"https:\/\/www.facet.unt.edu.ar\/licinformatica\/wp-json\/wp\/v2\/media?parent=83"}],"curies":[{"name":"wp","href":"https:\/\/api.w.org\/{rel}","templated":true}]}}