{"id":85,"date":"2014-06-10T12:42:13","date_gmt":"2014-06-10T15:42:13","guid":{"rendered":"https:\/\/www.facet.unt.edu.ar\/licinformatica\/?page_id=85"},"modified":"2020-02-28T00:49:30","modified_gmt":"2020-02-28T03:49:30","slug":"reglamentacion-vigente","status":"publish","type":"page","link":"https:\/\/www.facet.unt.edu.ar\/licinformatica\/reglamentacion-vigente\/","title":{"rendered":"Reglamentaci\u00f3n Vigente"},"content":{"rendered":"<div id=\"pl-85\"  class=\"panel-layout\" ><div id=\"pg-85-0\"  class=\"panel-grid panel-no-style\" ><div id=\"pgc-85-0-0\"  class=\"panel-grid-cell\" ><div id=\"panel-85-0-0-0\" class=\"so-panel widget widget_black-studio-tinymce widget_black_studio_tinymce panel-first-child panel-last-child\" data-index=\"0\" ><div class=\"textwidget\"><p><a href=\"https:\/\/www.facet.unt.edu.ar\/licinformatica\/wp-content\/uploads\/sites\/16\/2019\/05\/LOGO-PDF.png\"><img class=\"alignnone  wp-image-622\" src=\"https:\/\/www.facet.unt.edu.ar\/licinformatica\/wp-content\/uploads\/sites\/16\/2019\/05\/LOGO-PDF.png\" alt=\"\" width=\"36\" height=\"36\" \/><\/a><\/p>\n<\/div><\/div><\/div><div id=\"pgc-85-0-1\"  class=\"panel-grid-cell\" ><div id=\"panel-85-0-1-0\" class=\"so-panel widget widget_sow-editor panel-first-child panel-last-child\" data-index=\"1\" ><div\n\t\t\t\n\t\t\tclass=\"so-widget-sow-editor so-widget-sow-editor-base\"\n\t\t\t\n\t\t>\n<div class=\"siteorigin-widget-tinymce textwidget\">\n\t<p><a href=\"https:\/\/www.facet.unt.edu.ar\/licinformatica\/wp-content\/uploads\/sites\/16\/2014\/06\/814-10.pdf\" target=\"_blank\" rel=\"noopener noreferrer\">Reglamento de Tesis - Resoluci\u00f3n N\u00b0 814\/2010<\/a><\/p>\n<div><\/div>\n<div><\/div>\n<div><\/div>\n<\/div>\n<\/div><\/div><\/div><\/div><div id=\"pg-85-1\"  class=\"panel-grid panel-no-style\" ><div id=\"pgc-85-1-0\"  class=\"panel-grid-cell\" ><div id=\"panel-85-1-0-0\" class=\"so-panel widget widget_black-studio-tinymce widget_black_studio_tinymce panel-first-child panel-last-child\" data-index=\"2\" ><div class=\"textwidget\"><p><a href=\"https:\/\/www.facet.unt.edu.ar\/licinformatica\/wp-content\/uploads\/sites\/16\/2019\/05\/LOGO-PDF.png\"><img class=\"alignnone  wp-image-622\" src=\"https:\/\/www.facet.unt.edu.ar\/licinformatica\/wp-content\/uploads\/sites\/16\/2019\/05\/LOGO-PDF.png\" alt=\"\" width=\"36\" height=\"36\" \/><\/a><\/p>\n<\/div><\/div><\/div><div id=\"pgc-85-1-1\"  class=\"panel-grid-cell\" ><div id=\"panel-85-1-1-0\" class=\"so-panel widget widget_sow-editor panel-first-child panel-last-child\" data-index=\"3\" ><div\n\t\t\t\n\t\t\tclass=\"so-widget-sow-editor so-widget-sow-editor-base\"\n\t\t\t\n\t\t>\n<div class=\"siteorigin-widget-tinymce textwidget\">\n\t<p><a href=\"https:\/\/www.facet.unt.edu.ar\/licinformatica\/wp-content\/uploads\/sites\/16\/2020\/02\/Res-228-11_Reglamento-Proyecto-de-Software.pdf\" target=\"_blank\" rel=\"noopener noreferrer\">Reglamento Proyecto de Software - Resoluci\u00f3n N\u00b0 228\/2011<\/a><\/p>\n<div><\/div>\n<div><\/div>\n<div><\/div>\n<\/div>\n<\/div><\/div><\/div><\/div><div id=\"pg-85-2\"  class=\"panel-grid panel-no-style\" ><div id=\"pgc-85-2-0\"  class=\"panel-grid-cell\" ><div id=\"panel-85-2-0-0\" class=\"so-panel widget widget_black-studio-tinymce widget_black_studio_tinymce panel-first-child panel-last-child\" data-index=\"4\" ><div class=\"textwidget\"><p><a href=\"https:\/\/www.facet.unt.edu.ar\/licinformatica\/wp-content\/uploads\/sites\/16\/2019\/05\/LOGO-PDF.png\"><img class=\"alignnone  wp-image-622\" src=\"https:\/\/www.facet.unt.edu.ar\/licinformatica\/wp-content\/uploads\/sites\/16\/2019\/05\/LOGO-PDF.png\" alt=\"\" width=\"36\" height=\"36\" \/><\/a><\/p>\n<\/div><\/div><\/div><div id=\"pgc-85-2-1\"  class=\"panel-grid-cell\" ><div id=\"panel-85-2-1-0\" class=\"so-panel widget widget_sow-editor panel-first-child panel-last-child\" data-index=\"5\" ><div\n\t\t\t\n\t\t\tclass=\"so-widget-sow-editor so-widget-sow-editor-base\"\n\t\t\t\n\t\t>\n<div class=\"siteorigin-widget-tinymce textwidget\">\n\t<div><a href=\"https:\/\/www.facet.unt.edu.ar\/licinformatica\/wp-content\/uploads\/sites\/16\/2019\/05\/Res_1924_18-Reglamento-Idioma-Ingl\u00e9s.pdf\" target=\"_blank\" rel=\"noopener noreferrer\">Reglamento para la certificaci\u00f3n de Ingl\u00e9s I (exigencia adicional) Ingl\u00e9s II (exigencia adicional) - Resoluci\u00f3n N\u00b0 1924\/2018<\/a><\/div>\n<div><\/div>\n<\/div>\n<\/div><\/div><\/div><\/div><div id=\"pg-85-3\"  class=\"panel-grid panel-no-style\" ><div id=\"pgc-85-3-0\"  class=\"panel-grid-cell\" ><div id=\"panel-85-3-0-0\" class=\"so-panel widget widget_black-studio-tinymce widget_black_studio_tinymce panel-first-child panel-last-child\" data-index=\"6\" ><div class=\"textwidget\"><p><a href=\"https:\/\/www.facet.unt.edu.ar\/licinformatica\/wp-content\/uploads\/sites\/16\/2019\/05\/LOGO-PDF.png\"><img class=\"alignnone  wp-image-622\" src=\"https:\/\/www.facet.unt.edu.ar\/licinformatica\/wp-content\/uploads\/sites\/16\/2019\/05\/LOGO-PDF.png\" alt=\"\" width=\"36\" height=\"36\" \/><\/a><\/p>\n<\/div><\/div><\/div><div id=\"pgc-85-3-1\"  class=\"panel-grid-cell\" ><div id=\"panel-85-3-1-0\" class=\"so-panel widget widget_sow-editor panel-first-child panel-last-child\" data-index=\"7\" ><div\n\t\t\t\n\t\t\tclass=\"so-widget-sow-editor so-widget-sow-editor-base\"\n\t\t\t\n\t\t>\n<div class=\"siteorigin-widget-tinymce textwidget\">\n\t<div><a href=\"https:\/\/www.facet.unt.edu.ar\/licinformatica\/wp-content\/uploads\/sites\/16\/2020\/02\/Res_1913_19-Metodolog\u00eda-para-el-env\u00edo-de-Trabajos-Finales-a-Biblioteca-Central-de-la-FACET.pdf\" target=\"_blank\" rel=\"noopener noreferrer\">Metodolog\u00eda para el env\u00edo de Trabajos Finales a Biblioteca Central de la FACET - Resoluci\u00f3n N\u00b0 1913\/2019\u00a0<\/a><\/div>\n<div><\/div>\n<div><\/div>\n<\/div>\n<\/div><\/div><\/div><\/div><\/div>","protected":false},"excerpt":{"rendered":"<p>Reglamento de Tesis &#8211; Resoluci\u00f3n N\u00b0 814\/2010 Reglamento Proyecto de Software &#8211; Resoluci\u00f3n N\u00b0 228\/2011<\/p>\n","protected":false},"author":14,"featured_media":0,"parent":0,"menu_order":0,"comment_status":"closed","ping_status":"closed","template":"","meta":[],"_links":{"self":[{"href":"https:\/\/www.facet.unt.edu.ar\/licinformatica\/wp-json\/wp\/v2\/pages\/85"}],"collection":[{"href":"https:\/\/www.facet.unt.edu.ar\/licinformatica\/wp-json\/wp\/v2\/pages"}],"about":[{"href":"https:\/\/www.facet.unt.edu.ar\/licinformatica\/wp-json\/wp\/v2\/types\/page"}],"author":[{"embeddable":true,"href":"https:\/\/www.facet.unt.edu.ar\/licinformatica\/wp-json\/wp\/v2\/users\/14"}],"replies":[{"embeddable":true,"href":"https:\/\/www.facet.unt.edu.ar\/licinformatica\/wp-json\/wp\/v2\/comments?post=85"}],"version-history":[{"count":13,"href":"https:\/\/www.facet.unt.edu.ar\/licinformatica\/wp-json\/wp\/v2\/pages\/85\/revisions"}],"predecessor-version":[{"id":728,"href":"https:\/\/www.facet.unt.edu.ar\/licinformatica\/wp-json\/wp\/v2\/pages\/85\/revisions\/728"}],"wp:attachment":[{"href":"https:\/\/www.facet.unt.edu.ar\/licinformatica\/wp-json\/wp\/v2\/media?parent=85"}],"curies":[{"name":"wp","href":"https:\/\/api.w.org\/{rel}","templated":true}]}}