{"id":135,"date":"2015-04-10T11:37:10","date_gmt":"2015-04-10T14:37:10","guid":{"rendered":"https:\/\/www.facet.unt.edu.ar\/lms\/?page_id=135"},"modified":"2015-04-10T11:37:10","modified_gmt":"2015-04-10T14:37:10","slug":"pagani-sergio","status":"publish","type":"page","link":"https:\/\/www.facet.unt.edu.ar\/lms\/integrantes\/pagani-sergio\/","title":{"rendered":"PAGANI Sergio"},"content":{"rendered":"<h2>Ing. PAGANI Sergio Jos\u00e9<\/h2>\n<div>\n<table style=\"width: 750px;border-color: #ffffff\">\n<tbody>\n<tr>\n<td style=\"width: 350px;height: 300px;text-align: center;vertical-align: middle;background-color: #ffffff\"><img decoding=\"async\" loading=\"lazy\" class=\" wp-image-131 alignnone\" src=\"https:\/\/www.facet.unt.edu.ar\/lms\/wp-content\/uploads\/sites\/27\/2015\/04\/foto_cv_1-300x300.jpg\" alt=\"foto_cv_1\" width=\"300\" height=\"300\" srcset=\"https:\/\/www.facet.unt.edu.ar\/lms\/wp-content\/uploads\/sites\/27\/2015\/04\/foto_cv_1-300x300.jpg 300w, https:\/\/www.facet.unt.edu.ar\/lms\/wp-content\/uploads\/sites\/27\/2015\/04\/foto_cv_1-150x150.jpg 150w, https:\/\/www.facet.unt.edu.ar\/lms\/wp-content\/uploads\/sites\/27\/2015\/04\/foto_cv_1.jpg 400w\" sizes=\"(max-width: 300px) 100vw, 300px\" \/><\/td>\n<td style=\"width: 400px;height: 300px;border-color: #ffffff;vertical-align: top\">\n<p style=\"padding-left: 30px\"><span style=\"font-size: 12pt;font-family: 'times new roman', times\">Laboratorio de Mec\u00e1nica de los Suelos<\/span><\/p>\n<p style=\"padding-left: 30px\"><a href=\"https:\/\/www.facet.unt.edu.ar\/dcyoc\" target=\"_blank\"><span style=\"font-size: 12pt;font-family: 'times new roman', times\">Dpto. de Construcciones y Obras Civiles<\/span><\/a><\/p>\n<p style=\"padding-left: 30px\"><span style=\"font-size: 12pt;font-family: 'times new roman', times\"><a href=\"https:\/\/www.facet.unt.edu.ar\/\" target=\"_blank\">Facultad de Ciencias Exactas y Tecnolog\u00eda<\/a><\/span><\/p>\n<p style=\"padding-left: 30px\"><span style=\"font-size: 12pt;font-family: 'times new roman', times\"><a href=\"http:\/\/www.unt.edu.ar\/\" target=\"_blank\">Universidad Nacional de Tucum\u00e1n<\/a><\/span><\/p>\n<p style=\"padding-left: 30px\"><span style=\"font-size: 12pt;font-family: 'times new roman', times\">Av. Independencia 1800 \u2013 CP 4000<\/span><\/p>\n<p style=\"padding-left: 30px\"><span style=\"font-size: 12pt;font-family: 'times new roman', times\">San Miguel de Tucum\u00e1n, Tucum\u00e1n, Argentina<\/span><\/p>\n<p style=\"padding-left: 30px\"><span style=\"font-size: 12pt;font-family: 'times new roman', times\">Tel\/Fax Lab.: +54 (0) 381 4364093 Int.<\/span><\/p>\n<p style=\"padding-left: 30px\"><span style=\"font-size: 12pt;font-family: 'times new roman', times\">e-mail: spagani@herrera.unt.edu.ar<\/span><\/p>\n<\/td>\n<\/tr>\n<\/tbody>\n<\/table>\n<\/div>\n","protected":false},"excerpt":{"rendered":"<p>Ing. PAGANI Sergio Jos\u00e9 Laboratorio de Mec\u00e1nica de los Suelos Dpto. de Construcciones y Obras Civiles Facultad de Ciencias Exactas y Tecnolog\u00eda Universidad Nacional de Tucum\u00e1n Av. Independencia 1800 \u2013 CP 4000 San Miguel de Tucum\u00e1n, Tucum\u00e1n, Argentina Tel\/Fax Lab.: +54 (0) 381 4364093 Int. e-mail: spagani@herrera.unt.edu.ar<\/p>\n","protected":false},"author":20,"featured_media":0,"parent":86,"menu_order":0,"comment_status":"closed","ping_status":"closed","template":"templates\/template-full-notitle.php","meta":[],"_links":{"self":[{"href":"https:\/\/www.facet.unt.edu.ar\/lms\/wp-json\/wp\/v2\/pages\/135"}],"collection":[{"href":"https:\/\/www.facet.unt.edu.ar\/lms\/wp-json\/wp\/v2\/pages"}],"about":[{"href":"https:\/\/www.facet.unt.edu.ar\/lms\/wp-json\/wp\/v2\/types\/page"}],"author":[{"embeddable":true,"href":"https:\/\/www.facet.unt.edu.ar\/lms\/wp-json\/wp\/v2\/users\/20"}],"replies":[{"embeddable":true,"href":"https:\/\/www.facet.unt.edu.ar\/lms\/wp-json\/wp\/v2\/comments?post=135"}],"version-history":[{"count":1,"href":"https:\/\/www.facet.unt.edu.ar\/lms\/wp-json\/wp\/v2\/pages\/135\/revisions"}],"predecessor-version":[{"id":136,"href":"https:\/\/www.facet.unt.edu.ar\/lms\/wp-json\/wp\/v2\/pages\/135\/revisions\/136"}],"up":[{"embeddable":true,"href":"https:\/\/www.facet.unt.edu.ar\/lms\/wp-json\/wp\/v2\/pages\/86"}],"wp:attachment":[{"href":"https:\/\/www.facet.unt.edu.ar\/lms\/wp-json\/wp\/v2\/media?parent=135"}],"curies":[{"name":"wp","href":"https:\/\/api.w.org\/{rel}","templated":true}]}}