{"id":86,"date":"2015-03-30T15:16:00","date_gmt":"2015-03-30T18:16:00","guid":{"rendered":"https:\/\/www.facet.unt.edu.ar\/lms\/?page_id=86"},"modified":"2017-04-12T07:41:59","modified_gmt":"2017-04-12T10:41:59","slug":"integrantes","status":"publish","type":"page","link":"https:\/\/www.facet.unt.edu.ar\/lms\/integrantes\/","title":{"rendered":"Integrantes"},"content":{"rendered":"<p>Los Docentes-Investigadores del L.M.S., comprometidos con la calidad acad\u00e9mica de la instituci\u00f3n desarrollan diversas actividades de gesti\u00f3n:<\/p>\n<ul>\n<li>La coordinaci\u00f3n de los proyectos finales de los alumnos de la Carrera de Ingenier\u00eda Civil.<\/li>\n<li>Las actualizaciones del plan de estudio de la Carrera.<\/li>\n<li>Las acreditaciones de la Carrera ante la CONEAU.<\/li>\n<li>La organizaci\u00f3n y coordinaci\u00f3n de cursos de grado y postgrado.<\/li>\n<li>La direcci\u00f3n acad\u00e9mica de la Carrera y sus comisiones.<\/li>\n<li>El Consejo Acad\u00e9mico de la Facultad<\/li>\n<\/ul>\n<hr \/>\n<p>&nbsp;<\/p>\n<table style=\"width: 900px\">\n<tbody>\n<tr>\n<td style=\"width: 900px;background-color: #343538\" colspan=\"3\">\n<h3><span style=\"color: #ffffff\">INTEGRANTES DEL LABORATORIO<\/span><\/h3>\n<\/td>\n<\/tr>\n<tr>\n<td style=\"width: 300px;border-color: #ffffff;vertical-align: middle\" colspan=\"3\"><span style=\"color: #ffffff\"> 0 <\/span><\/td>\n<\/tr>\n<tr>\n<td style=\"width: 300px;vertical-align: middle;text-align: center;background-color: #343538\"><span style=\"color: #ffffff\">Docentes &#8211; Investigadores<\/span><\/td>\n<td style=\"width: 300px;vertical-align: middle;text-align: center;background-color: #343538\"><span style=\"color: #ffffff\">Cargos<\/span><\/td>\n<td style=\"width: 300px;vertical-align: middle;text-align: center;background-color: #343538\"><span style=\"color: #ffffff\">Correos<\/span><\/td>\n<\/tr>\n<tr>\n<td style=\"width: 300px;vertical-align: middle\">\n<div><a href=\"https:\/\/www.facet.unt.edu.ar\/iest\/integrantes\/jacinto-abel-c\/\" target=\"_blank\">JACINTO, Carlos Abel<\/a><\/div>\n<\/td>\n<td style=\"width: 300px;vertical-align: middle;text-align: center\">Profesor Adjunto<\/td>\n<td style=\"width: 300px;vertical-align: middle\">ajacinto@herrera.unt.edu.ar<\/td>\n<\/tr>\n<tr>\n<td style=\"width: 300px;vertical-align: middle\">\n<div><a href=\"https:\/\/www.facet.unt.edu.ar\/dcyoc\/docentes\/katz-monica-cecilia\/\" target=\"_blank\">KATZ, M\u00f3nica Cecilia<\/a><\/div>\n<\/td>\n<td style=\"width: 300px;vertical-align: middle;text-align: center\">Profesor Asociado<\/td>\n<td style=\"width: 300px;vertical-align: middle\"><span class=\"gI\"><span class=\"go\">katz.monica@gmail.com<\/span><\/span><\/td>\n<\/tr>\n<tr>\n<td style=\"width: 300px;vertical-align: middle\"><a href=\"https:\/\/www.facet.unt.edu.ar\/dcyoc\/docentes\/mohamed-sergio\/\" target=\"_blank\">MOHAMED, Sergio Fernando<\/a><\/td>\n<td style=\"width: 300px;vertical-align: middle;text-align: center\">Profesor Adjunto<\/td>\n<td style=\"width: 300px;vertical-align: middle\">smohamed@herrera.unt.edu.ar<\/td>\n<\/tr>\n<tr>\n<td style=\"width: 300px;vertical-align: middle\">\n<div><a title=\"OLIVER Marcelo\" href=\"https:\/\/www.facet.unt.edu.ar\/lms\/integrantes\/oliver-marcelo\/\">OLIVER, Marcelo Javier<\/a><\/div>\n<\/td>\n<td style=\"width: 300px;vertical-align: middle;text-align: center\">Auxiliar Docente Graduado<\/td>\n<td style=\"width: 300px;vertical-align: middle\">@herrera.unt.edu.ar<\/td>\n<\/tr>\n<tr>\n<td style=\"width: 300px;vertical-align: middle\">\n<div><a title=\"PAGANI Sergio\" href=\"https:\/\/www.facet.unt.edu.ar\/lms\/integrantes\/pagani-sergio\/\">PAGANI, Sergio Jos\u00e9<\/a><\/div>\n<\/td>\n<td style=\"width: 300px;vertical-align: middle;text-align: center\">Profesor Titular<\/td>\n<td style=\"width: 300px;vertical-align: middle\">\n<div>spagani@herrera.unt.edu.ar<\/div>\n<\/td>\n<\/tr>\n<tr>\n<td style=\"width: 300px;vertical-align: middle\">\n<div><a title=\"PONS Eugenia\" href=\"https:\/\/www.facet.unt.edu.ar\/lms\/integrantes\/pons-eugenia\/\">PONS, Mar\u00eda Eugenia<\/a><\/div>\n<\/td>\n<td style=\"width: 300px;vertical-align: middle;text-align: center\">Profesor Asociado<\/td>\n<td style=\"width: 300px;vertical-align: middle\">\n<div>mepons@herrera.unt.edu.ar<\/div>\n<\/td>\n<\/tr>\n<\/tbody>\n<\/table>\n","protected":false},"excerpt":{"rendered":"<p>Los Docentes-Investigadores del L.M.S., comprometidos con la calidad acad\u00e9mica de la instituci\u00f3n desarrollan diversas actividades de gesti\u00f3n: La coordinaci\u00f3n de los proyectos finales de los alumnos de la Carrera de Ingenier\u00eda Civil. Las actualizaciones del plan de estudio de la Carrera. Las acreditaciones de la Carrera ante la CONEAU. La organizaci\u00f3n y coordinaci\u00f3n de cursos [&hellip;]<\/p>\n","protected":false},"author":20,"featured_media":0,"parent":0,"menu_order":1,"comment_status":"closed","ping_status":"closed","template":"templates\/template-full.php","meta":[],"_links":{"self":[{"href":"https:\/\/www.facet.unt.edu.ar\/lms\/wp-json\/wp\/v2\/pages\/86"}],"collection":[{"href":"https:\/\/www.facet.unt.edu.ar\/lms\/wp-json\/wp\/v2\/pages"}],"about":[{"href":"https:\/\/www.facet.unt.edu.ar\/lms\/wp-json\/wp\/v2\/types\/page"}],"author":[{"embeddable":true,"href":"https:\/\/www.facet.unt.edu.ar\/lms\/wp-json\/wp\/v2\/users\/20"}],"replies":[{"embeddable":true,"href":"https:\/\/www.facet.unt.edu.ar\/lms\/wp-json\/wp\/v2\/comments?post=86"}],"version-history":[{"count":4,"href":"https:\/\/www.facet.unt.edu.ar\/lms\/wp-json\/wp\/v2\/pages\/86\/revisions"}],"predecessor-version":[{"id":149,"href":"https:\/\/www.facet.unt.edu.ar\/lms\/wp-json\/wp\/v2\/pages\/86\/revisions\/149"}],"wp:attachment":[{"href":"https:\/\/www.facet.unt.edu.ar\/lms\/wp-json\/wp\/v2\/media?parent=86"}],"curies":[{"name":"wp","href":"https:\/\/api.w.org\/{rel}","templated":true}]}}