{"id":109,"date":"2015-09-18T15:13:41","date_gmt":"2015-09-18T18:13:41","guid":{"rendered":"https:\/\/www.facet.unt.edu.ar\/luminotecnia\/?page_id=109"},"modified":"2018-05-16T09:46:20","modified_gmt":"2018-05-16T12:46:20","slug":"disenador-de-iluminacion","status":"publish","type":"page","link":"https:\/\/www.facet.unt.edu.ar\/luminotecnia\/disenador-de-iluminacion\/","title":{"rendered":"Dise\u00f1o de Iluminaci\u00f3n"},"content":{"rendered":"<div id=\"pl-109\"  class=\"panel-layout\" ><div id=\"pg-109-0\"  class=\"panel-grid panel-has-style\" ><div class=\"siteorigin-panels-stretch panel-row-style-full-width panel-row-style panel-row-style-for-109-0\" data-stretch-type=\"full-stretched\" ><div id=\"pgc-109-0-0\"  class=\"panel-grid-cell\" ><div id=\"panel-109-0-0-0\" class=\"so-panel widget widget_black-studio-tinymce widget_black_studio_tinymce panel-first-child panel-last-child\" data-index=\"0\" ><div class=\"textwidget\"><table class=\"tabCarreras noborder\" style=\"margin: 0\" width=\"100%\"><tbody><tr class=\"trCarreras\"><td class=\"tdCarreras\" style=\"width: 50%;text-align: start;height: 45vh;vertical-align: middle;font-size: 1.2em;line-height: 1.5;border: none\"><div>La carrera Dise\u00f1o de Iluminaci\u00f3n tiende a jerarquizar esta profesi\u00f3n desde la Universidad Nacional de Tucum\u00e1n. Su dise\u00f1o es el resultado de la experiencia adquirida durante los 10 a\u00f1os de dictado de la carrera \u201cT\u00e9cnico Dise\u00f1ador Universitario en Iluminaci\u00f3n\u201d en la Facultad de Ciencias Exactas y Tecnolog\u00eda. <strong>La carrera responde a la demanda creciente de dise\u00f1adores de iluminaci\u00f3n en el campo de la Arquitectura y la Ingenier\u00eda y del Dise\u00f1o en general<\/strong>, tanto para espacios interiores como exteriores.<\/div><p>\u00a0<\/p><div>La carrera, de <strong>cuatro a\u00f1os de duraci\u00f3n<\/strong>, permitir\u00e1 a los alumnos continuar con <a href=\"https:\/\/www.facet.unt.edu.ar\/luminotecnia\/carreras-de-posgrado\/\"><strong>estudios de posgrado<\/strong><\/a>, lo que constituye hoy una exigencia debido a los acelerados cambios cient\u00edficos y tecnol\u00f3gicos en el campo disciplinario.<\/div><p>\u00a0<\/p><div><strong>\u00a0<\/strong><\/div><\/td><td class=\"tdCarreras\" style=\"width: 30%;font-size: xx-large;vertical-align: middle;border: none\"><p style=\"text-align: center\"><strong>DESCRIPCI\u00d3N<\/strong><\/p><\/td><\/tr><\/tbody><\/table><p>\u00a0<\/p><\/div><\/div><\/div><\/div><\/div><div id=\"pg-109-1\"  class=\"panel-grid panel-has-style\" ><div class=\"siteorigin-panels-stretch panel-row-style-full-width panel-row-style panel-row-style-for-109-1\" data-stretch-type=\"full-stretched\" ><div id=\"pgc-109-1-0\"  class=\"panel-grid-cell\" ><div id=\"panel-109-1-0-0\" class=\"so-panel widget widget_black-studio-tinymce widget_black_studio_tinymce panel-first-child panel-last-child\" data-index=\"1\" ><div class=\"textwidget\"><table class=\"tabCarreras noborder\" style=\"margin: 0;\">\n<tbody>\n<tr class=\"trCarreras\">\n<td class=\"tdCarreras\" style=\"font-size: xx-large; width: 30%; vertical-align: middle; border: none;\">\n<p style=\"text-align: center;\"><strong>PERFIL PROFESIONAL<\/strong><br \/>\n(ALCANCES)<\/td>\n<td class=\"tdCarreras\" style=\"width: 50%; font-size: 1.2em; line-height: 1.5; text-align: start; border: none;\">\n<div>\n<h4 style=\"text-align: center;\">DISE\u00d1ADOR DE ILUMINACI\u00d3N<\/h4>\n<ol>\n<li>Realizar an\u00e1lisis, relevamiento, evaluaci\u00f3n y estudio de factibilidad, proyecto y direcci\u00f3n, planificaci\u00f3n y ejecuci\u00f3n del proyecto, puesta en marcha, operaci\u00f3n y\/o gerenciamiento, ensayos, mediciones, mantenimiento, reparaci\u00f3n, modificaci\u00f3n, transformaci\u00f3n, reconversi\u00f3n e inspecci\u00f3n de: Instalaciones de iluminaci\u00f3n de todo tipo y finalidad y conjuntos de instalaciones de iluminaci\u00f3n de cualquier grado de complejidad.<\/li>\n<li>Realizar estudios, tareas y asesoramiento relacionados con procesos de selecci\u00f3n y fabricaci\u00f3n de sistemas y componentes de iluminaci\u00f3n, en sus aspectos t\u00e9cnicos, econ\u00f3micos y comerciales.<\/li>\n<li>Desarrollar actividades de asesoramiento, direcci\u00f3n y supervisi\u00f3n de tareas relacionadas con el inciso A.<\/li>\n<li>Realizar Arbitrajes, Pericias, y Tasaciones relacionados con la iluminaci\u00f3n y la visi\u00f3n.<\/li>\n<li>Desarrollar actividades asesoramiento en asuntos ambientales relacionados con la iluminaci\u00f3n y la visi\u00f3n.<\/li>\n<\/ol>\n<\/div>\n<div>\n<h4 style=\"text-align: center;\">T\u00c9CNICO EN ILUMINACI\u00d3N<\/h4>\n<ol>\n<li><strong>Titulaci\u00f3n intermedia<\/strong> que se ofrece con dos a\u00f1os y medio completos de la carrera.<\/li>\n<li>Relevar, inspeccionar, mantener y reparar una instalaci\u00f3n de iluminaci\u00f3n. Colaborar en el dise\u00f1o, realizaci\u00f3n y ejecuci\u00f3n del proyecto de iluminaci\u00f3n.<\/li>\n<li>Colaborar en la realizaci\u00f3n de ensayos y mediciones fotom\u00e9tricas, el\u00e9ctricas y mec\u00e1nicas de luminarias, l\u00e1mparas y equipos auxiliares.<\/li>\n<li>Intervenir en tareas de comercializaci\u00f3n de equipos y componentes de iluminaci\u00f3n.<\/li>\n<\/ol>\n<\/div>\n<\/td>\n<\/tr>\n<\/tbody>\n<\/table>\n<p>&nbsp;<\/p>\n<\/div><\/div><\/div><\/div><\/div><div id=\"pg-109-2\"  class=\"panel-grid panel-has-style\" ><div class=\"siteorigin-panels-stretch panel-row-style-full-width panel-row-style panel-row-style-for-109-2\" style=\"background-color: #f2e9de; \" data-stretch-type=\"full-stretched\" ><div id=\"pgc-109-2-0\"  class=\"panel-grid-cell\" ><div id=\"panel-109-2-0-0\" class=\"so-panel widget widget_text panel-first-child\" data-index=\"2\" ><div class=\"panel-widget-style panel-widget-style-for-109-2-0-0\" >\t\t\t<div class=\"textwidget\"><h3 style=\"height: 2vh;margin: -5vh 0 0 0;padding: 2vh 0 4vh 0;text-align: center;font-size: x-large;color: #fae4ca\">\n    <strong>PARA MAYOR INFORMACI\u00d3N<\/strong>\n<\/h3><\/div>\n\t\t<\/div><\/div><div id=\"panel-109-2-0-1\" class=\"so-panel widget widget_sow-features panel-last-child\" data-index=\"3\" ><div class=\"fix-feature-110517 panel-widget-style panel-widget-style-for-109-2-0-1\" ><div\n\t\t\t\n\t\t\tclass=\"so-widget-sow-features so-widget-sow-features-default-6927bdbf230c-109\"\n\t\t\t\n\t\t>\n<div class=\"sow-features-list sow-features-responsive\">\n\n\t\t\t\t\t\t\t\t\t<div\n\t\t\t\tclass=\"sow-features-feature sow-icon-container-position-top sow-features-feature-last-row\"\n\t\t\t\tstyle=\"display: flex; flex-direction: column; float: left; width: 50%;\"\n\t\t\t>\n\t\t\t\n\t\t\t\t\t\t\t\t\t<a\n\t\t\t\t\t\thref=\"https:\/\/www.facet.unt.edu.ar\/luminotecnia\/wp-content\/uploads\/sites\/15\/2018\/05\/Carrera-DISLUM-_Rev03NOV2017.pdf\"\n\t\t\t\t\t\ttarget=\"_blank\" rel=\"noopener noreferrer\"\t\t\t\t\t>\n\t\t\t\t\t\t\t\t<div\n\t\t\t\t\tclass=\"sow-icon-container sow-container-rounded-square\"\n\t\t\t\t\tstyle=\"color: #4c89bf; \"\n\t\t\t\t\t>\n\t\t\t\t\t\t\t\t\t<\/div>\n\t\t\t\t\t\t\t\t\t<\/a>\n\t\t\t\t\n\t\t\t\t<div class=\"textwidget\">\n\t\t\t\t\t\n\t\t\t\t\t\t\t\t\t\t\t<h5>\n\t\t\t\t\t\t\t\t\t\t\t\t\t\t\t<a\n\t\t\t\t\t\t\t\t\thref=\"https:\/\/www.facet.unt.edu.ar\/luminotecnia\/wp-content\/uploads\/sites\/15\/2018\/05\/Carrera-DISLUM-_Rev03NOV2017.pdf\"\n\t\t\t\t\t\t\t\t\ttarget=\"_blank\" rel=\"noopener noreferrer\"\t\t\t\t\t\t\t\t>\n\t\t\t\t\t\t\t\n\t\t\t\t\t\t\tCarrera Dise\u00f1o de Iluminaci\u00f3n.pdf\t\t\t\t\t\t\t\t\t\t\t\t\t\t\t<\/a>\n\t\t\t\t\t\t\t\t\t\t\t\t\t<\/h5>\n\t\t\t\t\t\n\t\t\t\t\t\t\t\t\t\t\t<p>Descarga este archivo con mayor informaci\u00f3n al respecto<\/p>\n\t\t\t\t\t\n\t\t\t\t\t\t\t\t\t<\/div>\n\t\t\t\t\t\t\t\t\n\t\t\t\t\t\t\t<\/div>\n\n\t\t\t\t\t\t\t\t<div\n\t\t\t\tclass=\"sow-features-feature sow-icon-container-position-top sow-features-feature-last-row\"\n\t\t\t\tstyle=\"display: flex; flex-direction: column; float: left; width: 50%;\"\n\t\t\t>\n\t\t\t\n\t\t\t\t\t\t\t\t\t<a\n\t\t\t\t\t\thref=\"https:\/\/www.facet.unt.edu.ar\/luminotecnia\/contactanos\/\"\n\t\t\t\t\t\ttarget=\"_blank\" rel=\"noopener noreferrer\"\t\t\t\t\t>\n\t\t\t\t\t\t\t\t<div\n\t\t\t\t\tclass=\"sow-icon-container sow-container-rounded-square\"\n\t\t\t\t\tstyle=\"color: #4c89bf; \"\n\t\t\t\t\t>\n\t\t\t\t\t\t\t\t\t<\/div>\n\t\t\t\t\t\t\t\t\t<\/a>\n\t\t\t\t\n\t\t\t\t<div class=\"textwidget\">\n\t\t\t\t\t\n\t\t\t\t\t\t\t\t\t\t\t<h5>\n\t\t\t\t\t\t\t\t\t\t\t\t\t\t\t<a\n\t\t\t\t\t\t\t\t\thref=\"https:\/\/www.facet.unt.edu.ar\/luminotecnia\/contactanos\/\"\n\t\t\t\t\t\t\t\t\ttarget=\"_blank\" rel=\"noopener noreferrer\"\t\t\t\t\t\t\t\t>\n\t\t\t\t\t\t\t\n\t\t\t\t\t\t\tCont\u00e1ctanos\t\t\t\t\t\t\t\t\t\t\t\t\t\t\t<\/a>\n\t\t\t\t\t\t\t\t\t\t\t\t\t<\/h5>\n\t\t\t\t\t\n\t\t\t\t\t\t\t\t\t\t\t<p>Env\u00edanos una consulta, o ll\u00e1manos por tel\u00e9fono<\/p>\n\t\t\t\t\t\n\t\t\t\t\t\t\t\t\t<\/div>\n\t\t\t\t\t\t\t\t\n\t\t\t\t\t\t\t<\/div>\n\n\t\t\t\n<\/div>\n<\/div><\/div><\/div><\/div><\/div><\/div><\/div>","protected":false},"excerpt":{"rendered":"<p>La carrera Dise\u00f1o de Iluminaci\u00f3n tiende a jerarquizar esta profesi\u00f3n desde la Universidad Nacional de Tucum\u00e1n. Su dise\u00f1o es el resultado de la experiencia adquirida durante los 10 a\u00f1os de dictado de la carrera \u201cT\u00e9cnico Dise\u00f1ador Universitario en Iluminaci\u00f3n\u201d en la Facultad de Ciencias Exactas y Tecnolog\u00eda. La carrera responde a la demanda creciente de [&hellip;]<\/p>\n","protected":false},"author":24,"featured_media":0,"parent":0,"menu_order":0,"comment_status":"closed","ping_status":"closed","template":"templates\/template-full.php","meta":[],"_links":{"self":[{"href":"https:\/\/www.facet.unt.edu.ar\/luminotecnia\/wp-json\/wp\/v2\/pages\/109"}],"collection":[{"href":"https:\/\/www.facet.unt.edu.ar\/luminotecnia\/wp-json\/wp\/v2\/pages"}],"about":[{"href":"https:\/\/www.facet.unt.edu.ar\/luminotecnia\/wp-json\/wp\/v2\/types\/page"}],"author":[{"embeddable":true,"href":"https:\/\/www.facet.unt.edu.ar\/luminotecnia\/wp-json\/wp\/v2\/users\/24"}],"replies":[{"embeddable":true,"href":"https:\/\/www.facet.unt.edu.ar\/luminotecnia\/wp-json\/wp\/v2\/comments?post=109"}],"version-history":[{"count":36,"href":"https:\/\/www.facet.unt.edu.ar\/luminotecnia\/wp-json\/wp\/v2\/pages\/109\/revisions"}],"predecessor-version":[{"id":1714,"href":"https:\/\/www.facet.unt.edu.ar\/luminotecnia\/wp-json\/wp\/v2\/pages\/109\/revisions\/1714"}],"wp:attachment":[{"href":"https:\/\/www.facet.unt.edu.ar\/luminotecnia\/wp-json\/wp\/v2\/media?parent=109"}],"curies":[{"name":"wp","href":"https:\/\/api.w.org\/{rel}","templated":true}]}}