{"id":113,"date":"2015-09-18T15:14:59","date_gmt":"2015-09-18T18:14:59","guid":{"rendered":"https:\/\/www.facet.unt.edu.ar\/luminotecnia\/?page_id=113"},"modified":"2026-03-10T14:45:39","modified_gmt":"2026-03-10T17:45:39","slug":"mavile","status":"publish","type":"page","link":"https:\/\/www.facet.unt.edu.ar\/luminotecnia\/mavile\/","title":{"rendered":"Especializaci\u00f3n en Medio Ambiente Visual e Iluminaci\u00f3n Eficiente (MAVILE)"},"content":{"rendered":"<div id=\"pl-113\"  class=\"panel-layout\" ><div id=\"pg-113-0\"  class=\"panel-grid panel-no-style\" ><div id=\"pgc-113-0-0\"  class=\"panel-grid-cell\" ><div id=\"panel-113-0-0-0\" class=\"so-panel widget widget_sow-editor panel-first-child panel-last-child\" data-index=\"0\" ><div\n\t\t\t\n\t\t\tclass=\"so-widget-sow-editor so-widget-sow-editor-base\"\n\t\t\t\n\t\t>\n<div class=\"siteorigin-widget-tinymce textwidget\">\n\t<p><a href=\"https:\/\/www.facet.unt.edu.ar\/luminotecnia\/wp-content\/uploads\/sites\/15\/2026\/03\/LETRAS-COHORTE-2026.jpeg\"><img decoding=\"async\" loading=\"lazy\" class=\"alignnone wp-image-3603\" src=\"https:\/\/www.facet.unt.edu.ar\/luminotecnia\/wp-content\/uploads\/sites\/15\/2026\/03\/LETRAS-COHORTE-2026.jpeg\" alt=\"\" width=\"1084\" height=\"116\" \/><\/a><\/p>\n<\/div>\n<\/div><\/div><\/div><\/div><div id=\"pg-113-1\"  class=\"panel-grid panel-no-style\" ><div id=\"pgc-113-1-0\"  class=\"panel-grid-cell\" ><div id=\"panel-113-1-0-0\" class=\"so-panel widget widget_black-studio-tinymce widget_black_studio_tinymce panel-first-child\" data-index=\"1\" ><div class=\"panel-widget-style panel-widget-style-for-113-1-0-0\" ><div class=\"textwidget\"><h3 style=\"text-align: center;\"><strong>\u00bfTe interesa llevar tu formaci\u00f3n profesional al siguiente nivel en el campo del dise\u00f1o de iluminaci\u00f3n?<\/strong><\/h3>\n<p style=\"text-align: justify;\">La Especializaci\u00f3n en Medio Ambiente Visual e Iluminaci\u00f3n Eficiente (MAVILE) te brinda una oportunidad \u00fanica de ampliar tus incumbencias profesionales, integrando ciencia, tecnolog\u00eda y dise\u00f1o con un enfoque centrado en el ser humano y el entorno iluminado.<\/p>\n<p style=\"text-align: justify;\">Una carrera pionera en Latinoam\u00e9rica, dictada desde 1998 por el prestigioso Departamento de Luminotecnia, Luz y Visi\u00f3n (DLLyV) de la FACET \u2013 Universidad Nacional de Tucum\u00e1n, MAVILE ha formado profesionales en todo el pa\u00eds y la regi\u00f3n.<\/p>\n<p style=\"text-align: justify;\">Durante el cursado de la carrera te formaras para<strong> dise\u00f1ar y evaluar sistemas de iluminaci\u00f3n interior y exterior<\/strong>, integrando ciencia, tecnolog\u00eda y creatividad.<\/p>\n<p style=\"text-align: justify;\">Aprender\u00e1s a <strong>medir la luz con instrumental profesional, realizar simulaciones y mediciones de campo, integrando aspectos t\u00e9cnicos y humanos<\/strong> para proyectar soluciones lum\u00ednicas eficientes, saludables y sustentables.<\/p>\n<p style=\"text-align: justify;\">Se profundizar\u00e1 en conceptos como <strong>Human Centric Lighting, iluminaci\u00f3n circadiana e iluminaci\u00f3n natural.<\/strong><\/p>\n<p style=\"text-align: justify;\"><strong>Vinculaci\u00f3n con referentes nacionales e internacionales <\/strong>en charlas y talleres.<\/p>\n<p style=\"text-align: justify;\">Te prepara para actuar en la industria, la docencia o continuar estudios de posgrado.<\/p>\n<h3 style=\"text-align: center;\"><strong>\u00bfA qui\u00e9n est\u00e1 dirigida?<\/strong><\/h3>\n<p style=\"text-align: justify;\">A profesionales de la arquitectura, ingenier\u00eda, dise\u00f1o, arte y disciplinas afines que busquen especializarse en dise\u00f1o de iluminaci\u00f3n desde una perspectiva t\u00e9cnica, cient\u00edfica y humanista.<\/p>\n<p>&nbsp;<\/p>\n<h3 class=\"cvGsUA direction-ltr align-center para-style-body\" style=\"text-align: center;\"><strong><span class=\"OYPEnA font-feature-liga-off font-feature-clig-off font-feature-calt-off text-decoration-none text-strikethrough-none\">SUMATE A MAVILE\u00a0 Y FORMA PARTE DE UNA COMUNIDAD PROFESIONAL QUE <\/span><\/strong><strong><span class=\"OYPEnA font-feature-liga-off font-feature-clig-off font-feature-calt-off text-decoration-none text-strikethrough-none\">DISE\u00d1A CON LUZ EL FUTURO.<\/span><\/strong><\/h3>\n<\/div><\/div><\/div><div id=\"panel-113-1-0-1\" class=\"so-panel widget widget_sow-image panel-last-child\" data-index=\"2\" ><div\n\t\t\t\n\t\t\tclass=\"so-widget-sow-image so-widget-sow-image-default-d6014b76747a-113\"\n\t\t\t\n\t\t>\n\n<div class=\"sow-image-container\">\n\t\t\t<a href=\"https:\/\/www.youtube.com\/@especializacionmavilefacet4374\"\n\t\t\ttarget=\"_blank\" rel=\"noopener noreferrer\" \t\t>\n\t\t\t<img src=\"https:\/\/www.facet.unt.edu.ar\/luminotecnia\/wp-content\/uploads\/sites\/15\/2025\/12\/webinar-mavile.jpg\" width=\"720\" height=\"900\" sizes=\"(max-width: 720px) 100vw, 720px\" title=\"webinar mavile\" alt=\"\" loading=\"lazy\" \t\tclass=\"so-widget-image\"\/>\n\t<\/a><\/div>\n\n<\/div><\/div><\/div><div id=\"pgc-113-1-1\"  class=\"panel-grid-cell\" ><div id=\"panel-113-1-1-0\" class=\"so-panel widget widget_black-studio-tinymce widget_black_studio_tinymce panel-first-child\" data-index=\"3\" ><div class=\"panel-widget-style panel-widget-style-for-113-1-1-0\" ><div class=\"textwidget\"><div><a href=\"https:\/\/www.facet.unt.edu.ar\/luminotecnia\/wp-content\/uploads\/sites\/15\/2025\/07\/LOGOTIPO_MAVILE_COLOR_a.png\"><img class=\"alignnone size-full wp-image-3430\" src=\"https:\/\/www.facet.unt.edu.ar\/luminotecnia\/wp-content\/uploads\/sites\/15\/2025\/07\/LOGOTIPO_MAVILE_COLOR_a.png\" alt=\"\" width=\"1756\" height=\"1388\" \/><\/a><\/div>\n<\/div><\/div><\/div><div id=\"panel-113-1-1-1\" class=\"so-panel widget widget_sow-editor\" data-index=\"4\" ><div\n\t\t\t\n\t\t\tclass=\"so-widget-sow-editor so-widget-sow-editor-base\"\n\t\t\t\n\t\t>\n<div class=\"siteorigin-widget-tinymce textwidget\">\n\t<h3 class=\"cvGsUA direction-ltr align-justify para-style-body\">Modalidad de Cursado<\/h3>\n<p class=\"cvGsUA direction-ltr align-justify para-style-body\" style=\"text-align: justify;\"><span class=\"OYPEnA font-feature-liga-off font-feature-clig-off font-feature-calt-off text-decoration-none text-strikethrough-none\">Con flexibilidad para cursar desde cualquier lugar, la carrera incluye una<em><strong> instancia presencial obligatoria<\/strong> <\/em>(ultima semana de junio y primera semana de julio) con pr\u00e1cticas de laboratorio y un viaje de estudios que fortalece la experiencia pr\u00e1ctica y el trabajo en equipo.<\/span><\/p>\n<\/div>\n<\/div><\/div><div id=\"panel-113-1-1-2\" class=\"so-panel widget widget_sow-editor\" data-index=\"5\" ><div\n\t\t\t\n\t\t\tclass=\"so-widget-sow-editor so-widget-sow-editor-base\"\n\t\t\t\n\t\t>\n<div class=\"siteorigin-widget-tinymce textwidget\">\n\t<p class=\"cvGsUA direction-ltr align-justify para-style-body\" style=\"text-align: justify;\"><span class=\"OYPEnA font-feature-liga-off font-feature-clig-off font-feature-calt-off text-decoration-none text-strikethrough-none\"><strong>DURACI\u00d3N<\/strong>: <\/span><span class=\"OYPEnA font-feature-liga-off font-feature-clig-off font-feature-calt-off text-decoration-none text-strikethrough-none\">9 meses, de Marzo a Noviembre de 2026<\/span><\/p>\n<p class=\"cvGsUA direction-ltr align-justify para-style-body\" style=\"text-align: justify;\"><strong><span class=\"OYPEnA font-feature-liga-off font-feature-clig-off font-feature-calt-off text-decoration-none text-strikethrough-none\">Horario de clases: <\/span><\/strong><span class=\"OYPEnA font-feature-liga-off font-feature-clig-off font-feature-calt-off text-decoration-none text-strikethrough-none\">Martes y Jueves de 6:00pm a 8:00pm (ARG)<\/span><\/p>\n<p class=\"cvGsUA direction-ltr align-justify para-style-body\" style=\"text-align: justify;\"><span class=\"OYPEnA font-feature-liga-off font-feature-clig-off font-feature-calt-off text-decoration-none text-strikethrough-none\">Carga Horaria: <\/span><span class=\"OYPEnA font-feature-liga-off font-feature-clig-off font-feature-calt-off text-decoration-none text-strikethrough-none\">400 hs.<\/span><\/p>\n<p class=\"cvGsUA direction-ltr align-justify para-style-body\" style=\"text-align: justify;\"><span class=\"OYPEnA font-feature-liga-off font-feature-clig-off font-feature-calt-off text-decoration-none text-strikethrough-none\">Para mas info ir a CRONOGRAMA<\/span><\/p>\n<\/div>\n<\/div><\/div><div id=\"panel-113-1-1-3\" class=\"so-panel widget widget_sow-button\" data-index=\"6\" ><div\n\t\t\t\n\t\t\tclass=\"so-widget-sow-button so-widget-sow-button-flat-8160c4527553-113\"\n\t\t\t\n\t\t><div class=\"ow-button-base ow-button-align-justify\">\n\t<a href=\"https:\/\/www.facet.unt.edu.ar\/luminotecnia\/docentes-mavile\/\" class=\"ow-icon-placement-left ow-button-hover\" \t\t>\n\t\t<span>\n\t\t\t\n\t\t\tPlan de Estudios\t\t<\/span>\n\t<\/a>\n<\/div>\n<\/div><\/div><div id=\"panel-113-1-1-4\" class=\"so-panel widget widget_sow-button\" data-index=\"7\" ><div\n\t\t\t\n\t\t\tclass=\"so-widget-sow-button so-widget-sow-button-flat-6a6ea60d558c-113\"\n\t\t\t\n\t\t><div class=\"ow-button-base ow-button-align-justify\">\n\t<a href=\"https:\/\/www.facet.unt.edu.ar\/luminotecnia\/mavile-cronograma\/\" class=\"ow-icon-placement-left ow-button-hover\" \t\t>\n\t\t<span>\n\t\t\t\n\t\t\tCronograma\t\t<\/span>\n\t<\/a>\n<\/div>\n<\/div><\/div><div id=\"panel-113-1-1-5\" class=\"so-panel widget widget_sow-button\" data-index=\"8\" ><div\n\t\t\t\n\t\t\tclass=\"so-widget-sow-button so-widget-sow-button-flat-1a6abe30ba35-113\"\n\t\t\t\n\t\t><div class=\"ow-button-base ow-button-align-justify\">\n\t<a href=\"https:\/\/www.facet.unt.edu.ar\/luminotecnia\/?page_id=3518&#038;preview=true\" class=\"ow-icon-placement-left ow-button-hover\" \t\t>\n\t\t<span>\n\t\t\t\n\t\t\tRequisitos para la Inscripci\u00f3n\t\t<\/span>\n\t<\/a>\n<\/div>\n<\/div><\/div><div id=\"panel-113-1-1-6\" class=\"so-panel widget widget_sow-button\" data-index=\"9\" ><div\n\t\t\t\n\t\t\tclass=\"so-widget-sow-button so-widget-sow-button-flat-6a6ea60d558c-113\"\n\t\t\t\n\t\t><div class=\"ow-button-base ow-button-align-justify\">\n\t<a href=\"https:\/\/www.facet.unt.edu.ar\/luminotecnia\/?page_id=3522&#038;preview=true\" class=\"ow-icon-placement-left ow-button-hover\" \t\t>\n\t\t<span>\n\t\t\t\n\t\t\tArancel\t\t<\/span>\n\t<\/a>\n<\/div>\n<\/div><\/div><div id=\"panel-113-1-1-7\" class=\"so-panel widget widget_sow-button panel-last-child\" data-index=\"10\" ><div\n\t\t\t\n\t\t\tclass=\"so-widget-sow-button so-widget-sow-button-flat-1a6abe30ba35-113\"\n\t\t\t\n\t\t><div class=\"ow-button-base ow-button-align-justify\">\n\t<a href=\"https:\/\/forms.gle\/A1KhLXWzD8Dp2zcF6\" class=\"ow-icon-placement-left ow-button-hover\" target=\"_blank\" rel=\"noopener noreferrer\" \t\t>\n\t\t<span>\n\t\t\t\n\t\t\tFormulario de Preinscripci\u00f3n 2026\t\t<\/span>\n\t<\/a>\n<\/div>\n<\/div><\/div><\/div><\/div><div id=\"pg-113-2\"  class=\"panel-grid panel-no-style\" ><div id=\"pgc-113-2-0\"  class=\"panel-grid-cell\" ><div id=\"panel-113-2-0-0\" class=\"so-panel widget widget_sow-features panel-first-child panel-last-child\" data-index=\"11\" ><div\n\t\t\t\n\t\t\tclass=\"so-widget-sow-features so-widget-sow-features-default-fd4294e252e8-113\"\n\t\t\t\n\t\t>\n<div class=\"sow-features-list sow-features-responsive\">\n\n\t\t\t\t\t\t\t\t\t<div\n\t\t\t\tclass=\"sow-features-feature sow-icon-container-position-top sow-features-feature-last-row\"\n\t\t\t\tstyle=\"display: flex; flex-direction: column; float: left; width: 50%;\"\n\t\t\t>\n\t\t\t\n\t\t\t\t\t\t\t\t<div\n\t\t\t\t\tclass=\"sow-icon-container sow-container-rounded-square\"\n\t\t\t\t\tstyle=\"color: #ffffff; \"\n\t\t\t\t\t>\n\t\t\t\t\t<div class=\"sow-icon-image\" style=\"background-image: url(https:\/\/www.facet.unt.edu.ar\/luminotecnia\/wp-content\/uploads\/sites\/15\/2023\/11\/icono-inicio-clases.png); font-size: 30px\"><\/div>\t\t\t\t<\/div>\n\t\t\t\t\n\t\t\t\t<div class=\"textwidget\">\n\t\t\t\t\t\n\t\t\t\t\t\t\t\t\t\t\t<h5>\n\t\t\t\t\t\t\t\n\t\t\t\t\t\t\tInicio de Clases\t\t\t\t\t\t\t\t\t\t\t\t\t<\/h5>\n\t\t\t\t\t\n\t\t\t\t\t\t\t\t\t\t\t<p>Marzo de 2026<\/p>\n\t\t\t\t\t\n\t\t\t\t\t\t\t\t\t<\/div>\n\t\t\t\t\t\t\t\t\n\t\t\t\t\t\t\t<\/div>\n\n\t\t\t\t\t\t\t\t<div\n\t\t\t\tclass=\"sow-features-feature sow-icon-container-position-top sow-features-feature-last-row\"\n\t\t\t\tstyle=\"display: flex; flex-direction: column; float: left; width: 50%;\"\n\t\t\t>\n\t\t\t\n\t\t\t\t\t\t\t\t<div\n\t\t\t\t\tclass=\"sow-icon-container sow-container-rounded-square\"\n\t\t\t\t\tstyle=\"color: #ffffff; \"\n\t\t\t\t\t>\n\t\t\t\t\t<div class=\"sow-icon-image\" style=\"background-image: url(https:\/\/www.facet.unt.edu.ar\/luminotecnia\/wp-content\/uploads\/sites\/15\/2023\/11\/logo-coneau.png); font-size: 30px\"><\/div>\t\t\t\t<\/div>\n\t\t\t\t\n\t\t\t\t<div class=\"textwidget\">\n\t\t\t\t\t\n\t\t\t\t\t\t\t\t\t\t\t<h5>\n\t\t\t\t\t\t\t\n\t\t\t\t\t\t\tAcreditada Tipo B\t\t\t\t\t\t\t\t\t\t\t\t\t<\/h5>\n\t\t\t\t\t\n\t\t\t\t\t\t\t\t\t\t\t<p><a data-mce-href=\"https:\/\/www.facet.unt.edu.ar\/disenoiluminacion\/wp-content\/uploads\/sites\/89\/2016\/08\/Especializaci\u00f3n-en-Medio-Ambiente-Visual-e-Iluminaci\u00f3n-Eficiente.pdf\" href=\"https:\/\/www.facet.unt.edu.ar\/disenoiluminacion\/wp-content\/uploads\/sites\/89\/2016\/08\/Especializaci\u00f3n-en-Medio-Ambiente-Visual-e-Iluminaci\u00f3n-Eficiente.pdf\" target=\"_blank\">Resoluci\u00f3n<\/a><\/p>\n\t\t\t\t\t\n\t\t\t\t\t\t\t\t\t<\/div>\n\t\t\t\t\t\t\t\t\n\t\t\t\t\t\t\t<\/div>\n\n\t\t\t\n<\/div>\n<\/div><\/div><\/div><div id=\"pgc-113-2-1\"  class=\"panel-grid-cell\" ><div id=\"panel-113-2-1-0\" class=\"so-panel widget widget_black-studio-tinymce widget_black_studio_tinymce panel-first-child panel-last-child\" data-index=\"12\" ><div class=\"panel-widget-style panel-widget-style-for-113-2-1-0\" ><h3 class=\"widget-title\">Comisi\u00f3n Acad\u00e9mica<\/h3><div class=\"textwidget\"><div>\n<p style=\"text-align: center;\"><strong>Director Acad\u00e9mico:<br \/>\n<\/strong><a href=\"https:\/\/www.facet.unt.edu.ar\/luminotecnia\/dr-andres-martin\/\">Dr. Andr\u00e9s Mart\u00edn<\/a><\/p>\n<p style=\"text-align: center;\"><strong>Vice-directora Acad\u00e9mica:<br \/>\n<\/strong>Dra. Nancy Hernandez<\/p>\n<p style=\"text-align: center;\"><strong>Secretaria Acad\u00e9mica:<br \/>\n<\/strong><a href=\"https:\/\/www.facet.unt.edu.ar\/luminotecnia\/dra-barbara-silva\/\">Dra. B\u00e1rbara Silva<\/a><\/p>\n<p style=\"text-align: center;\"><strong>Miembros:<br \/>\n<\/strong><a href=\"https:\/\/www.facet.unt.edu.ar\/luminotecnia\/dra-natalia-valladares\/\">Mag. Natalia Valladares<\/a>,<br \/>\n<a href=\"https:\/\/www.facet.unt.edu.ar\/luminotecnia\/perfil-oscar-preciado\/\">Dr. Oscar Ulises Preciado Olvera<\/a><\/p>\n<\/div>\n<\/div><\/div><\/div><\/div><\/div><div id=\"pg-113-3\"  class=\"panel-grid panel-no-style\" ><div id=\"pgc-113-3-0\"  class=\"panel-grid-cell\" ><div id=\"panel-113-3-0-0\" class=\"so-panel widget widget_siteorigin-panels-builder panel-first-child panel-last-child\" data-index=\"13\" ><div id=\"pl-w69b01bea8e201\"  class=\"panel-layout\" ><div id=\"pg-w69b01bea8e201-0\"  class=\"panel-grid panel-no-style\" ><div id=\"pgc-w69b01bea8e201-0-0\"  class=\"panel-grid-cell\" ><div id=\"panel-w69b01bea8e201-0-0-0\" class=\"so-panel widget widget_media_video panel-first-child panel-last-child\" data-index=\"0\" ><h3 class=\"widget-title\">Especializaci\u00f3n MAVILE 2026<\/h3><div style=\"width:100%;\" class=\"wp-video\"><!--[if lt IE 9]><script>document.createElement('video');<\/script><![endif]-->\n<video class=\"wp-video-shortcode\" id=\"video-113-1\" preload=\"metadata\" controls=\"controls\"><source type=\"video\/youtube\" src=\"https:\/\/youtu.be\/4hX40AriJYc?si=5O752BrzsUxru_VA&#038;_=1\" \/><a href=\"https:\/\/youtu.be\/4hX40AriJYc?si=5O752BrzsUxru_VA\">https:\/\/youtu.be\/4hX40AriJYc?si=5O752BrzsUxru_VA<\/a><\/video><\/div><\/div><\/div><\/div><\/div><\/div><\/div><div id=\"pgc-113-3-1\"  class=\"panel-grid-cell\" ><div id=\"panel-113-3-1-0\" class=\"so-panel widget widget_siteorigin-panels-builder panel-first-child panel-last-child\" data-index=\"14\" ><div id=\"pl-w69b01bea8e38c\"  class=\"panel-layout\" ><div id=\"pg-w69b01bea8e38c-0\"  class=\"panel-grid panel-no-style\" ><div id=\"pgc-w69b01bea8e38c-0-0\"  class=\"panel-grid-cell\" ><div id=\"panel-w69b01bea8e38c-0-0-0\" class=\"so-panel widget widget_media_video panel-first-child panel-last-child\" data-index=\"0\" ><h3 class=\"widget-title\">ESPECIALIZACION MAVILE 2022<\/h3><div style=\"width:100%;\" class=\"wp-video\"><video class=\"wp-video-shortcode\" id=\"video-113-2\" preload=\"metadata\" controls=\"controls\"><source type=\"video\/youtube\" src=\"https:\/\/youtu.be\/5g_n4ZcCXxc?si=O10Ny1sEcwLv94Bu&#038;_=2\" \/><a href=\"https:\/\/youtu.be\/5g_n4ZcCXxc?si=O10Ny1sEcwLv94Bu\">https:\/\/youtu.be\/5g_n4ZcCXxc?si=O10Ny1sEcwLv94Bu<\/a><\/video><\/div><\/div><\/div><\/div><\/div><\/div><\/div><\/div><div id=\"pg-113-4\"  class=\"panel-grid panel-no-style\" ><div id=\"pgc-113-4-0\"  class=\"panel-grid-cell\" ><div id=\"panel-113-4-0-0\" class=\"so-panel widget widget_black-studio-tinymce widget_black_studio_tinymce panel-first-child\" data-index=\"15\" ><div class=\"panel-widget-style panel-widget-style-for-113-4-0-0\" ><h3 class=\"widget-title\">Cont\u00e1ctanos:<\/h3><div class=\"textwidget\"><p><a href=\"mailto:especializacion.mavile@herrera.unt.edu.ar\">especializacion.mavile@herrera.unt.edu.ar<\/a><\/p>\n<\/div><\/div><\/div><div id=\"panel-113-4-0-1\" class=\"so-panel widget widget_black-studio-tinymce widget_black_studio_tinymce\" data-index=\"16\" ><div class=\"panel-widget-style panel-widget-style-for-113-4-0-1\" ><h3 class=\"widget-title\">Visita nuestras redes sociales<\/h3><div class=\"textwidget\"><\/div><\/div><\/div><div id=\"panel-113-4-0-2\" class=\"so-panel widget widget_siteorigin-panels-builder panel-last-child\" data-index=\"17\" ><div id=\"pl-w688b844b964fc\"  class=\"panel-layout\" ><div id=\"pg-w688b844b964fc-0\"  class=\"panel-grid panel-no-style\" ><div id=\"pgc-w688b844b964fc-0-0\"  class=\"panel-grid-cell\" ><div id=\"panel-w688b844b964fc-0-0-0\" class=\"so-panel widget widget_sow-social-media-buttons panel-first-child panel-last-child\" data-index=\"0\" ><div\n\t\t\t\n\t\t\tclass=\"so-widget-sow-social-media-buttons so-widget-sow-social-media-buttons-wire-89036e7d43b6\"\n\t\t\t\n\t\t>\n\n<div class=\"social-media-button-container\">\n\t\n\t\t<a class=\"ow-button-hover sow-social-media-button-instagram-0 sow-social-media-button\" title=\"Departamento de Luminotecnia, Luz y Visi\u00f3n (UNT) - Instituto de Investigaci\u00f3n en Luz, Ambiente y Visi\u00f3n (CONICET) en Instagram\" aria-label=\"Departamento de Luminotecnia, Luz y Visi\u00f3n (UNT) - Instituto de Investigaci\u00f3n en Luz, Ambiente y Visi\u00f3n (CONICET) en Instagram\" target=\"_blank\" rel=\"noopener noreferrer\" href=\"https:\/\/instagram.com\/maviletucuman\/\" >\n\t\t\t<span>\n\t\t\t\t\t\t\t\t<span class=\"sow-icon-fontawesome sow-fab\" data-sow-icon=\"&#xf16d;\"\n\t\t \n\t\taria-hidden=\"true\"><\/span>\t\t\t\t\t\t\t<\/span>\n\t\t<\/a>\n\t<\/div>\n<\/div><\/div><\/div><div id=\"pgc-w688b844b964fc-0-1\"  class=\"panel-grid-cell\" ><div id=\"panel-w688b844b964fc-0-1-0\" class=\"so-panel widget widget_sow-social-media-buttons panel-first-child panel-last-child\" data-index=\"1\" ><div\n\t\t\t\n\t\t\tclass=\"so-widget-sow-social-media-buttons so-widget-sow-social-media-buttons-wire-2b42add9ff7e\"\n\t\t\t\n\t\t>\n\n<div class=\"social-media-button-container\">\n\t\n\t\t<a class=\"ow-button-hover sow-social-media-button-facebook-0 sow-social-media-button\" title=\"Departamento de Luminotecnia, Luz y Visi\u00f3n (UNT) - Instituto de Investigaci\u00f3n en Luz, Ambiente y Visi\u00f3n (CONICET) en Facebook\" aria-label=\"Departamento de Luminotecnia, Luz y Visi\u00f3n (UNT) - Instituto de Investigaci\u00f3n en Luz, Ambiente y Visi\u00f3n (CONICET) en Facebook\" target=\"_blank\" rel=\"noopener noreferrer\" href=\"https:\/\/www.facebook.com\/people\/Especializaci%C3%B3n-Mavile\/100068641530163\/?locale=es_LA\" >\n\t\t\t<span>\n\t\t\t\t\t\t\t\t<span class=\"sow-icon-fontawesome sow-fab\" data-sow-icon=\"&#xf39e;\"\n\t\t \n\t\taria-hidden=\"true\"><\/span>\t\t\t\t\t\t\t<\/span>\n\t\t<\/a>\n\t<\/div>\n<\/div><\/div><\/div><div id=\"pgc-w688b844b964fc-0-2\"  class=\"panel-grid-cell\" ><div id=\"panel-w688b844b964fc-0-2-0\" class=\"so-panel widget widget_sow-social-media-buttons panel-first-child panel-last-child\" data-index=\"2\" ><div\n\t\t\t\n\t\t\tclass=\"so-widget-sow-social-media-buttons so-widget-sow-social-media-buttons-wire-c58162c5b8b8\"\n\t\t\t\n\t\t>\n\n<div class=\"social-media-button-container\">\n\t\n\t\t<a class=\"ow-button-hover sow-social-media-button-linkedin-0 sow-social-media-button\" title=\"Departamento de Luminotecnia, Luz y Visi\u00f3n (UNT) - Instituto de Investigaci\u00f3n en Luz, Ambiente y Visi\u00f3n (CONICET) en Linkedin\" aria-label=\"Departamento de Luminotecnia, Luz y Visi\u00f3n (UNT) - Instituto de Investigaci\u00f3n en Luz, Ambiente y Visi\u00f3n (CONICET) en Linkedin\" target=\"_blank\" rel=\"noopener noreferrer\" href=\"https:\/\/www.linkedin.com\/in\/especializaci%C3%B3n-medio-ambiente-visual-e-iluminacion-eficiente-089561225\/\" >\n\t\t\t<span>\n\t\t\t\t\t\t\t\t<span class=\"sow-icon-fontawesome sow-fab\" data-sow-icon=\"&#xf0e1;\"\n\t\t \n\t\taria-hidden=\"true\"><\/span>\t\t\t\t\t\t\t<\/span>\n\t\t<\/a>\n\t<\/div>\n<\/div><\/div><\/div><div id=\"pgc-w688b844b964fc-0-3\"  class=\"panel-grid-cell\" ><div id=\"panel-w688b844b964fc-0-3-0\" class=\"so-panel widget widget_sow-social-media-buttons panel-first-child panel-last-child\" data-index=\"3\" ><div\n\t\t\t\n\t\t\tclass=\"so-widget-sow-social-media-buttons so-widget-sow-social-media-buttons-wire-3d0f6ac53efc\"\n\t\t\t\n\t\t>\n\n<div class=\"social-media-button-container\">\n\t\n\t\t<a class=\"ow-button-hover sow-social-media-button-youtube-0 sow-social-media-button\" title=\"Departamento de Luminotecnia, Luz y Visi\u00f3n (UNT) - Instituto de Investigaci\u00f3n en Luz, Ambiente y Visi\u00f3n (CONICET) en Youtube\" aria-label=\"Departamento de Luminotecnia, Luz y Visi\u00f3n (UNT) - Instituto de Investigaci\u00f3n en Luz, Ambiente y Visi\u00f3n (CONICET) en Youtube\" target=\"_blank\" rel=\"noopener noreferrer\" href=\"https:\/\/www.youtube.com\/@especializacionmavilefacet4374\" >\n\t\t\t<span>\n\t\t\t\t\t\t\t\t<span class=\"sow-icon-fontawesome sow-fab\" data-sow-icon=\"&#xf167;\"\n\t\t \n\t\taria-hidden=\"true\"><\/span>\t\t\t\t\t\t\t<\/span>\n\t\t<\/a>\n\t<\/div>\n<\/div><\/div><\/div><div id=\"pgc-w688b844b964fc-0-4\"  class=\"panel-grid-cell\" ><div id=\"panel-w688b844b964fc-0-4-0\" class=\"so-panel widget widget_sow-social-media-buttons panel-first-child panel-last-child\" data-index=\"4\" ><div\n\t\t\t\n\t\t\tclass=\"so-widget-sow-social-media-buttons so-widget-sow-social-media-buttons-wire-4fe77f1d4a5a\"\n\t\t\t\n\t\t>\n\n<div class=\"social-media-button-container\">\n\t\n\t\t<a class=\"ow-button-hover sow-social-media-button-twitter-0 sow-social-media-button\" title=\"Departamento de Luminotecnia, Luz y Visi\u00f3n (UNT) - Instituto de Investigaci\u00f3n en Luz, Ambiente y Visi\u00f3n (CONICET) en Twitter\" aria-label=\"Departamento de Luminotecnia, Luz y Visi\u00f3n (UNT) - Instituto de Investigaci\u00f3n en Luz, Ambiente y Visi\u00f3n (CONICET) en Twitter\" target=\"_blank\" rel=\"noopener noreferrer\" href=\"https:\/\/x.com\/Esp_MAVILE_UNT\" >\n\t\t\t<span>\n\t\t\t\t\t\t\t\t<span class=\"sow-icon-fontawesome sow-fab\" data-sow-icon=\"&#xf099;\"\n\t\t \n\t\taria-hidden=\"true\"><\/span>\t\t\t\t\t\t\t<\/span>\n\t\t<\/a>\n\t<\/div>\n<\/div><\/div><\/div><\/div><\/div><\/div><\/div><\/div><\/div>","protected":false},"excerpt":{"rendered":"<p>\u00bfTe interesa llevar tu formaci\u00f3n profesional al siguiente nivel en el campo del dise\u00f1o de iluminaci\u00f3n? La Especializaci\u00f3n en Medio Ambiente Visual e Iluminaci\u00f3n Eficiente (MAVILE) te brinda una oportunidad \u00fanica de ampliar tus incumbencias profesionales, integrando ciencia, tecnolog\u00eda y dise\u00f1o con un enfoque centrado en el ser humano y el entorno iluminado. Una carrera [&hellip;]<\/p>\n","protected":false},"author":1,"featured_media":0,"parent":0,"menu_order":0,"comment_status":"closed","ping_status":"closed","template":"","meta":[],"_links":{"self":[{"href":"https:\/\/www.facet.unt.edu.ar\/luminotecnia\/wp-json\/wp\/v2\/pages\/113"}],"collection":[{"href":"https:\/\/www.facet.unt.edu.ar\/luminotecnia\/wp-json\/wp\/v2\/pages"}],"about":[{"href":"https:\/\/www.facet.unt.edu.ar\/luminotecnia\/wp-json\/wp\/v2\/types\/page"}],"author":[{"embeddable":true,"href":"https:\/\/www.facet.unt.edu.ar\/luminotecnia\/wp-json\/wp\/v2\/users\/1"}],"replies":[{"embeddable":true,"href":"https:\/\/www.facet.unt.edu.ar\/luminotecnia\/wp-json\/wp\/v2\/comments?post=113"}],"version-history":[{"count":404,"href":"https:\/\/www.facet.unt.edu.ar\/luminotecnia\/wp-json\/wp\/v2\/pages\/113\/revisions"}],"predecessor-version":[{"id":3609,"href":"https:\/\/www.facet.unt.edu.ar\/luminotecnia\/wp-json\/wp\/v2\/pages\/113\/revisions\/3609"}],"wp:attachment":[{"href":"https:\/\/www.facet.unt.edu.ar\/luminotecnia\/wp-json\/wp\/v2\/media?parent=113"}],"curies":[{"name":"wp","href":"https:\/\/api.w.org\/{rel}","templated":true}]}}