{"id":115,"date":"2015-09-18T15:15:26","date_gmt":"2015-09-18T18:15:26","guid":{"rendered":"https:\/\/www.facet.unt.edu.ar\/luminotecnia\/?page_id=115"},"modified":"2022-10-17T09:40:34","modified_gmt":"2022-10-17T12:40:34","slug":"maestria-en-luminotecnia","status":"publish","type":"page","link":"https:\/\/www.facet.unt.edu.ar\/luminotecnia\/maestria-en-luminotecnia\/","title":{"rendered":"Maestr\u00eda en Luminotecnia"},"content":{"rendered":"<div id=\"pl-115\"  class=\"panel-layout\" ><div id=\"pg-115-0\"  class=\"panel-grid panel-has-style\"  style=\"margin-bottom: 0px;\" ><div class=\"siteorigin-panels-stretch panel-row-style-full-width panel-row-style panel-row-style-for-115-0\" style=\"border-bottom: 1px solid #bababa; \" data-stretch-type=\"full-stretched\" ><div id=\"pgc-115-0-0\"  class=\"panel-grid-cell\" ><div id=\"panel-115-0-0-0\" class=\"so-panel widget widget_black-studio-tinymce widget_black_studio_tinymce panel-first-child panel-last-child\" data-index=\"0\" ><div class=\"panel-widget-style panel-widget-style-for-115-0-0-0\" ><h3 class=\"widget-title\">Maestr\u00eda en Luminotecnia<\/h3><div class=\"textwidget\"><p>La maestr\u00eda se encuentra orientada a la formaci\u00f3n de graduados universitarios interesados en desempe\u00f1arse en \u00e1mbitos acad\u00e9micos y de investigaci\u00f3n. La duraci\u00f3n m\u00e1xima sugerida 36 meses con dedicaci\u00f3n exclusiva, durante los cuales se deben completar:<\/p>\n<p>&nbsp;<\/p>\n<ul>\n<li><strong>Actividades acad\u00e9micas de posgrado:<\/strong> 540 horas de cursos, talleres, seminarios, u otras actividades, que podr\u00e1n ser dictados por el Programa de la Carrera o en otros programas de posgrado de la UNT o en otras universidades reconocidas, de acuerdo a la siguiente distribuci\u00f3n (para egresados de la Especializaci\u00f3n MAVILE las horas cursadas son computables para la Maestr\u00eda)<\/li>\n<li style=\"list-style-type: none;\">\n<ul>\n<li style=\"list-style-type: none;\">\n<ul class=\"orange-check hlight-orange\">\n<li>30% cubriendo los contenidos m\u00ednimos obligatorios (M\u00f3dulos I y II de la <a href=\"https:\/\/www.facet.unt.edu.ar\/luminotecnia\/mavile\/\" target=\"_blank\" rel=\"noopener\">Especializaci\u00f3n MAVILE<\/a>)<\/li>\n<li>30% como m\u00ednimo de cursos relacionados con el \u00e1rea de investigaci\u00f3n de la tesis<\/li>\n<li>40% restante se podr\u00e1 completar con horas de posgrado de cursos de tipo complementario<\/li>\n<\/ul>\n<\/li>\n<\/ul>\n<\/li>\n<\/ul>\n<p>Los cursos en el DLLyV \u2013 UNT se aprueban con los siguientes requisitos:<\/p>\n<ol>\n<li style=\"list-style-type: none;\">\n<ol>\n<li style=\"list-style-type: none;\">\n<ul class=\"orange-check hlight-orange\">\n<li>80% de asistencia como m\u00ednimo en cada uno de los m\u00f3dulos<\/li>\n<li>100% de realizaci\u00f3n de los trabajos pr\u00e1cticos, de laboratorio y de campo<\/li>\n<li>Aprobaci\u00f3n de cada m\u00f3dulo con una calificaci\u00f3n de 7 o superior en una escala del 0 al 10.<\/li>\n<\/ul>\n<\/li>\n<\/ol>\n<\/li>\n<\/ol>\n<p>&nbsp;<\/p>\n<ul>\n<li><strong>Trabajo de investigaci\u00f3n tutorial<\/strong>: 160 horas restantes podr\u00e1n ser asignadas al trabajo de investigaci\u00f3n de la tesis o a otras actividades tales como pasant\u00edas de investigaci\u00f3n con planes de trabajo y supervisor de la tarea, en la UNT o en otras universidades.<\/li>\n<\/ul>\n<p>&nbsp;<\/p>\n<ul>\n<li><strong>Tesis:<\/strong> Es un trabajo de investigaci\u00f3n con un aporte al conocimiento sobre un tema determinado, bajo la direcci\u00f3n de un docente investigador. El trabajo final de tesis se documenta en un texto organizado y culmina con una defensa p\u00fablica donde se expone en una hora con medios audiovisuales un resumen de la misma.<\/li>\n<\/ul>\n<\/div><\/div><\/div><\/div><div id=\"pgc-115-0-1\"  class=\"panel-grid-cell\" ><div id=\"panel-115-0-1-0\" class=\"so-panel widget widget_text panel-first-child\" data-index=\"1\" >\t\t\t<div class=\"textwidget\"><strong>Comisi\u00f3n Acad\u00e9mica <\/strong> <br \/>\n<strong>Director :<\/strong><br \/> Dr. Ing. Eduardo Manzano<br \/>\n<strong>Vice-directora:<\/strong><br \/> Dra. Graciela Tonello<br \/>\n<strong>Secretario Acad\u00e9mico:<\/strong><br \/> Dr. Oscar Preciado<br \/>\n<strong>Miembros:<\/strong><br \/> Mg. Ing. Mario Raitelli<br \/> Mg. Ing. Alberto Cabello<br \/> Dr. Jos\u00e9 Barraza<br \/><hr \/><\/div>\n\t\t<\/div><div id=\"panel-115-0-1-1\" class=\"so-panel widget widget_circleicon-widget\" data-index=\"2\" >\t\t<div class=\"circle-icon-box circle-icon-position-top circle-icon-hide-box circle-icon-size-small\">\n\t\t\t<div class=\"circle-icon-wrapper\">\n\t\t\t\t<a href=\"http:\/\/magisterenluminotecnia.blogspot.com.ar\/\" class=\"link-icon\" >\t\t\t\t<div class=\"circle-icon\" >\n\t\t\t\t\t<div class=\"fa fa-comment\" ><\/div>\t\t\t\t<\/div>\n\t\t\t\t<\/a>\t\t\t<\/div>\n\n\t\t\t<a href=\"http:\/\/magisterenluminotecnia.blogspot.com.ar\/\" class=\"link-title\" >\t\t\t\t\t\t<\/a>\n\t\t\t<p class=\"text\" >Visita nuestro blog para enterarte de las noticias m\u00e1s recientes<\/p>\t\t\t\t\t\t\t<a href=\"http:\/\/magisterenluminotecnia.blogspot.com.ar\/\" class=\"more-button\" >Blog de la Maestr\u00eda <i><\/i><\/a>\n\t\t\t\t\t<\/div>\n\t\t<\/div><div id=\"panel-115-0-1-2\" class=\"so-panel widget widget_circleicon-widget\" data-index=\"3\" >\t\t<div class=\"circle-icon-box circle-icon-position-top circle-icon-hide-box circle-icon-size-small\">\n\t\t\t<div class=\"circle-icon-wrapper\">\n\t\t\t\t<a href=\"https:\/\/www.facet.unt.edu.ar\/luminotecnia\/adm-maestria-y-doctorado\/\" class=\"link-icon\" >\t\t\t\t<div class=\"circle-icon\" >\n\t\t\t\t\t<div class=\"fa fa-info\" ><\/div>\t\t\t\t<\/div>\n\t\t\t\t<\/a>\t\t\t<\/div>\n\n\t\t\t<a href=\"https:\/\/www.facet.unt.edu.ar\/luminotecnia\/adm-maestria-y-doctorado\/\" class=\"link-title\" >\t\t\t\t\t\t<\/a>\n\t\t\t<p class=\"text\" >Informaci\u00f3n sobre la admisi\u00f3n en la Maestr\u00eda y el Doctorado<\/p>\t\t\t\t\t\t\t<a href=\"https:\/\/www.facet.unt.edu.ar\/luminotecnia\/adm-maestria-y-doctorado\/\" class=\"more-button\" >Ver <i><\/i><\/a>\n\t\t\t\t\t<\/div>\n\t\t<\/div><div id=\"panel-115-0-1-3\" class=\"so-panel widget widget_circleicon-widget\" data-index=\"4\" >\t\t<div class=\"circle-icon-box circle-icon-position-top circle-icon-hide-box circle-icon-size-small\">\n\t\t\t<div class=\"circle-icon-wrapper\">\n\t\t\t\t<a href=\"https:\/\/www.facet.unt.edu.ar\/luminotecnia\/wp-content\/uploads\/sites\/15\/2016\/08\/Maestr\u00ed\u00ada-en-Luminotecnia.pdf\" class=\"link-icon\" target=\"_blank\">\t\t\t\t<div class=\"circle-icon\" >\n\t\t\t\t\t<div class=\"fa fa-check-square\" ><\/div>\t\t\t\t<\/div>\n\t\t\t\t<\/a>\t\t\t<\/div>\n\n\t\t\t<a href=\"https:\/\/www.facet.unt.edu.ar\/luminotecnia\/wp-content\/uploads\/sites\/15\/2016\/08\/Maestr\u00ed\u00ada-en-Luminotecnia.pdf\" class=\"link-title\" target=\"_blank\">\t\t\t\t\t\t<\/a>\n\t\t\t<p class=\"text\" >Reglamento de la maestr\u00eda<\/p>\t\t\t\t\t\t\t<a href=\"https:\/\/www.facet.unt.edu.ar\/luminotecnia\/wp-content\/uploads\/sites\/15\/2016\/08\/Maestr\u00ed\u00ada-en-Luminotecnia.pdf\" class=\"more-button\" target=\"_blank\">Ver <i><\/i><\/a>\n\t\t\t\t\t<\/div>\n\t\t<\/div><div id=\"panel-115-0-1-4\" class=\"so-panel widget widget_circleicon-widget panel-last-child\" data-index=\"5\" >\t\t<div class=\"circle-icon-box circle-icon-position-top circle-icon-hide-box circle-icon-size-small\">\n\t\t\t<div class=\"circle-icon-wrapper\">\n\t\t\t\t<a href=\"https:\/\/www.facet.unt.edu.ar\/luminotecnia\/contactanos\/\" class=\"link-icon\" >\t\t\t\t<div class=\"circle-icon\" >\n\t\t\t\t\t<div class=\"fa fa-pencil-square-o\" ><\/div>\t\t\t\t<\/div>\n\t\t\t\t<\/a>\t\t\t<\/div>\n\n\t\t\t<a href=\"https:\/\/www.facet.unt.edu.ar\/luminotecnia\/contactanos\/\" class=\"link-title\" >\t\t\t\t\t\t<\/a>\n\t\t\t<p class=\"text\" >Si necesitas mayor informaci\u00f3n, escr\u00edbenos o h\u00e1blanos por tel\u00e9fono<\/p>\t\t\t\t\t\t\t<a href=\"https:\/\/www.facet.unt.edu.ar\/luminotecnia\/contactanos\/\" class=\"more-button\" >Cont\u00e1ctanos <i><\/i><\/a>\n\t\t\t\t\t<\/div>\n\t\t<\/div><\/div><\/div><\/div><div id=\"pg-115-1\"  class=\"panel-grid panel-has-style\"  style=\"margin-bottom: 0px;\" ><div class=\"siteorigin-panels-stretch panel-row-style-full-width panel-row-style panel-row-style-for-115-1\" style=\"border-bottom: 1px solid #bababa; \" data-stretch-type=\"full-stretched\" ><div id=\"pgc-115-1-0\"  class=\"panel-grid-cell\" ><div id=\"panel-115-1-0-0\" class=\"so-panel widget widget_sow-features panel-first-child panel-last-child\" data-index=\"6\" ><div\n\t\t\t\n\t\t\tclass=\"so-widget-sow-features so-widget-sow-features-default-79db3758ff69-115\"\n\t\t\t\n\t\t>\n<div class=\"sow-features-list sow-features-responsive\">\n\n\t\t\t\t\t\t\t\t\t<div\n\t\t\t\tclass=\"sow-features-feature sow-icon-container-position-top sow-features-feature-last-row\"\n\t\t\t\tstyle=\"display: flex; flex-direction: column; float: left; width: 20%;\"\n\t\t\t>\n\t\t\t\n\t\t\t\t\t\t\t\t<div\n\t\t\t\t\tclass=\"sow-icon-container sow-container-rounded-square\"\n\t\t\t\t\tstyle=\"color: #3896cd; \"\n\t\t\t\t\t>\n\t\t\t\t\t<span class=\"sow-icon-fontawesome sow-far\" data-sow-icon=\"&#xf14a;\"\n\t\tstyle=\"font-size: 42px; color: #FFFFFF\" \n\t\taria-hidden=\"true\"><\/span>\t\t\t\t<\/div>\n\t\t\t\t\n\t\t\t\t<div class=\"textwidget\">\n\t\t\t\t\t\n\t\t\t\t\t\t\t\t\t\t\t<h5>\n\t\t\t\t\t\t\t\n\t\t\t\t\t\t\tAcreditaci\u00f3n\t\t\t\t\t\t\t\t\t\t\t\t\t<\/h5>\n\t\t\t\t\t\n\t\t\t\t\t\t\t\t\t\t\t<p>Carrera de posgrado categor\u00eda B por la CONEAU<\/p>\n\t\t\t\t\t\n\t\t\t\t\t\t\t\t\t<\/div>\n\t\t\t\t\t\t\t\t\n\t\t\t\t\t\t\t<\/div>\n\n\t\t\t\t\t\t\t\t<div\n\t\t\t\tclass=\"sow-features-feature sow-icon-container-position-top sow-features-feature-last-row\"\n\t\t\t\tstyle=\"display: flex; flex-direction: column; float: left; width: 20%;\"\n\t\t\t>\n\t\t\t\n\t\t\t\t\t\t\t\t<div\n\t\t\t\t\tclass=\"sow-icon-container sow-container-rounded-square\"\n\t\t\t\t\tstyle=\"color: #3896cd; \"\n\t\t\t\t\t>\n\t\t\t\t\t<span class=\"sow-icon-fontawesome sow-fas\" data-sow-icon=\"&#xf073;\"\n\t\tstyle=\"font-size: 42px; color: #FFFFFF\" \n\t\taria-hidden=\"true\"><\/span>\t\t\t\t<\/div>\n\t\t\t\t\n\t\t\t\t<div class=\"textwidget\">\n\t\t\t\t\t\n\t\t\t\t\t\t\t\t\t\t\t<h5>\n\t\t\t\t\t\t\t\n\t\t\t\t\t\t\tInicio\t\t\t\t\t\t\t\t\t\t\t\t\t<\/h5>\n\t\t\t\t\t\n\t\t\t\t\t\t\t\t\t\t\t<p>Permanente<\/p>\n\t\t\t\t\t\n\t\t\t\t\t\t\t\t\t<\/div>\n\t\t\t\t\t\t\t\t\n\t\t\t\t\t\t\t<\/div>\n\n\t\t\t\t\t\t\t\t<div\n\t\t\t\tclass=\"sow-features-feature sow-icon-container-position-top sow-features-feature-last-row\"\n\t\t\t\tstyle=\"display: flex; flex-direction: column; float: left; width: 20%;\"\n\t\t\t>\n\t\t\t\n\t\t\t\t\t\t\t\t<div\n\t\t\t\t\tclass=\"sow-icon-container sow-container-rounded-square\"\n\t\t\t\t\tstyle=\"color: #3896cd; \"\n\t\t\t\t\t>\n\t\t\t\t\t<span class=\"sow-icon-fontawesome sow-far\" data-sow-icon=\"&#xf017;\"\n\t\tstyle=\"font-size: 42px; color: #FFFFFF\" \n\t\taria-hidden=\"true\"><\/span>\t\t\t\t<\/div>\n\t\t\t\t\n\t\t\t\t<div class=\"textwidget\">\n\t\t\t\t\t\n\t\t\t\t\t\t\t\t\t\t\t<h5>\n\t\t\t\t\t\t\t\n\t\t\t\t\t\t\tDuraci\u00f3n estimada\t\t\t\t\t\t\t\t\t\t\t\t\t<\/h5>\n\t\t\t\t\t\n\t\t\t\t\t\t\t\t\t\t\t<p>Veinticuatro meses<\/p>\n\t\t\t\t\t\n\t\t\t\t\t\t\t\t\t<\/div>\n\t\t\t\t\t\t\t\t\n\t\t\t\t\t\t\t<\/div>\n\n\t\t\t\t\t\t\t\t<div\n\t\t\t\tclass=\"sow-features-feature sow-icon-container-position-top sow-features-feature-last-row\"\n\t\t\t\tstyle=\"display: flex; flex-direction: column; float: left; width: 20%;\"\n\t\t\t>\n\t\t\t\n\t\t\t\t\t\t\t\t<div\n\t\t\t\t\tclass=\"sow-icon-container sow-container-rounded-square\"\n\t\t\t\t\tstyle=\"color: #3896cd; \"\n\t\t\t\t\t>\n\t\t\t\t\t<span class=\"sow-icon-fontawesome sow-fas\" data-sow-icon=\"&#xf0c5;\"\n\t\tstyle=\"font-size: 42px; color: #FFFFFF\" \n\t\taria-hidden=\"true\"><\/span>\t\t\t\t<\/div>\n\t\t\t\t\n\t\t\t\t<div class=\"textwidget\">\n\t\t\t\t\t\n\t\t\t\t\t\t\t\t\t\t\t<h5>\n\t\t\t\t\t\t\t\n\t\t\t\t\t\t\tRequisitos\t\t\t\t\t\t\t\t\t\t\t\t\t<\/h5>\n\t\t\t\t\t\n\t\t\t\t\t\t\t\t\t\t\t<p>Graduado Universitario o egresado MAVILE. Aprobar un examen de traducci\u00f3n de ingl\u00e9s<\/p>\n\t\t\t\t\t\n\t\t\t\t\t\t\t\t\t<\/div>\n\t\t\t\t\t\t\t\t\n\t\t\t\t\t\t\t<\/div>\n\n\t\t\t\t\t\t\t\t<div\n\t\t\t\tclass=\"sow-features-feature sow-icon-container-position-top sow-features-feature-last-row\"\n\t\t\t\tstyle=\"display: flex; flex-direction: column; float: left; width: 20%;\"\n\t\t\t>\n\t\t\t\n\t\t\t\t\t\t\t\t<div\n\t\t\t\t\tclass=\"sow-icon-container sow-container-rounded-square\"\n\t\t\t\t\tstyle=\"color: #3896cd; \"\n\t\t\t\t\t>\n\t\t\t\t\t<span class=\"sow-icon-fontawesome sow-far\" data-sow-icon=\"&#xf271;\"\n\t\tstyle=\"font-size: 42px; color: #FFFFFF\" \n\t\taria-hidden=\"true\"><\/span>\t\t\t\t<\/div>\n\t\t\t\t\n\t\t\t\t<div class=\"textwidget\">\n\t\t\t\t\t\n\t\t\t\t\t\t\t\t\t\t\t<h5>\n\t\t\t\t\t\t\t\n\t\t\t\t\t\t\tActividades\t\t\t\t\t\t\t\t\t\t\t\t\t<\/h5>\n\t\t\t\t\t\n\t\t\t\t\t\t\t\t\t\t\t<p>540 horas de clases presenciales te\u00f3rico practicas.  Tutorial de 160 horas. Tesis bajo la direcci\u00f3n de docente investigador<\/p>\n\t\t\t\t\t\n\t\t\t\t\t\t\t\t\t<\/div>\n\t\t\t\t\t\t\t\t\n\t\t\t\t\t\t\t<\/div>\n\n\t\t\t\n<\/div>\n<\/div><\/div><\/div><\/div><\/div><\/div>","protected":false},"excerpt":{"rendered":"<p>La maestr\u00eda se encuentra orientada a la formaci\u00f3n de graduados universitarios interesados en desempe\u00f1arse en \u00e1mbitos acad\u00e9micos y de investigaci\u00f3n. La duraci\u00f3n m\u00e1xima sugerida 36 meses con dedicaci\u00f3n exclusiva, durante los cuales se deben completar: &nbsp; Actividades acad\u00e9micas de posgrado: 540 horas de cursos, talleres, seminarios, u otras actividades, que podr\u00e1n ser dictados por el [&hellip;]<\/p>\n","protected":false},"author":24,"featured_media":0,"parent":0,"menu_order":0,"comment_status":"closed","ping_status":"closed","template":"templates\/template-full-notitle.php","meta":[],"_links":{"self":[{"href":"https:\/\/www.facet.unt.edu.ar\/luminotecnia\/wp-json\/wp\/v2\/pages\/115"}],"collection":[{"href":"https:\/\/www.facet.unt.edu.ar\/luminotecnia\/wp-json\/wp\/v2\/pages"}],"about":[{"href":"https:\/\/www.facet.unt.edu.ar\/luminotecnia\/wp-json\/wp\/v2\/types\/page"}],"author":[{"embeddable":true,"href":"https:\/\/www.facet.unt.edu.ar\/luminotecnia\/wp-json\/wp\/v2\/users\/24"}],"replies":[{"embeddable":true,"href":"https:\/\/www.facet.unt.edu.ar\/luminotecnia\/wp-json\/wp\/v2\/comments?post=115"}],"version-history":[{"count":46,"href":"https:\/\/www.facet.unt.edu.ar\/luminotecnia\/wp-json\/wp\/v2\/pages\/115\/revisions"}],"predecessor-version":[{"id":3003,"href":"https:\/\/www.facet.unt.edu.ar\/luminotecnia\/wp-json\/wp\/v2\/pages\/115\/revisions\/3003"}],"wp:attachment":[{"href":"https:\/\/www.facet.unt.edu.ar\/luminotecnia\/wp-json\/wp\/v2\/media?parent=115"}],"curies":[{"name":"wp","href":"https:\/\/api.w.org\/{rel}","templated":true}]}}