{"id":1247,"date":"2018-04-09T14:21:52","date_gmt":"2018-04-09T17:21:52","guid":{"rendered":"https:\/\/www.facet.unt.edu.ar\/luminotecnia\/?page_id=1247"},"modified":"2021-04-24T20:42:22","modified_gmt":"2021-04-24T23:42:22","slug":"museo-de-la-luz-tucuman-argentina","status":"publish","type":"page","link":"https:\/\/www.facet.unt.edu.ar\/luminotecnia\/museo-de-la-luz-tucuman-argentina\/","title":{"rendered":"Museo de la Luz"},"content":{"rendered":"<div id=\"pl-1247\"  class=\"panel-layout\" ><div id=\"pg-1247-0\"  class=\"panel-grid panel-has-style\" ><div class=\"siteorigin-panels-stretch panel-row-style-full-width panel-row-style panel-row-style-for-1247-0\" data-stretch-type=\"full\" ><div id=\"pgc-1247-0-0\"  class=\"panel-grid-cell\" ><div id=\"panel-1247-0-0-0\" class=\"so-panel widget widget_sow-image panel-first-child\" data-index=\"0\" ><div\n\t\t\t\n\t\t\tclass=\"so-widget-sow-image so-widget-sow-image-default-17bc2272b535-1247\"\n\t\t\t\n\t\t>\n\n<div class=\"sow-image-container\">\n\t\t<img src=\"https:\/\/www.facet.unt.edu.ar\/luminotecnia\/wp-content\/uploads\/sites\/15\/2018\/05\/11-de-mayo_cambio-de-fecha-e1526300562650.jpg\" width=\"1080\" height=\"459\" sizes=\"(max-width: 1080px) 100vw, 1080px\" title=\"11 de mayo_cambio de fecha\" alt=\"\" loading=\"lazy\" \t\tclass=\"so-widget-image\"\/>\n\t<\/div>\n\n<\/div><\/div><div id=\"panel-1247-0-0-1\" class=\"so-panel widget widget_sow-image\" data-index=\"1\" ><div\n\t\t\t\n\t\t\tclass=\"so-widget-sow-image so-widget-sow-image-default-17bc2272b535-1247\"\n\t\t\t\n\t\t>\n\n<div class=\"sow-image-container\">\n\t\t<img src=\"https:\/\/www.facet.unt.edu.ar\/luminotecnia\/wp-content\/uploads\/sites\/15\/2018\/03\/WhatsApp-Image-2018-03-22-at-17.07.34.jpeg\" width=\"1280\" height=\"492\" srcset=\"https:\/\/www.facet.unt.edu.ar\/luminotecnia\/wp-content\/uploads\/sites\/15\/2018\/03\/WhatsApp-Image-2018-03-22-at-17.07.34.jpeg 1280w, https:\/\/www.facet.unt.edu.ar\/luminotecnia\/wp-content\/uploads\/sites\/15\/2018\/03\/WhatsApp-Image-2018-03-22-at-17.07.34-300x115.jpeg 300w, https:\/\/www.facet.unt.edu.ar\/luminotecnia\/wp-content\/uploads\/sites\/15\/2018\/03\/WhatsApp-Image-2018-03-22-at-17.07.34-768x295.jpeg 768w, https:\/\/www.facet.unt.edu.ar\/luminotecnia\/wp-content\/uploads\/sites\/15\/2018\/03\/WhatsApp-Image-2018-03-22-at-17.07.34-1024x394.jpeg 1024w\" sizes=\"(max-width: 1280px) 100vw, 1280px\" title=\"WhatsApp Image 2018-03-22 at 17.07.34\" alt=\"\" loading=\"lazy\" \t\tclass=\"so-widget-image\"\/>\n\t<\/div>\n\n<\/div><\/div><div id=\"panel-1247-0-0-2\" class=\"so-panel widget widget_black-studio-tinymce widget_black_studio_tinymce panel-last-child\" data-index=\"2\" ><div class=\"textwidget\"><h2><\/h2>\n<p>El Museo de La Luz -Tucum\u00e1n-, tiene como objetivo difundir y enfatizar el importante rol que desempe\u00f1a la luz en nuestras vidas, a trav\u00e9s de una serie de actividades propuestas, en donde se busca la participaci\u00f3n masiva, las cuales son de entrada libre y gratuita. Se proponen diferente tipos de actividades \u00a0para que puedan participar tanto ni\u00f1os como publico en general, en donde puedan experimentar formaci\u00f3n e interacci\u00f3n con La Luz y sus efectos.<\/p>\n<\/div><\/div><\/div><\/div><\/div><div id=\"pg-1247-1\"  class=\"panel-grid panel-no-style\" ><div id=\"pgc-1247-1-0\"  class=\"panel-grid-cell\" ><div id=\"panel-1247-1-0-0\" class=\"so-panel widget widget_metaslider_widget panel-first-child panel-last-child\" data-index=\"3\" ><div class=\"panel-widget-style panel-widget-style-for-1247-1-0-0\" ><div id=\"metaslider-id-1262\" style=\"width: 100%;\" class=\"ml-slider-3-27-5 metaslider metaslider-flex metaslider-1262 ml-slider nav-hidden\">\n    <div id=\"metaslider_container_1262\">\n        <div id=\"metaslider_1262\">\n            <ul aria-live=\"polite\" class=\"slides\">\n                <li style=\"display: none; width: 100%;\" class=\"slide-1524 ms-image\"><img src=\"https:\/\/www.facet.unt.edu.ar\/luminotecnia\/wp-content\/uploads\/sites\/15\/2018\/04\/30706946_1569387349854655_9070528057894240256_n-960x373.jpg\" height=\"420\" width=\"1080\" alt=\"\" class=\"slider-1262 slide-1524\" title=\"30706946_1569387349854655_9070528057894240256_n\" \/><div class=\"caption-wrap\"><div class=\"caption\">Espejo infinito<\/div><\/div><\/li>\n                <li style=\"display: none; width: 100%;\" class=\"slide-1525 ms-image\"><img src=\"https:\/\/www.facet.unt.edu.ar\/luminotecnia\/wp-content\/uploads\/sites\/15\/2018\/04\/29793744_1561923490601041_6063115481047367680_n-602x234.jpg\" height=\"420\" width=\"1080\" alt=\"\" class=\"slider-1262 slide-1525\" title=\"29793744_1561923490601041_6063115481047367680_n\" \/><div class=\"caption-wrap\"><div class=\"caption\">Suma de colores<\/div><\/div><\/li>\n                <li style=\"display: none; width: 100%;\" class=\"slide-1526 ms-image\"><img src=\"https:\/\/www.facet.unt.edu.ar\/luminotecnia\/wp-content\/uploads\/sites\/15\/2018\/04\/764f000272085b67bbbbc4e76ded1d60-736x286.jpg\" height=\"420\" width=\"1080\" alt=\"\" class=\"slider-1262 slide-1526\" title=\"764f000272085b67bbbbc4e76ded1d60\" \/><div class=\"caption-wrap\"><div class=\"caption\">Aplausos de colores<\/div><\/div><\/li>\n                <li style=\"display: none; width: 100%;\" class=\"slide-1527 ms-image\"><img src=\"https:\/\/www.facet.unt.edu.ar\/luminotecnia\/wp-content\/uploads\/sites\/15\/2018\/04\/WhatsApp-Image-2018-04-13-at-15.30.09-1048x407.jpeg\" height=\"420\" width=\"1080\" alt=\"\" class=\"slider-1262 slide-1527\" title=\"WhatsApp Image 2018-04-13 at 15.30.09\" \/><\/li>\n            <\/ul>\n        <\/div>\n        \n    <\/div>\n<\/div><\/div><\/div><\/div><\/div><div id=\"pg-1247-2\"  class=\"panel-grid panel-no-style\" ><div id=\"pgc-1247-2-0\"  class=\"panel-grid-cell\" ><div id=\"panel-1247-2-0-0\" class=\"so-panel widget widget_black-studio-tinymce widget_black_studio_tinymce panel-first-child panel-last-child\" data-index=\"4\" ><div class=\"textwidget\"><h2>Ubicaci\u00f3n:<\/h2>\n<p>El Museo de La Luz esta ubicado en el Departamento de Luminotecnia, Luz y Visi\u00f3n de la Facultad de Ciencias Exactas y Tecnolog\u00eda de la Universidad Nacional de Tucum\u00e1n, Av Independencia 1800 San Miguel de Tucum\u00e1n<\/p>\n<p>&nbsp;<\/p>\n<\/div><\/div><\/div><div id=\"pgc-1247-2-1\"  class=\"panel-grid-cell\" ><div id=\"panel-1247-2-1-0\" class=\"so-panel widget widget_sow-google-map panel-first-child panel-last-child\" data-index=\"5\" ><div\n\t\t\t\n\t\t\tclass=\"so-widget-sow-google-map so-widget-sow-google-map-default-4e6ee64bd1b3-1247\"\n\t\t\t\n\t\t>\n<div class=\"sow-google-map-canvas\"\n\tstyle=\"\"\n\tid=\"map-canvas-87fe49d31eecc87e76e3e11abcd98e86\"\n\tdata-options=\"{&quot;address&quot;:&quot;Departamento de Luminotecnia Luz y Visi\\u00f3n&quot;,&quot;zoom&quot;:12,&quot;mobileZoom&quot;:12,&quot;gestureHandling&quot;:&quot;greedy&quot;,&quot;disableUi&quot;:false,&quot;keepCentered&quot;:true,&quot;markerIcon&quot;:&quot;&quot;,&quot;markersDraggable&quot;:false,&quot;markerAtCenter&quot;:true,&quot;markerInfoDisplay&quot;:&quot;click&quot;,&quot;markerInfoMultiple&quot;:true,&quot;markerPositions&quot;:&quot;&quot;,&quot;mapName&quot;:&quot;&quot;,&quot;mapStyles&quot;:&quot;&quot;,&quot;directions&quot;:{&quot;origin&quot;:&quot;salta&quot;,&quot;destination&quot;:&quot;Departamento de luminotecnia luz y visi\\u00f3n&quot;,&quot;travelMode&quot;:&quot;driving&quot;,&quot;soFieldContainerState&quot;:&quot;open&quot;,&quot;avoidHighways&quot;:false,&quot;avoidTolls&quot;:false,&quot;preserveViewport&quot;:false,&quot;optimizeWaypoints&quot;:false},&quot;apiKey&quot;:&quot;AIzaSyCgNX0vAYcNLlOveCSpXPrjIePiDFp0Qvk&quot;,&quot;breakpoint&quot;:780}\"\n\tdata-fallback-image=\"{&quot;img&quot;:&quot;&lt;img width=\\&quot;150\\&quot; height=\\&quot;150\\&quot; src=\\&quot;https:\\\/\\\/www.facet.unt.edu.ar\\\/luminotecnia\\\/wp-content\\\/uploads\\\/sites\\\/15\\\/2018\\\/03\\\/WhatsApp-Image-2018-03-22-at-12.02.58.jpeg\\&quot; class=\\&quot;attachment-thumb size-thumb\\&quot; alt=\\&quot;\\&quot; decoding=\\&quot;async\\&quot; loading=\\&quot;lazy\\&quot; srcset=\\&quot;https:\\\/\\\/www.facet.unt.edu.ar\\\/luminotecnia\\\/wp-content\\\/uploads\\\/sites\\\/15\\\/2018\\\/03\\\/WhatsApp-Image-2018-03-22-at-12.02.58.jpeg 1280w, https:\\\/\\\/www.facet.unt.edu.ar\\\/luminotecnia\\\/wp-content\\\/uploads\\\/sites\\\/15\\\/2018\\\/03\\\/WhatsApp-Image-2018-03-22-at-12.02.58-150x150.jpeg 150w, https:\\\/\\\/www.facet.unt.edu.ar\\\/luminotecnia\\\/wp-content\\\/uploads\\\/sites\\\/15\\\/2018\\\/03\\\/WhatsApp-Image-2018-03-22-at-12.02.58-300x300.jpeg 300w, https:\\\/\\\/www.facet.unt.edu.ar\\\/luminotecnia\\\/wp-content\\\/uploads\\\/sites\\\/15\\\/2018\\\/03\\\/WhatsApp-Image-2018-03-22-at-12.02.58-768x768.jpeg 768w, https:\\\/\\\/www.facet.unt.edu.ar\\\/luminotecnia\\\/wp-content\\\/uploads\\\/sites\\\/15\\\/2018\\\/03\\\/WhatsApp-Image-2018-03-22-at-12.02.58-1024x1024.jpeg 1024w\\&quot; sizes=\\&quot;(max-width: 150px) 100vw, 150px\\&quot; \\\/&gt;&quot;}\"><\/div>\n<\/div><\/div><\/div><\/div><div id=\"pg-1247-3\"  class=\"panel-grid panel-no-style\" ><div id=\"pgc-1247-3-0\"  class=\"panel-grid-cell\" ><div id=\"panel-1247-3-0-0\" class=\"so-panel widget widget_black-studio-tinymce widget_black_studio_tinymce panel-first-child\" data-index=\"6\" ><h3 class=\"widget-title\">Actividades <\/h3><div class=\"textwidget\"><p><a href=\"https:\/\/www.facet.unt.edu.ar\/luminotecnia\/wp-content\/uploads\/sites\/15\/2018\/04\/actividades-resumen-e1524630939433.jpg\"><img class=\"alignnone wp-image-1568 size-full\" src=\"https:\/\/www.facet.unt.edu.ar\/luminotecnia\/wp-content\/uploads\/sites\/15\/2018\/04\/actividades-resumen-e1524631049206.jpg\" alt=\"\" width=\"2484\" height=\"1361\" \/><\/a><\/p>\n<\/div><\/div><div id=\"panel-1247-3-0-1\" class=\"so-panel widget widget_black-studio-tinymce widget_black_studio_tinymce panel-last-child\" data-index=\"7\" ><h3 class=\"widget-title\">HORARIOS DEL MUSEO<\/h3><div class=\"textwidget\"><p style=\"text-align: center;\">A partir del 11 hasta el 31 de Mayo de 2018<\/p>\n<p style=\"text-align: center;\"><strong>ENTRADA LIBRE Y GRATUITA<\/strong><\/p>\n<p style=\"text-align: center;\">09:00hs a 13:00hs\n15:00 a 19:00hs\nPara las <strong>Charlas de Divulgaci\u00f3n, Visitas Guiadas y Talleres Did\u00e1cticos<\/strong>\n\n<p style=\"text-align: center;\">enviar mail a mdltucuman@gmail.com para coordinar fecha y horario.<\/p><\/div><\/div><\/div><\/div><div id=\"pg-1247-4\"  class=\"panel-grid panel-no-style\" ><div id=\"pgc-1247-4-0\"  class=\"panel-grid-cell\" ><div id=\"panel-1247-4-0-0\" class=\"so-panel widget widget_black-studio-tinymce widget_black_studio_tinymce panel-first-child panel-last-child\" data-index=\"8\" ><h3 class=\"widget-title\">Concurso de fotograf\u00eda<\/h3><div class=\"textwidget\"><p><a href=\"https:\/\/www.facet.unt.edu.ar\/luminotecnia\/wp-content\/uploads\/sites\/15\/2018\/04\/flyer_cf_cambio-de-fecha.jpg\"><img class=\"alignnone size-full wp-image-1624\" src=\"https:\/\/www.facet.unt.edu.ar\/luminotecnia\/wp-content\/uploads\/sites\/15\/2018\/04\/flyer_cf_cambio-de-fecha.jpg\" alt=\"\" width=\"1048\" height=\"786\" \/><\/a><\/p>\n<\/div><\/div><\/div><div id=\"pgc-1247-4-1\"  class=\"panel-grid-cell\" ><div id=\"panel-1247-4-1-0\" class=\"so-panel widget widget_black-studio-tinymce widget_black_studio_tinymce panel-first-child panel-last-child\" data-index=\"9\" ><div class=\"textwidget\"><p><a href=\"https:\/\/www.facet.unt.edu.ar\/luminotecnia\/wp-content\/uploads\/sites\/15\/2018\/04\/Concurso-Fotografi\u0301a-07.jpg\"><img class=\"alignnone size-full wp-image-1632\" src=\"https:\/\/www.facet.unt.edu.ar\/luminotecnia\/wp-content\/uploads\/sites\/15\/2018\/04\/Concurso-Fotografi\u0301a-07.jpg\" alt=\"\" width=\"4454\" height=\"5716\" \/><\/a><\/p>\n<\/div><\/div><\/div><\/div><div id=\"pg-1247-5\"  class=\"panel-grid panel-no-style\" ><div id=\"pgc-1247-5-0\"  class=\"panel-grid-cell\" ><div id=\"panel-1247-5-0-0\" class=\"so-panel widget widget_black-studio-tinymce widget_black_studio_tinymce panel-first-child panel-last-child\" data-index=\"10\" ><h3 class=\"widget-title\">Charla de Dise\u00f1o de Iluminaci\u00f3n<\/h3><div class=\"textwidget\"><p><a href=\"https:\/\/www.facet.unt.edu.ar\/luminotecnia\/wp-content\/uploads\/sites\/15\/2018\/04\/Captura-de-pantalla-2018-04-24-a-las-17.32.07.png\"><img class=\"alignnone size-full wp-image-1560\" src=\"https:\/\/www.facet.unt.edu.ar\/luminotecnia\/wp-content\/uploads\/sites\/15\/2018\/04\/Captura-de-pantalla-2018-04-24-a-las-17.32.07.png\" alt=\"\" width=\"1082\" height=\"721\" \/><\/a><\/p>\n<\/div><\/div><\/div><\/div><div id=\"pg-1247-6\"  class=\"panel-grid panel-no-style\" ><div id=\"pgc-1247-6-0\"  class=\"panel-grid-cell\" ><div id=\"panel-1247-6-0-0\" class=\"so-panel widget widget_text panel-first-child panel-last-child\" data-index=\"11\" ><h3 class=\"widget-title\">Contacto<\/h3>\t\t\t<div class=\"textwidget\"><\/div>\n\t\t<\/div><\/div><\/div><div id=\"pg-1247-7\"  class=\"panel-grid panel-no-style\" ><div id=\"pgc-1247-7-0\"  class=\"panel-grid-cell\" ><div id=\"panel-1247-7-0-0\" class=\"so-panel widget widget_sow-button panel-first-child panel-last-child\" data-index=\"12\" ><div\n\t\t\t\n\t\t\tclass=\"so-widget-sow-button so-widget-sow-button-atom-eaa51a902caf-1247\"\n\t\t\t\n\t\t><div class=\"ow-button-base ow-button-align-center\">\n\t<a href=\"mailto:nanoobando@gmail.com\" class=\"ow-icon-placement-left ow-button-hover\" target=\"_blank\" rel=\"noopener noreferrer\" \t\t>\n\t\t<span>\n\t\t\t<span class=\"sow-icon-fontawesome sow-far\" data-sow-icon=\"&#xf0e0;\"\n\t\tstyle=\"color: #dd0000\" \n\t\taria-hidden=\"true\"><\/span>\n\t\t\tMail\t\t<\/span>\n\t<\/a>\n<\/div>\n<\/div><\/div><\/div><div id=\"pgc-1247-7-1\"  class=\"panel-grid-cell\" ><div id=\"panel-1247-7-1-0\" class=\"so-panel widget widget_sow-button panel-first-child panel-last-child\" data-index=\"13\" ><div\n\t\t\t\n\t\t\tclass=\"so-widget-sow-button so-widget-sow-button-atom-eaa51a902caf-1247\"\n\t\t\t\n\t\t><div class=\"ow-button-base ow-button-align-center\">\n\t<a href=\"https:\/\/www.facebook.com\/museodelaluz2018\/\" class=\"ow-icon-placement-left ow-button-hover\" \t\t>\n\t\t<span>\n\t\t\t<span class=\"sow-icon-fontawesome sow-fas\" data-sow-icon=\"&#xf082;\"\n\t\t \n\t\taria-hidden=\"true\"><\/span>\n\t\t\tFacebook\t\t<\/span>\n\t<\/a>\n<\/div>\n<\/div><\/div><\/div><div id=\"pgc-1247-7-2\"  class=\"panel-grid-cell\" ><div id=\"panel-1247-7-2-0\" class=\"so-panel widget widget_sow-button panel-first-child panel-last-child\" data-index=\"14\" ><div\n\t\t\t\n\t\t\tclass=\"so-widget-sow-button so-widget-sow-button-atom-eaa51a902caf-1247\"\n\t\t\t\n\t\t><div class=\"ow-button-base ow-button-align-center\">\n\t<a href=\"https:\/\/www.instagram.com\/museodelaluztucuman\/\" class=\"ow-icon-placement-left ow-button-hover\" \t\t>\n\t\t<span>\n\t\t\t<span class=\"sow-icon-fontawesome sow-fas\" data-sow-icon=\"&#xf16d;\"\n\t\tstyle=\"color: #8224e3\" \n\t\taria-hidden=\"true\"><\/span>\n\t\t\tInstagram\t\t<\/span>\n\t<\/a>\n<\/div>\n<\/div><\/div><\/div><\/div><div id=\"pg-1247-8\"  class=\"panel-grid panel-no-style\" ><div id=\"pgc-1247-8-0\"  class=\"panel-grid-cell\" ><div id=\"panel-1247-8-0-0\" class=\"so-panel widget widget_media_video panel-first-child panel-last-child\" data-index=\"15\" ><div style=\"width:100%;\" class=\"wp-video\"><!--[if lt IE 9]><script>document.createElement('video');<\/script><![endif]-->\n<video class=\"wp-video-shortcode\" id=\"video-1247-1\" preload=\"metadata\" controls=\"controls\"><source type=\"video\/youtube\" src=\"https:\/\/www.youtube.com\/watch?v=acelisSU6Nw&#038;_=1\" \/><a href=\"https:\/\/www.youtube.com\/watch?v=acelisSU6Nw\">https:\/\/www.youtube.com\/watch?v=acelisSU6Nw<\/a><\/video><\/div><\/div><\/div><\/div><\/div>","protected":false},"excerpt":{"rendered":"<p>El Museo de La Luz -Tucum\u00e1n-, tiene como objetivo difundir y enfatizar el importante rol que desempe\u00f1a la luz en nuestras vidas, a trav\u00e9s de una serie de actividades propuestas, en donde se busca la participaci\u00f3n masiva, las cuales son de entrada libre y gratuita. Se proponen diferente tipos de actividades \u00a0para que puedan participar [&hellip;]<\/p>\n","protected":false},"author":101035,"featured_media":0,"parent":0,"menu_order":0,"comment_status":"closed","ping_status":"closed","template":"","meta":[],"_links":{"self":[{"href":"https:\/\/www.facet.unt.edu.ar\/luminotecnia\/wp-json\/wp\/v2\/pages\/1247"}],"collection":[{"href":"https:\/\/www.facet.unt.edu.ar\/luminotecnia\/wp-json\/wp\/v2\/pages"}],"about":[{"href":"https:\/\/www.facet.unt.edu.ar\/luminotecnia\/wp-json\/wp\/v2\/types\/page"}],"author":[{"embeddable":true,"href":"https:\/\/www.facet.unt.edu.ar\/luminotecnia\/wp-json\/wp\/v2\/users\/101035"}],"replies":[{"embeddable":true,"href":"https:\/\/www.facet.unt.edu.ar\/luminotecnia\/wp-json\/wp\/v2\/comments?post=1247"}],"version-history":[{"count":301,"href":"https:\/\/www.facet.unt.edu.ar\/luminotecnia\/wp-json\/wp\/v2\/pages\/1247\/revisions"}],"predecessor-version":[{"id":2079,"href":"https:\/\/www.facet.unt.edu.ar\/luminotecnia\/wp-json\/wp\/v2\/pages\/1247\/revisions\/2079"}],"wp:attachment":[{"href":"https:\/\/www.facet.unt.edu.ar\/luminotecnia\/wp-json\/wp\/v2\/media?parent=1247"}],"curies":[{"name":"wp","href":"https:\/\/api.w.org\/{rel}","templated":true}]}}