{"id":2386,"date":"2022-03-17T09:42:49","date_gmt":"2022-03-17T12:42:49","guid":{"rendered":"https:\/\/www.facet.unt.edu.ar\/luminotecnia\/?page_id=2386"},"modified":"2025-03-25T10:24:59","modified_gmt":"2025-03-25T13:24:59","slug":"perfil-pablo-barrionuevo","status":"publish","type":"page","link":"https:\/\/www.facet.unt.edu.ar\/luminotecnia\/perfil-pablo-barrionuevo\/","title":{"rendered":"Dr. Pablo Barrionuevo"},"content":{"rendered":"<p>&nbsp;<\/p>\n<p><span style=\"font-weight: 400;\"><a href=\"https:\/\/www.facet.unt.edu.ar\/luminotecnia\/wp-content\/uploads\/sites\/15\/2022\/03\/11-P.-Barrionuevo.jpg\"><img decoding=\"async\" loading=\"lazy\" class=\"alignleft wp-image-2397\" src=\"https:\/\/www.facet.unt.edu.ar\/luminotecnia\/wp-content\/uploads\/sites\/15\/2022\/03\/11-P.-Barrionuevo.jpg\" alt=\"\" width=\"126\" height=\"90\" \/><\/a>Nuestro\u00a0entendimiento del procesamiento de la informaci\u00f3n luminosa se basa en el estudio de conos y bastones y sus caminos post-receptoriales. Al comienzo de este siglo un nuevo tipo de fotorreceptor fue descubierto en la retina: las c\u00e9lulas ganglionares melanops\u00ednicas. Estas c\u00e9lulas proveen la informaci\u00f3n f\u00f3tica para las funciones no-formadoras de imagen, tales como el reflejo pupilar a la luz y a la sincronizaci\u00f3n del ciclo circadiano. Pero todav\u00eda su funci\u00f3n en otros centros neuronales responsables de la visi\u00f3n no ha sido dilucidada<\/span><\/p>\n<p><span style=\"font-weight: 400;\">Mis intereses y objetivos se pueden resumir en producir conocimiento sobre c\u00f3mo es el procesamiento temprano de la funci\u00f3n visual, las implicancias del descubrimiento de las c\u00e9lulas melanops\u00ednicas en el procesamiento de la radiaci\u00f3n \u00f3ptica y el desarrollo de equipos y procedimientos para detectar enfermedades que afectan la visi\u00f3n.<\/span><\/p>\n<p><a href=\"https:\/\/www.facet.unt.edu.ar\/luminotecnia\/wp-content\/uploads\/sites\/15\/2022\/04\/enlace-web.png\"><img decoding=\"async\" loading=\"lazy\" class=\"alignnone wp-image-2659\" src=\"https:\/\/www.facet.unt.edu.ar\/luminotecnia\/wp-content\/uploads\/sites\/15\/2022\/04\/enlace-web.png\" alt=\"\" width=\"25\" height=\"25\" \/><\/a><\/p>\n<p><a href=\"https:\/\/vnl.ar\">LAB WEBSITE<\/a><\/p>\n<p><a href=\"https:\/\/www.facet.unt.edu.ar\/luminotecnia\/wp-content\/uploads\/sites\/15\/2022\/03\/email.png\"><img decoding=\"async\" loading=\"lazy\" class=\"alignnone wp-image-2415\" src=\"https:\/\/www.facet.unt.edu.ar\/luminotecnia\/wp-content\/uploads\/sites\/15\/2022\/03\/email.png\" alt=\"\" width=\"25\" height=\"25\" \/><\/a><\/p>\n<p><strong>pbarrionuevo@herrera.unt.edu.ar<\/strong><\/p>\n<p>&nbsp;<\/p>\n<p><b>PUBLICACIONES<\/b><\/p>\n<p><a href=\"https:\/\/www.facet.unt.edu.ar\/luminotecnia\/wp-content\/uploads\/sites\/15\/2022\/04\/open-book.png\"><img decoding=\"async\" loading=\"lazy\" class=\"alignnone wp-image-2766\" src=\"https:\/\/www.facet.unt.edu.ar\/luminotecnia\/wp-content\/uploads\/sites\/15\/2022\/04\/open-book.png\" alt=\"\" width=\"40\" height=\"40\" \/><\/a><\/p>\n<p>&nbsp;<\/p>\n<ol>\n<li style=\"font-weight: 400;\" aria-level=\"1\"><b>P. Barrionuevo<\/b><span style=\"font-weight: 400;\">* \u00bfEs factible desarrollar tecnolog\u00eda en un centro acad\u00e9mico de Argentina?: Un acercamiento desde la percepci\u00f3n de sus integrantes. LatArxiv, 2025.<\/span><\/li>\n<li style=\"font-weight: 400;\" aria-level=\"1\"><b>P. Barrionuevo<\/b><span style=\"font-weight: 400;\">*, A. Sch\u00fctz, K. Gegenfurtner. Increased brightness assimilation in rod vision. iScience 2025; 28(2): 111609.<\/span><\/li>\n<li style=\"font-weight: 400;\" aria-level=\"1\"><span style=\"font-weight: 400;\">C. Tripolone, C. Paz Filgueira, L. Issolio, <\/span><b>P. Barrionuevo<\/b><span style=\"font-weight: 400;\">*. \u201cDiagn\u00f3stico temprano de glaucoma de \u00e1ngulo abierto en Argentina: una encuesta sobre tecnolog\u00eda disponible y necesaria\u201d. Oftalmolog\u00eda Cl\u00ednica y Experimental, 2024; 17(4): e523-e534.<\/span><\/li>\n<li style=\"font-weight: 400;\" aria-level=\"1\"><span style=\"font-weight: 400;\">C. Tripolone, L. Issolio, D. Perez, <\/span><b>P. Barrionuevo<\/b><span style=\"font-weight: 400;\">*. Contrast sensitivity is impaired in suspected primary open angle glaucoma patients. Brain Sciences 2024; 14(10): 993.<\/span><\/li>\n<li style=\"font-weight: 400;\" aria-level=\"1\"><b>P. Barrionuevo<\/b><span style=\"font-weight: 400;\">*, M. Sandoval, J. Fanchini. \u201cAre ipRGCs involved in human color vision? Hints from physiology, psychophysics, and natural image statistics\u201d. Vision Research, 2024; 217: 108378.<\/span><\/li>\n<li style=\"font-weight: 400;\" aria-level=\"1\"><span style=\"font-weight: 400;\">C. Tripolone, L. Issolio, C. Ag\u00fcero, A. Lavaque, <\/span><b>P. Barrionuevo<\/b><span style=\"font-weight: 400;\">*. \u201cPupilometr\u00eda crom\u00e1tica en pacientes con sospecha de glaucoma primario de \u00e1ngulo abierto\u201d. Oftalmolog\u00eda Cl\u00ednica y Experimental, 2023; 16(4): e346-e356.<\/span><\/li>\n<li style=\"font-weight: 400;\" aria-level=\"1\"><span style=\"font-weight: 400;\">O. Preciado, M. Sandoval, L. Issolio, <\/span><b>P. Barrionuevo<\/b><span style=\"font-weight: 400;\">*. \u201cSystems for selective stimulation of retinal pathways\u201d. Optica Pura y Aplicada. 2023; 56(2): 51150.<\/span><\/li>\n<li style=\"font-weight: 400;\" aria-level=\"1\"><b>P. Barrionuevo<\/b><span style=\"font-weight: 400;\">*, C. Tripolone, L. Issolio. \u201cPhotoreceptor contributions to the human pupil light reflex\u201d (Art\u00edculo de revisi\u00f3n). Journal of Photochemistry and Photobiology. 2023; 15, 100178.<\/span><\/li>\n<li style=\"font-weight: 400;\" aria-level=\"1\"><b>P. Barrionuevo<\/b><span style=\"font-weight: 400;\">*, O. Preciado, M. Sandoval, L. Issolio. \u201cUsing optical stimulators to study the human visual system\u201d. In N. Santhi, &amp; M. Spitschan (Eds.), Progress in Brain Research (Vol. 273, pp. 13\u201332). Elsevier.<\/span><\/li>\n<li style=\"font-weight: 400;\" aria-level=\"1\"><span style=\"font-weight: 400;\">I. Cormenzana Mendez, B. O\u2019Donell, A. Martin, D. Cao, <\/span><b>P. Barrionuevo<\/b><span style=\"font-weight: 400;\">*. \u201cThe intrusion of rods in luminance and chromatic pathways\u201d. J Opt Soc Am A. 2022; 39(10), 1782 \u2013 1793.<\/span><\/li>\n<li style=\"font-weight: 400;\" aria-level=\"1\"><span style=\"font-weight: 400;\">C. Tripolone, L. Issolio, C. Ag\u00fcero, A. Lavaque, D. Cao, <\/span><b>P. Barrionuevo<\/b><span style=\"font-weight: 400;\">*. Comparing flickering and pulsed pupil light responses. J Opt Soc Am A 2022; 39(8), 1505 \u2013 1512.<\/span><\/li>\n<li style=\"font-weight: 400;\" aria-level=\"1\"><b>P. Barrionuevo<\/b><span style=\"font-weight: 400;\">*, C. Paz Filgueira, D. Cao. Is Melanopsin Activation Affecting Large Field Color Matching Functions? J Opt Soc Am A. 2022; 39(6), 1104 \u2013 1110.<\/span><\/li>\n<li style=\"font-weight: 400;\" aria-level=\"1\"><span style=\"font-weight: 400;\">EG Vicente, I Arranz, D Galarreta,<\/span><b>\u00a0PA Barrionuevo<\/b><span style=\"font-weight: 400;\">, M Rodriguez-Rosa, S Mar, J Aparicio, B Matesanz.\u00a0Effect of different spectral power distributions on mesopic visual performance with blue light-filtering intraocular lens.\u00a0<\/span><i><span style=\"font-weight: 400;\">Leukos <\/span><\/i><span style=\"font-weight: 400;\">2021; 17(1), 59 \u2013 74.<\/span><\/li>\n<li style=\"font-weight: 400;\" aria-level=\"1\"><span style=\"font-weight: 400;\">\u00a0<\/span><b>PA Barrionuevo*.<\/b><span style=\"font-weight: 400;\">\u00a0D. Cao. Does melanopsin help to explain color constancy in natural environments?\u00a0<\/span><i><span style=\"font-weight: 400;\">Proceedings of the International Color Association (AIC) Conference 2019<\/span><\/i><span style=\"font-weight: 400;\">, 598\u2013605.<\/span><\/li>\n<li style=\"font-weight: 400;\" aria-level=\"1\"><span style=\"font-weight: 400;\">FI Karas, A Arteaga,\u00a0<\/span><b>PA Barrionuevo<\/b><span style=\"font-weight: 400;\">, D Cao, JJ McAnany, E Shorter, MS Cortina.\u00a0Intraocular Light Scatter in Eyes with Boston Type 1 Keratoprosthesis.\u00a0<\/span><i><span style=\"font-weight: 400;\">Cornea<\/span><\/i><span style=\"font-weight: 400;\">. 2019; 38(1):50-53.<\/span><\/li>\n<li style=\"font-weight: 400;\" aria-level=\"1\"><span style=\"font-weight: 400;\">\u00a0<\/span><b>PA Barrionuevo*<\/b><span style=\"font-weight: 400;\">, LLMcAnany, AJ Zele, D Cao.\u00a0Nonlinearities in the rod and cone photoreceptor inputs to the afferent pupil light response.\u00a0<\/span><i><span style=\"font-weight: 400;\">Frontiers in Neurology<\/span><\/i><span style=\"font-weight: 400;\">\u00a0\u00a02018; 9.<\/span><\/li>\n<li style=\"font-weight: 400;\" aria-level=\"1\"><span style=\"font-weight: 400;\">\u00a0C. Tripolone, L. Issolio,<\/span><b>\u00a0<\/b><span style=\"font-weight: 400;\">B. Silva, C. Paz Filgueira, D. Perez,<\/span><b>\u00a0P. Barrionuevo*<\/b><span style=\"font-weight: 400;\">.\u00a0Contrast sensitivity in early glaucoma patients: Effects of light level and eccentricity.\u00a0<\/span><i><span style=\"font-weight: 400;\">Anales AFA<\/span><\/i><span style=\"font-weight: 400;\">. 2018; Nro Especial in VisionT, 62-66.<\/span><\/li>\n<li style=\"font-weight: 400;\" aria-level=\"1\"><span style=\"font-weight: 400;\">\u00a0O. Preciado, L. Issolio, E. Manzano, E. Colombo,\u00a0<\/span><b>P. Barrionuevo*<\/b><span style=\"font-weight: 400;\">.\u00a0Melanopsin excitation in conditions of natural and artificial lighting.\u00a0<\/span><i><span style=\"font-weight: 400;\">Anales AFA.\u00a0<\/span><\/i><span style=\"font-weight: 400;\">2018; Nro Especial in VisionT, 25-30.<\/span><\/li>\n<li style=\"font-weight: 400;\" aria-level=\"1\"><span style=\"font-weight: 400;\">\u00a0<\/span><b>PA Barrionuevo*<\/b><span style=\"font-weight: 400;\">, B Matesanz, A Gloriani, I Arranz, LA Issolio, S Mar, J Aparicio.\u00a0Effect of eccentricity and light level on the timing of light adaptation mechanisms,\u00a0<\/span><i><span style=\"font-weight: 400;\">J Opt Soc Am A\u00a0<\/span><\/i><span style=\"font-weight: 400;\">2018; 35(4), B144-B151.<\/span><\/li>\n<li style=\"font-weight: 400;\" aria-level=\"1\"><span style=\"font-weight: 400;\">\u00a0C. Feitosa-Santana, M. Lutze,\u00a0<\/span><b>PA Barrionuevo<\/b><span style=\"font-weight: 400;\">, D. Cao.\u00a0Assessment of #TheDress with Traditional Color Vision Tests: Perception differences are associated with &#8220;blueness&#8221;\u00a0<\/span><i><span style=\"font-weight: 400;\">i-Perception.<\/span><\/i><span style=\"font-weight: 400;\">\u00a02018; 9(2): 2041669518764192.<\/span><\/li>\n<li style=\"font-weight: 400;\" aria-level=\"1\"><span style=\"font-weight: 400;\">\u00a0<\/span><b>PA Barrionuevo<\/b><span style=\"font-weight: 400;\">, D Cao.\u00a0Luminance and chromatic signals interact differently with melanopsin activation to control flicker pupillary response,\u00a0<\/span><i><span style=\"font-weight: 400;\">Journal of Vision\u00a0<\/span><\/i><span style=\"font-weight: 400;\">2016; 16(11):29, 1-17.<\/span><\/li>\n<li style=\"font-weight: 400;\" aria-level=\"1\"><span style=\"font-weight: 400;\">A Gloriani, B Matesanz,\u00a0<\/span><b>PA Barrionuevo<\/b><span style=\"font-weight: 400;\">, I Arranz, LA Issolio, S Mar, J Aparicio.\u00a0Effect of light level, stimuli size and eccentricity in visual adaptation mechanisms,\u00a0<\/span><i><span style=\"font-weight: 400;\">Vision Research\u00a0<\/span><\/i><span style=\"font-weight: 400;\">2016 125: 12-22.<\/span><\/li>\n<li style=\"font-weight: 400;\" aria-level=\"1\"><span style=\"font-weight: 400;\">J. Santill\u00e1n, A. Mart\u00edn,\u00a0<\/span><b>PA Barrionuevo<\/b><span style=\"font-weight: 400;\">\u00a0M.E. Nano, V. Lansingh. Vidrios oscurecidos en automotores: normalizaci\u00f3n e informaci\u00f3n oftalmol\u00f3gica.\u00a0<\/span><i><span style=\"font-weight: 400;\">Oftalmolog\u00eda Cl\u00ednica y Experimental<\/span><\/i><span style=\"font-weight: 400;\">. 2016; 9(4):170\u2013177.<\/span><\/li>\n<li style=\"font-weight: 400;\" aria-level=\"1\"><span style=\"font-weight: 400;\">D Cao,\u00a0<\/span><b>PA Barrionuevo<\/b><span style=\"font-weight: 400;\">.\u00a0The Importance of intrinsically photosensitive retinal ganglion cells and implications for lighting design,\u00a0<\/span><i><span style=\"font-weight: 400;\">Journal of Solid State Lighting.\u00a0<\/span><\/i><span style=\"font-weight: 400;\">2015 2(1):1:8.<\/span><\/li>\n<li style=\"font-weight: 400;\" aria-level=\"1\"><span style=\"font-weight: 400;\">D Cao,\u00a0<\/span><b>PA Barrionuevo<\/b><span style=\"font-weight: 400;\">.\u00a0The Importance of Melanopsin Activation in Perception, Health, and Lighting Design,\u00a0<\/span><i><span style=\"font-weight: 400;\">SID Digest.\u00a0<\/span><\/i><span style=\"font-weight: 400;\">2015.<\/span><\/li>\n<li style=\"font-weight: 400;\" aria-level=\"1\"><span style=\"font-weight: 400;\">D Cao, N. Nicandro,\u00a0<\/span><b>PA Barrionuevo<\/b><span style=\"font-weight: 400;\">.\u00a0A five-Primary photostimulator suitable for studying intrinsically photosensitive retinal ganglion cell functions in humans,\u00a0<\/span><i><span style=\"font-weight: 400;\">J Vis.<\/span><\/i><span style=\"font-weight: 400;\">\u00a02015, 15(1), 27.<\/span><\/li>\n<li style=\"font-weight: 400;\" aria-level=\"1\"><span style=\"font-weight: 400;\">D Cao,\u00a0<\/span><b>PA Barrionuevo<\/b><span style=\"font-weight: 400;\">. Estimating photoreceptor excitations from spectral outputs of a personal light exposure measurement device,\u00a0<\/span><i><span style=\"font-weight: 400;\">Chronobiol Int.\u00a0<\/span><\/i><span style=\"font-weight: 400;\">2014:1-11.<\/span><\/li>\n<li style=\"font-weight: 400;\" aria-level=\"1\"><b>PA Barrionuevo<\/b><span style=\"font-weight: 400;\">, D Cao. Contributions of rhodopsin, cone opsins, and melanopsin to postreceptoral pathways inferred from natural image statistics.\u00a0<\/span><i><span style=\"font-weight: 400;\">J Opt Soc Am A<\/span><\/i><span style=\"font-weight: 400;\">. 2014;31(4):A131\u2013A139.<\/span><\/li>\n<li style=\"font-weight: 400;\" aria-level=\"1\"><b>PA Barrionuevo<\/b><span style=\"font-weight: 400;\">, N Nicandro, JJ McAnany, AJ Zele, P Gamlin, D Cao.\u00a0Assessing Rod, Cone and Melanopsin Contributions to Human Pupil Flicker Responses.\u00a0<\/span><i><span style=\"font-weight: 400;\">Invest Ophthalmol Vis Sci<\/span><\/i><span style=\"font-weight: 400;\">. 2014;55(2):719-727.\u00a0<\/span><\/li>\n<li style=\"font-weight: 400;\" aria-level=\"1\"><b>PA Barrionuevo*<\/b><span style=\"font-weight: 400;\">, EM Colombo, LA Issolio.\u00a0Retinal mesopic adaptation model for brightness perception under transient glare.\u00a0<\/span><i><span style=\"font-weight: 400;\">J Opt Soc Am A<\/span><\/i><span style=\"font-weight: 400;\">. 2013;30(6):1236\u20131247.\u00a0<\/span><\/li>\n<li style=\"font-weight: 400;\" aria-level=\"1\"><span style=\"font-weight: 400;\">LA Issolio,\u00a0<\/span><b>PA Barrionuevo<\/b><span style=\"font-weight: 400;\">, SA Comastri, EM Colombo.\u00a0Veiling luminance as a descriptor of brightness reduction caused by transient glare.\u00a0<\/span><i><span style=\"font-weight: 400;\">J Opt Soc Am A.<\/span><\/i><span style=\"font-weight: 400;\">\u00a02012;29(10):2230\u20132236.<\/span><\/li>\n<li style=\"font-weight: 400;\" aria-level=\"1\"><b>PA Barrionuevo*<\/b><span style=\"font-weight: 400;\">, EM Colombo, M Vilaseca, J Pujol, LA Issolio.\u00a0Comparison between an objective and a psychophysical method for the evaluation of intraocular light scattering.\u00a0<\/span><i><span style=\"font-weight: 400;\">J Opt Soc Am A<\/span><\/i><span style=\"font-weight: 400;\">. 2012;29(7):1293\u20131299.\u00a0<\/span><\/li>\n<li style=\"font-weight: 400;\" aria-level=\"1\"><b>PA Barrionuevo*<\/b><span style=\"font-weight: 400;\">, EM Colombo, D Corregidor, M Jaen, LA Issolio.\u00a0Evaluation of the intraocular scattering through brightness reduction by glare using external diffusers to simulate cataracts.\u00a0<\/span><i><span style=\"font-weight: 400;\">Optica Applicata<\/span><\/i><span style=\"font-weight: 400;\">. 2010;40(1):63\u201375.<\/span><\/li>\n<li style=\"font-weight: 400;\" aria-level=\"1\"><span style=\"font-weight: 400;\">LA Issolio, J Matranga,\u00a0<\/span><b>PA Barrionuevo<\/b><span style=\"font-weight: 400;\">, SA Comastri, G Martin, EM Colombo.\u00a0Brightness reduction as a function of the angular position of a glare source.\u00a0<\/span><i><span style=\"font-weight: 400;\">Optica Pura y Aplicada<\/span><\/i><span style=\"font-weight: 400;\">. 2009;42(1):33\u201339.<\/span><\/li>\n<li style=\"font-weight: 400;\" aria-level=\"1\"><span style=\"font-weight: 400;\">A Martin, JE Santill\u00e1n,\u00a0<\/span><b>PA Barrionuevo<\/b><span style=\"font-weight: 400;\">.\u00a0Automobile tinted films and its effects on the driver functional vision.<\/span><i><span style=\"font-weight: 400;\">Oftalmolog\u00eda Cl\u00ednica y Experimental<\/span><\/i><span style=\"font-weight: 400;\">. 2009;3(2):69\u201372.<\/span><\/li>\n<\/ol>\n<p>&nbsp;<\/p>\n<p>&nbsp;<\/p>\n","protected":false},"excerpt":{"rendered":"<p>&nbsp; Nuestro\u00a0entendimiento del procesamiento de la informaci\u00f3n luminosa se basa en el estudio de conos y bastones y sus caminos post-receptoriales. Al comienzo de este siglo un nuevo tipo de fotorreceptor fue descubierto en la retina: las c\u00e9lulas ganglionares melanops\u00ednicas. Estas c\u00e9lulas proveen la informaci\u00f3n f\u00f3tica para las funciones no-formadoras de imagen, tales como el [&hellip;]<\/p>\n","protected":false},"author":24,"featured_media":0,"parent":0,"menu_order":0,"comment_status":"closed","ping_status":"closed","template":"templates\/template-full.php","meta":[],"_links":{"self":[{"href":"https:\/\/www.facet.unt.edu.ar\/luminotecnia\/wp-json\/wp\/v2\/pages\/2386"}],"collection":[{"href":"https:\/\/www.facet.unt.edu.ar\/luminotecnia\/wp-json\/wp\/v2\/pages"}],"about":[{"href":"https:\/\/www.facet.unt.edu.ar\/luminotecnia\/wp-json\/wp\/v2\/types\/page"}],"author":[{"embeddable":true,"href":"https:\/\/www.facet.unt.edu.ar\/luminotecnia\/wp-json\/wp\/v2\/users\/24"}],"replies":[{"embeddable":true,"href":"https:\/\/www.facet.unt.edu.ar\/luminotecnia\/wp-json\/wp\/v2\/comments?post=2386"}],"version-history":[{"count":20,"href":"https:\/\/www.facet.unt.edu.ar\/luminotecnia\/wp-json\/wp\/v2\/pages\/2386\/revisions"}],"predecessor-version":[{"id":3309,"href":"https:\/\/www.facet.unt.edu.ar\/luminotecnia\/wp-json\/wp\/v2\/pages\/2386\/revisions\/3309"}],"wp:attachment":[{"href":"https:\/\/www.facet.unt.edu.ar\/luminotecnia\/wp-json\/wp\/v2\/media?parent=2386"}],"curies":[{"name":"wp","href":"https:\/\/api.w.org\/{rel}","templated":true}]}}