{"id":2435,"date":"2022-03-22T09:59:46","date_gmt":"2022-03-22T12:59:46","guid":{"rendered":"https:\/\/www.facet.unt.edu.ar\/luminotecnia\/?page_id=2435"},"modified":"2026-04-15T12:55:52","modified_gmt":"2026-04-15T15:55:52","slug":"dra-barbara-silva","status":"publish","type":"page","link":"https:\/\/www.facet.unt.edu.ar\/luminotecnia\/dra-barbara-silva\/","title":{"rendered":"Dra. Barbara Silva"},"content":{"rendered":"<p><a href=\"https:\/\/www.facet.unt.edu.ar\/luminotecnia\/wp-content\/uploads\/sites\/15\/2021\/04\/Imagen-B-Silva.jpeg\"><img decoding=\"async\" loading=\"lazy\" class=\"alignleft wp-image-2124\" src=\"https:\/\/www.facet.unt.edu.ar\/luminotecnia\/wp-content\/uploads\/sites\/15\/2021\/04\/Imagen-B-Silva.jpeg\" alt=\"\" width=\"125\" height=\"167\" \/><\/a><\/p>\n<p><span style=\"font-weight: 400;\">Me desempe\u00f1o como Profesional Adjunta en la Carrera de Personal de Apoyo (CPA &#8211; CONICET), responsable t\u00e9cnica de Responsable T\u00e9cnica del Laboratorio de Radiometr\u00eda y Colorimetr\u00eda (ILAV \u2013 CONICET), como docente de la\u00a0 Carrera de grado de Dise\u00f1o de Iluminaci\u00f3n y posgrado (Doctorado en Ciencias y Tecnolog\u00eda de la Luz FACET-UNT y Especializaci\u00f3n MAVILE), y soy miembro de la Comisi\u00f3n Acad\u00e9mica del MAVILE (desde 2021 a 2029).<\/span><\/p>\n<p><span style=\"font-weight: 400;\">Me form\u00e9 como Doctora en Medio Ambiente Visual e Iluminaci\u00f3n Eficiente(2019), Especialista en Medio Ambiente Visual e Iluminaci\u00f3n Eficiente (2010) y me recib\u00ed de\u00a0 Ingeniera Electr\u00f3nica (2008), todos t\u00edtulos otorgados por la FACET-UNT.<\/span><\/p>\n<p><span style=\"font-weight: 400;\">En mi formaci\u00f3n de doctorado, realic\u00e9 investigaciones en el campo de la luz y la visi\u00f3n.\u00a0<\/span><\/p>\n<p><span style=\"font-weight: 400;\">En mi rol de Personal de Apoyo (CPA &#8211; CONICET) realiz\u00f3 en el mantenimiento, calibraci\u00f3n y verificaciones de los sistemas de mediciones de los laboratorios Radiometr\u00eda y Colorimetr\u00eda, y tambi\u00e9n en la organizaci\u00f3n y ejecuci\u00f3n de ensayos a clientes internos y externos, en elaboraci\u00f3n de documentaci\u00f3n (procedimientos, registros) para la gesti\u00f3n del laboratorio.<\/span><\/p>\n<p>&nbsp;<\/p>\n<p><a href=\"https:\/\/www.facet.unt.edu.ar\/luminotecnia\/wp-content\/uploads\/sites\/15\/2022\/03\/email.png\"><img decoding=\"async\" loading=\"lazy\" class=\"alignnone wp-image-2415\" src=\"https:\/\/www.facet.unt.edu.ar\/luminotecnia\/wp-content\/uploads\/sites\/15\/2022\/03\/email.png\" alt=\"\" width=\"25\" height=\"25\" \/><\/a> <strong>bsilva@herrera.unt.edu.ar<\/strong><\/p>\n<p>&nbsp;<\/p>\n<p><b><a href=\"https:\/\/www.facet.unt.edu.ar\/luminotecnia\/wp-content\/uploads\/sites\/15\/2022\/04\/open-book.png\"><img decoding=\"async\" loading=\"lazy\" class=\"alignnone wp-image-2766\" src=\"https:\/\/www.facet.unt.edu.ar\/luminotecnia\/wp-content\/uploads\/sites\/15\/2022\/04\/open-book.png\" alt=\"\" width=\"30\" height=\"30\" \/><\/a> PUBLICACIONES<\/b><\/p>\n<ul>\n<li><em>Spectral dataset of natural objects\u2019 reflectance from the Southern cone of South America. <\/em>Autores: Agust\u00edn Guti\u00e9rrez, B\u00e1rbara Silva, Jos\u00e9 M. Fanchini, Takuma Morimoto, Pablo A. Barrionuevo &amp; Mar\u00eda L. Sandoval-Salinas. Publicado en Sci Data 12, 594 (2025). <a href=\"https:\/\/doi.org\/10.1038\/s41597-025-04675-9\">https:\/\/doi.org\/10.1038\/s41597-025-04675-9<\/a><\/li>\n<li style=\"font-weight: 400;\" aria-level=\"1\"><span style=\"font-weight: 400;\">Influence of age and spectral power distribution on mesopic visual sensitivity. Autores: Vicente, Eduardo G., Isabel Arranz, Luis Issolio, Beatriz M. Matesanz, Alejandro H. Gloriani, Jos\u00e9 A. Men\u00e9ndez, Miguel Rodr\u00edguez-Rosa, B\u00e1rbara Silva, Elisa Colombo, y Santiago Mar. Publicado en Attention, Perception, &amp; Psychophysics, p: 1\u201313, 30 de Octubre de 2018. Print ISSN: 1943-3921. Online ISSN: 1943-393X.\u00a0 DOI <a href=\"https:\/\/doi.org\/10.3758\/s13414-018-1616-6.\">https:\/\/doi.org\/10.3758\/s13414-018-1616-6.<\/a><\/span><\/li>\n<li style=\"font-weight: 400;\" aria-level=\"1\"><span style=\"font-weight: 400;\">Evaluaci\u00f3n de la distribuci\u00f3n espectral del iluminante en la visi\u00f3n funcional mes\u00f3pica. Autores: B\u00e1rbara Silva, Ma Constanza Tripolone, Luis Issolio, y Elisa M. Colombo. Publicado en ANALES AFA, [S.l.], p. 1-6, sep. 2018. ISSN 1850-11682018. p: 1\u20136. Disponible en: <\/span><a href=\"https:\/\/anales.fisica.org.ar\/journal\/index.php\/analesafa\/article\/view\/2188\"><span style=\"font-weight: 400;\">https:\/\/anales.fisica.org.ar\/journal\/index.php\/analesafa\/article\/view\/2188<\/span><\/a><span style=\"font-weight: 400;\">.<\/span><\/li>\n<li style=\"font-weight: 400;\" aria-level=\"1\"><span style=\"font-weight: 400;\">Sensibilidad al contraste en pacientes con glaucoma temprano: efectos del nivel de iluminaci\u00f3n y la excentricidad. Autores: Ma Constanza Tripolone, , Luis. Issolio, B\u00e1rbara Silva, Clemente Paz Filgueira, Daniel Perez, y Pablo Barrionuevo. Publicado en ANALES AFA, [S.l.], p: 62\u201366, sep. 2018. ISSN 1850-1168. Disponible en: <\/span><a href=\"https:\/\/anales.fisica.org.ar\/journal\/index.php\/analesafa\/article\/view\/2200\"><span style=\"font-weight: 400;\">https:\/\/anales.fisica.org.ar\/journal\/index.php\/analesafa\/article\/view\/2200<\/span><\/a><span style=\"font-weight: 400;\">.<\/span><\/li>\n<li style=\"font-weight: 400;\" aria-level=\"1\"><span style=\"font-weight: 400;\">Pupil dynamics with periodic flashes: Effect of age in mesopic adaptation. Autores: B\u00e1rbara Silva; Ana Maria Sfer; Marcela D&#8217;urso; Luis Issolio; Elisa Colombo. Publicado en Journal of the Optical Society of America A-Optics Image Science and Vision -(Print).Washington: OPTICAL SOC AMER. 2016 vol.33 n\u00b08. p: 1546 &#8211; 1552. ISSN 1084-7529. Disponible en: <\/span><a href=\"https:\/\/opg.optica.org\/josaa\/abstract.cfm?uri=josaa-33-8-1546\"><span style=\"font-weight: 400;\">https:\/\/opg.optica.org\/josaa\/abstract.cfm?uri=josaa-33-8-1546<\/span><\/a><\/li>\n<\/ul>\n","protected":false},"excerpt":{"rendered":"<p>Me desempe\u00f1o como Profesional Adjunta en la Carrera de Personal de Apoyo (CPA &#8211; CONICET), responsable t\u00e9cnica de Responsable T\u00e9cnica del Laboratorio de Radiometr\u00eda y Colorimetr\u00eda (ILAV \u2013 CONICET), como docente de la\u00a0 Carrera de grado de Dise\u00f1o de Iluminaci\u00f3n y posgrado (Doctorado en Ciencias y Tecnolog\u00eda de la Luz FACET-UNT y Especializaci\u00f3n MAVILE), y [&hellip;]<\/p>\n","protected":false},"author":1,"featured_media":0,"parent":0,"menu_order":0,"comment_status":"closed","ping_status":"closed","template":"templates\/template-full.php","meta":[],"_links":{"self":[{"href":"https:\/\/www.facet.unt.edu.ar\/luminotecnia\/wp-json\/wp\/v2\/pages\/2435"}],"collection":[{"href":"https:\/\/www.facet.unt.edu.ar\/luminotecnia\/wp-json\/wp\/v2\/pages"}],"about":[{"href":"https:\/\/www.facet.unt.edu.ar\/luminotecnia\/wp-json\/wp\/v2\/types\/page"}],"author":[{"embeddable":true,"href":"https:\/\/www.facet.unt.edu.ar\/luminotecnia\/wp-json\/wp\/v2\/users\/1"}],"replies":[{"embeddable":true,"href":"https:\/\/www.facet.unt.edu.ar\/luminotecnia\/wp-json\/wp\/v2\/comments?post=2435"}],"version-history":[{"count":13,"href":"https:\/\/www.facet.unt.edu.ar\/luminotecnia\/wp-json\/wp\/v2\/pages\/2435\/revisions"}],"predecessor-version":[{"id":3637,"href":"https:\/\/www.facet.unt.edu.ar\/luminotecnia\/wp-json\/wp\/v2\/pages\/2435\/revisions\/3637"}],"wp:attachment":[{"href":"https:\/\/www.facet.unt.edu.ar\/luminotecnia\/wp-json\/wp\/v2\/media?parent=2435"}],"curies":[{"name":"wp","href":"https:\/\/api.w.org\/{rel}","templated":true}]}}