{"id":2457,"date":"2022-03-22T10:56:02","date_gmt":"2022-03-22T13:56:02","guid":{"rendered":"https:\/\/www.facet.unt.edu.ar\/luminotecnia\/?page_id=2457"},"modified":"2025-03-25T10:43:52","modified_gmt":"2025-03-25T13:43:52","slug":"dra-maria-leonor-sandoval-salinas","status":"publish","type":"page","link":"https:\/\/www.facet.unt.edu.ar\/luminotecnia\/dra-maria-leonor-sandoval-salinas\/","title":{"rendered":"Dra. Mar\u00eda Leonor Sandoval Salinas"},"content":{"rendered":"<p><a href=\"https:\/\/www.facet.unt.edu.ar\/luminotecnia\/wp-content\/uploads\/sites\/15\/2022\/04\/12-M.-Sandoval.jpg\"><img decoding=\"async\" loading=\"lazy\" class=\"wp-image-2620 alignleft\" src=\"https:\/\/www.facet.unt.edu.ar\/luminotecnia\/wp-content\/uploads\/sites\/15\/2022\/04\/12-M.-Sandoval.jpg\" alt=\"\" width=\"100\" height=\"150\" \/><\/a><\/p>\n<p><span style=\"font-weight: 400;\">Es Licenciada en Ciencias Biol\u00f3gicas orientaci\u00f3n Zoolog\u00eda y Doctora en Ciencias Biol\u00f3gicas, egresada de la Facultad de Ciencias Naturales e Instituto Miguel Lillo (<\/span><a href=\"https:\/\/www.csnat.unt.edu.ar\/\"><span style=\"font-weight: 400;\">FCNeIML<\/span><\/a><span style=\"font-weight: 400;\">) de la Universidad Nacional de Tucum\u00e1n (UNT).\u00a0<\/span><\/p>\n<p><span style=\"font-weight: 400;\">Se desempe\u00f1a como Investigadora del CONICET en el Instituto de Investigaci\u00f3n en Luz, Ambiente y Visi\u00f3n (ILAV, Universidad Nacional de Tucum\u00e1n-UNT \u2013 Consejo Nacional de Investigaciones Cient\u00edficas y T\u00e9cnicas-CONICET) y como Docente de Biogeograf\u00eda para la Licenciatura en Ciencias Biol\u00f3gicas de la FCNeIML, UNT. Tambi\u00e9n desarrolla tareas de gesti\u00f3n como Secretaria Acad\u00e9mica del Doctorado en Ciencias y Tecnolog\u00edas de la Luz, del Departamento de Luminotecnia, Luz y Visi\u00f3n de la Facultad de Ciencias Exactas y Tecnolog\u00eda (<\/span><a href=\"https:\/\/www.facet.unt.edu.ar\/\"><span style=\"font-weight: 400;\">FACET<\/span><\/a><span style=\"font-weight: 400;\">), UNT, como Tesorera de la Delegaci\u00f3n Tucum\u00e1n del Programa de Conservaci\u00f3n de los Murci\u00e9lagos de Argentina (<\/span><a href=\"http:\/\/pcma.com.ar\/\"><span style=\"font-weight: 400;\">PCMA<\/span><\/a><span style=\"font-weight: 400;\">) y como Delegada regional por Tucum\u00e1n de la Sociedad Argentina para el Estudio de los Mam\u00edferos (<\/span><a href=\"https:\/\/www.sarem.org.ar\/\"><span style=\"font-weight: 400;\">SAREM<\/span><\/a><span style=\"font-weight: 400;\">). Adem\u00e1s, forma parte del Comit\u00e9 Editorial de la Revista Cient\u00edfica <\/span><a href=\"https:\/\/mn.sarem.org.ar\/\"><span style=\"font-weight: 400;\">Mastozoolog\u00eda Neotropical<\/span><\/a><span style=\"font-weight: 400;\"> como Editora Asociada.\u00a0<\/span><\/p>\n<p><span style=\"font-weight: 400;\">En el marco de su doctorado, se especializ\u00f3 en taxonom\u00eda y biogeograf\u00eda de micromam\u00edferos (peque\u00f1os marsupiales, murci\u00e9lagos y peque\u00f1os roedores) del noroeste de Argentina. Dicho trabajo de tesis doctoral se realiz\u00f3 en el Instituto de Investigaciones de Biodiversidad Argentina (<\/span><a href=\"http:\/\/pidba.com.ar\/\"><span style=\"font-weight: 400;\">PIDBA<\/span><\/a><span style=\"font-weight: 400;\">) de la FCNeIML, UNT.\u00a0<\/span><\/p>\n<p><span style=\"font-weight: 400;\">Con posterioridad, su trabajo de investigaci\u00f3n en el marco de su formaci\u00f3n posdoctoral y actualmente como miembro de la Carrera del Investigador Cient\u00edfico y Tecnol\u00f3gico (CIC) del CONICET, implica la caracterizaci\u00f3n colorim\u00e9trica del pelaje de espec\u00edmenes de micromam\u00edferos, el an\u00e1lisis de los patrones de coloraci\u00f3n y sus variaciones intra e interespec\u00edficas y el estudio de las variables que los determinan. Su trabajo incluye adem\u00e1s el estudio y la interpretaci\u00f3n de los factores que influyen en la caracterizaci\u00f3n de objetos crom\u00e1ticamente heterog\u00e9neos, ya sea subjetiva u objetiva (instrumental), y la evaluaci\u00f3n de la importancia de los patrones de coloraci\u00f3n identificados en la clasificaci\u00f3n de los taxones y en el establecimiento de sus relaciones de parentesco.\u00a0<\/span><\/p>\n<p><span style=\"font-weight: 400;\">En este marco, la realizaci\u00f3n de estudios relacionados con los cambios de color de espec\u00edmenes biol\u00f3gicos almacenados y\/o exhibidos en Museos de Historia Natural, permite la interacci\u00f3n directa con los curadores de las Colecciones Biol\u00f3gicas y con las autoridades de los museos. Dado que dichos cambios de color pueden considerarse en algunos casos como indicadores del estado de deterioro de los espec\u00edmenes, el trabajo interdisciplinario puede redundar en propuestas de recomendaciones de manejo y gesti\u00f3n que eviten, minimicen o controlen el da\u00f1o que sufre el patrimonio albergado en dichos museos.\u00a0<\/span><\/p>\n<p><span style=\"font-weight: 400;\">Paralelamente, forma parte del Laboratorio de Neurociencia Visual (Visual Neuroscience Lab, VNL) del ILAV, y est\u00e1 involucrada con el desarrollo incipiente de estudios referidos a los mecanismos involucrados en la visi\u00f3n de color en mam\u00edferos.\u00a0<\/span><\/p>\n<p><span style=\"font-weight: 400;\">Por otro lado, en vinculaci\u00f3n con colegas de otras instituciones (institutos de investigaci\u00f3n y\/o universidades del pa\u00eds y del extranjero), particip\u00f3 en la constituci\u00f3n de la colectiva de ciencia feminista CienciaFem (<\/span><a href=\"https:\/\/twitter.com\/CienciaFem\"><span style=\"font-weight: 400;\">https:\/\/twitter.com\/CienciaFem<\/span><\/a><span style=\"font-weight: 400;\">, <\/span><a href=\"https:\/\/www.instagram.com\/cienciafem_\/\"><span style=\"font-weight: 400;\">https:\/\/www.instagram.com\/cienciafem_\/<\/span><\/a><span style=\"font-weight: 400;\">, <\/span><a href=\"https:\/\/www.facebook.com\/profile.php?id=100065711330766\"><span style=\"font-weight: 400;\">https:\/\/www.facebook.com\/profile.php?id=100065711330766<\/span><\/a><span style=\"font-weight: 400;\">). A partir de ese v\u00ednculo, inici\u00f3 un recorrido en la investigaci\u00f3n vinculada con las inequidades, particularmente de g\u00e9nero, en el \u00e1mbito de las\/os trabajadoras\/es del \u00e1mbito cient\u00edfico, en general, y de la disciplina Ecolog\u00eda, en particular. Como resultado, particip\u00f3 en la generaci\u00f3n de una gran cantidad de datos y en la realizaci\u00f3n de an\u00e1lisis que revelan situaciones que merecen ser visibilizadas y que fueron presentadas en diferentes reuniones cient\u00edficas y publicadas en revistas especializadas.\u00a0<\/span><\/p>\n<p><span style=\"font-weight: 400;\">Tanto sus estudios posdoctorales como los relacionados a su plan de trabajo de la CIC, se realizaron y realizan en el Instituto de Investigaci\u00f3n en el ILAV, UNT-CONICET.\u00a0<\/span><\/p>\n<p><span style=\"font-weight: 400;\">Es miembro de las siguientes Asociaciones Cient\u00edficas: American Society of Mammalogists (<\/span><a href=\"https:\/\/www.mammalsociety.org\/\"><span style=\"font-weight: 400;\">ASM<\/span><\/a><span style=\"font-weight: 400;\">), PCMA y SAREM.\u00a0<\/span><\/p>\n<p><span style=\"font-weight: 400;\">\u00a0<\/span><\/p>\n<p><a href=\"https:\/\/www.facet.unt.edu.ar\/luminotecnia\/wp-content\/uploads\/sites\/15\/2022\/03\/email.png\"><img decoding=\"async\" loading=\"lazy\" class=\"alignnone wp-image-2415\" src=\"https:\/\/www.facet.unt.edu.ar\/luminotecnia\/wp-content\/uploads\/sites\/15\/2022\/03\/email.png\" alt=\"\" width=\"25\" height=\"25\" \/><\/a> \u00a0<strong>maritisandoval@yahoo.com.ar<\/strong><\/p>\n<p><strong>ORCID: <\/strong><a href=\"https:\/\/orcid.org\/0000-0001-5307-7536\"><span style=\"font-weight: 400;\">https:\/\/orcid.org\/0000-0001-5307-7536<\/span><\/a><span style=\"font-weight: 400;\">\u00a0<\/span><\/p>\n<p><strong>Scopus ID: <\/strong><a href=\"https:\/\/www.scopus.com\/authid\/detail.uri?authorId=35085293500\"><span style=\"font-weight: 400;\">35085293500<\/span><\/a><span style=\"font-weight: 400;\">\u00a0<\/span><\/p>\n<p><span style=\"font-weight: 400;\"><strong>Scholar:<\/strong> <\/span><a href=\"https:\/\/scholar.google.com\/citations?user=L8Ffo6IAAAAJ&amp;hl=es&amp;oi=ao\"><span style=\"font-weight: 400;\">https:\/\/scholar.google.com\/citations?user=L8Ffo6IAAAAJ&amp;hl=es&amp;oi=ao<\/span><\/a><span style=\"font-weight: 400;\">\u00a0<\/span><\/p>\n<p><strong>LinkedIn: <\/strong><a href=\"https:\/\/www.linkedin.com\/in\/maria-leonor-sandoval-salinas-25377514b\/\"><span style=\"font-weight: 400;\">https:\/\/www.linkedin.com\/in\/maria-leonor-sandoval-salinas-25377514b\/<\/span><\/a><span style=\"font-weight: 400;\">\u00a0<\/span><\/p>\n<p>&nbsp;<\/p>\n<p>&nbsp;<\/p>\n<p><b>PUBLICACIONES<\/b><\/p>\n<p><span style=\"font-weight: 400;\">Sus l\u00edneas de trabajo principales en la actualidad son: (a) Taxonom\u00eda y Biogeograf\u00eda de peque\u00f1os mam\u00edferos, (b) Colorimetr\u00eda en espec\u00edmenes biol\u00f3gicos, (c) Visi\u00f3n de color en mam\u00edferos, (d) Inequidades relacionadas con el g\u00e9nero y las tareas de cuidado en algunos \u00e1mbitos acad\u00e9micos argentinos.\u00a0<\/span><\/p>\n<p>&nbsp;<\/p>\n<p>&nbsp;<\/p>\n<p>&nbsp;<\/p>\n","protected":false},"excerpt":{"rendered":"<p>Es Licenciada en Ciencias Biol\u00f3gicas orientaci\u00f3n Zoolog\u00eda y Doctora en Ciencias Biol\u00f3gicas, egresada de la Facultad de Ciencias Naturales e Instituto Miguel Lillo (FCNeIML) de la Universidad Nacional de Tucum\u00e1n (UNT).\u00a0 Se desempe\u00f1a como Investigadora del CONICET en el Instituto de Investigaci\u00f3n en Luz, Ambiente y Visi\u00f3n (ILAV, Universidad Nacional de Tucum\u00e1n-UNT \u2013 Consejo Nacional [&hellip;]<\/p>\n","protected":false},"author":24,"featured_media":0,"parent":0,"menu_order":0,"comment_status":"closed","ping_status":"closed","template":"templates\/template-full.php","meta":[],"_links":{"self":[{"href":"https:\/\/www.facet.unt.edu.ar\/luminotecnia\/wp-json\/wp\/v2\/pages\/2457"}],"collection":[{"href":"https:\/\/www.facet.unt.edu.ar\/luminotecnia\/wp-json\/wp\/v2\/pages"}],"about":[{"href":"https:\/\/www.facet.unt.edu.ar\/luminotecnia\/wp-json\/wp\/v2\/types\/page"}],"author":[{"embeddable":true,"href":"https:\/\/www.facet.unt.edu.ar\/luminotecnia\/wp-json\/wp\/v2\/users\/24"}],"replies":[{"embeddable":true,"href":"https:\/\/www.facet.unt.edu.ar\/luminotecnia\/wp-json\/wp\/v2\/comments?post=2457"}],"version-history":[{"count":9,"href":"https:\/\/www.facet.unt.edu.ar\/luminotecnia\/wp-json\/wp\/v2\/pages\/2457\/revisions"}],"predecessor-version":[{"id":3324,"href":"https:\/\/www.facet.unt.edu.ar\/luminotecnia\/wp-json\/wp\/v2\/pages\/2457\/revisions\/3324"}],"wp:attachment":[{"href":"https:\/\/www.facet.unt.edu.ar\/luminotecnia\/wp-json\/wp\/v2\/media?parent=2457"}],"curies":[{"name":"wp","href":"https:\/\/api.w.org\/{rel}","templated":true}]}}