{"id":2468,"date":"2022-03-22T11:18:14","date_gmt":"2022-03-22T14:18:14","guid":{"rendered":"https:\/\/www.facet.unt.edu.ar\/luminotecnia\/?page_id=2468"},"modified":"2025-03-25T11:10:22","modified_gmt":"2025-03-25T14:10:22","slug":"dra-natalia-valladares","status":"publish","type":"page","link":"https:\/\/www.facet.unt.edu.ar\/luminotecnia\/dra-natalia-valladares\/","title":{"rendered":"Mg. Natalia Valladares"},"content":{"rendered":"<p><a href=\"https:\/\/www.facet.unt.edu.ar\/luminotecnia\/wp-content\/uploads\/sites\/15\/2022\/03\/39-N.-Valladares.jpg\"><img decoding=\"async\" loading=\"lazy\" class=\"alignleft wp-image-2463\" src=\"https:\/\/www.facet.unt.edu.ar\/luminotecnia\/wp-content\/uploads\/sites\/15\/2022\/03\/39-N.-Valladares.jpg\" alt=\"\" width=\"90\" height=\"120\" \/><\/a><\/p>\n<p><span style=\"font-weight: 400;\">Docente en el \u00e1rea de Dise\u00f1o y gesti\u00f3n, en las asignaturas Dise\u00f1o de iluminaci\u00f3n de exteriores y Dise\u00f1o de iluminaci\u00f3n de interiores<\/span><\/p>\n<p><span style=\"font-weight: 400;\">Secretaria Acad\u00e9mica de Esp. MAVILE\u00a0desde Oct. 2021<\/span><\/p>\n<p><span style=\"font-weight: 400;\">Dise\u00f1adora de iluminaci\u00f3n, Especialista MAVILE y Magister en Luminotecnia<\/span><\/p>\n<p><span style=\"font-weight: 400;\">Intereses: Percepci\u00f3n del ambiente iluminado y la percepci\u00f3n de seguridad, metodolog\u00edas de realizaci\u00f3n y an\u00e1lisis de encuestas.<\/span><\/p>\n<p><a href=\"https:\/\/www.facet.unt.edu.ar\/luminotecnia\/wp-content\/uploads\/sites\/15\/2022\/03\/email.png\"><img decoding=\"async\" loading=\"lazy\" class=\"alignnone wp-image-2415\" src=\"https:\/\/www.facet.unt.edu.ar\/luminotecnia\/wp-content\/uploads\/sites\/15\/2022\/03\/email.png\" alt=\"\" width=\"25\" height=\"25\" \/><\/a> <strong>nvalladares@herrera.unt.edu.ar<\/strong><\/p>\n","protected":false},"excerpt":{"rendered":"<p>Docente en el \u00e1rea de Dise\u00f1o y gesti\u00f3n, en las asignaturas Dise\u00f1o de iluminaci\u00f3n de exteriores y Dise\u00f1o de iluminaci\u00f3n de interiores Secretaria Acad\u00e9mica de Esp. MAVILE\u00a0desde Oct. 2021 Dise\u00f1adora de iluminaci\u00f3n, Especialista MAVILE y Magister en Luminotecnia Intereses: Percepci\u00f3n del ambiente iluminado y la percepci\u00f3n de seguridad, metodolog\u00edas de realizaci\u00f3n y an\u00e1lisis de encuestas. [&hellip;]<\/p>\n","protected":false},"author":24,"featured_media":0,"parent":0,"menu_order":0,"comment_status":"closed","ping_status":"closed","template":"templates\/template-full.php","meta":[],"_links":{"self":[{"href":"https:\/\/www.facet.unt.edu.ar\/luminotecnia\/wp-json\/wp\/v2\/pages\/2468"}],"collection":[{"href":"https:\/\/www.facet.unt.edu.ar\/luminotecnia\/wp-json\/wp\/v2\/pages"}],"about":[{"href":"https:\/\/www.facet.unt.edu.ar\/luminotecnia\/wp-json\/wp\/v2\/types\/page"}],"author":[{"embeddable":true,"href":"https:\/\/www.facet.unt.edu.ar\/luminotecnia\/wp-json\/wp\/v2\/users\/24"}],"replies":[{"embeddable":true,"href":"https:\/\/www.facet.unt.edu.ar\/luminotecnia\/wp-json\/wp\/v2\/comments?post=2468"}],"version-history":[{"count":5,"href":"https:\/\/www.facet.unt.edu.ar\/luminotecnia\/wp-json\/wp\/v2\/pages\/2468\/revisions"}],"predecessor-version":[{"id":3341,"href":"https:\/\/www.facet.unt.edu.ar\/luminotecnia\/wp-json\/wp\/v2\/pages\/2468\/revisions\/3341"}],"wp:attachment":[{"href":"https:\/\/www.facet.unt.edu.ar\/luminotecnia\/wp-json\/wp\/v2\/media?parent=2468"}],"curies":[{"name":"wp","href":"https:\/\/api.w.org\/{rel}","templated":true}]}}