{"id":2479,"date":"2022-03-22T11:40:13","date_gmt":"2022-03-22T14:40:13","guid":{"rendered":"https:\/\/www.facet.unt.edu.ar\/luminotecnia\/?page_id=2479"},"modified":"2022-03-22T11:42:14","modified_gmt":"2022-03-22T14:42:14","slug":"noelia-gabriela-alcalde","status":"publish","type":"page","link":"https:\/\/www.facet.unt.edu.ar\/luminotecnia\/noelia-gabriela-alcalde\/","title":{"rendered":"Noelia Gabriela Alcalde"},"content":{"rendered":"<p><a href=\"https:\/\/www.facet.unt.edu.ar\/luminotecnia\/wp-content\/uploads\/sites\/15\/2022\/03\/40-N.-Alcalde.jpg\"><img decoding=\"async\" loading=\"lazy\" class=\"wp-image-2476 alignleft\" src=\"https:\/\/www.facet.unt.edu.ar\/luminotecnia\/wp-content\/uploads\/sites\/15\/2022\/03\/40-N.-Alcalde.jpg\" alt=\"\" width=\"90\" height=\"51\" \/><\/a><\/p>\n<p><span style=\"font-weight: 400;\">Ingeniera Biom\u00e9dica desde 2015, dedicada a la investigaci\u00f3n en visi\u00f3n desde 2014.<\/span><span style=\"font-weight: 400;\"><br \/>\n<\/span><span style=\"font-weight: 400;\">Form\u00f3 parte de comit\u00e9s para la organizaci\u00f3n de eventos cient\u00edficos durante las etapas de estudiante de grado y de postgrado.<\/span><span style=\"font-weight: 400;\"><br \/>\n<\/span><span style=\"font-weight: 400;\">Ha desempe\u00f1ado cargos de gesti\u00f3n en cap\u00edtulos estudiantiles de sociedades de \u00f3ptica y fot\u00f3nica internacionales (OSA &#8211; recientemente OPTICA, y SPIE) durante varios a\u00f1os desde 2014.<\/span><span style=\"font-weight: 400;\"><br \/>\n<\/span><span style=\"font-weight: 400;\">Ha sido miembro de la Comisi\u00f3n Acad\u00e9mica de Ingenier\u00eda Biom\u00e9dica en 2013, representando a sus pares, y actualmente forma parte de la Comisi\u00f3n Directiva del ILAV (UNT-CONICET) como representante de los becarios doctorales y postdoctorales.<\/span><span style=\"font-weight: 400;\"><br \/>\n<\/span><span style=\"font-weight: 400;\">Particip\u00f3 activamente de diversas actividades de divulgaci\u00f3n de la Ciencia y la Tecnolog\u00eda para estudiantes de todos los niveles educativos y para el p\u00fablico en general, como por ejemplo &#8220;Exactas para Todos&#8221;, &#8220;Educatec&#8221;, &#8220;Museo de la Luz&#8221;, entre otras.<\/span><\/p>\n<p>&nbsp;<\/p>\n<p><b>PUBLICACIONES<\/b><\/p>\n<p><span style=\"font-weight: 400;\">\u2022 \u201cOficina de Comunicaci\u00f3n a Distancia \u2013 Modelo Conceptual\u201d. Autores: Alcalde Noelia, Cesca Patricio, Lazarte Mat\u00edas, Neffa Nicol\u00e1s, Varela Agust\u00edn. Publicado en los Anales del XVIII Congreso Argentino de Bioingenier\u00eda, VII Jornadas de Ingenier\u00eda Cl\u00ednica y 2\u00ba Taller de \u00d3rganos Artificiales, Biomateriales e Ingenier\u00eda de Tejidos. ISBN: 978-987-27301-0-9. A\u00f1o: 2011.<\/span><span style=\"font-weight: 400;\"><br \/>\n<\/span><span style=\"font-weight: 400;\">\u2022 \u201cRepeatability Evaluation of a Contrast Sensitivity System for Transfer to the Eye Clinic\u201d. Autores: Noelia Gabriela Alcalde, Luciana Raquel Castillo, Clemente Paz Filgueira, Elisa Margarita Colombo. Publicado en: Journal of Physics: Conference Series. ISSN: 1742-6596. Fecha: abril de 2016.<\/span><span style=\"font-weight: 400;\"><br \/>\n<\/span><span style=\"font-weight: 400;\">\u2022 \u201cEstrategias de Tratamiento Binocular en Ambliop\u00eda\u201d. Autores: Noelia Gabriela Alcalde, Jos\u00e9 Fernando Barraza, Elisa Margarita Colombo. Publicado en: Anales AFA \u2013 N\u00famero Especial Ciencias de la Visi\u00f3n &#8211; InVisionT. ISSN: 1850-1168. Fecha: septiembre de 2018.<\/span><\/p>\n<p><a href=\"https:\/\/www.facet.unt.edu.ar\/luminotecnia\/wp-content\/uploads\/sites\/15\/2022\/03\/email.png\"><img decoding=\"async\" loading=\"lazy\" class=\"alignnone wp-image-2415\" src=\"https:\/\/www.facet.unt.edu.ar\/luminotecnia\/wp-content\/uploads\/sites\/15\/2022\/03\/email.png\" alt=\"\" width=\"25\" height=\"25\" \/><\/a> <strong>noeg.alcalde69@gmail.com<\/strong><\/p>\n","protected":false},"excerpt":{"rendered":"<p>Ingeniera Biom\u00e9dica desde 2015, dedicada a la investigaci\u00f3n en visi\u00f3n desde 2014. Form\u00f3 parte de comit\u00e9s para la organizaci\u00f3n de eventos cient\u00edficos durante las etapas de estudiante de grado y de postgrado. Ha desempe\u00f1ado cargos de gesti\u00f3n en cap\u00edtulos estudiantiles de sociedades de \u00f3ptica y fot\u00f3nica internacionales (OSA &#8211; recientemente OPTICA, y SPIE) durante varios [&hellip;]<\/p>\n","protected":false},"author":24,"featured_media":0,"parent":0,"menu_order":0,"comment_status":"closed","ping_status":"closed","template":"templates\/template-full.php","meta":[],"_links":{"self":[{"href":"https:\/\/www.facet.unt.edu.ar\/luminotecnia\/wp-json\/wp\/v2\/pages\/2479"}],"collection":[{"href":"https:\/\/www.facet.unt.edu.ar\/luminotecnia\/wp-json\/wp\/v2\/pages"}],"about":[{"href":"https:\/\/www.facet.unt.edu.ar\/luminotecnia\/wp-json\/wp\/v2\/types\/page"}],"author":[{"embeddable":true,"href":"https:\/\/www.facet.unt.edu.ar\/luminotecnia\/wp-json\/wp\/v2\/users\/24"}],"replies":[{"embeddable":true,"href":"https:\/\/www.facet.unt.edu.ar\/luminotecnia\/wp-json\/wp\/v2\/comments?post=2479"}],"version-history":[{"count":1,"href":"https:\/\/www.facet.unt.edu.ar\/luminotecnia\/wp-json\/wp\/v2\/pages\/2479\/revisions"}],"predecessor-version":[{"id":2480,"href":"https:\/\/www.facet.unt.edu.ar\/luminotecnia\/wp-json\/wp\/v2\/pages\/2479\/revisions\/2480"}],"wp:attachment":[{"href":"https:\/\/www.facet.unt.edu.ar\/luminotecnia\/wp-json\/wp\/v2\/media?parent=2479"}],"curies":[{"name":"wp","href":"https:\/\/api.w.org\/{rel}","templated":true}]}}