{"id":2494,"date":"2022-03-23T08:53:02","date_gmt":"2022-03-23T11:53:02","guid":{"rendered":"https:\/\/www.facet.unt.edu.ar\/luminotecnia\/?page_id=2494"},"modified":"2025-03-25T10:29:41","modified_gmt":"2025-03-25T13:29:41","slug":"lic-luis-fernando-calderari","status":"publish","type":"page","link":"https:\/\/www.facet.unt.edu.ar\/luminotecnia\/lic-luis-fernando-calderari\/","title":{"rendered":"Lic. Luis Fernando Calderari"},"content":{"rendered":"<p><a href=\"https:\/\/www.facet.unt.edu.ar\/luminotecnia\/wp-content\/uploads\/sites\/15\/2022\/03\/44-L.-Calderari.jpg\"><img decoding=\"async\" loading=\"lazy\" class=\"wp-image-2489 alignleft\" src=\"https:\/\/www.facet.unt.edu.ar\/luminotecnia\/wp-content\/uploads\/sites\/15\/2022\/03\/44-L.-Calderari.jpg\" alt=\"\" width=\"104\" height=\"104\" \/><\/a><\/p>\n<p><span style=\"font-weight: 400;\">Licenciado en F\u00edsica (2019), mejor promedio y becario CIUNT (2015-2017).<\/span><\/p>\n<p><span style=\"font-weight: 400;\">T\u00e9cnico Universitario en F\u00edsica Ambiental (2024) y Bachiller Universitario en F\u00edsica (2013).<\/span><\/p>\n<p><span style=\"font-weight: 400;\">Becario doctoral CONICET en el DLLyV (FaCET &#8211; UNT) e ILAV (UNT &#8211; CONICET), con 9 presentaciones en congresos.<\/span><\/p>\n<p><span style=\"font-weight: 400;\">Docente de F\u00edsica I en la Facultad de Bioqu\u00edmica, Qu\u00edmica y Farmacia (2013-2017).<\/span><\/p>\n<p>&nbsp;<\/p>\n<p>&nbsp;<\/p>\n<p><a href=\"https:\/\/www.facet.unt.edu.ar\/luminotecnia\/wp-content\/uploads\/sites\/15\/2022\/03\/email.png\"><img decoding=\"async\" loading=\"lazy\" class=\"alignnone wp-image-2415\" src=\"https:\/\/www.facet.unt.edu.ar\/luminotecnia\/wp-content\/uploads\/sites\/15\/2022\/03\/email.png\" alt=\"\" width=\"25\" height=\"25\" \/><\/a> <strong>lfcalderari@gmail.com<\/strong><\/p>\n<p>&nbsp;<\/p>\n<p><b>PUBLICACIONES<\/b><\/p>\n<p><span style=\"font-weight: 400;\">*\u00a0 CALDERARI, L., S\u00c1NCHEZ, R., ISSOLIO, L. Caracter\u00edsticas, modelos funcionales y simulaci\u00f3n de lentes intraoculares: Una revisi\u00f3n. Anales AFA, 2024, vol. 35.<\/span><\/p>\n<p><span style=\"font-weight: 400;\">*\u00a0 SANTUCHO CA\u00cdNZO, A., CALDERARI, L., ISSOLIO, L., CORREGIDOR CARRI\u00d3, D. Evaluaci\u00f3n de los efectos del particulado ambiental por quema de ca\u00f1averales en la salud visual de las personas. Revista Ciencia e Investigaci\u00f3n, 2023, vol. 70 p. 43-45.<\/span><\/p>\n<p><span style=\"font-weight: 400;\">*\u00a0 S\u00c1NCHEZ, R., CALDERARI, L., ISSOLIO, L. Optical and neural contribution on the visual function in mesopic and photopic adaptations. \u00d3ptica Pura y Aplicada, 2023, vol. 56.<\/span><\/p>\n<p><span style=\"font-weight: 400;\">*\u00a0 SANTUCHO CA\u00cdNZO, A., CALDERARI, L., CORREGIDOR CARRI\u00d3, D., JA\u00c9N, M. M\u00e9todo alternativo para la evaluaci\u00f3n de la poluci\u00f3n atmosf\u00e9rica causada por la quema de biomasa en plantaciones de ca\u00f1a de az\u00facar. Anales AFA, abril 2019, vol. 30 n\u00ba 01.<\/span><\/p>\n<p>&nbsp;<\/p>\n","protected":false},"excerpt":{"rendered":"<p>Licenciado en F\u00edsica (2019), mejor promedio y becario CIUNT (2015-2017). T\u00e9cnico Universitario en F\u00edsica Ambiental (2024) y Bachiller Universitario en F\u00edsica (2013). Becario doctoral CONICET en el DLLyV (FaCET &#8211; UNT) e ILAV (UNT &#8211; CONICET), con 9 presentaciones en congresos. Docente de F\u00edsica I en la Facultad de Bioqu\u00edmica, Qu\u00edmica y Farmacia (2013-2017). &nbsp; [&hellip;]<\/p>\n","protected":false},"author":24,"featured_media":0,"parent":0,"menu_order":0,"comment_status":"closed","ping_status":"closed","template":"templates\/template-full.php","meta":[],"_links":{"self":[{"href":"https:\/\/www.facet.unt.edu.ar\/luminotecnia\/wp-json\/wp\/v2\/pages\/2494"}],"collection":[{"href":"https:\/\/www.facet.unt.edu.ar\/luminotecnia\/wp-json\/wp\/v2\/pages"}],"about":[{"href":"https:\/\/www.facet.unt.edu.ar\/luminotecnia\/wp-json\/wp\/v2\/types\/page"}],"author":[{"embeddable":true,"href":"https:\/\/www.facet.unt.edu.ar\/luminotecnia\/wp-json\/wp\/v2\/users\/24"}],"replies":[{"embeddable":true,"href":"https:\/\/www.facet.unt.edu.ar\/luminotecnia\/wp-json\/wp\/v2\/comments?post=2494"}],"version-history":[{"count":8,"href":"https:\/\/www.facet.unt.edu.ar\/luminotecnia\/wp-json\/wp\/v2\/pages\/2494\/revisions"}],"predecessor-version":[{"id":3313,"href":"https:\/\/www.facet.unt.edu.ar\/luminotecnia\/wp-json\/wp\/v2\/pages\/2494\/revisions\/3313"}],"wp:attachment":[{"href":"https:\/\/www.facet.unt.edu.ar\/luminotecnia\/wp-json\/wp\/v2\/media?parent=2494"}],"curies":[{"name":"wp","href":"https:\/\/api.w.org\/{rel}","templated":true}]}}