{"id":2516,"date":"2022-03-23T09:45:36","date_gmt":"2022-03-23T12:45:36","guid":{"rendered":"https:\/\/www.facet.unt.edu.ar\/luminotecnia\/?page_id=2516"},"modified":"2022-04-05T12:15:16","modified_gmt":"2022-04-05T15:15:16","slug":"dr-raul-fernando-ajmat","status":"publish","type":"page","link":"https:\/\/www.facet.unt.edu.ar\/luminotecnia\/dr-raul-fernando-ajmat\/","title":{"rendered":"Dr. Raul Fernando Ajmat"},"content":{"rendered":"<p><a href=\"https:\/\/www.facet.unt.edu.ar\/luminotecnia\/wp-content\/uploads\/sites\/15\/2022\/03\/05-R.-Ajmat.jpeg\"><img decoding=\"async\" loading=\"lazy\" class=\"alignleft wp-image-2513\" src=\"https:\/\/www.facet.unt.edu.ar\/luminotecnia\/wp-content\/uploads\/sites\/15\/2022\/03\/05-R.-Ajmat.jpeg\" alt=\"\" width=\"111\" height=\"105\" \/><\/a><\/p>\n<p><span style=\"font-weight: 400;\">Es Arquitecto y\u00a0Especialista en Medio Ambiente Visual e Iluminaci\u00f3n Eficiente Universidad de Tucum\u00e1n, Argentina. Doctor en Dise\u00f1o Arquitect\u00f3nico, De Montfort University, Reino Unido.\u00a0\u00a0<\/span><\/p>\n<p><span style=\"font-weight: 400;\">Es docente estable en carreras de Especializaci\u00f3n, Maestr\u00eda y Doctorado en las Universidades de Tucum\u00e1n, C\u00f3rdoba, Litoral, Nordeste y Tecnol\u00f3gica Nacional.\u00a0<\/span><\/p>\n<p><span style=\"font-weight: 400;\">Es miembro fundador y actualmente presidente de IBPSA Argentina (International Building Performance Simulation Association)\u00a0<\/span><\/p>\n<p><span style=\"font-weight: 400;\">Miembro fundador y actualmente vocal de la C\u00e1mara de Energias Renovables y Eficiencia Energ\u00e9tica de Tucuman<\/span><\/p>\n<p><span style=\"font-weight: 400;\">Ha publicado trabajos de investigaci\u00f3n en publicaciones cient\u00edficas nacionales e internacionales. Ha dirigido y dirige actualmente tesis doctorales y becarios.\u00a0\u00a0<\/span><\/p>\n<p><span style=\"font-weight: 400;\">\u00c1reas de Inter\u00e9s: Uso eficiente de\u00a0la Energ\u00eda\u00a0en Edificios, Dise\u00f1o de Iluminaci\u00f3n en Museos, Simulaci\u00f3n Termo-lum\u00ednica de Edificios p\u00fablicos.<\/span><\/p>\n<p>&nbsp;<\/p>\n<p><a href=\"https:\/\/www.facet.unt.edu.ar\/luminotecnia\/wp-content\/uploads\/sites\/15\/2022\/03\/email.png\"><img decoding=\"async\" loading=\"lazy\" class=\"alignnone wp-image-2415\" src=\"https:\/\/www.facet.unt.edu.ar\/luminotecnia\/wp-content\/uploads\/sites\/15\/2022\/03\/email.png\" alt=\"\" width=\"25\" height=\"25\" \/><\/a><\/p>\n<p><strong>rfajmat@hotmail.com<\/strong><\/p>\n<p>&nbsp;<\/p>\n<p><b>PUBLICACIONES<\/b><\/p>\n<ol>\n<li style=\"font-weight: 400;\" aria-level=\"1\"><span style=\"font-weight: 400;\">Ajmat R., Sandoval J., Lombana S., Baz\u00e1n N. (2016). La luz en los museos: calidad ambiental y satisfacci\u00f3n. Objetos y visitantes. Luxam\u00e9rica 2016, Chile.\u00a0<\/span><\/li>\n<li style=\"font-weight: 400;\" aria-level=\"1\"><span style=\"font-weight: 400;\">Ajmat R., Longhini V., Sandoval J. (2017). Simulaci\u00f3n de radiaci\u00f3n solar en patios de luz: c\u00f3digo de planificaci\u00f3n y morfolog\u00eda. XIV ENCAC Encontro Nacional De Conforto No Ambiente Construido, X ELACAC Encontro Latinoamericano De Conforto No Ambiente Construido, Balneario Camboriu, IBPSA, en el marco de ENCAC y ELACAC.\u00a0<\/span><\/li>\n<li style=\"font-weight: 400;\" aria-level=\"1\"><span style=\"font-weight: 400;\">Ajmat R., Longhini V., Lombana S., Kauffman M., Sandoval J. (2017). Architectural morphology and potential use of renewable energy at urban and building scale. ISES Solar World Congress SWC, IEA SHC International Conference on Solar Heating and Cooling for Buildings and Industry.\u00a0<\/span><\/li>\n<li style=\"font-weight: 400;\" aria-level=\"1\"><span style=\"font-weight: 400;\">Ajmat R., Longhini V., Sandoval J. (2018) La incidencia de la luz natural en patios interiores de Casas Museo: simulaci\u00f3n del impacto del entorno urbano construido en San Miguel de Tucum\u00e1n. II Simposio La luz en el museo y el cuidado del patrimonio. Departamento de Luminotecnia, Luz y Visi\u00f3n. Facultad de Ciencias Exactas, Universidad Nacional de Tucum\u00e1n. S.M. de Tucum\u00e1n, Argentina.\u00a0<\/span><\/li>\n<li style=\"font-weight: 400;\" aria-level=\"1\"><span style=\"font-weight: 400;\">Baz\u00e1n N., Ajmat R., Sandoval J. (2017). Lighting in museums, visitors experience and satisfaction in a heritage context. Study cases in Northwest Argentina. 1st International Museum Lighting Conference \u2013 Symposium &amp; Workshops, Londres, Reino Unido.\u00a0\u00a0<\/span><\/li>\n<li style=\"font-weight: 400;\" aria-level=\"1\"><span style=\"font-weight: 400;\">Baz\u00e1n L., Ajmat R., Sandoval J. (2018a). Influencia del ambiente iluminado en la experiencia y satisfacci\u00f3n global de los visitantes de museos. II Simposio La Luz en el Museo y el cuidado del Patrimonio. Departamento de Luminotecnia, Luz y Visi\u00f3n. Facultad de Ciencias Exactas, Universidad Nacional de Tucum\u00e1n. S.M. de Tucum\u00e1n, Argentina.\u00a0<\/span><\/li>\n<li style=\"font-weight: 400;\" aria-level=\"1\"><span style=\"font-weight: 400;\">Baz\u00e1n L., Ajmat R., Sandoval J. (2018b). Influencia de la iluminaci\u00f3n en la satisfacci\u00f3n global en visitantes de museos. Memorias XIV Congreso Panamericano de Iluminaci\u00f3n &#8211; Luxam\u00e9rica 2018. C\u00f3rdoba, Argentina.\u00a0<\/span><\/li>\n<li style=\"font-weight: 400;\" aria-level=\"1\"><span style=\"font-weight: 400;\">Baz\u00e1n L., Ajmat R., Sandoval J. (2019). Influencia del ambiente iluminado en la experiencia y satisfacci\u00f3n global de los visitantes de museos. Jornadas ECIFACET 2019. S.M. de Tucum\u00e1n, Argentina.\u00a0<\/span><\/li>\n<li style=\"font-weight: 400;\" aria-level=\"1\"><span style=\"font-weight: 400;\">Baz\u00e1n L., Ajmat R., Sandoval J. (2018c). Iluminaci\u00f3n en museos, experiencia y satisfacci\u00f3n de visitantes en contextos patrimoniales. Casos de estudio en el Noroeste Argentino. Anales AFA. [S.l.], pp. 39-48.\u00a0<\/span><\/li>\n<li style=\"font-weight: 400;\" aria-level=\"1\"><span style=\"font-weight: 400;\">Baz\u00e1n L., Ajmat R. (2021). Considerations on Visitor Satisfaction as Part of an Integral Evaluation Methodology Revista: Intervenci\u00f3n. Revista Internacional de Conservaci\u00f3n, Restauraci\u00f3n y Museolog\u00eda. Vol. 1, 2021 P\u00e1ginas 204-230 Soporte digital. ISSN 2448-5934.\u00a0Disponible en:\u00a0<\/span><a href=\"http:\/\/revistaintervencion.inah.gob.mx\/index.php\/intervencion\/article\/view\/6361\/7830\"><span style=\"font-weight: 400;\">http:\/\/revistaintervencion.inah.gob.mx\/index.php\/intervencion\/article\/view\/6361\/7830<\/span><\/a><span style=\"font-weight: 400;\">.\u00a0<\/span><\/li>\n<li style=\"font-weight: 400;\" aria-level=\"1\"><span style=\"font-weight: 400;\">Baz\u00e1n L., Ajmat R., Issolio L. (2021).\u00a0Apreciaci\u00f3n del ambiente iluminado en museos, efecto de los patrones de fijaci\u00f3n de mirada y la atenci\u00f3n.\u00a0Lugar: San Miguel de Tucum\u00e1n, Argentina Fecha: 18, 19 y 20 de agosto de 2021. Publicado en Actas: si. Soporte digital- ISBN 978-987-754-273-8.\u00a0.\u00a0<\/span><\/li>\n<li style=\"font-weight: 400;\" aria-level=\"1\"><span style=\"font-weight: 400;\">Longhini V., Ajmat R. (2021a). Permanencia y transformaci\u00f3n. Intervenciones en el paisaje hist\u00f3rico urbano de San Miguel de Tucum\u00e1n: Casa Sucar. III LEEM &#8211; Simposio La Luz en el Museo y el Cuidado del Patrimonio. ISBN 978-987-754-273-8.\u00a0\u00a0<\/span><\/li>\n<li style=\"font-weight: 400;\" aria-level=\"1\"><span style=\"font-weight: 400;\">Longhini V., Euguren M., S\u00e1nchez L, Ajmat R. (2021b). La luz en el paisaje residencial patrimonial: desaf\u00edos y avances propositivos. Un caso marplatense. III LEEM &#8211; Simposio La Luz en el Museo y el Cuidado del Patrimonio. ISBN 978-987-754-273-8.\u00a0<\/span><\/li>\n<li style=\"font-weight: 400;\" aria-level=\"1\"><span style=\"font-weight: 400;\">Longhini V., Euguren M., S\u00e1nchez L, Ajmat R. (2021c). Luces y sombras en la intervenci\u00f3n del tejido patrimonial urbano. Simulaciones hacia una planificaci\u00f3n energ\u00e9tica y ambientalmente responsable en Mar del Plata. E-ISSN: 0717-9758 &#8211; DU&amp;P REVISTA DE DISE\u00d1O URBANO Y PAISAJE\u00a0<\/span><a href=\"http:\/\/dup.ucentral.cl\/dup_39\/longhini.pdf\"><span style=\"font-weight: 400;\">http:\/\/dup.ucentral.cl\/dup_39\/longhini.pdf<\/span><\/a><span style=\"font-weight: 400;\">\u00a0<\/span><\/li>\n<li style=\"font-weight: 400;\" aria-level=\"1\"><span style=\"font-weight: 400;\">Peluffo M., Ajmat R., Sandoval J. (2016). Puesta en valor de sitios arqueol\u00f3gicos mediante el uso de nuevas tecnolog\u00edas de iluminaci\u00f3n y visualizaci\u00f3n. XIII Congreso Panamericano de Iluminaci\u00f3n, Luxam\u00e9rica 2016. La Serena, Chile.\u00a0<\/span><\/li>\n<li style=\"font-weight: 400;\" aria-level=\"1\"><span style=\"font-weight: 400;\">Peluffo M., Ajmat R., Sandoval J., Vidal J. (2016). Museos de Arte Sacro: metodolog\u00eda de relevamiento de las condiciones de exhibici\u00f3n en Tucum\u00e1n y La Rioja. I Simposio La Luz en el Museo y el Cuidado del Patrimonio. Departamento de Luminotecnia, Luz y Visi\u00f3n. Facultad de Ciencias Exactas, Universidad Nacional de Tucum\u00e1n. S. M. de Tucum\u00e1n, Argentina.\u00a0<\/span><\/li>\n<li style=\"font-weight: 400;\" aria-level=\"1\"><span style=\"font-weight: 400;\">Peluffo M., Ajmat R., Sandoval J., Ag\u00fcero S. (2018). Puesta en valor del patrimonio cultural de la Facultad de Artes de la UNT mediante la creaci\u00f3n de un Museo Virtual. II Simposio La Luz en el Museo y el Cuidado del Patrimonio. Departamento de Luminotecnia, Luz y Visi\u00f3n. Facultad de Ciencias Exactas, Universidad Nacional de Tucum\u00e1n. S.M. de Tucum\u00e1n, Argentina.\u00a0<\/span><\/li>\n<li style=\"font-weight: 400;\" aria-level=\"1\"><span style=\"font-weight: 400;\">Peluffo M., Ajmat R., Roca S. (2019). Museos de Arte Sacro: m\u00e9todos de documentaci\u00f3n y visualizaci\u00f3n: reconstrucci\u00f3n virtual de Ibat\u00edn, Tucum\u00e1n. XIV Jornadas Argentinas de Luminotecnia, Paran\u00e1, Entre R\u00edos.\u00a0<\/span><\/li>\n<\/ol>\n","protected":false},"excerpt":{"rendered":"<p>Es Arquitecto y\u00a0Especialista en Medio Ambiente Visual e Iluminaci\u00f3n Eficiente Universidad de Tucum\u00e1n, Argentina. Doctor en Dise\u00f1o Arquitect\u00f3nico, De Montfort University, Reino Unido.\u00a0\u00a0 Es docente estable en carreras de Especializaci\u00f3n, Maestr\u00eda y Doctorado en las Universidades de Tucum\u00e1n, C\u00f3rdoba, Litoral, Nordeste y Tecnol\u00f3gica Nacional.\u00a0 Es miembro fundador y actualmente presidente de IBPSA Argentina (International Building [&hellip;]<\/p>\n","protected":false},"author":24,"featured_media":0,"parent":0,"menu_order":0,"comment_status":"closed","ping_status":"closed","template":"templates\/template-full.php","meta":[],"_links":{"self":[{"href":"https:\/\/www.facet.unt.edu.ar\/luminotecnia\/wp-json\/wp\/v2\/pages\/2516"}],"collection":[{"href":"https:\/\/www.facet.unt.edu.ar\/luminotecnia\/wp-json\/wp\/v2\/pages"}],"about":[{"href":"https:\/\/www.facet.unt.edu.ar\/luminotecnia\/wp-json\/wp\/v2\/types\/page"}],"author":[{"embeddable":true,"href":"https:\/\/www.facet.unt.edu.ar\/luminotecnia\/wp-json\/wp\/v2\/users\/24"}],"replies":[{"embeddable":true,"href":"https:\/\/www.facet.unt.edu.ar\/luminotecnia\/wp-json\/wp\/v2\/comments?post=2516"}],"version-history":[{"count":5,"href":"https:\/\/www.facet.unt.edu.ar\/luminotecnia\/wp-json\/wp\/v2\/pages\/2516\/revisions"}],"predecessor-version":[{"id":2710,"href":"https:\/\/www.facet.unt.edu.ar\/luminotecnia\/wp-json\/wp\/v2\/pages\/2516\/revisions\/2710"}],"wp:attachment":[{"href":"https:\/\/www.facet.unt.edu.ar\/luminotecnia\/wp-json\/wp\/v2\/media?parent=2516"}],"curies":[{"name":"wp","href":"https:\/\/api.w.org\/{rel}","templated":true}]}}