{"id":2534,"date":"2022-03-28T10:15:26","date_gmt":"2022-03-28T13:15:26","guid":{"rendered":"https:\/\/www.facet.unt.edu.ar\/luminotecnia\/?page_id=2534"},"modified":"2025-03-25T11:11:16","modified_gmt":"2025-03-25T14:11:16","slug":"tec-marcelo-de-nobrega","status":"publish","type":"page","link":"https:\/\/www.facet.unt.edu.ar\/luminotecnia\/tec-marcelo-de-nobrega\/","title":{"rendered":"Tec. Marcelo De N\u00f3brega"},"content":{"rendered":"<p><span style=\"font-weight: 400;\">T\u00edtulo: Dise\u00f1ador en Dise\u00f1o de Iluminaci\u00f3n<\/span><\/p>\n<p><span style=\"font-weight: 400;\">T\u00e9cnico de apoyo en los laboratorios de Mediciones fotoel\u00e9ctricas y Fotogoni\u00f3metro. Tambi\u00e9n formo parte de los grupos de trabajos para distintos servicios a terceros que realiza el departamento de luminotecnia, los cuales pueden ser de distinta \u00edndole como ser: dise\u00f1o de iluminaci\u00f3n vial y en general, c\u00e1lculo lum\u00ednico, simulaci\u00f3n lum\u00ednica, modelado 3D, renderizado, fotorrealista, planos CAD.\u00a0<\/span><\/p>\n<p><a href=\"https:\/\/www.facet.unt.edu.ar\/luminotecnia\/wp-content\/uploads\/sites\/15\/2022\/03\/email.png\"><img decoding=\"async\" loading=\"lazy\" class=\"alignnone wp-image-2415\" src=\"https:\/\/www.facet.unt.edu.ar\/luminotecnia\/wp-content\/uploads\/sites\/15\/2022\/03\/email.png\" alt=\"\" width=\"25\" height=\"25\" \/><\/a> <strong>mdenobrega@herrera.unt.edu.ar<\/strong><\/p>\n","protected":false},"excerpt":{"rendered":"<p>T\u00edtulo: Dise\u00f1ador en Dise\u00f1o de Iluminaci\u00f3n T\u00e9cnico de apoyo en los laboratorios de Mediciones fotoel\u00e9ctricas y Fotogoni\u00f3metro. Tambi\u00e9n formo parte de los grupos de trabajos para distintos servicios a terceros que realiza el departamento de luminotecnia, los cuales pueden ser de distinta \u00edndole como ser: dise\u00f1o de iluminaci\u00f3n vial y en general, c\u00e1lculo lum\u00ednico, simulaci\u00f3n [&hellip;]<\/p>\n","protected":false},"author":24,"featured_media":0,"parent":0,"menu_order":0,"comment_status":"closed","ping_status":"closed","template":"templates\/template-full.php","meta":[],"_links":{"self":[{"href":"https:\/\/www.facet.unt.edu.ar\/luminotecnia\/wp-json\/wp\/v2\/pages\/2534"}],"collection":[{"href":"https:\/\/www.facet.unt.edu.ar\/luminotecnia\/wp-json\/wp\/v2\/pages"}],"about":[{"href":"https:\/\/www.facet.unt.edu.ar\/luminotecnia\/wp-json\/wp\/v2\/types\/page"}],"author":[{"embeddable":true,"href":"https:\/\/www.facet.unt.edu.ar\/luminotecnia\/wp-json\/wp\/v2\/users\/24"}],"replies":[{"embeddable":true,"href":"https:\/\/www.facet.unt.edu.ar\/luminotecnia\/wp-json\/wp\/v2\/comments?post=2534"}],"version-history":[{"count":3,"href":"https:\/\/www.facet.unt.edu.ar\/luminotecnia\/wp-json\/wp\/v2\/pages\/2534\/revisions"}],"predecessor-version":[{"id":3343,"href":"https:\/\/www.facet.unt.edu.ar\/luminotecnia\/wp-json\/wp\/v2\/pages\/2534\/revisions\/3343"}],"wp:attachment":[{"href":"https:\/\/www.facet.unt.edu.ar\/luminotecnia\/wp-json\/wp\/v2\/media?parent=2534"}],"curies":[{"name":"wp","href":"https:\/\/api.w.org\/{rel}","templated":true}]}}