{"id":2730,"date":"2022-04-07T16:36:10","date_gmt":"2022-04-07T19:36:10","guid":{"rendered":"https:\/\/www.facet.unt.edu.ar\/luminotecnia\/?page_id=2730"},"modified":"2025-03-25T10:17:26","modified_gmt":"2025-03-25T13:17:26","slug":"dra-liliana-natalia-bazan","status":"publish","type":"page","link":"https:\/\/www.facet.unt.edu.ar\/luminotecnia\/dra-liliana-natalia-bazan\/","title":{"rendered":"Dra. Liliana Natalia Baz\u00e1n"},"content":{"rendered":"<p><a href=\"https:\/\/www.facet.unt.edu.ar\/luminotecnia\/wp-content\/uploads\/sites\/15\/2022\/04\/28-N.-Bazan.jpg\"><img decoding=\"async\" loading=\"lazy\" class=\"alignleft wp-image-2725\" src=\"https:\/\/www.facet.unt.edu.ar\/luminotecnia\/wp-content\/uploads\/sites\/15\/2022\/04\/28-N.-Bazan.jpg\" alt=\"\" width=\"120\" height=\"120\" \/><\/a><\/p>\n<p><span style=\"font-weight: 400;\">Doctora en Medio Ambiente Visual e Iluminaci\u00f3n Eficiente por la Facultad de Ciencias Exactas y Tecnolog\u00eda (FACET) \u2013 Universidad Nacional de Tucum\u00e1n (UNT) y arquitecta por la Facultad de Arquitectura y Urbanismo (FAU) \u2013 UNT.<\/span><\/p>\n<p><span style=\"font-weight: 400;\">Es docente de las materias Dise\u00f1o de Instalaciones II y Acondicionamiento Artificial, de la C\u00e1tedra Acondicionamiento Ambiental II, FAU-UNT y de Iluminaci\u00f3n Natural y La Luz en la Historia de la Arquitectura, del Departamento de Luminotecnia, Luz y Visi\u00f3n, FACET-UNT.<\/span><\/p>\n<p><span style=\"font-weight: 400;\">Su trabajo de investigaci\u00f3n se centra actualmente en el an\u00e1lisis del espacio arquitect\u00f3nico iluminado y su percepci\u00f3n, a trav\u00e9s del estudio de la atenci\u00f3n visual de los visitantes de museos mediante el uso de dispositivos de seguimiento ocular (eye trackers).<\/span><\/p>\n<p><span style=\"font-weight: 400;\">L\u00edneas de trabajo e inter\u00e9s: Evaluaci\u00f3n de condiciones ambientales. Estudios de p\u00fablico en museos. Iluminaci\u00f3n en Museos. Apreciaci\u00f3n del ambiente iluminado. Atenci\u00f3n visual e iluminaci\u00f3n del espacio arquitect\u00f3nico en museos.\u00a0 Patrones de fijaci\u00f3n de mirada. Eye trackers.<\/span><\/p>\n<p><a href=\"https:\/\/www.facet.unt.edu.ar\/luminotecnia\/wp-content\/uploads\/sites\/15\/2022\/04\/correo-electronico.png\"><img decoding=\"async\" loading=\"lazy\" class=\"alignnone wp-image-2662\" src=\"https:\/\/www.facet.unt.edu.ar\/luminotecnia\/wp-content\/uploads\/sites\/15\/2022\/04\/correo-electronico.png\" alt=\"\" width=\"28\" height=\"28\" \/><\/a> <strong>nbazan@herrera.unt.edu.ar<\/strong><\/p>\n<p>&nbsp;<\/p>\n<p><b>PUBLICACIONES<\/b><\/p>\n<p><span style=\"font-weight: 400;\">Baz\u00e1n, L., Ajmat, R.. (2023). <\/span><span style=\"font-weight: 400;\">Percepci\u00f3n y satisfacci\u00f3n del visitante de museos y su influencia en el dise\u00f1o de iluminaci\u00f3n. <\/span><i><span style=\"font-weight: 400;\">Legado de Arquitectura y Dise\u00f1o, 18<\/span><\/i><span style=\"font-weight: 400;\">, pp. 81-96.ISSN 2448-749. <\/span><span style=\"font-weight: 400;\">DOI: <\/span><a href=\"https:\/\/doi.org\/10.36677\/legado.v18i34.19664\"><span style=\"font-weight: 400;\">https:\/\/doi.org\/10.36677\/legado.v18i34.19664<\/span><\/a> <span style=\"font-weight: 400;\">Disponible en: <\/span><a href=\"https:\/\/legadodearquitecturaydiseno.uaemex.mx\/article\/view\/19664\/16474\"><span style=\"font-weight: 400;\">https:\/\/legadodearquitecturaydiseno.uaemex.mx\/article\/view\/19664\/16474<\/span><\/a><\/p>\n<p><span style=\"font-weight: 400;\">Baz\u00e1n L. N., Ajmat R. F. (2021). Considerations on Visitor Satisfaction as Part of an Integral Evaluation Methodology.<\/span><i><span style=\"font-weight: 400;\"> Intervenci\u00f3n, 23<\/span><\/i><span style=\"font-weight: 400;\">(1), 204-230.\u00a0 <\/span><span style=\"font-weight: 400;\">DOI: 10.30763\/intervencion.246.v1n23.25.2021 <\/span><span style=\"font-weight: 400;\">Disponible en: <\/span><a href=\"https:\/\/revistaintervencion.inah.gob.mx\/index.php\/intervencion\/article\/view\/6361\/7831\"><span style=\"font-weight: 400;\">https:\/\/revistaintervencion.inah.gob.mx\/index.php\/intervencion\/article\/view\/6361\/7831<\/span><\/a><\/p>\n<p><span style=\"font-weight: 400;\">Baz\u00e1n, L., Ajmat, R., Sandoval, J. (2018). Iluminaci\u00f3n en museos, experiencia y satisfacci\u00f3n de visitantes en contextos patrimoniales. Casos de estudio en el Noroeste Argentino. <\/span><i><span style=\"font-weight: 400;\">Anales AFA. <\/span><\/i><span style=\"font-weight: 400;\">[S.l.], pp. 39-48. ISSN 1850-1168.\u00a0 <\/span><span style=\"font-weight: 400;\">DOI: <\/span><a href=\"https:\/\/doi.org\/10.31527\/analesafa.2018.inVisionT.39\"><span style=\"font-weight: 400;\">https:\/\/doi.org\/10.31527\/analesafa.2018.inVisionT.39<\/span><\/a>\u00a0<span style=\"font-weight: 400;\">Disponible en: <\/span><a href=\"https:\/\/anales.fisica.org.ar\/journal\/index.php\/analesafa\/article\/view\/2196\"><span style=\"font-weight: 400;\">https:\/\/anales.fisica.org.ar\/journal\/index.php\/analesafa\/article\/view\/2196<\/span><\/a><\/p>\n","protected":false},"excerpt":{"rendered":"<p>Doctora en Medio Ambiente Visual e Iluminaci\u00f3n Eficiente por la Facultad de Ciencias Exactas y Tecnolog\u00eda (FACET) \u2013 Universidad Nacional de Tucum\u00e1n (UNT) y arquitecta por la Facultad de Arquitectura y Urbanismo (FAU) \u2013 UNT. Es docente de las materias Dise\u00f1o de Instalaciones II y Acondicionamiento Artificial, de la C\u00e1tedra Acondicionamiento Ambiental II, FAU-UNT y [&hellip;]<\/p>\n","protected":false},"author":123476,"featured_media":0,"parent":0,"menu_order":0,"comment_status":"closed","ping_status":"closed","template":"","meta":[],"_links":{"self":[{"href":"https:\/\/www.facet.unt.edu.ar\/luminotecnia\/wp-json\/wp\/v2\/pages\/2730"}],"collection":[{"href":"https:\/\/www.facet.unt.edu.ar\/luminotecnia\/wp-json\/wp\/v2\/pages"}],"about":[{"href":"https:\/\/www.facet.unt.edu.ar\/luminotecnia\/wp-json\/wp\/v2\/types\/page"}],"author":[{"embeddable":true,"href":"https:\/\/www.facet.unt.edu.ar\/luminotecnia\/wp-json\/wp\/v2\/users\/123476"}],"replies":[{"embeddable":true,"href":"https:\/\/www.facet.unt.edu.ar\/luminotecnia\/wp-json\/wp\/v2\/comments?post=2730"}],"version-history":[{"count":5,"href":"https:\/\/www.facet.unt.edu.ar\/luminotecnia\/wp-json\/wp\/v2\/pages\/2730\/revisions"}],"predecessor-version":[{"id":3304,"href":"https:\/\/www.facet.unt.edu.ar\/luminotecnia\/wp-json\/wp\/v2\/pages\/2730\/revisions\/3304"}],"wp:attachment":[{"href":"https:\/\/www.facet.unt.edu.ar\/luminotecnia\/wp-json\/wp\/v2\/media?parent=2730"}],"curies":[{"name":"wp","href":"https:\/\/api.w.org\/{rel}","templated":true}]}}